{"id":201,"date":"2011-03-15T08:15:35","date_gmt":"2011-03-15T11:15:35","guid":{"rendered":"https:\/\/wp.ufpel.edu.br\/ppgq\/"},"modified":"2025-12-15T13:58:14","modified_gmt":"2025-12-15T16:58:14","slug":"editais-processo-seletivo","status":"publish","type":"page","link":"https:\/\/wp.ufpel.edu.br\/ppgq\/editais-processo-seletivo\/","title":{"rendered":"Editais"},"content":{"rendered":"<p><a href=\"https:\/\/wp.ufpel.edu.br\/ppgq\/files\/2025\/12\/Edital-de-Selecao-2025.02-EUQ-Assinado.pdf\">EDITAL SELE\u00c7\u00c3O 2025.02 EUQ<\/a><br \/>\n<a href=\"https:\/\/wp.ufpel.edu.br\/ppgq\/files\/2025\/12\/Edital-2025.02-Assinado.pdf\">EDITAL SELE\u00c7\u00c3O 2025.02 tradicional<\/a><br \/>\n<a href=\"https:\/\/wp.ufpel.edu.br\/ppgq\/files\/2025\/12\/Edital-de-Selec\u0327a\u0303o-2025.01-EUQ-Assinado.pdf\">EDITAL SELE\u00c7\u00c3O 2025.01 EUQ<\/a><br \/>\n<a href=\"https:\/\/wp.ufpel.edu.br\/ppgq\/files\/2025\/12\/Edital-de-Selecao-2025.01-assinado.pdf\">EDITAL SELE\u00c7\u00c3O 2025.01 tradicional<\/a><br \/>\n<a href=\"https:\/\/wp.ufpel.edu.br\/ppgq\/files\/2025\/12\/Edital-de-Selec\u0327a\u0303o-2024.02-tradicional-assinado.pdf\">EDITAL SELE\u00c7\u00c3O 2024.02 tradicional<\/a><br \/>\n<a href=\"https:\/\/wp.ufpel.edu.br\/ppgq\/files\/2025\/12\/Edital-de-Selec\u0327a\u0303o-2024.01-EUQ-assinado.pdf\">EDITAL SELE\u00c7\u00c3O 2024.01 EUQ<\/a><br \/>\n<a href=\"https:\/\/wp.ufpel.edu.br\/ppgq\/files\/2025\/12\/Edital-assinado.pdf\">EDITAL SELE\u00c7\u00c3O 2024.1-2 tradicional<\/a><br \/>\n<a href=\"https:\/\/wp.ufpel.edu.br\/ppgq\/files\/2025\/12\/Edital-de-Selec\u0327a\u0303o-2024.01-tradicional.pdf\">EDITAL SELE\u00c7\u00c3O 2024.01-1 tradicional<\/a><br \/>\n<a href=\"https:\/\/wp.ufpel.edu.br\/ppgq\/files\/2023\/12\/Edital-de-Selec\u0327a\u0303o-2023.02-assinado.pdf\">EDITAL SELE\u00c7\u00c3O 2023.02<\/a><br \/>\n<a href=\"https:\/\/wp.ufpel.edu.br\/ppgq\/files\/2023\/12\/Edital-de-Selec\u0327a\u0303o-2023.01.pdf\">EDITAL SELE\u00c7\u00c3O 2023.01<\/a><br \/>\n<a href=\"https:\/\/wp.ufpel.edu.br\/ppgq\/files\/2023\/12\/Edital-de-Selecao-2022.02-assinado.pdf\">EDITAL SELE\u00c7\u00c3O 2022.02<\/a><br \/>\n<a href=\"https:\/\/wp.ufpel.edu.br\/ppgq\/files\/2023\/12\/Edital-de-Selecao-PPGQ-2022-01-Assinado.pdf\">EDITAL SELE\u00c7\u00c3O 2022.01<\/a><br \/>\n<a href=\"https:\/\/wp.ufpel.edu.br\/ppgq\/files\/2023\/12\/Edital-de-Selecao-2021.02-Assinado.pdf\">EDITAL SELE\u00c7\u00c3O 2021.02<\/a><br \/>\n<a href=\"https:\/\/wp.ufpel.edu.br\/ppgq\/files\/2023\/12\/Edital-de-Selecao-2021-1-02-assinado.pdf\">EDITAL SELE\u00c7\u00c3O 2021.01 (Mestrado e Doutorado)<\/a><br \/>\n<a href=\"https:\/\/wp.ufpel.edu.br\/ppgq\/files\/2023\/12\/Edital-de-Selecao-2021-01-assinado.pdf\">EDITAL SELE\u00c7\u00c3O 2021.01 (Doutorado)<\/a><br \/>\n<a href=\"https:\/\/wp.ufpel.edu.br\/ppgq\/files\/2020\/08\/Edital-de-Sele\u00e7\u00e3o-2020-02-assinado-1.pdf\">EDITAL SELE\u00c7\u00c3O 2020.02<\/a><br \/>\n<a href=\"https:\/\/wp.ufpel.edu.br\/ppgq\/files\/2020\/08\/Edital-de-Sele\u00e7\u00e3o-PPGQ-2020.01.pdf\">EDITAL SELE\u00c7\u00c3O 2020.01<\/a><br \/>\n<a href=\"https:\/\/wp.ufpel.edu.br\/ppgq\/files\/2019\/10\/Edital-de-Sele\u00e7\u00e3o-2019-02-assinado.pdf\">EDITAL SELE\u00c7\u00c3O 2019.02<\/a><br \/>\n<a href=\"https:\/\/wp.ufpel.edu.br\/ppgq\/files\/2019\/10\/Edital-2019.01-assinado.pdf\">EDITAL SELE\u00c7\u00c3O 2019.01<\/a><br \/>\n<a href=\"https:\/\/wp.ufpel.edu.br\/ppgq\/files\/2019\/10\/Edital-2018-02-assinado.pdf\">EDITAL SELE\u00c7\u00c3O 2018.02<\/a><br \/>\n<a href=\"https:\/\/wp.ufpel.edu.br\/ppgq\/files\/2019\/10\/Edital-2018-01.pdf\">EDITAL SELE\u00c7\u00c3O 2018.01<\/a><br \/>\n<a href=\"https:\/\/wp.ufpel.edu.br\/ppgq\/files\/2011\/03\/Edital-2017-02.pdf\">EDITAL SELE\u00c7\u00c3O 2017.02<\/a><br \/>\n<a href=\"https:\/\/wp.ufpel.edu.br\/ppgq\/files\/2016\/10\/Edital-2017-01.pdf\">EDITAL SELE\u00c7\u00c3O 2017.01<\/a><a href=\"https:\/\/wp.ufpel.edu.br\/ppgq\/files\/2016\/06\/Edital-2016-02.pdf\"><br \/>\nEDITAL SELE\u00c7\u00c3O 2016.02<\/a><br \/>\n<a href=\"https:\/\/wp.ufpel.edu.br\/ppgq\/files\/2015\/10\/Edital-2016.01.pdf\">EDITAL SELE\u00c7\u00c3O 2016.01<\/a><a href=\"https:\/\/wp.ufpel.edu.br\/ppgq\/files\/2015\/06\/Edital-Sele\u00e7\u00e3o-2015-02.pdf\"><br \/>\nEDITAL SELE\u00c7\u00c3O 2015.02<\/a><a href=\"https:\/\/wp.ufpel.edu.br\/ppgq\/files\/2014\/10\/EDITAL-PPGQ-2015-01.pdf\"><br \/>\nEDITAL SELE\u00c7\u00c3O 2015.01<\/a><a href=\"https:\/\/wp.ufpel.edu.br\/ppgq\/files\/2011\/03\/EDITAL-02-2014_Final1.pdf\"><br \/>\nEDITAL SELE\u00c7\u00c3O 2014.02<br \/>\nE<\/a><a href=\"https:\/\/wp.ufpel.edu.br\/ppgq\/files\/2011\/03\/edital-2014-01.pdf\">DITAL SELE\u00c7\u00c3O 2014.01<br \/>\n<\/a><a href=\"https:\/\/wp.ufpel.edu.br\/ppgq\/files\/2013\/10\/Edital-de-Sele\u00e7\u00e3o-2013-02.pdf\">EDITAL SELE\u00c7\u00c3O 2013.02<br \/>\n<\/a><a href=\"https:\/\/wp.ufpel.edu.br\/ppgq\/files\/2013\/10\/Edital-de-Sele\u00e7\u00e3o-PPGQ-2013.01.pdf\">EDITAL SELE\u00c7\u00c3O 2013.01<br \/>\n<\/a><a href=\"https:\/\/wp.ufpel.edu.br\/ppgq\/files\/2011\/03\/EDITAL-SELE\u00c7\u00c3O-2012.02.pdf\">EDITAL SELE\u00c7\u00c3O 2012.02<br \/>\n<\/a><a href=\"https:\/\/wp.ufpel.edu.br\/ppgq\/files\/2011\/03\/EDITAL-SELE\u00c7\u00c3O-2012.01.pdf\">EDITAL SELE\u00c7\u00c3O 2012.01<br \/>\n<\/a><a href=\"https:\/\/wp.ufpel.edu.br\/ppgq\/files\/2011\/03\/EDITAL-05-2011-Doutorado.pdf\">EDITAL 05-2011 Doutorado<br \/>\n<\/a><a href=\"https:\/\/wp.ufpel.edu.br\/ppgq\/files\/2011\/03\/EDITAL-04-2011-M-e-D.pdf\">EDITAL 04-2011 M e D<br \/>\n<\/a><a href=\"https:\/\/wp.ufpel.edu.br\/ppgq\/files\/2011\/03\/EDITAL-03-2011-Doutorado.pdf\">EDITAL 03-2011 Doutorado<br \/>\n<\/a><a href=\"https:\/\/wp.ufpel.edu.br\/ppgq\/files\/2011\/03\/EDITAL-02-2011-Mestrado.pdf\">EDITAL 02- 2011 Mestrado<br \/>\n<\/a><a href=\"https:\/\/wp.ufpel.edu.br\/ppgq\/files\/2011\/03\/EDITAL-01-2011-Mestrado.pdf\">EDITAL 01-2011 Mestrado<br \/>\n<\/a><a href=\"https:\/\/wp.ufpel.edu.br\/ppgq\/files\/2011\/03\/EDITAL-SELE\u00c7\u00c3O-2010.pdf\">EDITAL SELE\u00c7\u00c3O 2010<br \/>\n<\/a><a href=\"https:\/\/wp.ufpel.edu.br\/ppgq\/files\/2011\/03\/EDITAL-SELE\u00c7\u00c3O-2009.pdf\">EDITAL SELE\u00c7\u00c3O 2009<br \/>\n<\/a><a href=\"https:\/\/wp.ufpel.edu.br\/ppgq\/files\/2011\/03\/EDITAL-SELE\u00c7\u00c3O-2008.pdf\">EDITAL SELE\u00c7\u00c3O 2008<br \/>\n<\/a><a href=\"https:\/\/wp.ufpel.edu.br\/ppgq\/files\/2011\/03\/EDITAL-SELE\u00c7\u00c3O-2007.pdf\">EDITAL SELE\u00c7\u00c3O 2007<\/a><\/p>\n","protected":false},"excerpt":{"rendered":"<p>EDITAL SELE\u00c7\u00c3O 2025.02 EUQ EDITAL SELE\u00c7\u00c3O 2025.02 tradicional EDITAL SELE\u00c7\u00c3O 2025.01 EUQ EDITAL SELE\u00c7\u00c3O 2025.01 tradicional EDITAL SELE\u00c7\u00c3O 2024.02 tradicional EDITAL SELE\u00c7\u00c3O 2024.01 EUQ EDITAL SELE\u00c7\u00c3O 2024.1-2 tradicional EDITAL SELE\u00c7\u00c3O 2024.01-1 tradicional EDITAL SELE\u00c7\u00c3O 2023.02 EDITAL SELE\u00c7\u00c3O 2023.01 EDITAL SELE\u00c7\u00c3O &hellip; <a href=\"https:\/\/wp.ufpel.edu.br\/ppgq\/editais-processo-seletivo\/\">Continue lendo <span class=\"meta-nav\">&rarr;<\/span><\/a><\/p>\n","protected":false},"author":93,"featured_media":0,"parent":0,"menu_order":0,"comment_status":"closed","ping_status":"closed","template":"","meta":{"footnotes":""},"class_list":["post-201","page","type-page","status-publish","hentry"],"_links":{"self":[{"href":"https:\/\/wp.ufpel.edu.br\/ppgq\/wp-json\/wp\/v2\/pages\/201","targetHints":{"allow":["GET"]}}],"collection":[{"href":"https:\/\/wp.ufpel.edu.br\/ppgq\/wp-json\/wp\/v2\/pages"}],"about":[{"href":"https:\/\/wp.ufpel.edu.br\/ppgq\/wp-json\/wp\/v2\/types\/page"}],"author":[{"embeddable":true,"href":"https:\/\/wp.ufpel.edu.br\/ppgq\/wp-json\/wp\/v2\/users\/93"}],"replies":[{"embeddable":true,"href":"https:\/\/wp.ufpel.edu.br\/ppgq\/wp-json\/wp\/v2\/comments?post=201"}],"version-history":[{"count":3,"href":"https:\/\/wp.ufpel.edu.br\/ppgq\/wp-json\/wp\/v2\/pages\/201\/revisions"}],"predecessor-version":[{"id":7115,"href":"https:\/\/wp.ufpel.edu.br\/ppgq\/wp-json\/wp\/v2\/pages\/201\/revisions\/7115"}],"wp:attachment":[{"href":"https:\/\/wp.ufpel.edu.br\/ppgq\/wp-json\/wp\/v2\/media?parent=201"}],"curies":[{"name":"wp","href":"https:\/\/api.w.org\/{rel}","templated":true}]}}