{"id":197,"date":"2011-03-15T08:14:08","date_gmt":"2011-03-15T11:14:08","guid":{"rendered":"https:\/\/wp.ufpel.edu.br\/ppgq\/"},"modified":"2023-12-18T13:24:18","modified_gmt":"2023-12-18T16:24:18","slug":"inscricoes","status":"publish","type":"page","link":"https:\/\/wp.ufpel.edu.br\/ppgq\/inscricoes\/","title":{"rendered":"Inscri\u00e7\u00f5es"},"content":{"rendered":"<p>Antes de efetuar sua inscri\u00e7\u00e3o leia com aten\u00e7\u00e3o o Edital<\/p>\n<p>(No momento n\u00e3o h\u00e1 editais abertos)<\/p>\n<p>Endere\u00e7o de E-mail para envio das inscri\u00e7\u00f5es: <a href=\"mailto:selecao.ppgq.ufpel@gmail.com\"><strong>selecao.ppgq.ufpel@gmail.com<\/strong><\/a><\/p>\n","protected":false},"excerpt":{"rendered":"<p>Antes de efetuar sua inscri\u00e7\u00e3o leia com aten\u00e7\u00e3o o Edital (No momento n\u00e3o h\u00e1 editais abertos) Endere\u00e7o de E-mail para envio das inscri\u00e7\u00f5es: selecao.ppgq.ufpel@gmail.com<\/p>\n","protected":false},"author":93,"featured_media":0,"parent":0,"menu_order":0,"comment_status":"closed","ping_status":"closed","template":"","meta":{"footnotes":""},"class_list":["post-197","page","type-page","status-publish","hentry"],"_links":{"self":[{"href":"https:\/\/wp.ufpel.edu.br\/ppgq\/wp-json\/wp\/v2\/pages\/197","targetHints":{"allow":["GET"]}}],"collection":[{"href":"https:\/\/wp.ufpel.edu.br\/ppgq\/wp-json\/wp\/v2\/pages"}],"about":[{"href":"https:\/\/wp.ufpel.edu.br\/ppgq\/wp-json\/wp\/v2\/types\/page"}],"author":[{"embeddable":true,"href":"https:\/\/wp.ufpel.edu.br\/ppgq\/wp-json\/wp\/v2\/users\/93"}],"replies":[{"embeddable":true,"href":"https:\/\/wp.ufpel.edu.br\/ppgq\/wp-json\/wp\/v2\/comments?post=197"}],"version-history":[{"count":83,"href":"https:\/\/wp.ufpel.edu.br\/ppgq\/wp-json\/wp\/v2\/pages\/197\/revisions"}],"predecessor-version":[{"id":9306,"href":"https:\/\/wp.ufpel.edu.br\/ppgq\/wp-json\/wp\/v2\/pages\/197\/revisions\/9306"}],"wp:attachment":[{"href":"https:\/\/wp.ufpel.edu.br\/ppgq\/wp-json\/wp\/v2\/media?parent=197"}],"curies":[{"name":"wp","href":"https:\/\/api.w.org\/{rel}","templated":true}]}}