{"id":19,"date":"2011-03-14T11:46:36","date_gmt":"2011-03-14T14:46:36","guid":{"rendered":"https:\/\/wp.ufpel.edu.br\/ppgq\/"},"modified":"2024-08-12T13:33:47","modified_gmt":"2024-08-12T16:33:47","slug":"apresentacao-2","status":"publish","type":"page","link":"https:\/\/wp.ufpel.edu.br\/ppgq\/apresentacao-2\/","title":{"rendered":"Apresenta\u00e7\u00e3o"},"content":{"rendered":"<p>O PPGQ-UFPel, n\u00edveis Mestrado e Doutorado, \u00e9 credenciado pela CAPES com conceito 5. Criado em 2006, o PPGQ iniciou suas atividades em 2007 no n\u00edvel Mestrado. A partir de 2011, o programa oferece tamb\u00e9m o n\u00edvel Doutorado, sendo o p\u00fablico alvo graduados em qu\u00edmica e \u00e1reas afins.<br \/>\nO PPGQ possui quatro linhas de pequisa:<\/p>\n<p>&#8211; Estudos em Qu\u00edmica Anal\u00edtica e Ambiental;<\/p>\n<p>&#8211; Estudos em Qu\u00edmica Inorg\u00e2nica e F\u00edsico-Qu\u00edmica;<\/p>\n<p>&#8211; Obten\u00e7\u00e3o, Caracteriza\u00e7\u00e3o e Aplica\u00e7\u00e3o de Materiais Org\u00e2nicos;<\/p>\n<p>&#8211; Estudos em Ensino de Qu\u00edmica.<\/p>\n<p style=\"text-align: justify;\">Desde a sua cria\u00e7\u00e3o at\u00e9 os dias atuais, foram titulados mais de 160 Mestres e 60 doutores em Qu\u00edmica. Os egressos atuam em diversas institui\u00e7\u00f5es de ensino e pesquisa, como docentes e pesquisadores.<\/p>\n<p><strong>Coordenador: Prof. Dr. M\u00e1rcio Santos da Silva<\/strong><\/p>\n<p><strong>Coordenador Adjunto: Prof. Dr. Robson da Silva Oliboni<\/strong><br \/>\n<strong><br \/>\nSecret\u00e1rios: Djanira Oliveira Maciel e Enoque Miqueias Ramos de Oliveira<\/strong><\/p>\n","protected":false},"excerpt":{"rendered":"<p>O PPGQ-UFPel, n\u00edveis Mestrado e Doutorado, \u00e9 credenciado pela CAPES com conceito 5. Criado em 2006, o PPGQ iniciou suas atividades em 2007 no n\u00edvel Mestrado. A partir de 2011, o programa oferece tamb\u00e9m o n\u00edvel Doutorado, sendo o p\u00fablico &hellip; <a href=\"https:\/\/wp.ufpel.edu.br\/ppgq\/apresentacao-2\/\">Continue lendo <span class=\"meta-nav\">&rarr;<\/span><\/a><\/p>\n","protected":false},"author":93,"featured_media":0,"parent":0,"menu_order":0,"comment_status":"closed","ping_status":"closed","template":"","meta":{"footnotes":""},"class_list":["post-19","page","type-page","status-publish","hentry"],"_links":{"self":[{"href":"https:\/\/wp.ufpel.edu.br\/ppgq\/wp-json\/wp\/v2\/pages\/19","targetHints":{"allow":["GET"]}}],"collection":[{"href":"https:\/\/wp.ufpel.edu.br\/ppgq\/wp-json\/wp\/v2\/pages"}],"about":[{"href":"https:\/\/wp.ufpel.edu.br\/ppgq\/wp-json\/wp\/v2\/types\/page"}],"author":[{"embeddable":true,"href":"https:\/\/wp.ufpel.edu.br\/ppgq\/wp-json\/wp\/v2\/users\/93"}],"replies":[{"embeddable":true,"href":"https:\/\/wp.ufpel.edu.br\/ppgq\/wp-json\/wp\/v2\/comments?post=19"}],"version-history":[{"count":86,"href":"https:\/\/wp.ufpel.edu.br\/ppgq\/wp-json\/wp\/v2\/pages\/19\/revisions"}],"predecessor-version":[{"id":9679,"href":"https:\/\/wp.ufpel.edu.br\/ppgq\/wp-json\/wp\/v2\/pages\/19\/revisions\/9679"}],"wp:attachment":[{"href":"https:\/\/wp.ufpel.edu.br\/ppgq\/wp-json\/wp\/v2\/media?parent=19"}],"curies":[{"name":"wp","href":"https:\/\/api.w.org\/{rel}","templated":true}]}}