{"id":1697,"date":"2011-03-17T16:13:27","date_gmt":"2011-03-17T19:13:27","guid":{"rendered":"https:\/\/wp.ufpel.edu.br\/ppgq\/"},"modified":"2019-05-21T13:53:24","modified_gmt":"2019-05-21T16:53:24","slug":"raquel-guimaraes-jacob","status":"publish","type":"page","link":"https:\/\/wp.ufpel.edu.br\/ppgq\/raquel-guimaraes-jacob\/","title":{"rendered":"Raquel Guimar\u00e3es Jacob"},"content":{"rendered":"<p><a href=\"https:\/\/wp.ufpel.edu.br\/ppgq\/files\/2011\/03\/docente_raquel.jpg\"><img loading=\"lazy\" decoding=\"async\" class=\"alignnone size-thumbnail wp-image-1737\" src=\"https:\/\/wp.ufpel.edu.br\/ppgq\/files\/2011\/03\/docente_raquel-150x150.jpg\" alt=\"\" width=\"150\" height=\"150\" \/><\/a><\/p>\n<p><a href=\"mailto:raquelgjacob@yahoo.com.br\">raquelgjacob@yahoo.com.br<\/a><br \/>\n<a href=\"http:\/\/lattes.cnpq.br\/0978329001891199\" target=\"_blank\" rel=\"noopener noreferrer\">Acessar CV Lattes<\/a><\/p>\n<p style=\"text-align: justify\"><span style=\"color: #333333\">Possui gradua\u00e7\u00e3o em Qu\u00edmica com Atribui\u00e7\u00f5es Tecnol\u00f3gicas (1989), gradua\u00e7\u00e3o em Qu\u00edmica\/Licenciatura (1994) e mestrado em Ci\u00eancias\/Qu\u00edmica Org\u00e2nica pela Universidade Federal do Rio de Janeiro (1994), doutorado em Ci\u00eancias\/Qu\u00edmica Org\u00e2nica pela FFCL\/USP-Ribeir\u00e3o Preto (1998) e p\u00f3s-doutorado em Qu\u00edmica pela Universidade Federal de Santa Maria (2005) com supervis\u00e3o do Prof. Dr. Ant\u00f4nio Luiz Braga. Foi vice-Diretora da Divis\u00e3o de Qu\u00edmica Org\u00e2nica da Sociedade Brasileira de Qu\u00edmica (2010-2012). Atualmente \u00e9 professora Associada 1\/DE da Universidade Federal de Pelotas, Pesquisadora 2 do CNPq. Tem experi\u00eancia na \u00e1rea de Qu\u00edmica, com \u00eanfase em Qu\u00edmica Org\u00e2nica, atuando principalmente no desenvolvimento de novas metodologias sint\u00e9ticas limpas para a modifica\u00e7\u00e3o qu\u00edmica de subst\u00e2ncias presentes em fontes renov\u00e1veis como \u00f3leos essenciais e vegetais e na s\u00edntese de compostos organocalcog\u00eanios, visando a obten\u00e7\u00e3o de novas subst\u00e2ncias com poss\u00edveis atividades biol\u00f3gicas.<\/span><\/p>\n<p><span style=\"color: #808080\">O texto acima foi extra\u00eddo do Curr\u00edculo Lattes do docente. A Coordena\u00e7\u00e3o do PPGQ n\u00e3o se responsabiliza por informa\u00e7\u00f5es inver\u00eddicas ou imprecis\u00e3o nos dados fornecidos.<\/span><\/p>\n","protected":false},"excerpt":{"rendered":"<p>raquelgjacob@yahoo.com.br Acessar CV Lattes Possui gradua\u00e7\u00e3o em Qu\u00edmica com Atribui\u00e7\u00f5es Tecnol\u00f3gicas (1989), gradua\u00e7\u00e3o em Qu\u00edmica\/Licenciatura (1994) e mestrado em Ci\u00eancias\/Qu\u00edmica Org\u00e2nica pela Universidade Federal do Rio de Janeiro (1994), doutorado em Ci\u00eancias\/Qu\u00edmica Org\u00e2nica pela FFCL\/USP-Ribeir\u00e3o Preto (1998) e p\u00f3s-doutorado em &hellip; <a href=\"https:\/\/wp.ufpel.edu.br\/ppgq\/raquel-guimaraes-jacob\/\">Continue lendo <span class=\"meta-nav\">&rarr;<\/span><\/a><\/p>\n","protected":false},"author":93,"featured_media":0,"parent":0,"menu_order":0,"comment_status":"closed","ping_status":"closed","template":"","meta":{"footnotes":""},"class_list":["post-1697","page","type-page","status-publish","hentry"],"_links":{"self":[{"href":"https:\/\/wp.ufpel.edu.br\/ppgq\/wp-json\/wp\/v2\/pages\/1697","targetHints":{"allow":["GET"]}}],"collection":[{"href":"https:\/\/wp.ufpel.edu.br\/ppgq\/wp-json\/wp\/v2\/pages"}],"about":[{"href":"https:\/\/wp.ufpel.edu.br\/ppgq\/wp-json\/wp\/v2\/types\/page"}],"author":[{"embeddable":true,"href":"https:\/\/wp.ufpel.edu.br\/ppgq\/wp-json\/wp\/v2\/users\/93"}],"replies":[{"embeddable":true,"href":"https:\/\/wp.ufpel.edu.br\/ppgq\/wp-json\/wp\/v2\/comments?post=1697"}],"version-history":[{"count":12,"href":"https:\/\/wp.ufpel.edu.br\/ppgq\/wp-json\/wp\/v2\/pages\/1697\/revisions"}],"predecessor-version":[{"id":6662,"href":"https:\/\/wp.ufpel.edu.br\/ppgq\/wp-json\/wp\/v2\/pages\/1697\/revisions\/6662"}],"wp:attachment":[{"href":"https:\/\/wp.ufpel.edu.br\/ppgq\/wp-json\/wp\/v2\/media?parent=1697"}],"curies":[{"name":"wp","href":"https:\/\/api.w.org\/{rel}","templated":true}]}}