{"id":1642,"date":"2011-03-17T13:06:21","date_gmt":"2011-03-17T16:06:21","guid":{"rendered":"https:\/\/wp.ufpel.edu.br\/ppgq\/"},"modified":"2024-06-14T13:26:53","modified_gmt":"2024-06-14T16:26:53","slug":"wilson-joao-cunico-filho","status":"publish","type":"page","link":"https:\/\/wp.ufpel.edu.br\/ppgq\/wilson-joao-cunico-filho\/","title":{"rendered":"Wilson Jo\u00e3o Cunico Filho"},"content":{"rendered":"<p><a href=\"https:\/\/wp.ufpel.edu.br\/ppgq\/files\/2024\/06\/WhatsApp-Image-2024-06-14-at-10.24.06.jpeg\"><img loading=\"lazy\" decoding=\"async\" class=\"alignnone wp-image-9583\" src=\"https:\/\/wp.ufpel.edu.br\/ppgq\/files\/2024\/06\/WhatsApp-Image-2024-06-14-at-10.24.06-335x318.jpeg\" alt=\"\" width=\"179\" height=\"170\" srcset=\"https:\/\/wp.ufpel.edu.br\/ppgq\/files\/2024\/06\/WhatsApp-Image-2024-06-14-at-10.24.06-335x318.jpeg 335w, https:\/\/wp.ufpel.edu.br\/ppgq\/files\/2024\/06\/WhatsApp-Image-2024-06-14-at-10.24.06-168x159.jpeg 168w, https:\/\/wp.ufpel.edu.br\/ppgq\/files\/2024\/06\/WhatsApp-Image-2024-06-14-at-10.24.06-768x728.jpeg 768w, https:\/\/wp.ufpel.edu.br\/ppgq\/files\/2024\/06\/WhatsApp-Image-2024-06-14-at-10.24.06.jpeg 949w\" sizes=\"auto, (max-width: 179px) 100vw, 179px\" \/><\/a><\/p>\n<p><a href=\"mailto:wjcunico@yahoo.com.br\">wjcunico@yahoo.com.br<\/a><br \/>\n<a href=\"http:\/\/lattes.cnpq.br\/8974631592328450\" target=\"_blank\" rel=\"noopener noreferrer\">Acessar CV Lattes<\/a><\/p>\n<p style=\"text-align: justify;\"><span style=\"color: #000000;\">Possui gradua\u00e7\u00e3o em Qu\u00edmica Industrial pela Universidade Federal de Santa Maria (2000) e doutorado em Qu\u00edmica pela Universidade Federal de Santa Maria (2004). Coordenou grupo de pesquisa em s\u00edntese de mol\u00e9culas com potencial atividade biol\u00f3gica no Instituto de Tecnologia em F\u00e1rmacos-Farmanguinhos, FIOCRUZ, durante o per\u00edodo de 2004-2008. Atualmente \u00e9 professor associado do Centro de Ci\u00eancias Qu\u00edmicas, Farmac\u00eauticas e de Alimentos (CCQFA) da Universidade Federal de Pelotas, fazendo parte do corpo docente permanente do Programa de P\u00f3s-Gradua\u00e7\u00e3o em Qu\u00edmica e do Programa de P\u00f3s-Gradua\u00e7\u00e3o em Bioqu\u00edmica e Bioprospec\u00e7\u00e3o, ambos da UFPel. L\u00edder do grupo de pesquisa Estrat\u00e9gias em S\u00edntese Org\u00e2nica no CNPq, coordenando o Laborat\u00f3rio de Qu\u00edmica Aplicada a Bioativos (LaQuiABio). Tem experi\u00eancia na \u00e1rea de S\u00edntese Org\u00e2nica, com \u00eanfase em Qu\u00edmica de Heterociclos, estudando a s\u00edntese de mol\u00e9culas com potencial atividade farmacol\u00f3gica. De 2018 at\u00e9 2021 foi Diretor-Adjunto do Centro de Ci\u00eancias Qu\u00edmicas, Farmac\u00eauticas e de Alimentos (CCQFA) e desde 2021 est\u00e1 desempenhando cargo administrativo como Diretor do CCQFA da UFPel.<\/span><\/p>\n<p style=\"text-align: justify;\"><span style=\"color: #808080;\">O texto acima foi extra\u00eddo do Curr\u00edculo Lattes do docente. A Coordena\u00e7\u00e3o do PPGQ n\u00e3o se responsabiliza por informa\u00e7\u00f5es inver\u00eddicas ou imprecis\u00e3o nos dados fornecidos.<\/span><\/p>\n","protected":false},"excerpt":{"rendered":"<p>wjcunico@yahoo.com.br Acessar CV Lattes Possui gradua\u00e7\u00e3o em Qu\u00edmica Industrial pela Universidade Federal de Santa Maria (2000) e doutorado em Qu\u00edmica pela Universidade Federal de Santa Maria (2004). Coordenou grupo de pesquisa em s\u00edntese de mol\u00e9culas com potencial atividade biol\u00f3gica no &hellip; <a href=\"https:\/\/wp.ufpel.edu.br\/ppgq\/wilson-joao-cunico-filho\/\">Continue lendo <span class=\"meta-nav\">&rarr;<\/span><\/a><\/p>\n","protected":false},"author":93,"featured_media":0,"parent":0,"menu_order":0,"comment_status":"closed","ping_status":"closed","template":"","meta":{"footnotes":""},"class_list":["post-1642","page","type-page","status-publish","hentry"],"_links":{"self":[{"href":"https:\/\/wp.ufpel.edu.br\/ppgq\/wp-json\/wp\/v2\/pages\/1642","targetHints":{"allow":["GET"]}}],"collection":[{"href":"https:\/\/wp.ufpel.edu.br\/ppgq\/wp-json\/wp\/v2\/pages"}],"about":[{"href":"https:\/\/wp.ufpel.edu.br\/ppgq\/wp-json\/wp\/v2\/types\/page"}],"author":[{"embeddable":true,"href":"https:\/\/wp.ufpel.edu.br\/ppgq\/wp-json\/wp\/v2\/users\/93"}],"replies":[{"embeddable":true,"href":"https:\/\/wp.ufpel.edu.br\/ppgq\/wp-json\/wp\/v2\/comments?post=1642"}],"version-history":[{"count":14,"href":"https:\/\/wp.ufpel.edu.br\/ppgq\/wp-json\/wp\/v2\/pages\/1642\/revisions"}],"predecessor-version":[{"id":1658,"href":"https:\/\/wp.ufpel.edu.br\/ppgq\/wp-json\/wp\/v2\/pages\/1642\/revisions\/1658"}],"wp:attachment":[{"href":"https:\/\/wp.ufpel.edu.br\/ppgq\/wp-json\/wp\/v2\/media?parent=1642"}],"curies":[{"name":"wp","href":"https:\/\/api.w.org\/{rel}","templated":true}]}}