{"id":1634,"date":"2011-03-17T13:04:22","date_gmt":"2011-03-17T16:04:22","guid":{"rendered":"https:\/\/wp.ufpel.edu.br\/ppgq\/"},"modified":"2021-08-31T16:04:09","modified_gmt":"2021-08-31T19:04:09","slug":"eder-joao-lenardao","status":"publish","type":"page","link":"https:\/\/wp.ufpel.edu.br\/ppgq\/eder-joao-lenardao\/","title":{"rendered":"Eder Jo\u00e3o Lenard\u00e3o"},"content":{"rendered":"<p><a href=\"https:\/\/wp.ufpel.edu.br\/ppgq\/files\/2021\/08\/Foto-Eder.jpg\"><img loading=\"lazy\" decoding=\"async\" class=\"alignnone size-thumbnail wp-image-7603\" src=\"https:\/\/wp.ufpel.edu.br\/ppgq\/files\/2021\/08\/Foto-Eder-184x159.jpg\" alt=\"\" width=\"184\" height=\"159\" srcset=\"https:\/\/wp.ufpel.edu.br\/ppgq\/files\/2021\/08\/Foto-Eder-184x159.jpg 184w, https:\/\/wp.ufpel.edu.br\/ppgq\/files\/2021\/08\/Foto-Eder-369x318.jpg 369w, https:\/\/wp.ufpel.edu.br\/ppgq\/files\/2021\/08\/Foto-Eder-768x662.jpg 768w, https:\/\/wp.ufpel.edu.br\/ppgq\/files\/2021\/08\/Foto-Eder-1536x1324.jpg 1536w, https:\/\/wp.ufpel.edu.br\/ppgq\/files\/2021\/08\/Foto-Eder-2048x1765.jpg 2048w\" sizes=\"auto, (max-width: 184px) 100vw, 184px\" \/><\/a><\/p>\n<p><a href=\"mailto:elenardao@uol.com.br\">elenardao@uol.com.br<\/a><br \/>\n<a href=\"http:\/\/lattes.cnpq.br\/9974684005171829\" target=\"_blank\" rel=\"noopener noreferrer\">Acessar CV Lattes<\/a><\/p>\n<p style=\"text-align: justify\"><span style=\"color: #000000\">\u00c9 graduado em Qu\u00edmica &#8211; Bacharelado pela Universidade Estadual de Londrina (1991), mestre em Qu\u00edmica (S\u00edntese Org\u00e2nica) pela Universidade Federal de Santa Maria (1994) e doutor em Ci\u00eancias &#8211; Qu\u00edmica Org\u00e2nica pela USP de Ribeir\u00e3o Preto (1997). Realizou p\u00f3s-doutorado na Universidade Federal de Santa Maria (2003-2004) e na Universit\u00e0 degli Studi di Perugia (2015-2016, Bolsista do Programa Est\u00e1gio S\u00eanior no Exterior financiado pela CAPES). \u00c9 professor titular da Universidade Federal de Pelotas e leciona as disciplinas de Qu\u00edmica Geral, Qu\u00edmica Verde, Qu\u00edmica Org\u00e2nica Avan\u00e7ada e Projetos em S\u00edntese Org\u00e2nica para os cursos de Qu\u00edmica. Foi coordenador do Programa de P\u00f3s-Gradua\u00e7\u00e3o em Qu\u00edmica entre mar\u00e7o de 2007 e agosto de 2011 e membro do Comit\u00ea Assessor de Qu\u00edmica da FAPERGS entre agosto de 2006 e julho de 2009. \u00c9 membro eleito do International Advisory Board da SeS Redox and Catalysis International Network, da International Conference on the Chemistry of Selenium and Tellurium (ICCST) e Fellow da Royal Society of Chemistry (FRSC). Tem experi\u00eancia na \u00e1rea de Qu\u00edmica, com \u00eanfase em S\u00edntese Org\u00e2nica, atuando principalmente em qu\u00edmica verde e s\u00edntese de compostos organocalcog\u00eanios.<\/span><\/p>\n<p><span style=\"color: #808080\">O texto acima foi extra\u00eddo do Curr\u00edculo Lattes do docente. A Coordena\u00e7\u00e3o do PPGQ n\u00e3o se responsabiliza por informa\u00e7\u00f5es inver\u00eddicas ou imprecis\u00e3o nos dados fornecidos.<\/span><\/p>\n","protected":false},"excerpt":{"rendered":"<p>elenardao@uol.com.br Acessar CV Lattes \u00c9 graduado em Qu\u00edmica &#8211; Bacharelado pela Universidade Estadual de Londrina (1991), mestre em Qu\u00edmica (S\u00edntese Org\u00e2nica) pela Universidade Federal de Santa Maria (1994) e doutor em Ci\u00eancias &#8211; Qu\u00edmica Org\u00e2nica pela USP de Ribeir\u00e3o Preto &hellip; <a href=\"https:\/\/wp.ufpel.edu.br\/ppgq\/eder-joao-lenardao\/\">Continue lendo <span class=\"meta-nav\">&rarr;<\/span><\/a><\/p>\n","protected":false},"author":93,"featured_media":0,"parent":0,"menu_order":0,"comment_status":"closed","ping_status":"closed","template":"","meta":{"footnotes":""},"class_list":["post-1634","page","type-page","status-publish","hentry"],"_links":{"self":[{"href":"https:\/\/wp.ufpel.edu.br\/ppgq\/wp-json\/wp\/v2\/pages\/1634","targetHints":{"allow":["GET"]}}],"collection":[{"href":"https:\/\/wp.ufpel.edu.br\/ppgq\/wp-json\/wp\/v2\/pages"}],"about":[{"href":"https:\/\/wp.ufpel.edu.br\/ppgq\/wp-json\/wp\/v2\/types\/page"}],"author":[{"embeddable":true,"href":"https:\/\/wp.ufpel.edu.br\/ppgq\/wp-json\/wp\/v2\/users\/93"}],"replies":[{"embeddable":true,"href":"https:\/\/wp.ufpel.edu.br\/ppgq\/wp-json\/wp\/v2\/comments?post=1634"}],"version-history":[{"count":26,"href":"https:\/\/wp.ufpel.edu.br\/ppgq\/wp-json\/wp\/v2\/pages\/1634\/revisions"}],"predecessor-version":[{"id":7605,"href":"https:\/\/wp.ufpel.edu.br\/ppgq\/wp-json\/wp\/v2\/pages\/1634\/revisions\/7605"}],"wp:attachment":[{"href":"https:\/\/wp.ufpel.edu.br\/ppgq\/wp-json\/wp\/v2\/media?parent=1634"}],"curies":[{"name":"wp","href":"https:\/\/api.w.org\/{rel}","templated":true}]}}