{"id":1632,"date":"2011-03-17T13:03:48","date_gmt":"2011-03-17T16:03:48","guid":{"rendered":"https:\/\/wp.ufpel.edu.br\/ppgq\/"},"modified":"2024-06-12T15:33:07","modified_gmt":"2024-06-12T18:33:07","slug":"diego-da-silva-alves","status":"publish","type":"page","link":"https:\/\/wp.ufpel.edu.br\/ppgq\/diego-da-silva-alves\/","title":{"rendered":"Diego da Silva Alves"},"content":{"rendered":"<p><a href=\"https:\/\/wp.ufpel.edu.br\/ppgq\/files\/2019\/10\/Foto-Diego.png\"><img loading=\"lazy\" decoding=\"async\" class=\"alignnone size-thumbnail wp-image-6885\" src=\"https:\/\/wp.ufpel.edu.br\/ppgq\/files\/2019\/10\/Foto-Diego-158x159.png\" alt=\"\" width=\"158\" height=\"159\" srcset=\"https:\/\/wp.ufpel.edu.br\/ppgq\/files\/2019\/10\/Foto-Diego-158x159.png 158w, https:\/\/wp.ufpel.edu.br\/ppgq\/files\/2019\/10\/Foto-Diego.png 236w\" sizes=\"auto, (max-width: 158px) 100vw, 158px\" \/><\/a><\/p>\n<p><a href=\"mailto:diego.alves@ufpel.edu.br\" target=\"_blank\" rel=\"nofollow noopener noreferrer\">diego.alves@ufpel.edu.br<\/a><br \/>\n<a href=\"http:\/\/lattes.cnpq.br\/1256729611139254\" target=\"_blank\" rel=\"noopener noreferrer\">Acessar CV Lattes<\/a><\/p>\n<p style=\"text-align: justify;\"><span style=\"color: #000000;\">O Professor Diego Alves possui gradua\u00e7\u00e3o em Qu\u00edmica Industrial (2002) pela Universidade Federal de Santa Maria (UFSM, RS), mestrado (2004) e doutorado (2008) em Qu\u00edmica Org\u00e2nica pela Universidade Federal de Santa Maria (UFSM, RS). Realizou est\u00e1gio de P\u00f3s-Doutorado na Faculdade de Ci\u00eancias Farmac\u00eauticas da Universidade de S\u00e3o Paulo (USP, SP, 2008); Atuou como bolsista rec\u00e9m-doutor FAPERGS e Professor Adjunto na Universidade Franciscana em Santa Maria (UFN, RS, 2008-2009). Atualmente desenvolve atividades de Docente e Pesquisador na Universidade Federal de Pelotas (UFPel, RS). Atua nos Cursos de Gradua\u00e7\u00e3o em Qu\u00edmica Industrial e Bacharelado em Qu\u00edmica e nos Programas de P\u00f3s-Gradua\u00e7\u00e3o em Qu\u00edmica (PPGQ) e Biotecnologia (PPGB). Foi membro do corpo editorial dos peri\u00f3dicos\u00a0<i>Medicinal Chemistry (Hilversum)<\/i>,\u00a0<i>Current Microwave Chemistry<\/i>\u00a0e\u00a0<i>Current Organocatalysis<\/i>; Foi Editor associado do Peri\u00f3dico\u00a0<i>Journal Advanced Research<\/i>\u00a0e\u00a0Editor chefe da se\u00e7\u00e3o de Organocat\u00e1lise do Peri\u00f3dico\u00a0<i>Frontiers in Catalysis<\/i>.\u00a0Foi membro afiliado da Academia Brasileira de Ci\u00eancias (2017-2021); Bolsista de Produtividade em Pesquisa do CNPq \u2013 N\u00edvel 1C; Membro do comit\u00ea de assessoramento da \u00e1rea de Qu\u00edmica e Interdisciplinar da Funda\u00e7\u00e3o de Amparo \u00e0 Pesquisa do Estado do Rio Grande do Sul (FAPERGS).\u00a0Tem experi\u00eancia na \u00e1rea de Qu\u00edmica, com \u00eanfase em S\u00edntese Org\u00e2nica, atuando principalmente nos seguintes temas: rea\u00e7\u00f5es de cicloadi\u00e7\u00e3o utilizando cat\u00e1lise met\u00e1lica ou organocat\u00e1lise; rea\u00e7\u00f5es de acoplamento catalisadas por metais de transi\u00e7\u00e3o (Pd, Cu, Ag, Ni), rea\u00e7\u00f5es com organocalcog\u00eanios (S, Se e Te), rea\u00e7\u00f5es com reagentes org\u00e2nicos de boro, s\u00edntese e avalia\u00e7\u00e3o farmacol\u00f3gica de heterociclos funcionalizados.<\/span><\/p>\n<p><span style=\"color: #808080;\">O texto acima foi fornecido pelo docente. A Coordena\u00e7\u00e3o do PPGQ n\u00e3o se responsabiliza por informa\u00e7\u00f5es inver\u00eddicas ou imprecis\u00e3o nos dados fornecidos.<\/span><\/p>\n","protected":false},"excerpt":{"rendered":"<p>diego.alves@ufpel.edu.br Acessar CV Lattes O Professor Diego Alves possui gradua\u00e7\u00e3o em Qu\u00edmica Industrial (2002) pela Universidade Federal de Santa Maria (UFSM, RS), mestrado (2004) e doutorado (2008) em Qu\u00edmica Org\u00e2nica pela Universidade Federal de Santa Maria (UFSM, RS). Realizou est\u00e1gio &hellip; <a href=\"https:\/\/wp.ufpel.edu.br\/ppgq\/diego-da-silva-alves\/\">Continue lendo <span class=\"meta-nav\">&rarr;<\/span><\/a><\/p>\n","protected":false},"author":93,"featured_media":0,"parent":0,"menu_order":0,"comment_status":"closed","ping_status":"closed","template":"","meta":{"footnotes":""},"class_list":["post-1632","page","type-page","status-publish","hentry"],"_links":{"self":[{"href":"https:\/\/wp.ufpel.edu.br\/ppgq\/wp-json\/wp\/v2\/pages\/1632","targetHints":{"allow":["GET"]}}],"collection":[{"href":"https:\/\/wp.ufpel.edu.br\/ppgq\/wp-json\/wp\/v2\/pages"}],"about":[{"href":"https:\/\/wp.ufpel.edu.br\/ppgq\/wp-json\/wp\/v2\/types\/page"}],"author":[{"embeddable":true,"href":"https:\/\/wp.ufpel.edu.br\/ppgq\/wp-json\/wp\/v2\/users\/93"}],"replies":[{"embeddable":true,"href":"https:\/\/wp.ufpel.edu.br\/ppgq\/wp-json\/wp\/v2\/comments?post=1632"}],"version-history":[{"count":29,"href":"https:\/\/wp.ufpel.edu.br\/ppgq\/wp-json\/wp\/v2\/pages\/1632\/revisions"}],"predecessor-version":[{"id":9567,"href":"https:\/\/wp.ufpel.edu.br\/ppgq\/wp-json\/wp\/v2\/pages\/1632\/revisions\/9567"}],"wp:attachment":[{"href":"https:\/\/wp.ufpel.edu.br\/ppgq\/wp-json\/wp\/v2\/media?parent=1632"}],"curies":[{"name":"wp","href":"https:\/\/api.w.org\/{rel}","templated":true}]}}