{"id":1622,"date":"2011-03-17T13:01:27","date_gmt":"2011-03-17T16:01:27","guid":{"rendered":"https:\/\/wp.ufpel.edu.br\/ppgq\/"},"modified":"2019-05-21T13:48:17","modified_gmt":"2019-05-21T16:48:17","slug":"daniela-bianchini","status":"publish","type":"page","link":"https:\/\/wp.ufpel.edu.br\/ppgq\/daniela-bianchini\/","title":{"rendered":"Daniela Bianchini"},"content":{"rendered":"<p><a href=\"https:\/\/wp.ufpel.edu.br\/ppgq\/files\/2011\/03\/IMG-20170414-WA0001.jpg\"><img loading=\"lazy\" decoding=\"async\" class=\"alignnone size-thumbnail wp-image-5607\" src=\"https:\/\/wp.ufpel.edu.br\/ppgq\/files\/2011\/03\/IMG-20170414-WA0001-212x159.jpg\" alt=\"\" width=\"212\" height=\"159\" srcset=\"https:\/\/wp.ufpel.edu.br\/ppgq\/files\/2011\/03\/IMG-20170414-WA0001-212x159.jpg 212w, https:\/\/wp.ufpel.edu.br\/ppgq\/files\/2011\/03\/IMG-20170414-WA0001-424x318.jpg 424w, https:\/\/wp.ufpel.edu.br\/ppgq\/files\/2011\/03\/IMG-20170414-WA0001-768x576.jpg 768w, https:\/\/wp.ufpel.edu.br\/ppgq\/files\/2011\/03\/IMG-20170414-WA0001.jpg 1117w\" sizes=\"auto, (max-width: 212px) 100vw, 212px\" \/><\/a><\/p>\n<p><span style=\"color: #888888\"><a href=\"mailto:danielabianchini.ufpel@gmail.com\">danielabianchini.ufpel@gmail.com<\/a><br \/>\n<a href=\"http:\/\/lattes.cnpq.br\/5028683428599151\" target=\"_blank\" rel=\"noopener noreferrer\">Acessar CV Lattes<\/a> <\/span><\/p>\n<p style=\"text-align: justify\"><span style=\"color: #333333\">Possui gradua\u00e7\u00e3o em Qu\u00edmica (2000), especializa\u00e7\u00e3o Lato Sensu (2003) e doutorado em Qu\u00edmica (2007) pela Universidade Federal do Rio Grande do Sul. Realizou est\u00e1gio de doutorando no exterior (2005-2006) na McGill University, Montreal, Canad\u00e1. Foi professora substituta no departamento de Qu\u00edmica Inorg\u00e2nica da UFRGS por tr\u00eas semestres (2007-2008). Tem experi\u00eancia na \u00e1rea de Cat\u00e1lise, onde atuou principalmente nos seguintes temas: catalisadores suportados sobre s\u00edlica, polimeriza\u00e7\u00e3o de etileno, silsesquioxanos, caracteriza\u00e7\u00e3o de catalisadores suportados. Foi p\u00f3s-doutoranda na \u00e1rea de Oleoqu\u00edmica, onde trabalhou na extra\u00e7\u00e3o de \u00f3leo de microalgas e na s\u00edntese de filmes h\u00edbridos org\u00e2nico-inorg\u00e2nicos. Atualmente, \u00e9 professora Adjunta IV da Universidade Federal de Pelotas (UFPel), onde trabalha com a modifica\u00e7\u00e3o da superf\u00edcie de s\u00f3lidos inorg\u00e2nicos, imobiliza\u00e7\u00e3o de porfirinas metaladas e a s\u00edntese de filmes de amido.<\/span><\/p>\n<p><span style=\"color: #808080\">O texto acima foi extra\u00eddo do Curr\u00edculo Lattes do docente. A Coordena\u00e7\u00e3o do PPGQ n\u00e3o se responsabiliza por informa\u00e7\u00f5es inver\u00eddicas ou imprecis\u00e3o nos dados fornecidos.<\/span><\/p>\n","protected":false},"excerpt":{"rendered":"<p>danielabianchini.ufpel@gmail.com Acessar CV Lattes Possui gradua\u00e7\u00e3o em Qu\u00edmica (2000), especializa\u00e7\u00e3o Lato Sensu (2003) e doutorado em Qu\u00edmica (2007) pela Universidade Federal do Rio Grande do Sul. Realizou est\u00e1gio de doutorando no exterior (2005-2006) na McGill University, Montreal, Canad\u00e1. Foi professora &hellip; <a href=\"https:\/\/wp.ufpel.edu.br\/ppgq\/daniela-bianchini\/\">Continue lendo <span class=\"meta-nav\">&rarr;<\/span><\/a><\/p>\n","protected":false},"author":93,"featured_media":0,"parent":0,"menu_order":0,"comment_status":"closed","ping_status":"closed","template":"","meta":{"footnotes":""},"class_list":["post-1622","page","type-page","status-publish","hentry"],"_links":{"self":[{"href":"https:\/\/wp.ufpel.edu.br\/ppgq\/wp-json\/wp\/v2\/pages\/1622","targetHints":{"allow":["GET"]}}],"collection":[{"href":"https:\/\/wp.ufpel.edu.br\/ppgq\/wp-json\/wp\/v2\/pages"}],"about":[{"href":"https:\/\/wp.ufpel.edu.br\/ppgq\/wp-json\/wp\/v2\/types\/page"}],"author":[{"embeddable":true,"href":"https:\/\/wp.ufpel.edu.br\/ppgq\/wp-json\/wp\/v2\/users\/93"}],"replies":[{"embeddable":true,"href":"https:\/\/wp.ufpel.edu.br\/ppgq\/wp-json\/wp\/v2\/comments?post=1622"}],"version-history":[{"count":32,"href":"https:\/\/wp.ufpel.edu.br\/ppgq\/wp-json\/wp\/v2\/pages\/1622\/revisions"}],"predecessor-version":[{"id":1644,"href":"https:\/\/wp.ufpel.edu.br\/ppgq\/wp-json\/wp\/v2\/pages\/1622\/revisions\/1644"}],"wp:attachment":[{"href":"https:\/\/wp.ufpel.edu.br\/ppgq\/wp-json\/wp\/v2\/media?parent=1622"}],"curies":[{"name":"wp","href":"https:\/\/api.w.org\/{rel}","templated":true}]}}