{"id":162,"date":"2011-03-15T08:03:44","date_gmt":"2011-03-15T11:03:44","guid":{"rendered":"https:\/\/wp.ufpel.edu.br\/ppgq\/"},"modified":"2025-12-02T15:41:54","modified_gmt":"2025-12-02T18:41:54","slug":"linhas-de-pesquisa","status":"publish","type":"page","link":"https:\/\/wp.ufpel.edu.br\/ppgq\/linhas-de-pesquisa\/","title":{"rendered":"Linhas de Pesquisa"},"content":{"rendered":"<p><strong>Linha 1 &#8211; Desenvolvimento e Aplica\u00e7\u00e3o de M\u00e9todos Anal\u00edticos<\/strong><\/p>\n<p style=\"text-align: justify;\">Esta linha visa aprimorar ou desenvolver m\u00e9todos de an\u00e1lise qu\u00edmica e\/ou biol\u00f3gica, empregando t\u00e9cnicas anal\u00edticas e bioanal\u00edtica para an\u00e1lise e\/ou caracteriza\u00e7\u00e3o de compostos qu\u00edmicos em amostras como alimentos, produtos tecnol\u00f3gicos, industriais, produtos de s\u00edntese, organismos vivos, entre outras. A linha tamb\u00e9m contempla a investiga\u00e7\u00e3o e o monitoramento da presen\u00e7a de compostos qu\u00edmicos nos em diversos compartimentos ambientais e ecossistemas.<\/p>\n<p><strong>Linha 2 &#8211; Qu\u00edmica de Materiais<\/strong><\/p>\n<p style=\"text-align: justify;\">Esta linha de pesquisa \u00e9 voltada para o desenvolvimento e caracteriza\u00e7\u00e3o de novos materiais, os quais englobam materiais inorg\u00e2nicos, organomet\u00e1licos e polim\u00e9ricos para diferentes aplica\u00e7\u00f5es (cat\u00e1lise, nanotecnologia, biotecnologia, usos ambientais entre outros). Al\u00e9m disso, modifica\u00e7\u00f5es de superf\u00edcie e tratamentos em massa s\u00e3o realizados com o objetivo de melhorar ou mesmo criar propriedades \u00f3pticas, el\u00e9tricas, mec\u00e2nicas, biol\u00f3gicas e catal\u00edticas em tais materiais. \u00c9 interessante ressaltar que essa linha de pesquisa permite aos alunos projetarem materiais a partir de compostos extra\u00eddos ou isolados de res\u00edduos industriais e biomassa, o que estimula pr\u00e1ticas ecol\u00f3gicas e processos qu\u00edmicos sustent\u00e1veis.<\/p>\n<p><strong>Linha 3 &#8211; Obten\u00e7\u00e3o, Caracteriza\u00e7\u00e3o e Aplica\u00e7\u00e3o de Compostos Org\u00e2nicos<\/strong><\/p>\n<p style=\"text-align: justify;\">Esta linha envolve o desenvolvimento de novas metodologias sint\u00e9ticas para a prepara\u00e7\u00e3o de heterociclos e compostos org\u00e2nicos contendo enxofre, sel\u00eanio ou tel\u00fario com potencial atividade biol\u00f3gica. As metodologias desenvolvidas incorporam diversos princ\u00edpios da qu\u00edmica verde, como cat\u00e1lise, maior efici\u00eancia energ\u00e9tica, solventes e auxiliares mais seguros e biomassa como mat\u00e9ria-prima renov\u00e1vel. A caracteriza\u00e7\u00e3o de \u00f3leos essenciais, o uso de compostos organocalcog\u00eanios como intermedi\u00e1rios sint\u00e9ticos e catalisadores e o desenvolvimento de protocolos baseados em t\u00e9cnicas de resson\u00e2ncia magn\u00e9tica nuclear para o reconhecimento quiral de compostos org\u00e2nicos de sel\u00eanio tamb\u00e9m s\u00e3o contemplados nesta linha.<\/p>\n<p style=\"text-align: justify;\"><a href=\"https:\/\/wp.ufpel.edu.br\/ppgq\/professores\" target=\"_self\" rel=\"noopener noreferrer\">Veja aqui os professores que atuam em cada linha de pesquisa.<\/a><\/p>\n","protected":false},"excerpt":{"rendered":"<p>Linha 1 &#8211; Desenvolvimento e Aplica\u00e7\u00e3o de M\u00e9todos Anal\u00edticos Esta linha visa aprimorar ou desenvolver m\u00e9todos de an\u00e1lise qu\u00edmica e\/ou biol\u00f3gica, empregando t\u00e9cnicas anal\u00edticas e bioanal\u00edtica para an\u00e1lise e\/ou caracteriza\u00e7\u00e3o de compostos qu\u00edmicos em amostras como alimentos, produtos tecnol\u00f3gicos, industriais, &hellip; <a href=\"https:\/\/wp.ufpel.edu.br\/ppgq\/linhas-de-pesquisa\/\">Continue lendo <span class=\"meta-nav\">&rarr;<\/span><\/a><\/p>\n","protected":false},"author":93,"featured_media":0,"parent":0,"menu_order":0,"comment_status":"closed","ping_status":"closed","template":"","meta":{"footnotes":""},"class_list":["post-162","page","type-page","status-publish","hentry"],"_links":{"self":[{"href":"https:\/\/wp.ufpel.edu.br\/ppgq\/wp-json\/wp\/v2\/pages\/162","targetHints":{"allow":["GET"]}}],"collection":[{"href":"https:\/\/wp.ufpel.edu.br\/ppgq\/wp-json\/wp\/v2\/pages"}],"about":[{"href":"https:\/\/wp.ufpel.edu.br\/ppgq\/wp-json\/wp\/v2\/types\/page"}],"author":[{"embeddable":true,"href":"https:\/\/wp.ufpel.edu.br\/ppgq\/wp-json\/wp\/v2\/users\/93"}],"replies":[{"embeddable":true,"href":"https:\/\/wp.ufpel.edu.br\/ppgq\/wp-json\/wp\/v2\/comments?post=162"}],"version-history":[{"count":3,"href":"https:\/\/wp.ufpel.edu.br\/ppgq\/wp-json\/wp\/v2\/pages\/162\/revisions"}],"predecessor-version":[{"id":10434,"href":"https:\/\/wp.ufpel.edu.br\/ppgq\/wp-json\/wp\/v2\/pages\/162\/revisions\/10434"}],"wp:attachment":[{"href":"https:\/\/wp.ufpel.edu.br\/ppgq\/wp-json\/wp\/v2\/media?parent=162"}],"curies":[{"name":"wp","href":"https:\/\/api.w.org\/{rel}","templated":true}]}}