{"id":1616,"date":"2011-03-17T12:59:48","date_gmt":"2011-03-17T15:59:48","guid":{"rendered":"https:\/\/wp.ufpel.edu.br\/ppgq\/"},"modified":"2021-08-26T16:11:50","modified_gmt":"2021-08-26T19:11:50","slug":"mariana-antunes-vieira","status":"publish","type":"page","link":"https:\/\/wp.ufpel.edu.br\/ppgq\/mariana-antunes-vieira\/","title":{"rendered":"Mariana Antunes Vieira"},"content":{"rendered":"<p><a href=\"https:\/\/wp.ufpel.edu.br\/ppgq\/files\/2011\/03\/Mariana.png\"><img loading=\"lazy\" decoding=\"async\" class=\"alignnone wp-image-5601 size-thumbnail\" src=\"https:\/\/wp.ufpel.edu.br\/ppgq\/files\/2011\/03\/Mariana-119x159.png\" alt=\"\" width=\"119\" height=\"159\" srcset=\"https:\/\/wp.ufpel.edu.br\/ppgq\/files\/2011\/03\/Mariana-119x159.png 119w, https:\/\/wp.ufpel.edu.br\/ppgq\/files\/2011\/03\/Mariana-238x318.png 238w, https:\/\/wp.ufpel.edu.br\/ppgq\/files\/2011\/03\/Mariana.png 317w\" sizes=\"auto, (max-width: 119px) 100vw, 119px\" \/><\/a><\/p>\n<p><a href=\"mailto:maryanavieira@hotmail.com\">maryanavieira@hotmail.com<\/a><br \/>\n<a href=\"http:\/\/lattes.cnpq.br\/4097437753995552\" target=\"_blank\" rel=\"noopener\">Acessar CV Lattes<\/a><\/p>\n<p style=\"text-align: justify\">Possui Gradua\u00e7\u00e3o em Qu\u00edmica (Bacharelado e Licenciatura), Mestrado e Doutorado em Qu\u00edmica Anal\u00edtica pela Universidade Federal de Santa Catarina (UFSC). Desenvolveu parte do doutorado (Doutorado Sandu\u00edche) no National Research Council Canada (NRCC) em Ottawa\/Canada. Possui P\u00f3s-Doutorado pela PUC-Rio (2008) onde atuou no projeto de Desenvolvimento e valida\u00e7\u00e3o de m\u00e9todos para determina\u00e7\u00e3o de metais em fluidos biol\u00f3gicos. Atuou como Pesquisadora junto ao Departamento de Qu\u00edmica da PUC-Rio em um conv\u00eanio PUC-Rio\/PETROBRAS (2009), no Desenvolvimento de metodologias de an\u00e1lise para a determina\u00e7\u00e3o de elementos tra\u00e7o em amostras de biocombust\u00edveis. Em 2011, recebeu o pr\u00eamio &#8220;Para Mulheres na Ci\u00eancia (2011) da LOr\u00e9al Brasil em parceria com a Academia Brasileira de Ci\u00eancias (ABC) e a UNESCO, na \u00e1rea de Ci\u00eancias Qu\u00edmicas. \u00c9 Professora Associada 2 na Universidade Federal de Pelotas (UFPEL), Coordenadora do Curso de Qu\u00edmica Industrial e Professora Permanente junto ao Programa de P\u00f3s-Gradua\u00e7\u00e3o em Qu\u00edmica (PPGQ). \u00c9 membro do Instituto Nacional de Ci\u00eancias e Tecnologias Anal\u00edticas Avan\u00e7adas (INCTAA). Tem experi\u00eancia na \u00e1rea de Qu\u00edmica Anal\u00edtica, com \u00eanfase em An\u00e1lise de Elementos Tra\u00e7o, Qu\u00edmica Ambiental e An\u00e1lise de Alimentos, atuando principalmente nos seguintes temas: T\u00e9cnicas de Espectrometria At\u00f4mica; Sistema de gera\u00e7\u00e3o qu\u00edmica e fotoqu\u00edmica de vapor; An\u00e1lises de Amostras Ambientais e An\u00e1lise de Alimentos. Atualmente, possui 64 artigos publicados e 1 aceito em revistas cient\u00edficas especializadas e fator H=20.<\/p>\n<p style=\"text-align: justify\"><span style=\"color: #808080\">O texto acima foi extra\u00eddo do Curr\u00edculo Lattes do docente. A Coordena\u00e7\u00e3o do PPGQ n\u00e3o se responsabiliza por informa\u00e7\u00f5es inver\u00eddicas ou imprecis\u00e3o nos dados fornecidos.<\/span><\/p>\n","protected":false},"excerpt":{"rendered":"<p>maryanavieira@hotmail.com Acessar CV Lattes Possui Gradua\u00e7\u00e3o em Qu\u00edmica (Bacharelado e Licenciatura), Mestrado e Doutorado em Qu\u00edmica Anal\u00edtica pela Universidade Federal de Santa Catarina (UFSC). Desenvolveu parte do doutorado (Doutorado Sandu\u00edche) no National Research Council Canada (NRCC) em Ottawa\/Canada. Possui P\u00f3s-Doutorado &hellip; <a href=\"https:\/\/wp.ufpel.edu.br\/ppgq\/mariana-antunes-vieira\/\">Continue lendo <span class=\"meta-nav\">&rarr;<\/span><\/a><\/p>\n","protected":false},"author":93,"featured_media":0,"parent":0,"menu_order":0,"comment_status":"closed","ping_status":"closed","template":"","meta":{"footnotes":""},"class_list":["post-1616","page","type-page","status-publish","hentry"],"_links":{"self":[{"href":"https:\/\/wp.ufpel.edu.br\/ppgq\/wp-json\/wp\/v2\/pages\/1616","targetHints":{"allow":["GET"]}}],"collection":[{"href":"https:\/\/wp.ufpel.edu.br\/ppgq\/wp-json\/wp\/v2\/pages"}],"about":[{"href":"https:\/\/wp.ufpel.edu.br\/ppgq\/wp-json\/wp\/v2\/types\/page"}],"author":[{"embeddable":true,"href":"https:\/\/wp.ufpel.edu.br\/ppgq\/wp-json\/wp\/v2\/users\/93"}],"replies":[{"embeddable":true,"href":"https:\/\/wp.ufpel.edu.br\/ppgq\/wp-json\/wp\/v2\/comments?post=1616"}],"version-history":[{"count":20,"href":"https:\/\/wp.ufpel.edu.br\/ppgq\/wp-json\/wp\/v2\/pages\/1616\/revisions"}],"predecessor-version":[{"id":7572,"href":"https:\/\/wp.ufpel.edu.br\/ppgq\/wp-json\/wp\/v2\/pages\/1616\/revisions\/7572"}],"wp:attachment":[{"href":"https:\/\/wp.ufpel.edu.br\/ppgq\/wp-json\/wp\/v2\/media?parent=1616"}],"curies":[{"name":"wp","href":"https:\/\/api.w.org\/{rel}","templated":true}]}}