{"id":1614,"date":"2011-03-17T12:59:11","date_gmt":"2011-03-17T15:59:11","guid":{"rendered":"https:\/\/wp.ufpel.edu.br\/ppgq\/"},"modified":"2024-07-26T14:30:27","modified_gmt":"2024-07-26T17:30:27","slug":"anderson-schwingel-ribeiro","status":"publish","type":"page","link":"https:\/\/wp.ufpel.edu.br\/ppgq\/anderson-schwingel-ribeiro\/","title":{"rendered":"Anderson Schwingel Ribeiro"},"content":{"rendered":"<p><a href=\"https:\/\/wp.ufpel.edu.br\/ppgq\/files\/2011\/03\/docente_anderson.jpg\"><img loading=\"lazy\" decoding=\"async\" class=\"alignnone size-thumbnail wp-image-1685\" src=\"https:\/\/wp.ufpel.edu.br\/ppgq\/files\/2011\/03\/docente_anderson-150x113.jpg\" alt=\"\" width=\"150\" height=\"113\" \/><\/a><\/p>\n<p><a href=\"mailto:andersonsch@hotmail.com\">andersonsch@hotmail.com<\/a><br \/>\n<a href=\"http:\/\/lattes.cnpq.br\/2041807074893443\" target=\"_blank\" rel=\"noopener\">Acessar CV Lattes<\/a><\/p>\n<p style=\"text-align: justify;\"><span style=\"color: #000000;\">Professor Associado 4 da Universidade Federal de Pelotas e membro do Instituto Nacional de Ci\u00eancias e Tecnologias Anal\u00edticas Avan\u00e7adas (INCTAA). Possui gradua\u00e7\u00e3o em Qu\u00edmica Bacharelado pela UEM, Mestrado em Qu\u00edmica Anal\u00edtica pela UFSC, Doutorado em Qu\u00edmica Anal\u00edtica pela UNICAMP, P\u00f3s-Doutorado em Qu\u00edmica Anal\u00edtica pela UFSC, NRC do Canad\u00e1 e pela PUC-Rio. Atualmente \u00e9 Coordenador da \u00c1rea da Qu\u00edmica no Centro de Ci\u00eancias Qu\u00edmicas, Farmac\u00eauticas e de Alimentos. Foi Secret\u00e1rio Regional da Sociedade Brasileira de Qu\u00edmica no Rio Grande do Sul de 2020 a 2024 e Coordenador do Programa de P\u00f3s-gradua\u00e7\u00e3o em Qu\u00edmica de 2011a 2013. \u00c9 professor na \u00e1rea de Qu\u00edmica Anal\u00edtica em n\u00edveis de Gradua\u00e7\u00e3o e P\u00f3s-Gradua\u00e7\u00e3o, atuando nas linhas de pesquisa com estudos voltados a an\u00e1lises de alimentos para determina\u00e7\u00e3o da concentra\u00e7\u00e3o total, fra\u00e7\u00e3o bioacess\u00edvel e biodispon\u00edvel de elementos essenciais e potencialmente t\u00f3xicos, realizando estudos de preparo de amostras, instrumenta\u00e7\u00e3o, gera\u00e7\u00e3o qu\u00edmica e fotoqu\u00edmica de vapor e metrologia qu\u00edmica por t\u00e9cnicas de espectrometria at\u00f4mica (FAAS, GF AAS e MIP OES). Orientou e coorientou 21 Disserta\u00e7\u00f5es de Mestrado, 14 Teses de Doutorado, 26 estudantes de Inicia\u00e7\u00e3o Cient\u00edfica e 10 trabalhos de Conclus\u00e3o de Curso de Gradua\u00e7\u00e3o e supervisionou 4 p\u00f3s-doutorados. Apresenta um Fator H de 22 e publicou quase uma centena de artigos completos em peri\u00f3dicos.<\/span><\/p>\n<p><span style=\"color: #808080;\">O texto acima foi extra\u00eddo do Curr\u00edculo Lattes do docente. A Coordena\u00e7\u00e3o do PPGQ n\u00e3o se responsabiliza por informa\u00e7\u00f5es inver\u00eddicas ou imprecis\u00e3o nos dados fornecidos.<\/span><\/p>\n","protected":false},"excerpt":{"rendered":"<p>andersonsch@hotmail.com Acessar CV Lattes Professor Associado 4 da Universidade Federal de Pelotas e membro do Instituto Nacional de Ci\u00eancias e Tecnologias Anal\u00edticas Avan\u00e7adas (INCTAA). Possui gradua\u00e7\u00e3o em Qu\u00edmica Bacharelado pela UEM, Mestrado em Qu\u00edmica Anal\u00edtica pela UFSC, Doutorado em Qu\u00edmica &hellip; <a href=\"https:\/\/wp.ufpel.edu.br\/ppgq\/anderson-schwingel-ribeiro\/\">Continue lendo <span class=\"meta-nav\">&rarr;<\/span><\/a><\/p>\n","protected":false},"author":93,"featured_media":0,"parent":0,"menu_order":0,"comment_status":"closed","ping_status":"closed","template":"","meta":{"footnotes":""},"class_list":["post-1614","page","type-page","status-publish","hentry"],"_links":{"self":[{"href":"https:\/\/wp.ufpel.edu.br\/ppgq\/wp-json\/wp\/v2\/pages\/1614","targetHints":{"allow":["GET"]}}],"collection":[{"href":"https:\/\/wp.ufpel.edu.br\/ppgq\/wp-json\/wp\/v2\/pages"}],"about":[{"href":"https:\/\/wp.ufpel.edu.br\/ppgq\/wp-json\/wp\/v2\/types\/page"}],"author":[{"embeddable":true,"href":"https:\/\/wp.ufpel.edu.br\/ppgq\/wp-json\/wp\/v2\/users\/93"}],"replies":[{"embeddable":true,"href":"https:\/\/wp.ufpel.edu.br\/ppgq\/wp-json\/wp\/v2\/comments?post=1614"}],"version-history":[{"count":25,"href":"https:\/\/wp.ufpel.edu.br\/ppgq\/wp-json\/wp\/v2\/pages\/1614\/revisions"}],"predecessor-version":[{"id":9662,"href":"https:\/\/wp.ufpel.edu.br\/ppgq\/wp-json\/wp\/v2\/pages\/1614\/revisions\/9662"}],"wp:attachment":[{"href":"https:\/\/wp.ufpel.edu.br\/ppgq\/wp-json\/wp\/v2\/media?parent=1614"}],"curies":[{"name":"wp","href":"https:\/\/api.w.org\/{rel}","templated":true}]}}