{"id":1612,"date":"2011-03-17T12:58:21","date_gmt":"2011-03-17T15:58:21","guid":{"rendered":"https:\/\/wp.ufpel.edu.br\/ppgq\/"},"modified":"2021-08-31T17:18:12","modified_gmt":"2021-08-31T20:18:12","slug":"adriane-medeiros-nunes","status":"publish","type":"page","link":"https:\/\/wp.ufpel.edu.br\/ppgq\/adriane-medeiros-nunes\/","title":{"rendered":"Adriane Medeiros Nunes"},"content":{"rendered":"<p><a href=\"https:\/\/wp.ufpel.edu.br\/ppgq\/files\/2021\/08\/Foto-Adriane.jpg\"><img loading=\"lazy\" decoding=\"async\" class=\"alignnone size-thumbnail wp-image-7633\" src=\"https:\/\/wp.ufpel.edu.br\/ppgq\/files\/2021\/08\/Foto-Adriane-119x159.jpg\" alt=\"\" width=\"119\" height=\"159\" srcset=\"https:\/\/wp.ufpel.edu.br\/ppgq\/files\/2021\/08\/Foto-Adriane-119x159.jpg 119w, https:\/\/wp.ufpel.edu.br\/ppgq\/files\/2021\/08\/Foto-Adriane-239x318.jpg 239w, https:\/\/wp.ufpel.edu.br\/ppgq\/files\/2021\/08\/Foto-Adriane.jpg 480w\" sizes=\"auto, (max-width: 119px) 100vw, 119px\" \/><\/a><\/p>\n<p><a href=\"mailto:adriane.mn@hotmail.com\">adriane.mn@hotmail.com<br \/>\n<\/a><a href=\"http:\/\/lattes.cnpq.br\/2325765304701045\" target=\"_blank\" rel=\"noopener noreferrer\">Acessar CV Lattes<\/a><\/p>\n<p style=\"text-align: justify\"><span style=\"color: #000000\">Possui Gradua\u00e7\u00e3o em Bacharelado e Licenciatura em Qu\u00edmica pela Universidade Federal de Pelotas (2002), Mestrado (2005) e Doutorado (2008) em Qu\u00edmica, na \u00e1rea de Qu\u00edmica Anal\u00edtica, pela Universidade Federal de Santa Maria e P\u00f3s-Doutorado em Qu\u00edmica (2010) pela Universidade Federal de Pelotas. Atualmente \u00e9 Professora Associada II na Universidade Federal de Pelotas, no Centro de Ci\u00eancias Qu\u00edmicas, Farmac\u00eauticas e de Alimentos (CCQFA) e Professora Permanente junto ao Programa de P\u00f3s-Gradua\u00e7\u00e3o em Qu\u00edmica (PPGQ). Foi Coordenadora do Curso de Bacharelado em Qu\u00edmica da UFPel no per\u00edodo de 2016 a 2020 e hoje atua como Coordenadora Adjunta do respectivo curso. Possui experi\u00eancia na \u00e1rea de Qu\u00edmica, com \u00eanfase em Qu\u00edmica Anal\u00edtica. Atua principalmente no desenvolvimento de metodologias anal\u00edticas para a determina\u00e7\u00e3o de metais por t\u00e9cnicas de Espectrometria At\u00f4mica em diferentes tipos de amostras.<\/span><\/p>\n<p style=\"text-align: justify\"><span style=\"color: #808080\">O texto acima foi extra\u00eddo do Curr\u00edculo Lattes do docente. A Coordena\u00e7\u00e3o do PPGQ n\u00e3o se responsabiliza por informa\u00e7\u00f5es inver\u00eddicas ou imprecis\u00e3o nos dados fornecidos.<\/span><\/p>\n","protected":false},"excerpt":{"rendered":"<p>adriane.mn@hotmail.com Acessar CV Lattes Possui Gradua\u00e7\u00e3o em Bacharelado e Licenciatura em Qu\u00edmica pela Universidade Federal de Pelotas (2002), Mestrado (2005) e Doutorado (2008) em Qu\u00edmica, na \u00e1rea de Qu\u00edmica Anal\u00edtica, pela Universidade Federal de Santa Maria e P\u00f3s-Doutorado em Qu\u00edmica &hellip; <a href=\"https:\/\/wp.ufpel.edu.br\/ppgq\/adriane-medeiros-nunes\/\">Continue lendo <span class=\"meta-nav\">&rarr;<\/span><\/a><\/p>\n","protected":false},"author":93,"featured_media":0,"parent":0,"menu_order":0,"comment_status":"closed","ping_status":"closed","template":"","meta":{"footnotes":""},"class_list":["post-1612","page","type-page","status-publish","hentry"],"_links":{"self":[{"href":"https:\/\/wp.ufpel.edu.br\/ppgq\/wp-json\/wp\/v2\/pages\/1612","targetHints":{"allow":["GET"]}}],"collection":[{"href":"https:\/\/wp.ufpel.edu.br\/ppgq\/wp-json\/wp\/v2\/pages"}],"about":[{"href":"https:\/\/wp.ufpel.edu.br\/ppgq\/wp-json\/wp\/v2\/types\/page"}],"author":[{"embeddable":true,"href":"https:\/\/wp.ufpel.edu.br\/ppgq\/wp-json\/wp\/v2\/users\/93"}],"replies":[{"embeddable":true,"href":"https:\/\/wp.ufpel.edu.br\/ppgq\/wp-json\/wp\/v2\/comments?post=1612"}],"version-history":[{"count":22,"href":"https:\/\/wp.ufpel.edu.br\/ppgq\/wp-json\/wp\/v2\/pages\/1612\/revisions"}],"predecessor-version":[{"id":7634,"href":"https:\/\/wp.ufpel.edu.br\/ppgq\/wp-json\/wp\/v2\/pages\/1612\/revisions\/7634"}],"wp:attachment":[{"href":"https:\/\/wp.ufpel.edu.br\/ppgq\/wp-json\/wp\/v2\/media?parent=1612"}],"curies":[{"name":"wp","href":"https:\/\/api.w.org\/{rel}","templated":true}]}}