{"id":10476,"date":"2025-12-17T18:33:33","date_gmt":"2025-12-17T21:33:33","guid":{"rendered":"https:\/\/wp.ufpel.edu.br\/ppgq\/?page_id=10476"},"modified":"2025-12-17T18:33:33","modified_gmt":"2025-12-17T21:33:33","slug":"adnan-khan","status":"publish","type":"page","link":"https:\/\/wp.ufpel.edu.br\/ppgq\/adnan-khan\/","title":{"rendered":"Adnan Khan"},"content":{"rendered":"<p><a href=\"https:\/\/wp.ufpel.edu.br\/ppgq\/files\/2025\/12\/Photo.jpg\"><img loading=\"lazy\" decoding=\"async\" class=\"alignnone  wp-image-10478\" src=\"https:\/\/wp.ufpel.edu.br\/ppgq\/files\/2025\/12\/Photo-221x318.jpg\" alt=\"\" width=\"186\" height=\"268\" srcset=\"https:\/\/wp.ufpel.edu.br\/ppgq\/files\/2025\/12\/Photo-221x318.jpg 221w, https:\/\/wp.ufpel.edu.br\/ppgq\/files\/2025\/12\/Photo-110x159.jpg 110w, https:\/\/wp.ufpel.edu.br\/ppgq\/files\/2025\/12\/Photo.jpg 518w\" sizes=\"auto, (max-width: 186px) 100vw, 186px\" \/><\/a><\/p>\n<p><a href=\"mailto:adnan.khan@ufpel.edu.br\">adnan.khan@ufpel.edu.br<\/a><br \/>\n<a href=\"http:\/\/lattes.cnpq.br\/7146408650530531\">Acessar CV Lattes<\/a><\/p>\n<p align=\"justify\"><span style=\"font-size: 14pt; font-family: 'times new roman', times, serif; color: #000000;\">Conclu\u00ed a gradua\u00e7\u00e3o em Qu\u00edmica pela Universidade de Peshawar em 2001. Em seguida, obtive o t\u00edtulo de Mestre (M.Sc.) em Qu\u00edmica pela Universidade de Peshawar em 2004. O t\u00edtulo de Mestre em Filosofia (M.Phil.) em Qu\u00edmica foi obtido em 2008 pela mesma universidade. Obtive o t\u00edtulo de Doutor em Qu\u00edmica Inorg\u00e2nica em 2011 pelo Instituto de Qu\u00edmica da Universidade Estadual de Campinas (UNICAMP), S\u00e3o Paulo, Brasil.<br \/>\nMeus interesses de pesquisa incluem nanopart\u00edculas revestidas com pol\u00edmeros\/biopol\u00edmeros para descontamina\u00e7\u00e3o da \u00e1gua por meio de sor\u00e7\u00e3o e fotocat\u00e1lise. Modifica\u00e7\u00e3o f\u00edsica (microesferas, microesferas, nanopart\u00edculas de membrana nanofibrosa) e qu\u00edmica (reticula\u00e7\u00e3o usando diferentes agentes de reticula\u00e7\u00e3o, inser\u00e7\u00e3o de grupos funcionais polares e apolares) de pol\u00edmeros\/biopol\u00edmeros. S\u00edntese de nanopart\u00edculas magn\u00e9ticas (\u00f3xidos met\u00e1licos mono, bin\u00e1rios e tern\u00e1rios, selenetos, sulfetos e nanocomp\u00f3sitos) para degrada\u00e7\u00e3o fotocatal\u00edtica eficiente de corantes, produtos farmac\u00eauticos e pesticidas. Nanomateriais magn\u00e9ticos para remo\u00e7\u00e3o de c\u00e1tions de solu\u00e7\u00f5es aquosas. Fot\u00f3lise e degrada\u00e7\u00e3o eletroqu\u00edmica de corantes, produtos farmac\u00eauticos e pesticidas. Biopol\u00edmeros \u2013 quitosana modificada quimicamente para facilitar a remo\u00e7\u00e3o de c\u00e1tions, corantes e pesticidas do ecossistema.<\/span><\/p>\n","protected":false},"excerpt":{"rendered":"<p>adnan.khan@ufpel.edu.br Acessar CV Lattes Conclu\u00ed a gradua\u00e7\u00e3o em Qu\u00edmica pela Universidade de Peshawar em 2001. Em seguida, obtive o t\u00edtulo de Mestre (M.Sc.) em Qu\u00edmica pela Universidade de Peshawar em 2004. O t\u00edtulo de Mestre em Filosofia (M.Phil.) em Qu\u00edmica &hellip; <a href=\"https:\/\/wp.ufpel.edu.br\/ppgq\/adnan-khan\/\">Continue lendo <span class=\"meta-nav\">&rarr;<\/span><\/a><\/p>\n","protected":false},"author":93,"featured_media":0,"parent":0,"menu_order":0,"comment_status":"closed","ping_status":"closed","template":"","meta":{"footnotes":""},"class_list":["post-10476","page","type-page","status-publish","hentry"],"_links":{"self":[{"href":"https:\/\/wp.ufpel.edu.br\/ppgq\/wp-json\/wp\/v2\/pages\/10476","targetHints":{"allow":["GET"]}}],"collection":[{"href":"https:\/\/wp.ufpel.edu.br\/ppgq\/wp-json\/wp\/v2\/pages"}],"about":[{"href":"https:\/\/wp.ufpel.edu.br\/ppgq\/wp-json\/wp\/v2\/types\/page"}],"author":[{"embeddable":true,"href":"https:\/\/wp.ufpel.edu.br\/ppgq\/wp-json\/wp\/v2\/users\/93"}],"replies":[{"embeddable":true,"href":"https:\/\/wp.ufpel.edu.br\/ppgq\/wp-json\/wp\/v2\/comments?post=10476"}],"version-history":[{"count":1,"href":"https:\/\/wp.ufpel.edu.br\/ppgq\/wp-json\/wp\/v2\/pages\/10476\/revisions"}],"predecessor-version":[{"id":10479,"href":"https:\/\/wp.ufpel.edu.br\/ppgq\/wp-json\/wp\/v2\/pages\/10476\/revisions\/10479"}],"wp:attachment":[{"href":"https:\/\/wp.ufpel.edu.br\/ppgq\/wp-json\/wp\/v2\/media?parent=10476"}],"curies":[{"name":"wp","href":"https:\/\/api.w.org\/{rel}","templated":true}]}}