{"id":10117,"date":"2025-06-06T15:54:29","date_gmt":"2025-06-06T18:54:29","guid":{"rendered":"https:\/\/wp.ufpel.edu.br\/ppgq\/?page_id=10117"},"modified":"2025-06-06T15:55:17","modified_gmt":"2025-06-06T18:55:17","slug":"mateus-meneghetti-ferrer","status":"publish","type":"page","link":"https:\/\/wp.ufpel.edu.br\/ppgq\/mateus-meneghetti-ferrer\/","title":{"rendered":"Mateus Meneghetti Ferrer"},"content":{"rendered":"<p><a href=\"https:\/\/wp.ufpel.edu.br\/ppgq\/files\/2025\/06\/Foro-Mateus-Meneghetti-Ferrer.jpeg\"><img loading=\"lazy\" decoding=\"async\" class=\"alignnone wp-image-10119\" src=\"https:\/\/wp.ufpel.edu.br\/ppgq\/files\/2025\/06\/Foro-Mateus-Meneghetti-Ferrer-211x318.jpeg\" alt=\"\" width=\"138\" height=\"208\" srcset=\"https:\/\/wp.ufpel.edu.br\/ppgq\/files\/2025\/06\/Foro-Mateus-Meneghetti-Ferrer-211x318.jpeg 211w, https:\/\/wp.ufpel.edu.br\/ppgq\/files\/2025\/06\/Foro-Mateus-Meneghetti-Ferrer-105x159.jpeg 105w, https:\/\/wp.ufpel.edu.br\/ppgq\/files\/2025\/06\/Foro-Mateus-Meneghetti-Ferrer-768x1158.jpeg 768w, https:\/\/wp.ufpel.edu.br\/ppgq\/files\/2025\/06\/Foro-Mateus-Meneghetti-Ferrer.jpeg 887w\" sizes=\"auto, (max-width: 138px) 100vw, 138px\" \/><\/a><\/p>\n<p><a href=\"mailto:mateusmferrer@gmail.com\">mateusmferrer@gmail.com<\/a><br \/>\n<a href=\"http:\/\/lattes.cnpq.br\/6355560471517685\">Acessar CV Lattes<\/a><\/p>\n<p style=\"text-align: justify;\"><span style=\"color: #000000;\">Professor do Centro de Desenvolvimento Tecnol\u00f3gico da Universidade Federal de Pelotas (UFPel). Doutor em Ci\u00eancias e Mestre em Qu\u00edmica, ambos com \u00e1rea de concentra\u00e7\u00e3o em F\u00edsico-Qu\u00edmica, pela Universidade Federal de S\u00e3o Carlos (UFSCar), e Bacharel em Qu\u00edmica pela Universidade Estadual de Maring\u00e1 (UEM). Atua em pesquisas sobre materiais multifuncionais e modelagem computacional, com aplica\u00e7\u00f5es em convers\u00e3o energ\u00e9tica, manuten\u00e7\u00e3o ambiental e estrat\u00e9gias protetivas.<\/span><\/p>\n<p>O texto acima foi extra\u00eddo do Curr\u00edculo Lattes do docente. A Coordena\u00e7\u00e3o do PPGQ n\u00e3o se responsabiliza por informa\u00e7\u00f5es inver\u00eddicas ou imprecis\u00e3o nos dados fornecidos.<\/p>\n<p>&nbsp;<\/p>\n<p>&nbsp;<\/p>\n<p>&nbsp;<\/p>\n","protected":false},"excerpt":{"rendered":"<p>mateusmferrer@gmail.com Acessar CV Lattes Professor do Centro de Desenvolvimento Tecnol\u00f3gico da Universidade Federal de Pelotas (UFPel). Doutor em Ci\u00eancias e Mestre em Qu\u00edmica, ambos com \u00e1rea de concentra\u00e7\u00e3o em F\u00edsico-Qu\u00edmica, pela Universidade Federal de S\u00e3o Carlos (UFSCar), e Bacharel em &hellip; <a href=\"https:\/\/wp.ufpel.edu.br\/ppgq\/mateus-meneghetti-ferrer\/\">Continue lendo <span class=\"meta-nav\">&rarr;<\/span><\/a><\/p>\n","protected":false},"author":93,"featured_media":0,"parent":0,"menu_order":0,"comment_status":"closed","ping_status":"closed","template":"","meta":{"footnotes":""},"class_list":["post-10117","page","type-page","status-publish","hentry"],"_links":{"self":[{"href":"https:\/\/wp.ufpel.edu.br\/ppgq\/wp-json\/wp\/v2\/pages\/10117","targetHints":{"allow":["GET"]}}],"collection":[{"href":"https:\/\/wp.ufpel.edu.br\/ppgq\/wp-json\/wp\/v2\/pages"}],"about":[{"href":"https:\/\/wp.ufpel.edu.br\/ppgq\/wp-json\/wp\/v2\/types\/page"}],"author":[{"embeddable":true,"href":"https:\/\/wp.ufpel.edu.br\/ppgq\/wp-json\/wp\/v2\/users\/93"}],"replies":[{"embeddable":true,"href":"https:\/\/wp.ufpel.edu.br\/ppgq\/wp-json\/wp\/v2\/comments?post=10117"}],"version-history":[{"count":2,"href":"https:\/\/wp.ufpel.edu.br\/ppgq\/wp-json\/wp\/v2\/pages\/10117\/revisions"}],"predecessor-version":[{"id":10122,"href":"https:\/\/wp.ufpel.edu.br\/ppgq\/wp-json\/wp\/v2\/pages\/10117\/revisions\/10122"}],"wp:attachment":[{"href":"https:\/\/wp.ufpel.edu.br\/ppgq\/wp-json\/wp\/v2\/media?parent=10117"}],"curies":[{"name":"wp","href":"https:\/\/api.w.org\/{rel}","templated":true}]}}