{"id":8,"date":"2016-02-15T15:50:42","date_gmt":"2016-02-15T17:50:42","guid":{"rendered":"https:\/\/wp.ufpel.edu.br\/ppgom\/?page_id=8"},"modified":"2024-03-15T10:39:26","modified_gmt":"2024-03-15T13:39:26","slug":"sobre-o-ppgom","status":"publish","type":"page","link":"https:\/\/wp.ufpel.edu.br\/ppgom\/pagina-exemplo\/sobre-o-ppgom\/","title":{"rendered":"Sobre o PPGOM"},"content":{"rendered":"<p>O PPGOM oferece cursos de Mestrado e Doutorado Acad\u00eamicos (stricto sensu) em cuja proposta \u00e9 desenvolver atividades de ensino e pesquisa na \u00e1rea de Economia Aplicada.<\/p>\n<p><span class=\"header1\"><strong>P\u00fablico-alvo<\/strong><\/span><\/p>\n<p>Alunos graduados que tenham interesse nas linhas de pesquisa do PPGOM e objetivem obter uma s\u00f3lida forma\u00e7\u00e3o quantitativa e te\u00f3rica em economia. O curso exige dedica\u00e7\u00e3o exclusiva, n\u00e3o sendo indicado para aqueles que trabalhem em per\u00edodo integral.<\/p>\n<p><strong><span class=\"header1\">Objetivo<\/span><br \/>\n<\/strong><\/p>\n<p>O curso objetiva formar recursos humanos capazes de utilizar o conhecimento cient\u00edfico de forma produtiva em pesquisas no \u00e2mbito da Economia Aplicada, nas suas mais diversas \u00e1reas.<\/p>\n<p><strong> Mercado de trabalho para os alunos formados<\/strong><\/p>\n<p>Dependendo da linha de pesquisa e da tem\u00e1tica da disserta\u00e7\u00e3o, os alunos formados no PPGOM est\u00e3o preparados \u00e0 atuarem como pesquisadores e\/ou professores em institui\u00e7\u00f5es de ensino superior e de pesquisa, executivos de empresas, gestores de empresas privadas e p\u00fablicas, em bancos, al\u00e9m de estarem habilitados a seguirem estudos (doutorado) em v\u00e1rias \u00e1reas do conhecimento que s\u00e3o suportados pela \u00e1rea econ\u00f4mica<\/p>\n","protected":false},"excerpt":{"rendered":"<p>O PPGOM oferece cursos de Mestrado e Doutorado Acad\u00eamicos (stricto sensu) em cuja proposta \u00e9 desenvolver atividades de ensino e pesquisa na \u00e1rea de Economia Aplicada. P\u00fablico-alvo Alunos graduados que tenham interesse nas linhas de pesquisa do PPGOM e objetivem obter uma s\u00f3lida forma\u00e7\u00e3o quantitativa e te\u00f3rica em economia. O curso exige dedica\u00e7\u00e3o exclusiva, n\u00e3o&#8230; <\/p>\n<div class=\"link-more\"><a href=\"https:\/\/wp.ufpel.edu.br\/ppgom\/pagina-exemplo\/sobre-o-ppgom\/\">Leia mais<\/a><\/div>\n","protected":false},"author":601,"featured_media":0,"parent":2,"menu_order":0,"comment_status":"closed","ping_status":"closed","template":"","meta":{"footnotes":""},"class_list":["post-8","page","type-page","status-publish","hentry"],"jetpack_sharing_enabled":true,"_links":{"self":[{"href":"https:\/\/wp.ufpel.edu.br\/ppgom\/wp-json\/wp\/v2\/pages\/8","targetHints":{"allow":["GET"]}}],"collection":[{"href":"https:\/\/wp.ufpel.edu.br\/ppgom\/wp-json\/wp\/v2\/pages"}],"about":[{"href":"https:\/\/wp.ufpel.edu.br\/ppgom\/wp-json\/wp\/v2\/types\/page"}],"author":[{"embeddable":true,"href":"https:\/\/wp.ufpel.edu.br\/ppgom\/wp-json\/wp\/v2\/users\/601"}],"replies":[{"embeddable":true,"href":"https:\/\/wp.ufpel.edu.br\/ppgom\/wp-json\/wp\/v2\/comments?post=8"}],"version-history":[{"count":5,"href":"https:\/\/wp.ufpel.edu.br\/ppgom\/wp-json\/wp\/v2\/pages\/8\/revisions"}],"predecessor-version":[{"id":2373,"href":"https:\/\/wp.ufpel.edu.br\/ppgom\/wp-json\/wp\/v2\/pages\/8\/revisions\/2373"}],"up":[{"embeddable":true,"href":"https:\/\/wp.ufpel.edu.br\/ppgom\/wp-json\/wp\/v2\/pages\/2"}],"wp:attachment":[{"href":"https:\/\/wp.ufpel.edu.br\/ppgom\/wp-json\/wp\/v2\/media?parent=8"}],"curies":[{"name":"wp","href":"https:\/\/api.w.org\/{rel}","templated":true}]}}