{"id":378,"date":"2016-04-04T15:13:52","date_gmt":"2016-04-04T18:13:52","guid":{"rendered":"https:\/\/wp.ufpel.edu.br\/ppgom\/?page_id=378"},"modified":"2016-04-04T15:33:28","modified_gmt":"2016-04-04T18:33:28","slug":"graduacao-em-ciencias-economicas","status":"publish","type":"page","link":"https:\/\/wp.ufpel.edu.br\/ppgom\/ensino\/graduacao-em-ciencias-economicas\/","title":{"rendered":"Gradua\u00e7\u00e3o em Ci\u00eancias Econ\u00f4micas"},"content":{"rendered":"<p><a href=\"https:\/\/wp.ufpel.edu.br\/economia\/\" target=\"_blank\">Veja aqui a nova p\u00e1gina da gradua\u00e7\u00e3o em Ci\u00eancias Econ\u00f4micas<\/a>.<\/p>\n","protected":false},"excerpt":{"rendered":"<p>Veja aqui a nova p\u00e1gina da gradua\u00e7\u00e3o em Ci\u00eancias Econ\u00f4micas.<\/p>\n","protected":false},"author":601,"featured_media":0,"parent":28,"menu_order":0,"comment_status":"closed","ping_status":"closed","template":"","meta":{"footnotes":""},"class_list":["post-378","page","type-page","status-publish","hentry"],"jetpack_sharing_enabled":true,"_links":{"self":[{"href":"https:\/\/wp.ufpel.edu.br\/ppgom\/wp-json\/wp\/v2\/pages\/378","targetHints":{"allow":["GET"]}}],"collection":[{"href":"https:\/\/wp.ufpel.edu.br\/ppgom\/wp-json\/wp\/v2\/pages"}],"about":[{"href":"https:\/\/wp.ufpel.edu.br\/ppgom\/wp-json\/wp\/v2\/types\/page"}],"author":[{"embeddable":true,"href":"https:\/\/wp.ufpel.edu.br\/ppgom\/wp-json\/wp\/v2\/users\/601"}],"replies":[{"embeddable":true,"href":"https:\/\/wp.ufpel.edu.br\/ppgom\/wp-json\/wp\/v2\/comments?post=378"}],"version-history":[{"count":3,"href":"https:\/\/wp.ufpel.edu.br\/ppgom\/wp-json\/wp\/v2\/pages\/378\/revisions"}],"predecessor-version":[{"id":382,"href":"https:\/\/wp.ufpel.edu.br\/ppgom\/wp-json\/wp\/v2\/pages\/378\/revisions\/382"}],"up":[{"embeddable":true,"href":"https:\/\/wp.ufpel.edu.br\/ppgom\/wp-json\/wp\/v2\/pages\/28"}],"wp:attachment":[{"href":"https:\/\/wp.ufpel.edu.br\/ppgom\/wp-json\/wp\/v2\/media?parent=378"}],"curies":[{"name":"wp","href":"https:\/\/api.w.org\/{rel}","templated":true}]}}