{"id":37,"date":"2016-02-15T15:59:24","date_gmt":"2016-02-15T17:59:24","guid":{"rendered":"https:\/\/wp.ufpel.edu.br\/ppgom\/?page_id=37"},"modified":"2025-11-12T11:29:16","modified_gmt":"2025-11-12T14:29:16","slug":"corpo-discente","status":"publish","type":"page","link":"https:\/\/wp.ufpel.edu.br\/ppgom\/ensino\/corpo-discente\/","title":{"rendered":"Corpo Discente"},"content":{"rendered":"<p><strong>TURMA 2025\u00a0 &#8211; Mestrado<\/strong><\/p>\n<p>Camyle Fraz\u00e3o da Silva<br \/>\nLucas V\u00edtor Andrade Lima<br \/>\nMateus Machado de Pereira<br \/>\nThislaynne Auxiliadora Pinto<\/p>\n<p><strong>TURMA 2025\u00a0 &#8211; Doutorado<\/strong><\/p>\n<p>Bruna Fonseca de Pinho<br \/>\nDi\u00f3genes Pinheiro de Medeiros J\u00fanior<br \/>\nFabiana Wulff Fetter<br \/>\nGabriel de Oliveira Rodrigues<br \/>\nMikael Jhordan Lacerda Cordeiro<br \/>\nRenato Silva da Silva<br \/>\nS\u00e9rgio Alves Daneris<\/p>\n<p><strong>TURMA 2024\u00a0 &#8211; Mestrado<\/strong><\/p>\n<p>Adriano Vargas Saldanha<br \/>\nAna Elissa Aceiro<br \/>\nFl\u00e1vio Vasconcellos Corr\u00eaa<br \/>\nHenrique Alves de Oliveira<br \/>\nIgor Ferreira Cardoso<br \/>\nJessica Val\u00e9ria de Oliveira Specht<br \/>\nRafael Medeiros Correia<br \/>\nWandson Rafael dos Santos<\/p>\n<p><strong>TURMA 2024\u00a0 &#8211; Doutorado<\/strong><\/p>\n<p>Greike Jos\u00e9 Maia Aguiar<br \/>\nJo\u00e3o Felipe Alves Moreira Portugal<br \/>\nJose Heraldo Figueir\u00eado dos Santos<br \/>\nJ\u00falio C\u00e9sar de \u00c1vila Dias<br \/>\nLilana Souza da Costa<br \/>\nMatheus Victor de Medeiros Costa<br \/>\nMaur\u00edcio Felipe Bemfica de Oliveira<br \/>\nMiri\u00e3 Rodrigues Garcia<br \/>\nPriscila da Silva Peixoto<\/p>\n<p><strong>TURMA 2023\u00a0 &#8211; Mestrado<\/strong><\/p>\n<p>Fabiana Wulff Fetter<br \/>\nS\u00e9rgio Alves Daneris<\/p>\n<p><strong>TURMA 2023\u00a0 &#8211; Doutorado<\/strong><\/p>\n<p>Ana Carolina Navegantes de Jesus<br \/>\nClever Martins Leitzke<br \/>\nGustavo Hoffmann Moreira<br \/>\nJo\u00e3o Luis Schwartz Venske<br \/>\nJos\u00e9 Adeilton da Silva Filho<br \/>\nM\u00e1rcio Mengue Knau<\/p>\n<p><strong>TURMA 2022\u00a0 &#8211; Mestrado<\/strong><\/p>\n<p>Abner Allan Silveira da Silva<br \/>\nBrenda Rodrigues Cardoso<br \/>\nJ\u00falio C\u00e9sar de \u00c1vila Dias<br \/>\nMariane Barboza Duarte<br \/>\nMikael Jhordan Lacerda Cordeiro<\/p>\n<p><strong>TURMA 2022\u00a0 &#8211; Doutorado<\/strong><\/p>\n<p>Ana Carolina da Silva<br \/>\nDomingos Joaquim Francisco<br \/>\nShauana Bobadilha Rodrigues de Lima<\/p>\n<p><strong>TURMA 2021\u00a0 &#8211; Doutorado<\/strong><\/p>\n<p>Ari Francisco de Araujo Junior<br \/>\nCarine Machado Oliveira<br \/>\nHellen Nunes de Farias<br \/>\nIgor Serpa Moraes<br \/>\nIsaac Leal Gadelha da Rocha<br \/>\nKelen Rossales da Silva<br \/>\nKelly Fabiane de Farias Sim\u00f5es Arpino<br \/>\nMagnus Kelly de Oliveira Pinheiro<br \/>\nVal\u00e9ria Luzia Mota Barros<\/p>\n<p><strong>TURMA 2021 &#8211; Mestrado<\/strong><\/p>\n<p>Caio Perez Casagrande<br \/>\nFelipe Weizenmann<br \/>\nJo\u00e3o Lu\u00eds Schwartz Venske<br \/>\nM\u00e1rcio Mengue Knau<br \/>\nMaur\u00edcio Felipe Bemfica de Oliveira<\/p>\n<p><strong>TURMA 2020\u00a0 &#8211; Doutorado<\/strong><\/p>\n<p>Carolina de Lima Sim\u00f5es<br \/>\nCarolina Silva da Trindade<br \/>\nLucas Souza Beppler<br \/>\nLuis Fernando Tavares Vieira Braga<br \/>\nRaquel Alves P\u00e9rez<br \/>\nVinicius Bonfim Pacheco<\/p>\n<p><strong>TURMA 2020 &#8211; Mestrado<\/strong><\/p>\n<p>Alisson Gomes dos Santos<br \/>\nBruno Benevit<br \/>\nDomingos Joaquim Francisco<br \/>\nMaria Laura Vict\u00f3ria Marques<br \/>\nPedro Henrique Alves Feitoza Pires<br \/>\nRoberto Bezerra de Melo Junior<br \/>\nRonaldo Torres<\/p>\n<p><strong>TURMA 2019\u00a0 &#8211; Doutorado<\/strong><\/p>\n<p>C\u00edntia Amaral Pinto Cezar<br \/>\nDianifer Leal Borges<br \/>\nJean Marcel Del Ponte Duarte<br \/>\nMairton Nogueira da Silva<br \/>\nSilvio da Rosa Paula<\/p>\n<p><strong>TURMA 2019\u00a0 &#8211; Mestrado<\/strong><\/p>\n<p>Alenilson Santos Marques<br \/>\nCarine Machado Oliveira<br \/>\nIsaac Leal Gadelha da Rocha<br \/>\nKelly Fabiane de Farias Sim\u00f5es Arpino<br \/>\nMarcelo Ayub Monteiro<br \/>\nVal\u00e9ria Luzia Mota Barros<\/p>\n<p><strong>TURMA 2018<\/strong><\/p>\n<p>Eduarda Miller de Figueir\u00eado<br \/>\nJefferson dos Santos Gomes<br \/>\nLuciane Machim Vieira<br \/>\nMarcus Vin\u00edcius Bastos dos Santos<br \/>\nRaquel Alves P\u00e9rez<br \/>\nVinicius Bonfim Pacheco<\/p>\n<p><strong>TURMA 2017<\/strong><\/p>\n<p>Caio C\u00e9sar Rostirolla<br \/>\nCristiane de Quevedo<br \/>\nDianifer Leal<br \/>\nMairton Nogueira<br \/>\nM\u00e1rcio Taceli Taveira<br \/>\nSilvio de Rosa Paula<br \/>\nThais Dietrich<br \/>\nVictor Buttignon<\/p>\n<p><strong>TURMA 2016<\/strong><br \/>\nF\u00e1bio Michel Oliveira<br \/>\nMariane Furtado Borba<br \/>\nMathias Tessmann<br \/>\nRafael Parfitt<br \/>\nRaul Cunha<br \/>\nRenan Peres<br \/>\nValesca Bueno<\/p>\n<p><strong>TURMA 2015<\/strong><\/p>\n<p>Andressa Mielke Vasconcelos<br \/>\nDouglas Pivatto<br \/>\nGustavo Hoffman Moreira<br \/>\nJean Marcel Del Ponte Duarte<br \/>\nLeonardo Marins Cordeiro<br \/>\nMariana Araujo Moreira<br \/>\nPatricia Colussi<\/p>\n<p><strong>TURMA 2014<\/strong><\/p>\n<div id=\"texto\">\n<p>Alan Konzgen Zibetti<br \/>\n\u00c2ndrea Leite Bergmann<br \/>\nAngelo Salton<br \/>\nChristian Campos Dias<br \/>\nGabriel Costeira Machado<br \/>\nMatheus Salies Alquati<br \/>\nSuamy Cristina Savaris Linhares<\/p>\n<p><strong>TURMA 2013<\/strong><\/p>\n<p>Camila Cardoso Pereira<br \/>\nDaiane Arend Arcaro<br \/>\nDiogo S\u00e1 Carvalho<br \/>\nGustavo Saraiva Frio<br \/>\nJo\u00e3o Mairton Moura de Ara\u00fajo<br \/>\nLuis Antonio Winck Cechin<br \/>\nMarcos Idalino Rodrigues<br \/>\nMaria Renata Martinez<br \/>\nRafael de Azevedo Flach<br \/>\nRenata Pereira Cardoso<br \/>\nVinicius Halmenschlager<\/p>\n<p><strong>TURMA 2012<\/strong><\/p>\n<p>C\u00edntia Amaral Pinto<br \/>\nEvandro Castro Pedro<br \/>\nFl\u00e1via Katrein da Costa<br \/>\nGuilherme Penha Pinto<br \/>\nGustavo Alves Andrade<br \/>\nL\u00edvia Madeira Triaca<br \/>\nRicardo Aguirre Leal<\/p>\n<p><strong>TURMA 2011<\/strong><\/p>\n<p>Elis Braga Licks<br \/>\nDienice Ana Bini<br \/>\n\u00cdsis Born Machado<br \/>\n\u00cdsis Mota Kr\u00fcger<br \/>\nMonica Remde<br \/>\nPedro H. Leivas<br \/>\nPedro Zanella<br \/>\nRafael Mesquita Pereira<\/p>\n<p><strong>TURMA 2010<\/strong><\/p>\n<p>Igor Zibetti<br \/>\nJean Rodrigues Venecian<br \/>\nLuciana Lobo Fernandes<br \/>\nMarcelo Torres da Silva<\/p>\n<p><strong>TURMA 2009 <\/strong><\/p>\n<p>C\u00edcero Zanetti de Lima<br \/>\nGabrielito Rauter Menezes<br \/>\nPaulo Henrique Dias Junior<br \/>\nRodrigo da Rocha Gon\u00e7alves<br \/>\nRodrigo Nobre Fernandez<\/p>\n<\/div>\n","protected":false},"excerpt":{"rendered":"<p>TURMA 2025\u00a0 &#8211; Mestrado Camyle Fraz\u00e3o da Silva Lucas V\u00edtor Andrade Lima Mateus Machado de Pereira Thislaynne Auxiliadora Pinto TURMA 2025\u00a0 &#8211; Doutorado Bruna Fonseca de Pinho Di\u00f3genes Pinheiro de Medeiros J\u00fanior Fabiana Wulff Fetter Gabriel de Oliveira Rodrigues Mikael Jhordan Lacerda Cordeiro Renato Silva da Silva S\u00e9rgio Alves Daneris TURMA 2024\u00a0 &#8211; Mestrado Adriano&#8230; <\/p>\n<div class=\"link-more\"><a href=\"https:\/\/wp.ufpel.edu.br\/ppgom\/ensino\/corpo-discente\/\">Leia mais<\/a><\/div>\n","protected":false},"author":601,"featured_media":0,"parent":28,"menu_order":0,"comment_status":"closed","ping_status":"closed","template":"","meta":{"footnotes":""},"class_list":["post-37","page","type-page","status-publish","hentry"],"jetpack_sharing_enabled":true,"_links":{"self":[{"href":"https:\/\/wp.ufpel.edu.br\/ppgom\/wp-json\/wp\/v2\/pages\/37","targetHints":{"allow":["GET"]}}],"collection":[{"href":"https:\/\/wp.ufpel.edu.br\/ppgom\/wp-json\/wp\/v2\/pages"}],"about":[{"href":"https:\/\/wp.ufpel.edu.br\/ppgom\/wp-json\/wp\/v2\/types\/page"}],"author":[{"embeddable":true,"href":"https:\/\/wp.ufpel.edu.br\/ppgom\/wp-json\/wp\/v2\/users\/601"}],"replies":[{"embeddable":true,"href":"https:\/\/wp.ufpel.edu.br\/ppgom\/wp-json\/wp\/v2\/comments?post=37"}],"version-history":[{"count":3,"href":"https:\/\/wp.ufpel.edu.br\/ppgom\/wp-json\/wp\/v2\/pages\/37\/revisions"}],"predecessor-version":[{"id":2598,"href":"https:\/\/wp.ufpel.edu.br\/ppgom\/wp-json\/wp\/v2\/pages\/37\/revisions\/2598"}],"up":[{"embeddable":true,"href":"https:\/\/wp.ufpel.edu.br\/ppgom\/wp-json\/wp\/v2\/pages\/28"}],"wp:attachment":[{"href":"https:\/\/wp.ufpel.edu.br\/ppgom\/wp-json\/wp\/v2\/media?parent=37"}],"curies":[{"name":"wp","href":"https:\/\/api.w.org\/{rel}","templated":true}]}}