{"id":34,"date":"2016-02-15T15:58:46","date_gmt":"2016-02-15T17:58:46","guid":{"rendered":"https:\/\/wp.ufpel.edu.br\/ppgom\/?page_id=34"},"modified":"2026-03-23T13:44:57","modified_gmt":"2026-03-23T16:44:57","slug":"corpo-docente","status":"publish","type":"page","link":"https:\/\/wp.ufpel.edu.br\/ppgom\/ensino\/corpo-docente\/","title":{"rendered":"Corpo Docente"},"content":{"rendered":"<p><strong>\u2022\u00a0 Anderson Mutter Teixeira<br \/>\n<\/strong>Doutor em Economia (UnB).<br \/>\n\u00c1reas de interesse: Economia banc\u00e1ria, Banking, Pol\u00edtica monet\u00e1ria, Pol\u00edtica macroprudencial e Macroeconomia.<br \/>\n<a href=\"http:\/\/lattes.cnpq.br\/9677215890206565\">CV lattes<\/a><br \/>\nContato: anderson_teixeira@ufg.br<\/p>\n<p><strong>\u2022\u00a0 Andr\u00e9 Carraro<br \/>\n<\/strong>Doutor em Economia (UFRGS).<br \/>\n\u00c1reas de interesse: Falhas de Governo, Microeconomia Aplicada, Empreendedorismo.<br \/>\n<a href=\"http:\/\/buscatextual.cnpq.br\/buscatextual\/visualizacv.do?id=B130877\" target=\"_blank\" rel=\"noopener noreferrer\">CV lattes<\/a><br \/>\nContato: <a class=\"\" href=\"mailto:andre.carraro@ufpel.edu.br\" data-usuario=\"andre.carraro\">andre.carraro@ufpel.edu.br<\/a><\/p>\n<p>\u2022 <strong>Andr\u00e9 Filipe Zago de Azevedo<\/strong><br \/>\nPhd em Economia (University of Sussex).<br \/>\n\u00c1reas de interesse: Rela\u00e7\u00f5es do Com\u00e9rcio; Pol\u00edtica Comercial; Integra\u00e7\u00e3o Econ\u00f4mica.<br \/>\n<a href=\"http:\/\/lattes.cnpq.br\/0625926234026025\" target=\"_blank\" rel=\"noopener noreferrer\">CV lattes<\/a><br \/>\nContato: zagoazevedo@gmail.com<\/p>\n<p><strong>\u2022\u00a0 Ang\u00e9lica Massuquetti<br \/>\n<\/strong>Doutora em Desenvolvimento, Agricultura e Sociedade (UFRRJ)<br \/>\n\u00c1reas de interesse: economia rural, mercados agr\u00edcolas e com\u00e9rcio exterior e economia regional.<br \/>\n<a href=\"http:\/\/lattes.cnpq.br\/0530636583742073\">CV lattes<\/a><br \/>\nContato: massuquetti@gmail.com<\/p>\n<p>\u2022 <strong>C\u00e9sar Augusto Oviedo Tejada<\/strong><br \/>\nDoutor em Economia (UFRGS).<br \/>\n\u00c1reas de interesse: Econometria Aplicada, Economia da Sa\u00fade, Desigualdades em Sa\u00fade.<br \/>\n<a href=\"http:\/\/buscatextual.cnpq.br\/buscatextual\/visualizacv.do?id=B309359\" target=\"_blank\" rel=\"noopener noreferrer\">CV lattes<\/a><br \/>\nContato: cesaroviedotejada@gmail.com<\/p>\n<p><strong>\u2022\u00a0 Daniela Miguel Coelho<br \/>\n<\/strong>Doutora em Ci\u00eancias Cont\u00e1beis (UNISINOS)<br \/>\n\u00c1reas de interesse:\u00a0 Ci\u00eancias Cont\u00e1beis, Contabilidade P\u00fablica, Metodologia de Pesquisa, Ensino a Dist\u00e2ncia.<br \/>\n<a href=\"http:\/\/lattes.cnpq.br\/4137782139193822\">CV lattes<\/a><br \/>\nContato: <a class=\"\" href=\"mailto:daniela.miguel@ufpel.edu.br\" data-usuario=\"daniela.miguel\">\u00a0daniela.miguel@ufpel.edu.br<\/a><\/p>\n<p><strong>\u2022\u00a0 Daniel de Abreu Pereira Uhr<br \/>\n<\/strong>Doutor em Economia (UnB)<br \/>\n\u00c1reas de interesse: Economia da Energia, Economia do Trabalho, Microeconometria Aplicada.<br \/>\n<a href=\"http:\/\/lattes.cnpq.br\/4304478309284161\">CV lattes<\/a><br \/>\nContato: <a class=\"\" href=\"mailto:daniel.uhr@ufpel.edu.br\" data-usuario=\"daniel.uhr\">daniel.uhr@ufpel.edu.br<\/a><\/p>\n<p><strong>\u2022\u00a0F\u00e1bio Massaud Caetano<br \/>\n<\/strong>Doutor em Economia (UFRGS)<br \/>\n\u00c1reas de interesse: Econometria Aplicada, Finan\u00e7as, Microestrutura de Mercado.<br \/>\n<a href=\"http:\/\/lattes.cnpq.br\/4372488715943171\" target=\"_blank\" rel=\"noopener noreferrer\">CV lattes<\/a><br \/>\nContato: <a class=\"\" href=\"mailto:fabio.massaud.caetano@ufpel.edu.br\" data-usuario=\"fabio.massaud.caetano\">fabio.massaud.caetano@ufpel.edu.br<\/a><\/p>\n<p><strong>\u2022\u00a0 Felipe Garcia Ribeiro<br \/>\n<\/strong>Doutor em Economia (EESP-FGV)<br \/>\n\u00c1reas de interesse: Avalia\u00e7\u00e3o de Pol\u00edticas P\u00fablicas, Crescimento e Desenvolvimento Econ\u00f4mico.<br \/>\n<a href=\"http:\/\/lattes.cnpq.br\/1139079330866028\" target=\"_blank\" rel=\"noopener noreferrer\">CV lattes<\/a><br \/>\nContato: <a class=\"\" href=\"mailto:felipe.ribeiro@ufpel.edu.br\" data-usuario=\"felipe.ribeiro\">felipe.ribeiro@ufpel.edu.br<\/a><\/p>\n<p><strong>\u2022\u00a0 Franciele Hellwig<br \/>\n<\/strong>Doutora em Epidemiologia (UFPel)<br \/>\n\u00c1reas de interesse: Economia da Sa\u00fade, Desigualdades em Sa\u00fade.<br \/>\n<a href=\"http:\/\/lattes.cnpq.br\/1694626945597698\">CV lattes<\/a><br \/>\nContato: hellwigfranciele@gmail.com<\/p>\n<p><strong>\u2022\u00a0 Gabrielito Rauter Menezes<br \/>\n<\/strong>Doutor em Economia (UFRGS)<br \/>\n\u00c1reas de interesse: Economia Regional, Empreendedorismo, Econometria Aplicada.<br \/>\n<a href=\"http:\/\/lattes.cnpq.br\/7693830866855994\">CV lattes<\/a><br \/>\nContato: <a class=\"\" href=\"mailto:gabrielito.menezes@ufpel.edu.br\" data-usuario=\"gabrielito.menezes\">gabrielito.menezes@ufpel.edu.br<\/a><\/p>\n<p><strong>\u2022\u00a0 Helton Saulo Bezerra dos Santos<br \/>\n<\/strong>Doutor em Economia (UFRGS)<br \/>\n\u00c1reas de interesse: Econometria Financeira, Machine Learning, Statistical Learning, and Estat\u00edstica Computacional.<br \/>\n<a href=\"http:\/\/lattes.cnpq.br\/8716845051198548\">CV lattes<\/a><br \/>\nContato: heltonsaulo@gmail.com<\/p>\n<p><strong>\u2022\u00a0 Hudson da Silva Torrent<br \/>\n<\/strong>Doutor em Economia (UFRGS), sandu\u00edche na Oregon State University.<br \/>\n\u00c1reas de interesse: Frontier estimation, nonparametric regression, Semiparametric Regression and Forecasting.<br \/>\n<a href=\"http:\/\/lattes.cnpq.br\/4598353131118655\">CV lattes<\/a><br \/>\nContato: hudsontorrent@gmail.com<\/p>\n<p><strong>\u2022\u00a0\u00a0Julia Gallego Ziero Uhr<br \/>\n<\/strong>Doutora em Economia (UnB)<br \/>\n\u00c1reas de interesse: Economia dos Recursos Naturais, Institui\u00e7\u00f5es e Econometria Aplicada.<br \/>\n<a href=\"http:\/\/lattes.cnpq.br\/0074021669666838\" target=\"_blank\" rel=\"noopener noreferrer\">CV lattes<\/a><br \/>\nContato: <a class=\"\" href=\"mailto:julia.uhr@ufpel.edu.br\" data-usuario=\"julia.uhr\">julia.uhr@ufpel.edu.br<\/a><\/p>\n<p><strong>\u2022\u00a0 L\u00edvia Madeira Triaca<br \/>\n<\/strong>Doutora em Economia (PUCRS)<br \/>\n\u00c1reas de interesse: Economia da Sa\u00fade e Avalia\u00e7\u00e3o de Pol\u00edticas P\u00fablicas.<br \/>\n<a href=\"http:\/\/lattes.cnpq.br\/3783697662741852\" target=\"_blank\" rel=\"noopener noreferrer\">CV lattes<\/a><br \/>\nContato: liviamtriaca@gmail.com<\/p>\n<p><strong>\u2022\u00a0 Marcelo de Oliveira Passos<br \/>\n<\/strong>Doutor em Economia (UFPR)<br \/>\n\u00c1reas de interesse: Macroeconomia, Economia Monet\u00e1ria, Economia Computacional.<br \/>\n<a href=\"http:\/\/lattes.cnpq.br\/2642868641578654\" target=\"_blank\" rel=\"noopener noreferrer\">CV lattes<\/a><br \/>\nContato: <a class=\"\" href=\"mailto:marcelo.passos@ufpel.edu.br\" data-usuario=\"marcelo.passos\">marcelo.passos@ufpel.edu.br<\/a><\/p>\n<p><strong>\u2022 \u00a0Regis Augusto Ely\u00a0<\/strong><br \/>\nDoutor em Economia (UnB)<br \/>\n\u00c1reas de interesse: Finan\u00e7as Aplicadas, S\u00e9ries de Tempo e Economia Banc\u00e1ria.<br \/>\n<a href=\"http:\/\/lattes.cnpq.br\/3708985718656687\" target=\"_blank\" rel=\"noopener noreferrer\">CV lattes<\/a><br \/>\nContato: <a class=\"\" href=\"mailto:regis.ely@ufpel.edu.br\" data-usuario=\"regis.ely\">regis.ely@ufpel.edu.br<\/a><\/p>\n<p><strong>\u2022 \u00a0Rodrigo Nobre Fernandez<br \/>\n<\/strong>Doutor em Economia (UFRGS)<br \/>\n\u00c1reas de interesse: Organiza\u00e7\u00e3o Industrial e Econometria Aplicada.<br \/>\n<a href=\"http:\/\/lattes.cnpq.br\/7835812928614071\" target=\"_blank\" rel=\"noopener noreferrer\">CV lattes<\/a><br \/>\nContato: <a class=\"\" href=\"mailto:rodrigo.fernandez@ufpel.edu.br\" data-usuario=\"rodrigo.fernandez\">rodrigo.fernandez@ufpel.edu.br<\/a><\/p>\n<p><strong>\u2022 \u00a0Vilmar Ant\u00f4nio Gon\u00e7alves Tondolo<br \/>\n<\/strong>Doutor em Administra\u00e7\u00e3o (Unisinos)<br \/>\n\u00c1reas de interesse: Economia circular, ESG, Desempenho, Sustentabilidade, M\u00e9todos experimentais, quantitativos e metan\u00e1lises.<br \/>\n<a href=\"http:\/\/lattes.cnpq.br\/8949425307961537\" target=\"_blank\" rel=\"noopener noreferrer\">CV lattes<\/a><br \/>\nContato: <a class=\"\" href=\"mailto:vagtondolo@ufpel.edu.br\" data-usuario=\"vagtondolo\">vagtondolo@ufpel.edu.br<\/a><\/p>\n","protected":false},"excerpt":{"rendered":"<p>\u2022\u00a0 Anderson Mutter Teixeira Doutor em Economia (UnB). \u00c1reas de interesse: Economia banc\u00e1ria, Banking, Pol\u00edtica monet\u00e1ria, Pol\u00edtica macroprudencial e Macroeconomia. CV lattes Contato: anderson_teixeira@ufg.br \u2022\u00a0 Andr\u00e9 Carraro Doutor em Economia (UFRGS). \u00c1reas de interesse: Falhas de Governo, Microeconomia Aplicada, Empreendedorismo. CV lattes Contato: andre.carraro@ufpel.edu.br \u2022 Andr\u00e9 Filipe Zago de Azevedo Phd em Economia (University of&#8230; <\/p>\n<div class=\"link-more\"><a href=\"https:\/\/wp.ufpel.edu.br\/ppgom\/ensino\/corpo-docente\/\">Leia mais<\/a><\/div>\n","protected":false},"author":601,"featured_media":0,"parent":28,"menu_order":0,"comment_status":"closed","ping_status":"closed","template":"","meta":{"footnotes":""},"class_list":["post-34","page","type-page","status-publish","hentry"],"jetpack_sharing_enabled":true,"_links":{"self":[{"href":"https:\/\/wp.ufpel.edu.br\/ppgom\/wp-json\/wp\/v2\/pages\/34","targetHints":{"allow":["GET"]}}],"collection":[{"href":"https:\/\/wp.ufpel.edu.br\/ppgom\/wp-json\/wp\/v2\/pages"}],"about":[{"href":"https:\/\/wp.ufpel.edu.br\/ppgom\/wp-json\/wp\/v2\/types\/page"}],"author":[{"embeddable":true,"href":"https:\/\/wp.ufpel.edu.br\/ppgom\/wp-json\/wp\/v2\/users\/601"}],"replies":[{"embeddable":true,"href":"https:\/\/wp.ufpel.edu.br\/ppgom\/wp-json\/wp\/v2\/comments?post=34"}],"version-history":[{"count":4,"href":"https:\/\/wp.ufpel.edu.br\/ppgom\/wp-json\/wp\/v2\/pages\/34\/revisions"}],"predecessor-version":[{"id":2617,"href":"https:\/\/wp.ufpel.edu.br\/ppgom\/wp-json\/wp\/v2\/pages\/34\/revisions\/2617"}],"up":[{"embeddable":true,"href":"https:\/\/wp.ufpel.edu.br\/ppgom\/wp-json\/wp\/v2\/pages\/28"}],"wp:attachment":[{"href":"https:\/\/wp.ufpel.edu.br\/ppgom\/wp-json\/wp\/v2\/media?parent=34"}],"curies":[{"name":"wp","href":"https:\/\/api.w.org\/{rel}","templated":true}]}}