{"id":241,"date":"2016-02-18T14:19:13","date_gmt":"2016-02-18T16:19:13","guid":{"rendered":"https:\/\/wp.ufpel.edu.br\/ppgom\/?page_id=241"},"modified":"2023-12-22T15:54:31","modified_gmt":"2023-12-22T18:54:31","slug":"destaques","status":"publish","type":"page","link":"https:\/\/wp.ufpel.edu.br\/ppgom\/destaques\/","title":{"rendered":"4. Publica\u00e7\u00f5es de Destaque"},"content":{"rendered":"<p><strong>Quadri\u00eanio 2021 &#8211; 2024<\/strong><\/p>\n<p>Abaixo segue alguns artigos selecionados publicados dentro do quadri\u00eanio de avalia\u00e7\u00e3o.<\/p>\n<table style=\"width: 767px;\" width=\"971\">\n<tbody>\n<tr>\n<td style=\"width: 257px;\" width=\"319\">Income and price elasticity of residential electricity demand in Latin America and the Caribbean: a meta-analysis and meta-regression analysis.<\/td>\n<td style=\"width: 212px;\" width=\"237\">MARQUES, M. L. V. ; UHR, D. A. P. ; UHR, J. G. Z<\/td>\n<td style=\"width: 215px;\" width=\"294\">International Journal of Energy Sector Management<\/td>\n<td style=\"width: 83px;\" width=\"121\">2023<\/td>\n<\/tr>\n<tr>\n<td style=\"width: 257px;\" width=\"319\">Nuclear energy in Brazil: regulation, corruption, and prospects for energy generation.<\/td>\n<td style=\"width: 212px;\" width=\"237\">CORDEIRO, MIKAEL JHORDAN LACERDA ; DE OLIVEIRA, MAUR\u00cdCIO FELIPE BEMFICA ; UHR, DANIEL DE ABREU PEREIRA ; UHR, J\u00daLIA GALLEGO ZIERO .<\/td>\n<td style=\"width: 215px;\" width=\"294\">The Journal of World Energy Law &amp; Business<\/td>\n<td style=\"width: 83px;\" width=\"121\">2023<\/td>\n<\/tr>\n<tr>\n<td style=\"width: 257px;\" width=\"319\">Natural disasters and poverty: evidence from a flash flood in Brazil.<\/td>\n<td style=\"width: 212px;\" width=\"237\">Wink, M. V. J ; Garcia ,F. ; TRINDADE, C. S.<\/td>\n<td style=\"width: 215px;\" width=\"294\">ENVIRONMENT, DEVELOPMENT AND SUSTAINABILITY<\/td>\n<td style=\"width: 83px;\" width=\"121\">2023<\/td>\n<\/tr>\n<tr>\n<td style=\"width: 257px;\" width=\"319\">Volatility transmissions and connectivity among metal and energy commodities: a network-econometric analysis.<\/td>\n<td style=\"width: 212px;\" width=\"237\">TESSMANN, MATHIAS SCHNEID ; CARRASCO-GUTIERREZ, CARLOS ENRIQUE ; DE OLIVEIRA PASSOS, MARCELO ; MAGALH\u00c3ES, LUIZ AUGUSTO ; ELY, R\u00c9GIS AUGUSTO .<\/td>\n<td style=\"width: 215px;\" width=\"294\">JOURNAL OF ECONOMICS AND FINANCE<\/td>\n<td style=\"width: 83px;\" width=\"121\">2023<\/td>\n<\/tr>\n<tr>\n<td style=\"width: 257px;\" width=\"319\">\u00a0A logarithmic market scoring rule agent-based model to evaluate prediction markets.<\/td>\n<td style=\"width: 212px;\" width=\"237\">CARVALHO, A. V. C. ; SILVEIRA, D. ; ELY, R. A. ; CAJUEIRO, D. O.<\/td>\n<td style=\"width: 215px;\" width=\"294\">JOURNAL OF EVOLUTIONARY ECONOMICS<\/td>\n<td style=\"width: 83px;\" width=\"121\">2023<\/td>\n<\/tr>\n<tr>\n<td style=\"width: 257px;\" width=\"319\">Impact of the Flexibility of Procurement Processes on Public Purchases in the Tackling of the Public Health Emergency Caused by COVID-19: Evidence from Brazil.<\/td>\n<td style=\"width: 212px;\" width=\"237\">FERNANDEZ, RODRIGO NOBRE; NIQUITO, THAIS WAIDEMAN ; DA SILVA TEIXEIRA, GIBRAN ; VASCONCELOS, ANDRESSA MIELKE .<\/td>\n<td style=\"width: 215px;\" width=\"294\">Public Organization Review<\/td>\n<td style=\"width: 83px;\" width=\"121\">2023<\/td>\n<\/tr>\n<tr>\n<td style=\"width: 257px;\" width=\"319\"><\/td>\n<td style=\"width: 212px;\" width=\"237\"><\/td>\n<td style=\"width: 215px;\" width=\"294\"><\/td>\n<td style=\"width: 83px;\" width=\"121\"><\/td>\n<\/tr>\n<tr>\n<td style=\"width: 257px;\" width=\"319\"><\/td>\n<td style=\"width: 212px;\" width=\"237\"><\/td>\n<td style=\"width: 215px;\" width=\"294\"><\/td>\n<td style=\"width: 83px;\" width=\"121\"><\/td>\n<\/tr>\n<tr>\n<td style=\"width: 257px;\" width=\"319\"><\/td>\n<td style=\"width: 212px;\" width=\"237\"><\/td>\n<td style=\"width: 215px;\" width=\"294\"><\/td>\n<td style=\"width: 83px;\" width=\"121\"><\/td>\n<\/tr>\n<tr>\n<td style=\"width: 257px;\" width=\"319\"><\/td>\n<td style=\"width: 212px;\" width=\"237\"><\/td>\n<td style=\"width: 215px;\" width=\"294\"><\/td>\n<td style=\"width: 83px;\" width=\"121\"><\/td>\n<\/tr>\n<tr>\n<td style=\"width: 257px;\" width=\"319\"><\/td>\n<td style=\"width: 212px;\" width=\"237\"><\/td>\n<td style=\"width: 215px;\" width=\"294\"><\/td>\n<td style=\"width: 83px;\" width=\"121\"><\/td>\n<\/tr>\n<tr>\n<td style=\"width: 257px;\" width=\"319\"><\/td>\n<td style=\"width: 212px;\" width=\"237\"><\/td>\n<td style=\"width: 215px;\" width=\"294\"><\/td>\n<td style=\"width: 83px;\" width=\"121\"><\/td>\n<\/tr>\n<tr>\n<td style=\"width: 257px;\" width=\"319\"><\/td>\n<td style=\"width: 212px;\" width=\"237\"><\/td>\n<td style=\"width: 215px;\" width=\"294\"><\/td>\n<td style=\"width: 83px;\" width=\"121\"><\/td>\n<\/tr>\n<tr>\n<td style=\"width: 257px;\" width=\"319\"><\/td>\n<td style=\"width: 212px;\" width=\"237\"><\/td>\n<td style=\"width: 215px;\" width=\"294\"><\/td>\n<td style=\"width: 83px;\" width=\"121\"><\/td>\n<\/tr>\n<tr>\n<td style=\"width: 257px;\" width=\"319\"><\/td>\n<td style=\"width: 212px;\" width=\"237\"><\/td>\n<td style=\"width: 215px;\" width=\"294\"><\/td>\n<td style=\"width: 83px;\" width=\"121\"><\/td>\n<\/tr>\n<tr>\n<td style=\"width: 257px;\" width=\"319\"><\/td>\n<td style=\"width: 212px;\" width=\"237\"><\/td>\n<td style=\"width: 215px;\" width=\"294\"><\/td>\n<td style=\"width: 83px;\" width=\"121\"><\/td>\n<\/tr>\n<tr>\n<td style=\"width: 257px;\" width=\"319\">SOCIOECONOMIC INEQUALITY IN HEALTH IN OLDER ADULTS IN BRAZIL<\/td>\n<td style=\"width: 212px;\" width=\"237\">RAQUEL ALVES PEREZ, CESAR AUGUSTO OVIEDO TEJADA, LIVIA MADEIRA TRIACA, ANDREA HOMSI DAMASO, ANDERSON MOREIRA ARISTIDES DOS SANTOS<\/td>\n<td style=\"width: 215px;\" width=\"294\">Dialogues in Health<\/td>\n<td style=\"width: 83px;\" width=\"121\">2022<\/td>\n<\/tr>\n<tr>\n<td style=\"width: 257px;\" width=\"319\">LINKING ENTREPRENEURIAL ORIENTATION AND MANAGERIAL CAPACITY TO PERFORMANCE IN DAIRY FARMS<\/td>\n<td style=\"width: 212px;\" width=\"237\">MARINA OLIVEIRA DANELUZ, MARIO DUARTE CANEVER, HELENICE GONZALEZ DE LIMA, ROGERIO FOLHA BERMUDES, GABRIELITO RAUTER MENEZES<\/td>\n<td style=\"width: 215px;\" width=\"294\">Revista de Economia e Sociologia Rural<\/td>\n<td style=\"width: 83px;\" width=\"121\">2022<\/td>\n<\/tr>\n<tr>\n<td style=\"width: 257px;\" width=\"319\">DOES REACHING THE STATUTE OF LIMITATIONS AFFECT THE RECIDIVIST BEHAVIOR OF ENVIRONMENTAL AGGRESSORS IN BRAZIL?<\/td>\n<td style=\"width: 212px;\" width=\"237\">DANIEL DE ABREU PEREIRA UHR, JULIA GALLEGO ZIERO UHR, RENAN PORN PERES, MANOEL GERKE<\/td>\n<td style=\"width: 215px;\" width=\"294\">Journal of Quantitative Criminology<\/td>\n<td style=\"width: 83px;\" width=\"121\">2022<\/td>\n<\/tr>\n<tr>\n<td style=\"width: 257px;\" width=\"319\">THE GREATEST CO-AUTHORSHIPS OF FINANCE THEORY LITERATURE (1896?2006): SCIENTOMETRICS BASED ON COMPLEX NETWORKS<\/td>\n<td style=\"width: 212px;\" width=\"237\">MARCELO DE OLIVEIRA PASSOS, MATHIAS SCHNEID TESSMANN, DANIEL DE ABREU PEREIRA UHR<\/td>\n<td style=\"width: 215px;\" width=\"294\">Scientometrics<\/td>\n<td style=\"width: 83px;\" width=\"121\">2022<\/td>\n<\/tr>\n<tr>\n<td style=\"width: 257px;\" width=\"319\">THE EFFECT OF 1987 IRELAND?S PROGRAMME FOR NATIONAL RECOVERY ON SUSTAINABLE ECONOMIC GROWTH: A SYNTHETIC CONTROL APPROACH<\/td>\n<td style=\"width: 212px;\" width=\"237\">DANIEL DE ABREU PEREIRA UHR, MAGNUS KELLY DE OLIVEIRA PINHEIRO, DOMINGOS JOAQUIM FRANCISCO, MAURICIO FELIPE BEMFICA DE OLIVEIRA, JULIA GALLEGO ZIERO UHR<\/td>\n<td style=\"width: 215px;\" width=\"294\">Economic Letters<\/td>\n<td style=\"width: 83px;\" width=\"121\">2022<\/td>\n<\/tr>\n<tr>\n<td style=\"width: 257px;\" width=\"319\">THE IMPACTS OF INTEREST RATES ON BANKS? LOAN PORTFOLIO RISK-TAKING<\/td>\n<td style=\"width: 212px;\" width=\"237\">LUIS F. S. AD\u00c3O, DOUGLAS SILVEIRA, REGIS AUGUSTO ELY, DANIEL OLIVEIRA CAJUEIRO<\/td>\n<td style=\"width: 215px;\" width=\"294\">Journal of Economic Dynamics &amp; Control<\/td>\n<td style=\"width: 83px;\" width=\"121\">2022<\/td>\n<\/tr>\n<tr>\n<td style=\"width: 257px;\" width=\"319\">DETERMINANTES DO INVESTIMENTO ESTRANGEIRO DIRETO PARA OS PA\u00cdSES DO MERCOSUL<\/td>\n<td style=\"width: 212px;\" width=\"237\">LIVIA MADEIRA TRIACA<\/td>\n<td style=\"width: 215px;\" width=\"294\">Diversitas Journal<\/td>\n<td style=\"width: 83px;\" width=\"121\">2022<\/td>\n<\/tr>\n<tr>\n<td style=\"width: 257px;\" width=\"319\">MORE SPORTS, MORE CRIMES? AN ANALYSIS FOR THE METROPOLITAN REGION OF PORTO ALEGRE<\/td>\n<td style=\"width: 212px;\" width=\"237\">CLAUDIO DJISSEY SHIKIDA, ARI FRANCISCO DE ARAUJO JUNIOR, RODRIGO NOBRE FERNANDEZ, DAIANE AREND ARCARO, REGIS AUGUSTO ELY<\/td>\n<td style=\"width: 215px;\" width=\"294\">Economic Analysis of Law Review<\/td>\n<td style=\"width: 83px;\" width=\"121\">2022<\/td>\n<\/tr>\n<tr>\n<td style=\"width: 257px;\" width=\"319\">TARIFF REDUCTION AS A TOOL TO INCREASE THE EFFICIENCY OF ELECTRICITY DISTRIBUTORS: A CASE STUDY IN SOUTHERN BRAZIL<\/td>\n<td style=\"width: 212px;\" width=\"237\">GIACOMO BALBINOTTO NETO, GIBRAN DA SILVA TEIXEIRA, FELIPE GARCIA RIBEIRO, RODRIGO NOBRE FERNANDEZ<\/td>\n<td style=\"width: 215px;\" width=\"294\">The Electricity Journal<\/td>\n<td style=\"width: 83px;\" width=\"121\">2022<\/td>\n<\/tr>\n<tr>\n<td style=\"width: 257px;\" width=\"319\">Early childhood home-based programmes and school violence: evidence from Brazil<\/td>\n<td style=\"width: 212px;\" width=\"237\">Marcos Vinicio Wink Junior , Felipe Garcia Ribeiro &amp; Luis Henrique Zanandrea Paese<\/td>\n<td style=\"width: 215px;\" width=\"294\">Development in Practice<\/td>\n<td style=\"width: 83px;\" width=\"121\">2021<\/td>\n<\/tr>\n<tr>\n<td style=\"width: 257px;\" width=\"319\">HUMAN-MADE DISASTERS AND ECONOMIC IMPACT FOR A DEVELOPING ECONOMY: EVIDENCE FROM BRAZIL<\/td>\n<td style=\"width: 212px;\" width=\"237\">THAIS WAIDEMAN NIQUITO,\u00a0 FERNANDO POZZOBON, VINICIUS HALMENSCHLAGER, FELIPE GARCIA RIBEIRO<\/td>\n<td style=\"width: 215px;\" width=\"294\">Natural Hazards<\/td>\n<td style=\"width: 83px;\" width=\"121\">2021<\/td>\n<\/tr>\n<tr>\n<td style=\"width: 257px;\" width=\"319\">Mosquitoes, birth rates and regional spillovers: Evidence from the Zika epidemic in Brazil<\/td>\n<td style=\"width: 212px;\" width=\"237\">L\u00edvia Madeira Triaca,\u00a0Felipe Garcia Ribeiro,\u00a0C\u00e9sar Augusto Oviedo Tejada<\/td>\n<td style=\"width: 215px;\" width=\"294\">Papers in Regional Science<\/td>\n<td style=\"width: 83px;\" width=\"121\">2021<\/td>\n<\/tr>\n<tr>\n<td style=\"width: 257px;\" width=\"319\">POL\u00cdTICA INDUSTRIAL, CRECIMIENTO ECON\u00d3MICO E INSERCI\u00d3N INTERNACIONAL: COMPARACI\u00d3N DE PA\u00cdSES SELECCIONADOS<\/td>\n<td style=\"width: 212px;\" width=\"237\">Campos Pereira Bruhn, N\u00e1dia &#8211; Calegario, Cristina Lelis Leal &#8211; Borges, Michelle da Silva<\/td>\n<td style=\"width: 215px;\" width=\"294\">Revista Cepal<\/td>\n<td style=\"width: 83px;\" width=\"121\">2021<\/td>\n<\/tr>\n<tr>\n<td style=\"width: 257px;\" width=\"319\">THE TRANSMISSION MECHANISMS OF MACROPRUDENTIAL POLICIES ON BANK RISK<\/td>\n<td style=\"width: 212px;\" width=\"237\">REGIS AUGUSTO ELY, BENJAMIN MIRANDA TABAK, ANDERSON MUTTER TEIXEIRA<\/td>\n<td style=\"width: 215px;\" width=\"294\">Economic Modelling<\/td>\n<td style=\"width: 83px;\" width=\"121\">2021<\/td>\n<\/tr>\n<tr>\n<td style=\"width: 257px;\" width=\"319\">PRONATEC E O MERCADO DE TRABALHO: UMA AN\u00c1LISE PARA OS CURSOS OFERECIDOS NO IFRS CAMPUS RIO GRANDE<\/td>\n<td style=\"width: 212px;\" width=\"237\">GIBRAN DA SILVA TEIXEIRA, VINICIUS HALMENSCHLAGER, RAFAEL MESQUITA PEREIRA, REGIS AUGUSTO ELY<\/td>\n<td style=\"width: 215px;\" width=\"294\">Economia Aplicada<\/td>\n<td style=\"width: 83px;\" width=\"121\">2021<\/td>\n<\/tr>\n<tr>\n<td style=\"width: 257px;\" width=\"319\">VOLATILITY TRANSMISSIONS BETWEEN COMMODITY FUTURES CONTRACTS IN SHORT, MEDIUM AND LONG TERM<\/td>\n<td style=\"width: 212px;\" width=\"237\">MATHIAS SCHNEID TESSMANN, REGIS AUGUSTO ELY, MARIO DUARTE CANEVER<\/td>\n<td style=\"width: 215px;\" width=\"294\">International Journal of Financial Markets and Derivatives<\/td>\n<td style=\"width: 83px;\" width=\"121\">2021<\/td>\n<\/tr>\n<tr>\n<td style=\"width: 257px;\" width=\"319\">A \u00c9TICA PROTESTANTE E O ESP\u00cdRITO DO CAPITALISMO:: PREFER\u00caNCIAS QUANTO AO MERCADO DE TRABALHO, EMPREENDEDORISMO E A ESTRUTURA FAMILIAR NO BRASIL<\/td>\n<td style=\"width: 212px;\" width=\"237\">DANIEL DE ABREU PEREIRA UHR, SILVIO DA ROSA PAULA, MARCUS VINICIUS BASTOS DOS SANTOS, LUCIANE MACHIM VIEIRA, JULIA GALLEGO ZIERO UHR<\/td>\n<td style=\"width: 215px;\" width=\"294\">Economia Aplicada<\/td>\n<td style=\"width: 83px;\" width=\"121\">2021<\/td>\n<\/tr>\n<tr>\n<td style=\"width: 257px;\" width=\"319\">A STUDY ON ENVIRONMENTAL VIOLATIONS FOR BRAZILIAN MUNICIPALITIES: A LIMITED INFORMATION MAXIMUM LIKELIHOOD APPROACH TO A SPATIAL DYNAMIC PANEL DATA<\/td>\n<td style=\"width: 212px;\" width=\"237\">JULIA GALLEGO ZIERO UHR, ANDRE LUIS SQUARIZE CHAGAS, DANIEL DE ABREU PEREIRA UHR, RENAN PORN PERES<\/td>\n<td style=\"width: 215px;\" width=\"294\">Economic Analysis of Law Review<\/td>\n<td style=\"width: 83px;\" width=\"121\">2021<\/td>\n<\/tr>\n<tr>\n<td style=\"width: 257px;\" width=\"319\">CONTAS P\u00daBLICAS E PARCERIAS P\u00daBLICO PRIVADAS: UMA AN\u00c1LISE EMP\u00cdRICA POR MEIO DE MODELOS DE SOBREVIV\u00caNCIA PARA MUNIC\u00cdPIOS BRASILEIROS NO PER\u00cdODO DE 2004 A 2018<\/td>\n<td style=\"width: 212px;\" width=\"237\">RODRIGO NOBRE FERNANDEZ, ALEX FELIPE RODRIGUES LIMA<\/td>\n<td style=\"width: 215px;\" width=\"294\">Economic Analysis of Law Review<\/td>\n<td style=\"width: 83px;\" width=\"121\">2021<\/td>\n<\/tr>\n<tr>\n<td style=\"width: 257px;\" width=\"319\">DESENHO CONTRATUAL DE PARCERIAS P\u00daBLICO-PRIVADAS PARA HOSPITAIS: ALGUMAS NOTAS TE\u00d3RICAS<\/td>\n<td style=\"width: 212px;\" width=\"237\">RODRIGO NOBRE FERNANDEZ, ANDRE CARRARO, HELTON SAULO BEZERRA DOS SANTOS<\/td>\n<td style=\"width: 215px;\" width=\"294\">Economic Analysis of Law Review<\/td>\n<td style=\"width: 83px;\" width=\"121\">2021<\/td>\n<\/tr>\n<tr>\n<td style=\"width: 257px;\" width=\"319\">RURAL ELECTRIFICATION AND AGRICULTURAL FAMILY TIME ALLOCATION DECISIONS<\/td>\n<td style=\"width: 212px;\" width=\"237\">FELIPE GARCIA RIBEIRO, ANDRE CARRARO, ANDRE PORTELA FERNANDES DE SOUZA<\/td>\n<td style=\"width: 215px;\" width=\"294\">Applied Economics<\/td>\n<td style=\"width: 83px;\" width=\"121\">2021<\/td>\n<\/tr>\n<tr>\n<td style=\"width: 257px;\" width=\"319\">EFEITOS DO PROGRAMA INOVAR-AUTO SOBRE A IND\u00daSTRIA DE VE\u00cdCULOS NO BRASIL<\/td>\n<td style=\"width: 212px;\" width=\"237\">THAIS WAIDEMAN NIQUITO, ANDRE CARRARO<\/td>\n<td style=\"width: 215px;\" width=\"294\">Economia Aplicada<\/td>\n<td style=\"width: 83px;\" width=\"121\">2021<\/td>\n<\/tr>\n<tr>\n<td style=\"width: 257px;\" width=\"319\">EVOLUTION OF INEQUITIES IN HEALTH CARE USE AMONG OLDER PEOPLE IN BRAZIL: EVIDENCE FOR THE PERIOD 1998-2019<\/td>\n<td style=\"width: 212px;\" width=\"237\">ANDERSON MOREIRA ARISTIDES DOS SANTOS, LIVIA MADEIRA TRIACA, CESAR AUGUSTO OVIEDO TEJADA<\/td>\n<td style=\"width: 215px;\" width=\"294\">The Journal of The Economics of Ageing<\/td>\n<td style=\"width: 83px;\" width=\"121\">2021<\/td>\n<\/tr>\n<tr>\n<td style=\"width: 257px;\" width=\"319\">DETERMINANTES DO EMPREENDEDORISMO FEMININO NO BRASIL E REGI\u00d5ES<\/td>\n<td style=\"width: 212px;\" width=\"237\">SAMANDA SILVA DA ROSA, VIVIAN DOS SANTOS QUEIROZ ORELLANA, GABRIELITO RAUTER MENEZES<\/td>\n<td style=\"width: 215px;\" width=\"294\">Revista Brasileira de Estudos Regionais e Urbanos<\/td>\n<td style=\"width: 83px;\" width=\"121\">2021<\/td>\n<\/tr>\n<tr>\n<td style=\"width: 257px;\" width=\"319\">FINANCIAL EVALUATION OF RELATIVE EFFICIENCY: AN ANALYSIS IN FEDERAL UNIVERSITY HOSPITALS IN BRAZIL<\/td>\n<td style=\"width: 212px;\" width=\"237\">BRUNO PESERICO MARTINI, DEBORA GOMES DE GOMES, MARCELO ANTONIO CONTERATO, GABRIELITO RAUTER MENEZES<\/td>\n<td style=\"width: 215px;\" width=\"294\">International Journal of Development Research<\/td>\n<td style=\"width: 83px;\" width=\"121\">2021<\/td>\n<\/tr>\n<\/tbody>\n<\/table>\n<p>&nbsp;<\/p>\n","protected":false},"excerpt":{"rendered":"<p>Quadri\u00eanio 2021 &#8211; 2024 Abaixo segue alguns artigos selecionados publicados dentro do quadri\u00eanio de avalia\u00e7\u00e3o. Income and price elasticity of residential electricity demand in Latin America and the Caribbean: a meta-analysis and meta-regression analysis. MARQUES, M. L. V. ; UHR, D. A. P. ; UHR, J. G. Z International Journal of Energy Sector Management 2023&#8230; <\/p>\n<div class=\"link-more\"><a href=\"https:\/\/wp.ufpel.edu.br\/ppgom\/destaques\/\">Leia mais<\/a><\/div>\n","protected":false},"author":601,"featured_media":0,"parent":0,"menu_order":0,"comment_status":"closed","ping_status":"closed","template":"","meta":{"footnotes":""},"class_list":["post-241","page","type-page","status-publish","hentry"],"jetpack_sharing_enabled":true,"_links":{"self":[{"href":"https:\/\/wp.ufpel.edu.br\/ppgom\/wp-json\/wp\/v2\/pages\/241","targetHints":{"allow":["GET"]}}],"collection":[{"href":"https:\/\/wp.ufpel.edu.br\/ppgom\/wp-json\/wp\/v2\/pages"}],"about":[{"href":"https:\/\/wp.ufpel.edu.br\/ppgom\/wp-json\/wp\/v2\/types\/page"}],"author":[{"embeddable":true,"href":"https:\/\/wp.ufpel.edu.br\/ppgom\/wp-json\/wp\/v2\/users\/601"}],"replies":[{"embeddable":true,"href":"https:\/\/wp.ufpel.edu.br\/ppgom\/wp-json\/wp\/v2\/comments?post=241"}],"version-history":[{"count":22,"href":"https:\/\/wp.ufpel.edu.br\/ppgom\/wp-json\/wp\/v2\/pages\/241\/revisions"}],"predecessor-version":[{"id":2337,"href":"https:\/\/wp.ufpel.edu.br\/ppgom\/wp-json\/wp\/v2\/pages\/241\/revisions\/2337"}],"wp:attachment":[{"href":"https:\/\/wp.ufpel.edu.br\/ppgom\/wp-json\/wp\/v2\/media?parent=241"}],"curies":[{"name":"wp","href":"https:\/\/api.w.org\/{rel}","templated":true}]}}