{"id":19,"date":"2016-02-15T15:54:39","date_gmt":"2016-02-15T17:54:39","guid":{"rendered":"https:\/\/wp.ufpel.edu.br\/ppgom\/?page_id=19"},"modified":"2025-01-30T16:06:01","modified_gmt":"2025-01-30T19:06:01","slug":"processo-seletivo","status":"publish","type":"page","link":"https:\/\/wp.ufpel.edu.br\/ppgom\/pagina-exemplo\/processo-seletivo\/","title":{"rendered":"Processo Seletivo"},"content":{"rendered":"<p style=\"text-align: justify;\">Para se inscrever no processo seletivo local do PPGOM (Mestrado e Doutorado) \u00e9 necess\u00e1rio envio da ficha de inscri\u00e7\u00e3o e duas cartas de recomenda\u00e7\u00e3o. Maiores informa\u00e7\u00f5es podem ser solicitadas pelo e-mail da secretaria do programa (<a href=\"mailto:ppgom@ufpel.edu.br\">ppgom@ufpel.edu.br<\/a>)\u00a0 e atrav\u00e9s da consulta do edital de sele\u00e7\u00e3o.<\/p>\n<p>Formul\u00e1rio de inscri\u00e7\u00e3o:<\/p>\n<p><a href=\"https:\/\/wp.ufpel.edu.br\/ppgom\/files\/2018\/08\/dbaf7caa84-1.doc\">Formul\u00e1rio 1 &#8211; Inscri\u00e7\u00e3o\u00a0<\/a><\/p>\n<p>Modelo de carta de recomenda\u00e7\u00e3o:<\/p>\n<p><a href=\"https:\/\/wp.ufpel.edu.br\/ppgom\/files\/2022\/06\/Carta-de-Recomendacao-PPGOM.docx\">Carta de Recomenda\u00e7\u00e3o <\/a>&#8211;<a href=\"https:\/\/wp.ufpel.edu.br\/ppgom\/files\/2022\/06\/Carta-de-Recomendacao-PPGOM-1.docx\"> PPGOM<\/a><\/p>\n<p><a href=\"https:\/\/wp.ufpel.edu.br\/ppgom\/files\/2021\/07\/Autodeclaracao_de_Identidade_de_Genero.pdf\">Autodeclara\u00e7\u00e3o de identidade de g\u00eanero<\/a><\/p>\n<p><a href=\"https:\/\/wp.ufpel.edu.br\/ppgom\/files\/2024\/07\/AUTODECLARACAO_ETNICO_RACIAL.pdf\">Autodeclara\u00e7\u00e3o \u00e9tnico-<\/a>racial<\/p>\n<p><a href=\"https:\/\/wp.ufpel.edu.br\/ppgom\/files\/2024\/07\/Autodeclaracao_Deficiencia.pdf\">Autodeclara\u00e7\u00e3o de defici\u00eancia<\/a><\/p>\n<p><strong>Provas<\/strong><\/p>\n<p>Sele\u00e7\u00e3o local &#8211; 2024 (<a href=\"https:\/\/wp.ufpel.edu.br\/ppgom\/files\/2025\/01\/prova_ppgom_ingresso_2024.pdf\">prova<\/a> e <a href=\"https:\/\/wp.ufpel.edu.br\/ppgom\/files\/2025\/01\/gabarito_prova_2023_ingresso_2024.pdf\">gabarito<\/a>)<\/p>\n<p>Sele\u00e7\u00e3o local &#8211; 2023 (<a href=\"https:\/\/wp.ufpel.edu.br\/ppgom\/files\/2025\/01\/prova_ppgom_ingresso_2023.pdf\">prova<\/a> e <a href=\"https:\/\/wp.ufpel.edu.br\/ppgom\/files\/2025\/01\/gabarito_ppgom_ingresso_2023-1.pdf\">gabarito<\/a>)<\/p>\n<p>&nbsp;<\/p>\n<p>&nbsp;<\/p>\n","protected":false},"excerpt":{"rendered":"<p>Para se inscrever no processo seletivo local do PPGOM (Mestrado e Doutorado) \u00e9 necess\u00e1rio envio da ficha de inscri\u00e7\u00e3o e duas cartas de recomenda\u00e7\u00e3o. Maiores informa\u00e7\u00f5es podem ser solicitadas pelo e-mail da secretaria do programa (ppgom@ufpel.edu.br)\u00a0 e atrav\u00e9s da consulta do edital de sele\u00e7\u00e3o. Formul\u00e1rio de inscri\u00e7\u00e3o: Formul\u00e1rio 1 &#8211; Inscri\u00e7\u00e3o\u00a0 Modelo de carta de&#8230; <\/p>\n<div class=\"link-more\"><a href=\"https:\/\/wp.ufpel.edu.br\/ppgom\/pagina-exemplo\/processo-seletivo\/\">Leia mais<\/a><\/div>\n","protected":false},"author":601,"featured_media":0,"parent":2,"menu_order":0,"comment_status":"closed","ping_status":"closed","template":"","meta":{"footnotes":""},"class_list":["post-19","page","type-page","status-publish","hentry"],"jetpack_sharing_enabled":true,"_links":{"self":[{"href":"https:\/\/wp.ufpel.edu.br\/ppgom\/wp-json\/wp\/v2\/pages\/19","targetHints":{"allow":["GET"]}}],"collection":[{"href":"https:\/\/wp.ufpel.edu.br\/ppgom\/wp-json\/wp\/v2\/pages"}],"about":[{"href":"https:\/\/wp.ufpel.edu.br\/ppgom\/wp-json\/wp\/v2\/types\/page"}],"author":[{"embeddable":true,"href":"https:\/\/wp.ufpel.edu.br\/ppgom\/wp-json\/wp\/v2\/users\/601"}],"replies":[{"embeddable":true,"href":"https:\/\/wp.ufpel.edu.br\/ppgom\/wp-json\/wp\/v2\/comments?post=19"}],"version-history":[{"count":23,"href":"https:\/\/wp.ufpel.edu.br\/ppgom\/wp-json\/wp\/v2\/pages\/19\/revisions"}],"predecessor-version":[{"id":2392,"href":"https:\/\/wp.ufpel.edu.br\/ppgom\/wp-json\/wp\/v2\/pages\/19\/revisions\/2392"}],"up":[{"embeddable":true,"href":"https:\/\/wp.ufpel.edu.br\/ppgom\/wp-json\/wp\/v2\/pages\/2"}],"wp:attachment":[{"href":"https:\/\/wp.ufpel.edu.br\/ppgom\/wp-json\/wp\/v2\/media?parent=19"}],"curies":[{"name":"wp","href":"https:\/\/api.w.org\/{rel}","templated":true}]}}