{"id":16,"date":"2016-02-15T15:54:19","date_gmt":"2016-02-15T17:54:19","guid":{"rendered":"https:\/\/wp.ufpel.edu.br\/ppgom\/?page_id=16"},"modified":"2019-03-11T08:03:42","modified_gmt":"2019-03-11T11:03:42","slug":"regime-didatico","status":"publish","type":"page","link":"https:\/\/wp.ufpel.edu.br\/ppgom\/pagina-exemplo\/regime-didatico\/","title":{"rendered":"Regime Did\u00e1tico"},"content":{"rendered":"<p>As informa\u00e7\u00f5es a seguir s\u00e3o apenas um resumo. Para detalhes, ver o novo regimento do PPGOM (dispon\u00edvel na p\u00e1gina &#8220;Regimento&#8221; deste <em>site<\/em>).<\/p>\n<p>O mestrando dever\u00e1 permanecer pelo per\u00edodo m\u00ednimo de 12 meses como aluno regularmente matriculado no Programa e completar os cr\u00e9ditos da seguinte forma:\u00a0 um m\u00ednimo de 24 (vinte e quatro) cr\u00e9ditos em Disciplinas Formativas;\u00a0 um m\u00ednimo de 6 (seis) cr\u00e9ditos em Disciplinas Especializantes (o limite m\u00e1ximo fica a crit\u00e9rio do aluno em acordo com o orientador) e cumprir a disciplina Est\u00e1gio Docente;<\/p>\n<p>O doutorando dever\u00e1 integralizar, no m\u00ednimo, 32 (trinta e dois) cr\u00e9ditos em Disciplinas Formativas (obrigat\u00f3rias); cumprir o m\u00ednimo de 9 (nove) cr\u00e9ditos em Disciplinas Especializantes (o limite m\u00e1ximo fica a crit\u00e9rio do aluno em acordo com o orientador) e\u00a0 cumprir as disciplinas de Est\u00e1gio Docente, Semin\u00e1rio de Pesquisa e Elabora\u00e7\u00e3o de Projeto de Tese e Elabora\u00e7\u00e3o de Tese<\/p>\n","protected":false},"excerpt":{"rendered":"<p>As informa\u00e7\u00f5es a seguir s\u00e3o apenas um resumo. Para detalhes, ver o novo regimento do PPGOM (dispon\u00edvel na p\u00e1gina &#8220;Regimento&#8221; deste site). O mestrando dever\u00e1 permanecer pelo per\u00edodo m\u00ednimo de 12 meses como aluno regularmente matriculado no Programa e completar os cr\u00e9ditos da seguinte forma:\u00a0 um m\u00ednimo de 24 (vinte e quatro) cr\u00e9ditos em Disciplinas&#8230; <\/p>\n<div class=\"link-more\"><a href=\"https:\/\/wp.ufpel.edu.br\/ppgom\/pagina-exemplo\/regime-didatico\/\">Leia mais<\/a><\/div>\n","protected":false},"author":601,"featured_media":0,"parent":2,"menu_order":0,"comment_status":"closed","ping_status":"closed","template":"","meta":{"footnotes":""},"class_list":["post-16","page","type-page","status-publish","hentry"],"jetpack_sharing_enabled":true,"_links":{"self":[{"href":"https:\/\/wp.ufpel.edu.br\/ppgom\/wp-json\/wp\/v2\/pages\/16","targetHints":{"allow":["GET"]}}],"collection":[{"href":"https:\/\/wp.ufpel.edu.br\/ppgom\/wp-json\/wp\/v2\/pages"}],"about":[{"href":"https:\/\/wp.ufpel.edu.br\/ppgom\/wp-json\/wp\/v2\/types\/page"}],"author":[{"embeddable":true,"href":"https:\/\/wp.ufpel.edu.br\/ppgom\/wp-json\/wp\/v2\/users\/601"}],"replies":[{"embeddable":true,"href":"https:\/\/wp.ufpel.edu.br\/ppgom\/wp-json\/wp\/v2\/comments?post=16"}],"version-history":[{"count":5,"href":"https:\/\/wp.ufpel.edu.br\/ppgom\/wp-json\/wp\/v2\/pages\/16\/revisions"}],"predecessor-version":[{"id":1247,"href":"https:\/\/wp.ufpel.edu.br\/ppgom\/wp-json\/wp\/v2\/pages\/16\/revisions\/1247"}],"up":[{"embeddable":true,"href":"https:\/\/wp.ufpel.edu.br\/ppgom\/wp-json\/wp\/v2\/pages\/2"}],"wp:attachment":[{"href":"https:\/\/wp.ufpel.edu.br\/ppgom\/wp-json\/wp\/v2\/media?parent=16"}],"curies":[{"name":"wp","href":"https:\/\/api.w.org\/{rel}","templated":true}]}}