{"id":13,"date":"2016-02-15T15:53:58","date_gmt":"2016-02-15T17:53:58","guid":{"rendered":"https:\/\/wp.ufpel.edu.br\/ppgom\/?page_id=13"},"modified":"2018-10-23T15:09:57","modified_gmt":"2018-10-23T18:09:57","slug":"linhas-de-pesquisa","status":"publish","type":"page","link":"https:\/\/wp.ufpel.edu.br\/ppgom\/pagina-exemplo\/linhas-de-pesquisa\/","title":{"rendered":"Linhas de Pesquisa"},"content":{"rendered":"<p>As atividades de pesquisa do PPGOM se agrupam em duas linhas de pesquisa:<\/p>\n<ol>\n<li style=\"font-weight: 400\"><strong> Microeconomia do Desenvolvimento<\/strong><\/li>\n<\/ol>\n<p style=\"font-weight: 400\">Esta linha de pesquisa tem como objeto estudar os aspectos microecon\u00f4micos relevantes para o desenvolvimento econ\u00f4mico. Entende-se que o mau funcionamento ou a inexist\u00eancia de mercados contribuem para explicar grande parte do diferencial econ\u00f4mico e social entre pa\u00edses. Para estudar as quest\u00f5es de formula\u00e7\u00e3o de pol\u00edticas p\u00fablicas,\u00a0 estruturas institucionais e seus efeitos nos comportamentos dos agentes econ\u00f4micos esta linha\u00a0 combina o uso de t\u00e9cnicas de dois campos da teoria econ\u00f4mica: (i) elementos de an\u00e1lise microecon\u00f4mica, para elaborar modelos te\u00f3ricos com predi\u00e7\u00f5es empiricamente test\u00e1veis ou que orientem firmemente a an\u00e1lise de dados e (ii) t\u00e9cnicas de econometria aplicada, para testar as implica\u00e7\u00f5es emp\u00edricas dos modelos desenvolvidos com uso de bancos de dados microecon\u00f4micos. Entre os principais t\u00f3picos abordados ao longo do curso est\u00e3o os seguintes: (i) pobreza e desigualdade; (ii) nutri\u00e7\u00e3o e sa\u00fade; (iii) mercado de cr\u00e9dito e seguro; (iv) consumo, investimento e decis\u00f5es intra-domiciliares; (v) educa\u00e7\u00e3o; e (vi) desempenho e pol\u00edticas p\u00fablicas para o mercado de trabalho.<\/p>\n<ol start=\"2\">\n<li style=\"font-weight: 400\"><strong> Organiza\u00e7\u00e3o e Mercados<\/strong><\/li>\n<\/ol>\n<p style=\"font-weight: 400\">Esta linha de pesquisa enfoca o estudo dos problemas econ\u00f4micos subjacentes \u00e0 gest\u00e3o de pol\u00edticas de neg\u00f3cios e p\u00fablicas, modelando a intera\u00e7\u00e3o estrat\u00e9gica entre os diversos atores dentro e entre as diversas organiza\u00e7\u00f5es econ\u00f4micas. Nesse sentido, estudam-se quest\u00f5es relativas \u00e0 estrat\u00e9gia competitiva, \u00e0s finan\u00e7as, ao desenho e estrutura organizacional de contratos p\u00fablico-privados, \u00e0s falhas de governo e ao crescimento de organiza\u00e7\u00f5es econ\u00f4micas, quer sejam estas empresas, indiv\u00edduos, governos ou mercados. Sem perder de vista que essas se acham localizadas no espa\u00e7o e nas regi\u00f5es, formulam-se modelos, m\u00e9todos e instrumentos que buscam explicar e prever o comportamento \u00f3timo das vari\u00e1veis organizacionais.<\/p>\n","protected":false},"excerpt":{"rendered":"<p>As atividades de pesquisa do PPGOM se agrupam em duas linhas de pesquisa: Microeconomia do Desenvolvimento Esta linha de pesquisa tem como objeto estudar os aspectos microecon\u00f4micos relevantes para o desenvolvimento econ\u00f4mico. Entende-se que o mau funcionamento ou a inexist\u00eancia de mercados contribuem para explicar grande parte do diferencial econ\u00f4mico e social entre pa\u00edses. Para&#8230; <\/p>\n<div class=\"link-more\"><a href=\"https:\/\/wp.ufpel.edu.br\/ppgom\/pagina-exemplo\/linhas-de-pesquisa\/\">Leia mais<\/a><\/div>\n","protected":false},"author":601,"featured_media":0,"parent":2,"menu_order":0,"comment_status":"closed","ping_status":"closed","template":"","meta":{"footnotes":""},"class_list":["post-13","page","type-page","status-publish","hentry"],"jetpack_sharing_enabled":true,"_links":{"self":[{"href":"https:\/\/wp.ufpel.edu.br\/ppgom\/wp-json\/wp\/v2\/pages\/13","targetHints":{"allow":["GET"]}}],"collection":[{"href":"https:\/\/wp.ufpel.edu.br\/ppgom\/wp-json\/wp\/v2\/pages"}],"about":[{"href":"https:\/\/wp.ufpel.edu.br\/ppgom\/wp-json\/wp\/v2\/types\/page"}],"author":[{"embeddable":true,"href":"https:\/\/wp.ufpel.edu.br\/ppgom\/wp-json\/wp\/v2\/users\/601"}],"replies":[{"embeddable":true,"href":"https:\/\/wp.ufpel.edu.br\/ppgom\/wp-json\/wp\/v2\/comments?post=13"}],"version-history":[{"count":3,"href":"https:\/\/wp.ufpel.edu.br\/ppgom\/wp-json\/wp\/v2\/pages\/13\/revisions"}],"predecessor-version":[{"id":1022,"href":"https:\/\/wp.ufpel.edu.br\/ppgom\/wp-json\/wp\/v2\/pages\/13\/revisions\/1022"}],"up":[{"embeddable":true,"href":"https:\/\/wp.ufpel.edu.br\/ppgom\/wp-json\/wp\/v2\/pages\/2"}],"wp:attachment":[{"href":"https:\/\/wp.ufpel.edu.br\/ppgom\/wp-json\/wp\/v2\/media?parent=13"}],"curies":[{"name":"wp","href":"https:\/\/api.w.org\/{rel}","templated":true}]}}