{"id":999,"date":"2018-04-03T11:17:01","date_gmt":"2018-04-03T14:17:01","guid":{"rendered":"https:\/\/wp.ufpel.edu.br\/ppgo\/?page_id=999"},"modified":"2018-04-03T12:04:24","modified_gmt":"2018-04-03T15:04:24","slug":"estagio-docencia","status":"publish","type":"page","link":"https:\/\/wp.ufpel.edu.br\/ppgo\/estrutura-curricular\/estagio-docencia\/","title":{"rendered":"Est\u00e1gio Doc\u00eancia"},"content":{"rendered":"<div id=\"pl-999\" class=\"panel-layout\">\n<div id=\"pg-999-0\" class=\"panel-grid panel-no-style\">\n<div id=\"pgc-999-0-0\" class=\"panel-grid-cell\">\n<div id=\"panel-999-0-0-0\" class=\"so-panel widget widget_sow-editor panel-first-child panel-last-child\">\n<div class=\"so-widget-sow-editor so-widget-sow-editor-base\">\n<div class=\"siteorigin-widget-tinymce textwidget\">\n<p style=\"text-align: justify\"><span style=\"font-family: georgia, palatino, serif;font-size: 12pt\">O est\u00e1gio docente dos p\u00f3s-graduandos ocorre dentro do PPGO na forma de disciplina obrigat\u00f3ria, com dura\u00e7\u00e3o m\u00ednima de dois semestres para n\u00e3o-bolsistas, enquanto bolsistas cumprem est\u00e1gio de doc\u00eancia durante todo o decorrer da dura\u00e7\u00e3o da bolsa. O est\u00e1gio de doc\u00eancia para o Mestrado est\u00e1 organizado de forma sequencial, em que os discentes no Est\u00e1gio de Doc\u00eancia I estudam o PDI da UFPel e de outras institui\u00e7\u00f5es do Brasil, o PPC do curso de Odontologia da UFPel e de outros cursos do Brasil, e trabalham as bases da doc\u00eancia, como estudo de curr\u00edculos em Odontologia, elabora\u00e7\u00e3o de Planos de Ensino de Disciplinas e Planos de Aula, al\u00e9m de acompanhar diferentes aulas te\u00f3ricas da gradua\u00e7\u00e3o.<\/span><\/p>\n<\/div>\n<\/div>\n<\/div>\n<\/div>\n<div id=\"pgc-999-0-1\" class=\"panel-grid-cell\">\n<div id=\"panel-999-0-1-0\" class=\"so-panel widget widget_sow-image panel-first-child panel-last-child\">[siteorigin_widget class=&#8221;SiteOrigin_Widget_Image_Widget&#8221;][\/siteorigin_widget]<\/div>\n<\/div>\n<\/div>\n<div id=\"pg-999-1\" class=\"panel-grid panel-no-style\">\n<div id=\"pgc-999-1-0\" class=\"panel-grid-cell\">\n<div id=\"panel-999-1-0-0\" class=\"so-panel widget widget_sow-image panel-first-child panel-last-child\">[siteorigin_widget class=&#8221;SiteOrigin_Widget_Image_Widget&#8221;][\/siteorigin_widget]<\/div>\n<\/div>\n<div id=\"pgc-999-1-1\" class=\"panel-grid-cell\">\n<div id=\"panel-999-1-1-0\" class=\"so-panel widget widget_sow-editor panel-first-child panel-last-child\">\n<div class=\"so-widget-sow-editor so-widget-sow-editor-base\">\n<div class=\"siteorigin-widget-tinymce textwidget\">\n<p style=\"text-align: justify\"><span style=\"font-family: georgia, palatino, serif;font-size: 12pt\">A partir do Est\u00e1gio de Doc\u00eancia II, os mestrandos s\u00e3o inseridos no est\u00e1gio propriamente dito, come\u00e7ando pela menor complexidade na sua \u00e1rea de concentra\u00e7\u00e3o, e depois evoluindo para os momentos cl\u00ednicos\/te\u00f3ricos mais avan\u00e7ados. \u00c9 um momento considerado nobre dentro da forma\u00e7\u00e3o, na medida em que os discentes atuam dentro das unidades pr\u00e9-cl\u00ednicas e cl\u00ednicas, orientando alunos de gradua\u00e7\u00e3o, monitorados por seus orientadores e outros professores da escola, o que contribui para a intera\u00e7\u00e3o do programa com a gradua\u00e7\u00e3o. Aprendem a orientar, estimulam a gradua\u00e7\u00e3o a obter excelentes resultados no seu trabalho, participam da avalia\u00e7\u00e3o dos trabalhos, ativam o aluno a busca pelo aprendizado e a curiosidade pela pesquisa.<\/span><\/p>\n<\/div>\n<\/div>\n<\/div>\n<\/div>\n<\/div>\n<div id=\"pg-999-2\" class=\"panel-grid panel-no-style\">\n<div id=\"pgc-999-2-0\" class=\"panel-grid-cell\">\n<div id=\"panel-999-2-0-0\" class=\"so-panel widget widget_sow-editor panel-first-child panel-last-child\">\n<div class=\"so-widget-sow-editor so-widget-sow-editor-base\">\n<div class=\"siteorigin-widget-tinymce textwidget\">\n<p style=\"text-align: justify\"><span style=\"font-family: georgia, palatino, serif;font-size: 12pt\">Ao longo dos \u00faltimos anos percebeu-se que o estabelecimento desta din\u00e2mica de est\u00e1gio docente permitiu maior amadurecimento do discente e entendimento do que compreende e qual a finalidade do est\u00e1gio. No doutorado, a disciplina de est\u00e1gio docente intitula-se \u201cEst\u00e1gio de doc\u00eancia e orienta\u00e7\u00e3o de inicia\u00e7\u00e3o cient\u00edfica\u201d, de forma que os doutorandos orientam um ou mais alunos de inicia\u00e7\u00e3o cient\u00edfica do curso de gradua\u00e7\u00e3o, al\u00e9m de realizarem as atividades de orienta\u00e7\u00e3o nas cl\u00ednicas e a participa\u00e7\u00e3o em aulas te\u00f3ricas.<\/span><\/p>\n<\/div>\n<\/div>\n<\/div>\n<\/div>\n<\/div>\n<\/div>\n","protected":false},"excerpt":{"rendered":"<p>O est\u00e1gio docente dos p\u00f3s-graduandos ocorre dentro do PPGO na forma de disciplina obrigat\u00f3ria, com dura\u00e7\u00e3o m\u00ednima de dois semestres para n\u00e3o-bolsistas, enquanto bolsistas cumprem est\u00e1gio de doc\u00eancia durante todo o decorrer da dura\u00e7\u00e3o da bolsa. O est\u00e1gio de doc\u00eancia para o Mestrado est\u00e1 organizado de forma sequencial, em que os discentes no Est\u00e1gio de [&hellip;]<\/p>\n","protected":false},"author":511,"featured_media":0,"parent":337,"menu_order":0,"comment_status":"closed","ping_status":"closed","template":"","meta":{"jetpack_post_was_ever_published":false,"footnotes":""},"class_list":["post-999","page","type-page","status-publish","hentry"],"jetpack_sharing_enabled":true,"jetpack_shortlink":"https:\/\/wp.me\/P9I8SC-g7","publishpress_future_action":{"enabled":false,"date":"2026-04-22 17:52:53","action":"change-status","newStatus":"draft","terms":[],"taxonomy":"","extraData":[]},"publishpress_future_workflow_manual_trigger":{"enabledWorkflows":[]},"_links":{"self":[{"href":"https:\/\/wp.ufpel.edu.br\/ppgo\/wp-json\/wp\/v2\/pages\/999","targetHints":{"allow":["GET"]}}],"collection":[{"href":"https:\/\/wp.ufpel.edu.br\/ppgo\/wp-json\/wp\/v2\/pages"}],"about":[{"href":"https:\/\/wp.ufpel.edu.br\/ppgo\/wp-json\/wp\/v2\/types\/page"}],"author":[{"embeddable":true,"href":"https:\/\/wp.ufpel.edu.br\/ppgo\/wp-json\/wp\/v2\/users\/511"}],"replies":[{"embeddable":true,"href":"https:\/\/wp.ufpel.edu.br\/ppgo\/wp-json\/wp\/v2\/comments?post=999"}],"version-history":[{"count":12,"href":"https:\/\/wp.ufpel.edu.br\/ppgo\/wp-json\/wp\/v2\/pages\/999\/revisions"}],"predecessor-version":[{"id":1032,"href":"https:\/\/wp.ufpel.edu.br\/ppgo\/wp-json\/wp\/v2\/pages\/999\/revisions\/1032"}],"up":[{"embeddable":true,"href":"https:\/\/wp.ufpel.edu.br\/ppgo\/wp-json\/wp\/v2\/pages\/337"}],"wp:attachment":[{"href":"https:\/\/wp.ufpel.edu.br\/ppgo\/wp-json\/wp\/v2\/media?parent=999"}],"curies":[{"name":"wp","href":"https:\/\/api.w.org\/{rel}","templated":true}]}}