{"id":987,"date":"2018-04-02T17:28:57","date_gmt":"2018-04-02T20:28:57","guid":{"rendered":"https:\/\/wp.ufpel.edu.br\/ppgo\/?page_id=987"},"modified":"2024-06-24T19:25:54","modified_gmt":"2024-06-24T22:25:54","slug":"projetos-de-cooperacao","status":"publish","type":"page","link":"https:\/\/wp.ufpel.edu.br\/ppgo\/projetos-de-cooperacao\/","title":{"rendered":"Projetos de Coopera\u00e7\u00e3o"},"content":{"rendered":"<div id=\"pl-987\" class=\"panel-layout\">\n<div id=\"pg-987-0\" class=\"panel-grid panel-no-style\" data-style=\"{&quot;background_display&quot;:&quot;tile&quot;,&quot;full_height&quot;:&quot;&quot;,&quot;cell_alignment&quot;:&quot;flex-start&quot;}\">\n<div id=\"pgc-987-0-0\" class=\"panel-grid-cell panel-grid-cell-mobile-last\" data-weight=\"0.80043859649123\">\n<div id=\"panel-987-0-0-0\" class=\"so-panel widget widget_sow-editor panel-first-child panel-last-child\" data-index=\"0\" data-style=\"{&quot;background_image_attachment&quot;:false,&quot;background_display&quot;:&quot;tile&quot;,&quot;background_image_size&quot;:&quot;full&quot;,&quot;background_image_opacity&quot;:&quot;100&quot;,&quot;border_thickness&quot;:&quot;1px&quot;}\">\n<div class=\"so-widget-sow-editor so-widget-sow-editor-base\">\n<div class=\"siteorigin-widget-tinymce textwidget\">\n<div style=\"text-align: justify;\"><span style=\"font-family: arial, helvetica, sans-serif; font-size: 12pt;\">O PPGO desenvolve atividades de pesquisa e p\u00f3s-gradua\u00e7\u00e3o com diversos grupos programas e institui\u00e7\u00f5es parceiras, tanto em \u00e2mbito local\/regional quanto em n\u00edvel nacional e internacional. Estas parcerias ocorrem tanto com programas e grupos consolidados, buscando incremento qualitativo das atividades de ambos os grupos, como com programas em consolida\u00e7\u00e3o, de forma a ampliar a solidariedade do programa com grupos emergentes. Dados do quadri\u00eanio 2013-2016 indicam que aproximadamente 35% dos artigos completos publicados em peri\u00f3dicos indexados por participantes do programa contaram com co-autoria de parcerias nacionais e 28% contaram com co-autoria internacional. A seguir s\u00e3o listados alguns programas s institui\u00e7\u00f5es que desenvolvem atividades em parceria com o PPGO e alguns projetos espec\u00edficos que est\u00e3o em andamento no programa.<\/span><\/div>\n<div><\/div>\n<\/div>\n<\/div>\n<\/div>\n<\/div>\n<div id=\"pgc-987-0-1\" class=\"panel-grid-cell panel-grid-cell-empty\" data-weight=\"0.19956140350877\"><\/div>\n<\/div>\n<div id=\"pg-987-1\" class=\"panel-grid panel-no-style\" data-style=\"{&quot;background_display&quot;:&quot;tile&quot;,&quot;full_height&quot;:&quot;&quot;,&quot;cell_alignment&quot;:&quot;flex-start&quot;}\">\n<div id=\"pgc-987-1-0\" class=\"panel-grid-cell panel-grid-cell-mobile-last\" data-weight=\"0.80043859649123\">\n<div id=\"panel-987-1-0-0\" class=\"so-panel widget widget_sow-editor panel-first-child panel-last-child\" data-index=\"1\" data-style=\"{&quot;background_image_attachment&quot;:false,&quot;background_display&quot;:&quot;tile&quot;,&quot;background_image_size&quot;:&quot;full&quot;,&quot;background_image_opacity&quot;:&quot;100&quot;,&quot;border_thickness&quot;:&quot;1px&quot;}\">\n<div class=\"so-widget-sow-editor so-widget-sow-editor-base\">\n<div class=\"siteorigin-widget-tinymce textwidget\">\n<div><span style=\"font-family: arial, helvetica, sans-serif; font-size: 12pt; color: #000000;\"><strong><i>Coopera\u00e7\u00e3o local e regional:<\/i><\/strong><\/span><\/div>\n<div><span style=\"font-family: arial, helvetica, sans-serif; font-size: 12pt;\">PPG em Epidemiologia da UFPel<\/span><br \/>\n<span style=\"font-family: arial, helvetica, sans-serif; font-size: 12pt;\"> PPG em Biotecnologia da UFPe<\/span><br \/>\n<span style=\"font-family: arial, helvetica, sans-serif; font-size: 12pt;\"> PPG em Ci\u00eancia e Engenharia de Materiais da UFPel<\/span><br \/>\n<span style=\"font-family: arial, helvetica, sans-serif; font-size: 12pt;\"> PPG em Bioqu\u00edmica e Bioprospec\u00e7\u00e3o da UFPel<\/span><br \/>\n<span style=\"font-family: arial, helvetica, sans-serif; font-size: 12pt;\"> PPG em Sa\u00fade e Comportamento da Universidade Cat\u00f3lica de Pelotas<\/span><br \/>\n<span style=\"font-family: arial, helvetica, sans-serif; font-size: 12pt;\"> Instituto de Qu\u00edmica da Universidade Federal do Rio Grande do Sul<\/span><br \/>\n<span style=\"font-family: arial, helvetica, sans-serif; font-size: 12pt;\"> PPG em Odontologia da da Universidade Federal do Rio Grande do Sul<\/span><br \/>\n<span style=\"font-family: arial, helvetica, sans-serif; font-size: 12pt;\"> PPG em Ci\u00eancias Odontol\u00f3gicas da Universidade Federal de Santa Maria<\/span><br \/>\n<span style=\"font-family: arial, helvetica, sans-serif; font-size: 12pt;\"> PPG em Odontologia da Universidade de Passo Fundo<\/span><br \/>\n<span style=\"font-family: arial, helvetica, sans-serif; font-size: 12pt;\"> PPG em Odontologia do Instituto Meridional<\/span><\/div>\n<div><\/div>\n<\/div>\n<\/div>\n<\/div>\n<\/div>\n<div id=\"pgc-987-1-1\" class=\"panel-grid-cell panel-grid-cell-empty\" data-weight=\"0.19956140350877\"><\/div>\n<\/div>\n<div id=\"pg-987-2\" class=\"panel-grid panel-no-style\" data-style=\"{&quot;background_display&quot;:&quot;tile&quot;,&quot;full_height&quot;:&quot;&quot;,&quot;cell_alignment&quot;:&quot;flex-start&quot;}\">\n<div id=\"pgc-987-2-0\" class=\"panel-grid-cell panel-grid-cell-mobile-last\" data-weight=\"0.80043859649123\">\n<div id=\"panel-987-2-0-0\" class=\"so-panel widget widget_sow-editor panel-first-child panel-last-child\" data-index=\"2\" data-style=\"{&quot;background_image_attachment&quot;:false,&quot;background_display&quot;:&quot;tile&quot;,&quot;background_image_size&quot;:&quot;full&quot;,&quot;background_image_opacity&quot;:&quot;100&quot;,&quot;border_thickness&quot;:&quot;1px&quot;}\">\n<div class=\"so-widget-sow-editor so-widget-sow-editor-base\">\n<div class=\"siteorigin-widget-tinymce textwidget\">\n<div><span style=\"font-family: arial, helvetica, sans-serif; font-size: 12pt; color: #000000;\"><strong style=\"text-align: justify;\"><i>Coopera\u00e7\u00e3o nacional:<\/i><\/strong><\/span><\/div>\n<div style=\"text-align: justify;\"><span style=\"font-family: arial, helvetica, sans-serif; font-size: 12pt;\">PPG em Odontologia da Universidade Federal de Minas Gerais<\/span><\/div>\n<div style=\"text-align: justify;\"><span style=\"font-family: arial, helvetica, sans-serif; font-size: 12pt;\">PPG em Odontologia da Universidade Norte do Paran\u00e1<\/span><br \/>\n<span style=\"font-family: arial, helvetica, sans-serif; font-size: 12pt;\"> PPG em Odontologia da Universidade de Cuiab\u00e1<\/span><\/div>\n<div style=\"text-align: justify;\"><span style=\"font-family: arial, helvetica, sans-serif; font-size: 12pt;\">PPG em Odontologia da Universidade Federal de Sergipe<\/span><\/div>\n<div>\n<p style=\"text-align: justify;\"><span style=\"font-family: arial, helvetica, sans-serif; font-size: 12pt;\">PPG em Odontologia da Universidade Federal do Cear\u00e1<\/span><\/p>\n<p style=\"text-align: justify;\"><span style=\"font-family: arial, helvetica, sans-serif; font-size: 12pt;\">Em 2015 foram iniciadas, as atividades referentes ao Edital CAPES PROCAD para estabelecimento de rede colaborativa envolvendo docentes e discentes das Universidades Federais de Sergipe e Cear\u00e1, sendo a proposta liderada pelo PPGO-UFPel. O projeto prev\u00ea aplica\u00e7\u00e3o de recursos de mais de R$ 600 mil para material de consumo e especialmente para di\u00e1rias e passagens para interc\u00e2mbios de docentes e discentes entre os PPGs envolvidos. Diversas miss\u00f5es de docentes e discentes j\u00e1 foram realizadas entre as institui\u00e7\u00f5es, o que tem sido de extrema validade para todos os participantes. No momento em que lidera uma proposta como esta, o PPGO-UFPel demonstra a maturidade de seus pesquisadores e linhas de pesquisa, al\u00e9m de contribuir para a solidifica\u00e7\u00e3o da pesquisa e p\u00f3s-gradua\u00e7\u00e3o da regi\u00e3o nordeste, contribuindo tamb\u00e9m para a solidariedade do programa.<\/span><\/p>\n<\/div>\n<\/div>\n<\/div>\n<\/div>\n<\/div>\n<div id=\"pgc-987-2-1\" class=\"panel-grid-cell panel-grid-cell-empty\" data-weight=\"0.19956140350877\"><\/div>\n<\/div>\n<div id=\"pg-987-3\" class=\"panel-grid panel-no-style\" data-style=\"{&quot;background_display&quot;:&quot;tile&quot;,&quot;full_height&quot;:&quot;&quot;,&quot;cell_alignment&quot;:&quot;flex-start&quot;}\">\n<div id=\"pgc-987-3-0\" class=\"panel-grid-cell panel-grid-cell-mobile-last\" data-weight=\"0.80043859649123\">\n<div id=\"panel-987-3-0-0\" class=\"so-panel widget widget_sow-editor panel-first-child panel-last-child\" data-index=\"3\" data-style=\"{&quot;background_image_attachment&quot;:false,&quot;background_display&quot;:&quot;tile&quot;,&quot;background_image_size&quot;:&quot;full&quot;,&quot;background_image_opacity&quot;:&quot;100&quot;,&quot;border_thickness&quot;:&quot;1px&quot;}\">\n<div class=\"so-widget-sow-editor so-widget-sow-editor-base\">\n<div class=\"siteorigin-widget-tinymce textwidget\">\n<div>\n<p style=\"text-align: justify;\"><span style=\"font-family: arial, helvetica, sans-serif; font-size: 12pt; color: #ff0000;\"><strong><span style=\"color: #000000;\">Coopera\u00e7\u00e3o internacional: (clique para expandir)<\/span><br \/>\n<\/strong><\/span><\/p>\n<p style=\"text-align: justify;\"><span style=\"font-size: 12pt; font-family: arial, helvetica, sans-serif;\"><strong><strong class=\"collapseomatic \" id=\"id69de32b757565\" rel=\"-highlander\" tabindex=\"0\" title=\"Australian Research Centre for Population Oral Health (ARCPOH), The University of Adelaide\"    >Australian Research Centre for Population Oral Health (ARCPOH), The University of Adelaide<\/strong><div id=\"target-id69de32b757565\" class=\"collapseomatic_content \"><\/strong><\/span><\/p>\n<p style=\"text-align: justify;\"><span style=\"font-size: 12pt; font-family: arial, helvetica, sans-serif;\">Desenvolvimento de trabalhos em epidemiologia da sa\u00fade bucal em colabora\u00e7\u00e3o com os Professores Marco Peres, Karen Peres, Lisa Jamieson e Jason Armfield. Ao menos um artigo internacional tem sido publicado anualmente com estes colaboradores, incluindo diversos artigos em andamento. Destaca-se a realiza\u00e7\u00e3o de est\u00e1gio de doutorado (PDSE CAPES) na institui\u00e7\u00e3o por discente do PPGO, est\u00e1gio de p\u00f3s-doutorado (CNPq) por docente permanente do PPGO e doutorado pleno (DPE-CAPES) por discente egressa do PPGO.<\/span><\/p>\n<p style=\"text-align: justify;\"><span style=\"font-size: 12pt; font-family: arial, helvetica, sans-serif;\"><\/div><\/span><\/p>\n<hr \/>\n<p style=\"text-align: justify;\"><span style=\"font-size: 12pt; font-family: arial, helvetica, sans-serif;\"><strong><strong class=\"collapseomatic \" id=\"id69de32b75762c\" rel=\"-highlander\" tabindex=\"0\" title=\"Mississippi Medical Center, EUA\"    >Mississippi Medical Center, EUA<\/strong><div id=\"target-id69de32b75762c\" class=\"collapseomatic_content \"><\/strong><\/span><\/p>\n<p style=\"text-align: justify;\"><span style=\"font-size: 12pt; font-family: arial, helvetica, sans-serif;\">Esta coopera\u00e7\u00e3o se d\u00e1 na \u00e1rea de refor\u00e7o de cer\u00e2micas odontol\u00f3gicas, em parceria com o Prof. Jason Griggs. O \u00faltimo trabalho publicado em conjunto foi em 2017, e uma discente de doutorado realizou est\u00e1gio de doutorado\u00a0(PDSE CAPES)\u00a0na institui\u00e7\u00e3o.<\/span><\/p>\n<p style=\"text-align: justify;\"><span style=\"font-size: 12pt; font-family: arial, helvetica, sans-serif;\"><\/div><\/span><\/p>\n<hr \/>\n<p style=\"text-align: justify;\"><span style=\"font-size: 12pt; font-family: arial, helvetica, sans-serif;\"><strong><strong class=\"collapseomatic \" id=\"id69de32b75766c\" rel=\"-highlander\" tabindex=\"0\" title=\"New York University, EUA\"    >New York University, EUA<\/strong><div id=\"target-id69de32b75766c\" class=\"collapseomatic_content \"><\/strong><\/span><\/p>\n<p style=\"text-align: justify;\"><span style=\"font-size: 12pt; font-family: arial, helvetica, sans-serif;\">Desenvolvimento de trabalhos com o Prof. Yu Zhang na \u00e1rea de avalia\u00e7\u00e3o de desempenho mec\u00e2nico de cer\u00e2micas e resinas compostas restauradoras de uso odontol\u00f3gico. Anualmente ao menos um artigo internacional tem sido publicado em coopera\u00e7\u00e3o com a institui\u00e7\u00e3o, incluindo 2020. Destaca-se realiza\u00e7\u00e3o de est\u00e1gio de doutorado\u00a0(PDSE CAPES)\u00a0na institui\u00e7\u00e3o, por discente do PPGO.<\/span><\/p>\n<p style=\"text-align: justify;\"><span style=\"font-size: 12pt; font-family: arial, helvetica, sans-serif;\"><\/div><\/span><\/p>\n<hr \/>\n<\/div>\n<p style=\"text-align: justify;\"><span style=\"font-size: 12pt; font-family: arial, helvetica, sans-serif;\"><strong><strong class=\"collapseomatic \" id=\"id69de32b7576a3\" rel=\"-highlander\" tabindex=\"0\" title=\"Ottawa Research and Health Institute, Canad\u00e1\"    >Ottawa Research and Health Institute, Canad\u00e1<\/strong><div id=\"target-id69de32b7576a3\" class=\"collapseomatic_content \"><\/strong><\/span><\/p>\n<p style=\"text-align: justify;\"><span style=\"font-size: 12pt; font-family: arial, helvetica, sans-serif;\">Desenvolvimento de trabalhos com o Prof. David Moher na \u00e1rea de Jornalogia. Desde 2015, ao menos um artigo internacional tem sido publicado em coopera\u00e7\u00e3o com a institui\u00e7\u00e3o, incluindo 2020. Destaca-se realiza\u00e7\u00e3o de est\u00e1gio de doutorado (PDSE CAPES) na institui\u00e7\u00e3o, por dois discentes do PPGO.<\/span><\/p>\n<p style=\"text-align: justify;\"><span style=\"font-size: 12pt; font-family: arial, helvetica, sans-serif;\"><\/div><\/span><\/p>\n<hr \/>\n<p style=\"text-align: justify;\"><span style=\"font-size: 12pt; font-family: arial, helvetica, sans-serif;\"><strong><strong class=\"collapseomatic \" id=\"id69de32b7576d6\" rel=\"-highlander\" tabindex=\"0\" title=\"Radboud University of Nijmegen, Holanda\"    >Radboud University of Nijmegen, Holanda<\/strong><div id=\"target-id69de32b7576d6\" class=\"collapseomatic_content \"><\/strong><\/span><\/p>\n<p style=\"text-align: justify;\"><span style=\"font-size: 12pt; font-family: arial, helvetica, sans-serif;\">Esta parceria j\u00e1 contou com financiamento de editais Capes-Brasil\/Nuffic-Holanda, Pesquisador Visitante Especial CNPq e NIH\/EUA e possui firmado conv\u00eanio de co-tutela entre as institui\u00e7\u00f5es, permitindo dupla titula\u00e7\u00e3o dos discentes. J\u00e1 foram realizadas diversas miss\u00f5es de docentes al\u00e9m de diversos est\u00e1gios de doutorandos e graduandos entre as institui\u00e7\u00f5es.<\/span><\/p>\n<p style=\"text-align: justify;\"><span style=\"font-size: 12pt; font-family: arial, helvetica, sans-serif;\"><\/div><\/span><\/p>\n<hr \/>\n<div>\n<p style=\"text-align: justify;\"><span style=\"font-family: arial, helvetica, sans-serif; font-size: 12pt;\"><strong><strong class=\"collapseomatic \" id=\"id69de32b757706\" rel=\"-highlander\" tabindex=\"0\" title=\"Universidad de la Rep\u00fablica, Uruguai\"    >Universidad de la Rep\u00fablica, Uruguai<\/strong><div id=\"target-id69de32b757706\" class=\"collapseomatic_content \"><\/strong><\/span><\/p>\n<p style=\"text-align: justify;\"><span style=\"font-family: arial, helvetica, sans-serif; font-size: 12pt;\">Os docentes do PPGO tem cooperado com a P\u00f3s-gradua\u00e7\u00e3o da Faculdade de Odontologia da Universidad de la Republica &#8211; UDELAR, nos \u00faltimos 10 anos. Como destaque, podemos citar a\u00e7\u00f5es de coopera\u00e7\u00e3o t\u00e9cnica, incluindo aux\u00edlio no planejamento e trabalho de campo do levantamento nacional de sa\u00fade bucal em adultos e idosos do Uruguai, que gerou uma s\u00e9rie de cinco artigos cient\u00edficos em parceria e co-autoria de docentes do PPGO-UFPel e UDELAR. Dentro do mesmo projeto, o professor Marcos Britto Correa atuou como co-orientador da tese de doutorado da docente Susana Lorenzo na UDELAR, intitulada &#8220;EPIDEMIOLOG\u00cdA DE LA ENFERMEDAD PERIODONTAL EN ADULTOS URUGUAYOS. AN\u00c1LISIS DE SUS FACTORES ASOCIADOS INDIVIDUALES Y CONTEXTUALES ESTUDIO POBLACIONAL EN URUGUAY.&#8221; Dando sequencia a esta parceria, em 2020 o professor Marcos Britto Correa ministrou disciplina modular de &#8220;Practice-based Reserach&#8221; no programa de p\u00f3s-gradua\u00e7\u00e3o da UDELAR. Ainda, o PPGO tem recebido diversos estudantes de p\u00f3s-gradua\u00e7\u00e3o da UDELAR como alunos especiais em disciplinas ofertadas em Pelotas.<\/span><\/p>\n<p style=\"text-align: justify;\"><span style=\"font-size: 12pt; font-family: arial, helvetica, sans-serif;\"><\/div><\/span><\/p>\n<hr \/>\n<p style=\"text-align: justify;\"><span style=\"font-family: arial, helvetica, sans-serif; font-size: 12pt;\"><strong><strong class=\"collapseomatic \" id=\"id69de32b757735\" rel=\"-highlander\" tabindex=\"0\" title=\"Universidad de Chile\"    >Universidad de Chile<\/strong><div id=\"target-id69de32b757735\" class=\"collapseomatic_content \"><\/strong><\/span><\/p>\n<p style=\"text-align: justify;\"><span style=\"font-family: arial, helvetica, sans-serif; font-size: 12pt;\">Coopera\u00e7\u00e3o ativa com trabalhos na \u00e1rea de materiais dent\u00e1rios e odontologia restauradora, inclusive com artigo internacional em coopera\u00e7\u00e3o recentemente aceito para publica\u00e7\u00e3o. O contato principal \u00e9 o Prof. Eduardo Fernandez, alguns artigos j\u00e1 foram publicados em parceria e recentemente um projeto de coopera\u00e7\u00e3o foi enviado a \u00f3rg\u00e3os chilenos de fomento \u00e0 pesquisa e, se aprovado, iniciar\u00e1 em 2021 com or\u00e7amento global de U$ 250,000.<\/span><\/p>\n<p style=\"text-align: justify;\"><span style=\"font-size: 12pt; font-family: arial, helvetica, sans-serif;\"><\/div><\/span><\/p>\n<hr \/>\n<p style=\"text-align: justify;\"><span style=\"font-family: arial, helvetica, sans-serif; font-size: 12pt;\"><strong><strong class=\"collapseomatic \" id=\"id69de32b757763\" rel=\"-highlander\" tabindex=\"0\" title=\"Universidade de M\u00fcnster, Alemanha\"    >Universidade de M\u00fcnster, Alemanha<\/strong><div id=\"target-id69de32b757763\" class=\"collapseomatic_content \"><\/strong><\/span><\/p>\n<p style=\"text-align: justify;\"><span style=\"font-family: arial, helvetica, sans-serif; font-size: 12pt;\">Coopera\u00e7\u00e3o iniciada em 2019, com uma miss\u00e3o CAPES\/PrInt, na figura do Prof. Clovis Faggion, j\u00e1 rendendo duas publica\u00e7\u00f5es internacionais. Os trabalhos s\u00e3o desenvolvidos com base em dados secund\u00e1rios, com \u00eanfase em an\u00e1lises cientom\u00e9tricas. H\u00e1 previs\u00e3o de uma doutoranda do PPGO realizar de est\u00e1gio de doutoramento naquela institui\u00e7\u00e3o nos pr\u00f3ximos 2 anos.<\/span><\/p>\n<p style=\"text-align: justify;\"><span style=\"font-size: 12pt; font-family: arial, helvetica, sans-serif;\"><\/div><\/span><\/p>\n<hr \/>\n<p style=\"text-align: justify;\"><span style=\"font-family: arial, helvetica, sans-serif; font-size: 12pt;\"><strong><strong class=\"collapseomatic \" id=\"id69de32b757791\" rel=\"-highlander\" tabindex=\"0\" title=\"Coopera\u00e7\u00e3o Latinoamericana\"    >Coopera\u00e7\u00e3o Latinoamericana<\/strong><div id=\"target-id69de32b757791\" class=\"collapseomatic_content \"><\/strong><\/span><\/p>\n<p style=\"text-align: justify;\"><span style=\"font-family: arial, helvetica, sans-serif; font-size: 12pt;\">Um estudo multic\u00eantrico, coordenado pelo PPGO UFPel, encontra-se em andamento, objetivando analisar o impacto da pandemia na rotina da pr\u00e1tica odontol\u00f3gica em 12 pa\u00edses da regi\u00e3o latinoamericana. Al\u00e9m do Brasil, os pa\u00edses, pesquisadores e institui\u00e7\u00f5es envolvidas s\u00e3o:<\/span><\/p>\n<p style=\"text-align: justify;\"><span style=\"font-family: arial, helvetica, sans-serif; font-size: 12pt;\">Prof. Andr\u00e9s D\u00e1vila S\u00e1nchez &#8211; Universidad San Francisco de Quito, Ecuador<\/span><\/p>\n<p style=\"text-align: justify;\"><span style=\"font-family: arial, helvetica, sans-serif; font-size: 12pt;\">Prof. Carlos Enrique Cuevas Su\u00e1rez &#8211;\u00a0Universidad Aut\u00f3noma del Estado de Hidalgo, M\u00e9xico<\/span><br \/>\n<span style=\"font-family: arial, helvetica, sans-serif; font-size: 12pt;\">Prof. Eduardo Fern\u00e1ndez Godoy &#8211;\u00a0Universidad Aut\u00f3noma de Chile \/ Universidad de Chile, Chile<\/span><br \/>\n<span style=\"font-family: arial, helvetica, sans-serif; font-size: 12pt;\">Prof. Guillermo Grazioli &#8211;\u00a0Universidad de la Rep\u00fablica, Uruguay<\/span><br \/>\n<span style=\"font-family: arial, helvetica, sans-serif; font-size: 12pt;\">Prof. Luis Alfonso Arana Gordillo &#8211;\u00a0Universidad Santiago de Cali, Colombia<\/span><br \/>\n<span style=\"font-family: arial, helvetica, sans-serif; font-size: 12pt;\">Prof. Luis Felipe Rondon &#8211;\u00a0Universidad de Los Andes, Venezuela<\/span><br \/>\n<span style=\"font-family: arial, helvetica, sans-serif; font-size: 12pt;\">Profa. Mar\u00eda Raquel Fern\u00e1ndez Mor\u00ednigo &#8211;\u00a0Universidad Aut\u00f3noma de Asunci\u00f3n, Paraguay<\/span><br \/>\n<span style=\"font-family: arial, helvetica, sans-serif; font-size: 12pt;\">Profa. Patricia Grau Guill\u00f3n &#8211;\u00a0Universidad Iberoamericana, Rep\u00fablica Dominicana<\/span><br \/>\n<span style=\"font-family: arial, helvetica, sans-serif; font-size: 12pt;\">Profa. Tania Mercedes L\u00f3pez Mart\u00ednez &#8211; Universidad Nacional Aut\u00f3noma de Nicaragua, Nicaragua<\/span><br \/>\n<span style=\"font-family: arial, helvetica, sans-serif; font-size: 12pt;\">Prof. Wilfredo Gustavo Escalante Ot\u00e1rola &#8211;\u00a0Universidad Nacional Jorge Basadre Grohmann, Per\u00fa<\/span><br \/>\n<span style=\"font-family: arial, helvetica, sans-serif; font-size: 12pt;\">Dr. Willy Bustillos Torrez &#8211;\u00a0Bolivia\u00a0(sem institui\u00e7\u00e3o)<\/span><\/p>\n<p style=\"text-align: justify;\"><span style=\"font-size: 12pt; font-family: arial, helvetica, sans-serif;\"><\/div><\/span><\/p>\n<\/div>\n<\/div>\n<\/div>\n<\/div>\n<\/div>\n<div id=\"pgc-987-3-1\" class=\"panel-grid-cell panel-grid-cell-empty\" data-weight=\"0.19956140350877\"><\/div>\n<\/div>\n<\/div>\n","protected":false},"excerpt":{"rendered":"<p>O PPGO desenvolve atividades de pesquisa e p\u00f3s-gradua\u00e7\u00e3o com diversos grupos programas e institui\u00e7\u00f5es parceiras, tanto em \u00e2mbito local\/regional quanto em n\u00edvel nacional e internacional. Estas parcerias ocorrem tanto com programas e grupos consolidados, buscando incremento qualitativo das atividades de ambos os grupos, como com programas em consolida\u00e7\u00e3o, de forma a ampliar a solidariedade do [&hellip;]<\/p>\n","protected":false},"author":511,"featured_media":0,"parent":0,"menu_order":0,"comment_status":"closed","ping_status":"closed","template":"","meta":{"jetpack_post_was_ever_published":false,"footnotes":""},"class_list":["post-987","page","type-page","status-publish","hentry"],"jetpack_sharing_enabled":true,"jetpack_shortlink":"https:\/\/wp.me\/P9I8SC-fV","publishpress_future_action":{"enabled":false,"date":"2026-04-21 09:27:35","action":"change-status","newStatus":"draft","terms":[],"taxonomy":"","extraData":[]},"publishpress_future_workflow_manual_trigger":{"enabledWorkflows":[]},"_links":{"self":[{"href":"https:\/\/wp.ufpel.edu.br\/ppgo\/wp-json\/wp\/v2\/pages\/987","targetHints":{"allow":["GET"]}}],"collection":[{"href":"https:\/\/wp.ufpel.edu.br\/ppgo\/wp-json\/wp\/v2\/pages"}],"about":[{"href":"https:\/\/wp.ufpel.edu.br\/ppgo\/wp-json\/wp\/v2\/types\/page"}],"author":[{"embeddable":true,"href":"https:\/\/wp.ufpel.edu.br\/ppgo\/wp-json\/wp\/v2\/users\/511"}],"replies":[{"embeddable":true,"href":"https:\/\/wp.ufpel.edu.br\/ppgo\/wp-json\/wp\/v2\/comments?post=987"}],"version-history":[{"count":33,"href":"https:\/\/wp.ufpel.edu.br\/ppgo\/wp-json\/wp\/v2\/pages\/987\/revisions"}],"predecessor-version":[{"id":4826,"href":"https:\/\/wp.ufpel.edu.br\/ppgo\/wp-json\/wp\/v2\/pages\/987\/revisions\/4826"}],"wp:attachment":[{"href":"https:\/\/wp.ufpel.edu.br\/ppgo\/wp-json\/wp\/v2\/media?parent=987"}],"curies":[{"name":"wp","href":"https:\/\/api.w.org\/{rel}","templated":true}]}}