{"id":945,"date":"2018-04-02T14:22:29","date_gmt":"2018-04-02T17:22:29","guid":{"rendered":"https:\/\/wp.ufpel.edu.br\/ppgo\/?page_id=945"},"modified":"2024-06-12T14:10:49","modified_gmt":"2024-06-12T17:10:49","slug":"rafa_moraes","status":"publish","type":"page","link":"https:\/\/wp.ufpel.edu.br\/ppgo\/docentes\/rafa_moraes\/","title":{"rendered":"rafa_moraes"},"content":{"rendered":"<div id=\"pl-945\" class=\"panel-layout\">\n<div id=\"pg-945-0\" class=\"panel-grid panel-no-style\" data-style=\"{&quot;background_display&quot;:&quot;tile&quot;,&quot;full_height&quot;:&quot;&quot;,&quot;cell_alignment&quot;:&quot;flex-start&quot;}\">\n<div id=\"pgc-945-0-0\" class=\"panel-grid-cell\" data-weight=\"0.61803399209206\">\n<div id=\"panel-945-0-0-0\" class=\"so-panel widget widget_sow-editor panel-first-child panel-last-child\" data-index=\"0\" data-style=\"{&quot;background_image_attachment&quot;:false,&quot;background_display&quot;:&quot;tile&quot;,&quot;background_image_size&quot;:&quot;full&quot;,&quot;background_image_opacity&quot;:&quot;100&quot;,&quot;border_thickness&quot;:&quot;1px&quot;}\">\n<div class=\"so-widget-sow-editor so-widget-sow-editor-base\">\n<div class=\"siteorigin-widget-tinymce textwidget\">\n<div><span style=\"font-family: arial, helvetica, sans-serif;\"><strong style=\"font-size: 14pt; text-align: justify; color: var(--cor-texto);\"><span style=\"font-size: 18pt;\">Rafael Ratto de Moraes<\/span><\/strong><\/span><a href=\"https:\/\/wp.ufpel.edu.br\/ppgo\/files\/2023\/12\/Foto-Rafael-Moraes-maio-23-scaled.jpg\"><img class=\"wp-image-4327 alignright\" src=\"https:\/\/wp.ufpel.edu.br\/ppgo\/files\/2023\/12\/Foto-Rafael-Moraes-maio-23-1024x1006.jpg\" alt=\"\" width=\"466\" height=\"458\" srcset=\"https:\/\/wp.ufpel.edu.br\/ppgo\/files\/2023\/12\/Foto-Rafael-Moraes-maio-23-1024x1006.jpg 1024w, https:\/\/wp.ufpel.edu.br\/ppgo\/files\/2023\/12\/Foto-Rafael-Moraes-maio-23-400x393.jpg 400w, https:\/\/wp.ufpel.edu.br\/ppgo\/files\/2023\/12\/Foto-Rafael-Moraes-maio-23-768x755.jpg 768w, https:\/\/wp.ufpel.edu.br\/ppgo\/files\/2023\/12\/Foto-Rafael-Moraes-maio-23-1536x1509.jpg 1536w\" sizes=\"(max-width: 466px) 100vw, 466px\" \/><\/a><\/div>\n<div style=\"text-align: justify;\">\n<p><span style=\"font-family: arial, helvetica, sans-serif;\"><a href=\"http:\/\/lattes.cnpq.br\/7911647596492565\"><img class=\"alignnone wp-image-645\" src=\"https:\/\/wp.ufpel.edu.br\/ppgo\/files\/2018\/03\/lattes.png\" alt=\"\" width=\"51\" height=\"29\" \/><\/a> \u00a0<a href=\"https:\/\/orcid.org\/0000-0003-1358-5928\"><img class=\"alignnone wp-image-2428\" src=\"https:\/\/wp.ufpel.edu.br\/ppgo\/files\/2019\/10\/ORCID-icon-e1572004983224.png\" alt=\"\" width=\"26\" height=\"26\" \/><\/a> <a href=\"https:\/\/scholar.google.pt\/citations?hl=pt-BR&amp;user=K2-0NqgAAAAJ\"><img class=\"alignnone wp-image-3705\" src=\"https:\/\/wp.ufpel.edu.br\/ppgo\/files\/2023\/09\/kisspng-computer-science-google-scholar-doctor-of-philosop-google-5ad094511a4771.2300740815236188971077.jpg\" alt=\"\" width=\"27\" height=\"27\" srcset=\"https:\/\/wp.ufpel.edu.br\/ppgo\/files\/2023\/09\/kisspng-computer-science-google-scholar-doctor-of-philosop-google-5ad094511a4771.2300740815236188971077.jpg 260w, https:\/\/wp.ufpel.edu.br\/ppgo\/files\/2023\/09\/kisspng-computer-science-google-scholar-doctor-of-philosop-google-5ad094511a4771.2300740815236188971077-200x200.jpg 200w\" sizes=\"(max-width: 27px) 100vw, 27px\" \/><\/a> <a href=\"https:\/\/www.webofscience.com\/wos\/author\/record\/1890952\"><img class=\"alignnone wp-image-3724\" src=\"https:\/\/wp.ufpel.edu.br\/ppgo\/files\/2023\/09\/3a2304e4-ef4f-4e12-ad2f-e43fab16210f.jpg\" alt=\"\" width=\"29\" height=\"29\" srcset=\"https:\/\/wp.ufpel.edu.br\/ppgo\/files\/2023\/09\/3a2304e4-ef4f-4e12-ad2f-e43fab16210f.jpg 225w, https:\/\/wp.ufpel.edu.br\/ppgo\/files\/2023\/09\/3a2304e4-ef4f-4e12-ad2f-e43fab16210f-200x200.jpg 200w\" sizes=\"(max-width: 29px) 100vw, 29px\" \/><\/a> <a href=\"https:\/\/www.scopus.com\/authid\/detail.uri?authorId=12759789800\"><img class=\"alignnone wp-image-3894\" src=\"https:\/\/wp.ufpel.edu.br\/ppgo\/files\/2023\/09\/download.png\" alt=\"\" width=\"29\" height=\"29\" srcset=\"https:\/\/wp.ufpel.edu.br\/ppgo\/files\/2023\/09\/download.png 225w, https:\/\/wp.ufpel.edu.br\/ppgo\/files\/2023\/09\/download-200x200.png 200w\" sizes=\"(max-width: 29px) 100vw, 29px\" \/><\/a><\/span><\/p>\n<p style=\"text-align: left;\"><span style=\"font-family: arial, helvetica, sans-serif;\"><strong>Forma\u00e7\u00e3o:<\/strong> Graduado em Odontologia pela UFPel (2004), Mestre (2007) e Doutor (2009) pela Faculdade de Odontologia de Piracicaba, UNICAMP com est\u00e1gio de doutoramento no Biomaterials Research Center, \u00a0University of Colorado Health Sciences, EUA<\/span><\/p>\n<p style=\"text-align: left;\"><span style=\"font-family: arial, helvetica, sans-serif;\"><strong>Linhas de Pesquisa:<\/strong> Materiais nanoestruturados, desenvolvimento, controle e caracteriza\u00e7\u00e3o de biomateriais; S\u00edntese do conhecimento em Odontologia<\/span><\/p>\n<p style=\"text-align: left;\"><span style=\"font-family: arial, helvetica, sans-serif;\"><strong>\u00c1rea de atua\u00e7\u00e3o:<\/strong> Materiais Odontol\u00f3gicos e Comunica\u00e7\u00e3o Cient\u00edfica<\/span><\/p>\n<p style=\"text-align: left;\"><span style=\"font-family: arial, helvetica, sans-serif;\"><strong>Outras informa\u00e7\u00f5es:<\/strong> Bolsista de Produtividade em Pesquisa do CNPq, N\u00edvel 1C, Fellow da Academy of Dental Materials, Membro da Sociedade<\/span><\/p>\n<p style=\"text-align: left;\"><span style=\"font-family: arial, helvetica, sans-serif;\"> Brasileira de Pesquisa Odontol\u00f3gica e do Grupo <\/span><span style=\"font-family: arial, helvetica, sans-serif;\">Brasileiro<\/span><span style=\"font-family: arial, helvetica, sans-serif; color: var(--cor-texto);\">de Materiais Dent\u00e1rios, Revisor de mais de <\/span><span style=\"font-family: arial, helvetica, sans-serif; color: var(--cor-texto);\">70 revistas cient\u00edficas internacionais, Experi\u00eancia <\/span><span style=\"font-family: arial, helvetica, sans-serif; color: var(--cor-texto);\">editorial em diversos peri\u00f3dicos internacionais<\/span><\/p>\n<\/div>\n<\/div>\n<\/div>\n<\/div>\n<\/div>\n<\/div>\n<\/div>\n","protected":false},"excerpt":{"rendered":"<p>Rafael Ratto de Moraes \u00a0 Forma\u00e7\u00e3o: Graduado em Odontologia pela UFPel (2004), Mestre (2007) e Doutor (2009) pela Faculdade de Odontologia de Piracicaba, UNICAMP com est\u00e1gio de doutoramento no Biomaterials Research Center, \u00a0University of Colorado Health Sciences, EUA Linhas de Pesquisa: Materiais nanoestruturados, desenvolvimento, controle e caracteriza\u00e7\u00e3o de biomateriais; S\u00edntese do conhecimento em Odontologia \u00c1rea [&hellip;]<\/p>\n","protected":false},"author":511,"featured_media":0,"parent":350,"menu_order":0,"comment_status":"closed","ping_status":"closed","template":"","meta":{"jetpack_post_was_ever_published":false,"footnotes":""},"class_list":["post-945","page","type-page","status-publish","hentry"],"jetpack_sharing_enabled":true,"jetpack_shortlink":"https:\/\/wp.me\/P9I8SC-ff","publishpress_future_action":{"enabled":false,"date":"2026-04-23 02:43:46","action":"change-status","newStatus":"draft","terms":[],"taxonomy":"","extraData":[]},"publishpress_future_workflow_manual_trigger":{"enabledWorkflows":[]},"_links":{"self":[{"href":"https:\/\/wp.ufpel.edu.br\/ppgo\/wp-json\/wp\/v2\/pages\/945","targetHints":{"allow":["GET"]}}],"collection":[{"href":"https:\/\/wp.ufpel.edu.br\/ppgo\/wp-json\/wp\/v2\/pages"}],"about":[{"href":"https:\/\/wp.ufpel.edu.br\/ppgo\/wp-json\/wp\/v2\/types\/page"}],"author":[{"embeddable":true,"href":"https:\/\/wp.ufpel.edu.br\/ppgo\/wp-json\/wp\/v2\/users\/511"}],"replies":[{"embeddable":true,"href":"https:\/\/wp.ufpel.edu.br\/ppgo\/wp-json\/wp\/v2\/comments?post=945"}],"version-history":[{"count":24,"href":"https:\/\/wp.ufpel.edu.br\/ppgo\/wp-json\/wp\/v2\/pages\/945\/revisions"}],"predecessor-version":[{"id":4799,"href":"https:\/\/wp.ufpel.edu.br\/ppgo\/wp-json\/wp\/v2\/pages\/945\/revisions\/4799"}],"up":[{"embeddable":true,"href":"https:\/\/wp.ufpel.edu.br\/ppgo\/wp-json\/wp\/v2\/pages\/350"}],"wp:attachment":[{"href":"https:\/\/wp.ufpel.edu.br\/ppgo\/wp-json\/wp\/v2\/media?parent=945"}],"curies":[{"name":"wp","href":"https:\/\/api.w.org\/{rel}","templated":true}]}}