{"id":927,"date":"2018-03-20T10:51:24","date_gmt":"2018-03-20T13:51:24","guid":{"rendered":"https:\/\/wp.ufpel.edu.br\/ppgo\/?page_id=927"},"modified":"2024-05-31T10:52:59","modified_gmt":"2024-05-31T13:52:59","slug":"adriana_silva","status":"publish","type":"page","link":"https:\/\/wp.ufpel.edu.br\/ppgo\/docentes\/adriana_silva\/","title":{"rendered":"adriana_silva"},"content":{"rendered":"<div id=\"pl-927\" class=\"panel-layout\">\n<div id=\"pg-927-0\" class=\"panel-grid panel-no-style\" data-style=\"{&quot;background_display&quot;:&quot;tile&quot;,&quot;full_height&quot;:&quot;&quot;,&quot;cell_alignment&quot;:&quot;flex-start&quot;}\">\n<div id=\"pgc-927-0-0\" class=\"panel-grid-cell\" data-weight=\"0.61803399209206\">\n<div id=\"panel-927-0-0-0\" class=\"so-panel widget widget_sow-editor panel-first-child panel-last-child\" data-index=\"0\" data-style=\"{&quot;background_image_attachment&quot;:false,&quot;background_display&quot;:&quot;tile&quot;,&quot;background_image_size&quot;:&quot;full&quot;,&quot;background_image_opacity&quot;:&quot;100&quot;,&quot;border_thickness&quot;:&quot;1px&quot;}\">\n<div class=\"so-widget-sow-editor so-widget-sow-editor-base\">\n<div class=\"siteorigin-widget-tinymce textwidget\">\n<div style=\"text-align: justify;\">\n<p style=\"text-align: justify;\"><span style=\"font-family: georgia, palatino, serif; font-size: 14pt;\"><strong>Adriana Fernandes da Silva<\/strong><\/span><\/p>\n<p><span style=\"font-family: georgia, palatino, serif;\"><a href=\"http:\/\/lattes.cnpq.br\/5446173047870288\"><img class=\"alignnone wp-image-645\" src=\"https:\/\/wp.ufpel.edu.br\/ppgo\/files\/2018\/03\/lattes.png\" alt=\"\" width=\"39\" height=\"22\" \/><\/a> \u00a0\u00a0 <a href=\"https:\/\/orcid.org\/0000-0002-3942-7138\"><img class=\"alignnone size-full wp-image-2428\" src=\"https:\/\/wp.ufpel.edu.br\/ppgo\/files\/2019\/10\/ORCID-icon-e1572004983224.png\" alt=\"\" width=\"20\" height=\"20\" \/><\/a>\u00a0 \u00a0 <a href=\"https:\/\/scholar.google.com.br\/citations?hl=pt-BR&amp;user=U6oudFIAAAAJ\"><img class=\"alignnone wp-image-3705\" src=\"https:\/\/wp.ufpel.edu.br\/ppgo\/files\/2023\/09\/kisspng-computer-science-google-scholar-doctor-of-philosop-google-5ad094511a4771.2300740815236188971077.jpg\" alt=\"\" width=\"20\" height=\"20\" srcset=\"https:\/\/wp.ufpel.edu.br\/ppgo\/files\/2023\/09\/kisspng-computer-science-google-scholar-doctor-of-philosop-google-5ad094511a4771.2300740815236188971077.jpg 260w, https:\/\/wp.ufpel.edu.br\/ppgo\/files\/2023\/09\/kisspng-computer-science-google-scholar-doctor-of-philosop-google-5ad094511a4771.2300740815236188971077-200x200.jpg 200w\" sizes=\"(max-width: 20px) 100vw, 20px\" \/><\/a>\u00a0 \u00a0 <a href=\"https:\/\/www.webofscience.com\/wos\/author\/record\/818350\"><img class=\"alignnone wp-image-3724\" src=\"https:\/\/wp.ufpel.edu.br\/ppgo\/files\/2023\/09\/3a2304e4-ef4f-4e12-ad2f-e43fab16210f.jpg\" alt=\"\" width=\"26\" height=\"26\" srcset=\"https:\/\/wp.ufpel.edu.br\/ppgo\/files\/2023\/09\/3a2304e4-ef4f-4e12-ad2f-e43fab16210f.jpg 225w, https:\/\/wp.ufpel.edu.br\/ppgo\/files\/2023\/09\/3a2304e4-ef4f-4e12-ad2f-e43fab16210f-200x200.jpg 200w\" sizes=\"(max-width: 26px) 100vw, 26px\" \/><\/a> <a href=\"https:\/\/www.scopus.com\/authid\/detail.uri?authorId=26532321500\"><img class=\"alignnone wp-image-3894\" src=\"https:\/\/wp.ufpel.edu.br\/ppgo\/files\/2023\/09\/download.png\" alt=\"\" width=\"28\" height=\"28\" srcset=\"https:\/\/wp.ufpel.edu.br\/ppgo\/files\/2023\/09\/download.png 225w, https:\/\/wp.ufpel.edu.br\/ppgo\/files\/2023\/09\/download-200x200.png 200w\" sizes=\"(max-width: 28px) 100vw, 28px\" \/><\/a><\/span><\/p>\n<p><a href=\"https:\/\/wp.ufpel.edu.br\/ppgo\/files\/2018\/04\/IMG_0542.jpg\"><img class=\"size-full wp-image-1072 alignright\" src=\"https:\/\/wp.ufpel.edu.br\/ppgo\/files\/2018\/04\/IMG_0542.jpg\" alt=\"\" width=\"273\" height=\"378\" \/><\/a><\/p>\n<p style=\"text-align: justify;\"><span style=\"font-family: georgia, palatino, serif; font-size: 12pt;\"><strong>Forma\u00e7\u00e3o:<\/strong> Doutora em Biologia Buco-Dental\/UNICAMP\/BR<\/span><\/p>\n<p style=\"text-align: justify;\"><span style=\"font-family: georgia, palatino, serif; font-size: 12pt;\"><strong>Linhas de Pesquisa:<\/strong>\u00a0Engenharia tecidual, biocompatibilidade e investiga\u00e7\u00e3o de materiais bioativos<\/span><\/p>\n<p style=\"text-align: justify;\"><span style=\"font-family: georgia, palatino, serif; font-size: 12pt;\"><strong>\u00c1rea de atua\u00e7\u00e3o:<\/strong>\u00a0Engenharia Tecidual, atuando em rotas metab\u00f3licas, prote\u00ednas e scaffolds.<\/span><\/p>\n<p style=\"text-align: left;\"><span style=\"font-family: georgia, palatino, serif; font-size: 12pt;\"><strong>Outras informa\u00e7\u00f5es:<\/strong>\u00a0Adriana Silva \u00e9 Cirurgi\u00e3-Dentista, Mestre em Dent\u00edstica pela Universidade Federal de Pelotas (UFPel). Doutora em Biologia Buco-Dental pela Universidade de Campinas (UNICAMP) e P\u00f3s-doutora pela University of Michigan (USA) na \u00e1rea de Engenharia Tecidual, atuando em rotas metab\u00f3licas, prote\u00ednas e scaffolds. Professora Associada da Faculdade de Odontologia da UFPel e docente permanente no Programa consolidado de Po\u0301s\u00ad-Graduac\u0327a\u0303o em Odontologia da UFPel, atuando nas disciplinas de Cl\u00ednica Odontol\u00f3gica e Engenharia tecidual. Membro integrante do Centro de Desenvolvimento e Controle de Biomateriais (CDC-Bio) e do Laborat\u00f3rio de Cultivo Celular e de Biologia Molecular (NCT-BIO), ambos da UFPel. Atua nas \u00e1reas de pesquisa de biologia celular e molecular, engenharia biom\u00e9dica e desenvolvimento de novos biomateriais. Membro do diret\u00f3rio do grupo de pesquisa Engenharia Tecidual, biocompatibilidade e investiga\u00e7\u00e3o de materiais bioativos o qual tem por objetivo caracterizar os efeitos biol\u00f3gicos de novos materiais aplicados a engenharia de \u00f3rg\u00e3os e tecidos com scaffolds \u00f3sseos e scaffolds para engenharia da polpa dent\u00e1ria; investigar a biocompatibilidade de novo materiais, incluindo materiais comp\u00f3sitos nanoestruturados, materiais polim\u00e9ricos e desenvolver novos sistemas de entrega de f\u00e1rmacos e fatores morfog\u00eanicos aplicados a estrat\u00e9gias da engenharia tecidual. Membro tamb\u00e9m do Comit\u00ea de \u00c9tica em Pesquisa da Faculdade de Odontologia da UFPel. E\u0301 orientadora de iniciac\u0327a\u0303o cienti\u0301fica e tecnol\u00f3gica, mestrado, doutorado nas a\u0301reas de Materiais Odontol\u00f3gicos e Biologia Oral e Clinica Odontol\u00f3gica. Possui projetos na area de Inova\u00e7\u00e3o Tecnol\u00f3gica e Social. Membro de comit\u00ea de assessoramento &#8220;ad hoc&#8221; do CNPq e CAPES. Nos u\u0301ltimos anos produziu cerca de 40 artigos cienti\u0301ficos em perio\u0301dicos internacionais, 13 PATENTES, sendo 2 delas internacionais, indice h10 na base SCOPUS, 3 livros, 4 capi\u0301tulos de livro. Aprovou fomento a pesquisa na qualidade de coordenadora, junto ao CNPq e Funda\u00e7\u00e3o de Amparo a pesquisa do Estado do Rio Grande do Sul (FAPERGS). Orientou\/co-\u00adorientou 24 alunos, entre bolsistas inicia\u00e7\u00e3o cientifica, mestrado e doutorado. Coordenou o projeto de extens\u00e3o Rede de Discuss\u00e3o Cient\u00edfica e Tecnol\u00f3gica com \u00eanfase em odontologia. Atualmente possui entre orienta\u00e7\u00e3o e co-orienta\u00e7\u00e3o 5 p\u00f3s-graduandos, 2 de mestrado, 2 de doutorado. Membro da International Association of Dental Research e membro do comite internacional &#8220;Pulp Biology and Regeneration Group&#8221;. Membro da Sociedade Brasileira de Pesquisa Odontol\u00f3gica (SBPqO). Pesquisador colaborador nos projetos entre Finep\/Cnpq\/UFPel e empresa Angelus S\/A de produtos Odontol\u00f3gicos. Tamb\u00e9m, faz parte como colaboradora do projeto multicentrico entre UFRGS e Reino Unido: Biocompatibility and corrosion resistance of metallic materials coated with sol-gel hybrid films, collaboration with Professor Celia Malfatti (Federal University of Rio Grande do Sul (UFRGS) Brazil.<\/span><\/p>\n<p style=\"text-align: justify;\"><span style=\"font-family: georgia, palatino, serif; font-size: 12pt;\"><b>\u00a0<\/b><\/span><\/p>\n<p>&nbsp;<\/p>\n<\/div>\n<div style=\"text-align: justify;\"><span style=\"font-family: georgia, palatino, serif; font-size: 12pt;\">\u00a0<\/span><\/div>\n<\/div>\n<\/div>\n<\/div>\n<\/div>\n<div id=\"pgc-927-0-1\" class=\"panel-grid-cell\" data-weight=\"0.38196600790794\">\n<div id=\"panel-927-0-1-0\" class=\"so-panel widget widget_media_image panel-first-child panel-last-child\" data-index=\"1\" data-style=\"{&quot;background_display&quot;:&quot;tile&quot;}\"><\/div>\n<\/div>\n<\/div>\n<\/div>\n","protected":false},"excerpt":{"rendered":"<p>Adriana Fernandes da Silva \u00a0\u00a0 \u00a0 \u00a0 \u00a0 \u00a0 Forma\u00e7\u00e3o: Doutora em Biologia Buco-Dental\/UNICAMP\/BR Linhas de Pesquisa:\u00a0Engenharia tecidual, biocompatibilidade e investiga\u00e7\u00e3o de materiais bioativos \u00c1rea de atua\u00e7\u00e3o:\u00a0Engenharia Tecidual, atuando em rotas metab\u00f3licas, prote\u00ednas e scaffolds. Outras informa\u00e7\u00f5es:\u00a0Adriana Silva \u00e9 Cirurgi\u00e3-Dentista, Mestre em Dent\u00edstica pela Universidade Federal de Pelotas (UFPel). Doutora em Biologia Buco-Dental pela Universidade [&hellip;]<\/p>\n","protected":false},"author":511,"featured_media":0,"parent":350,"menu_order":0,"comment_status":"closed","ping_status":"closed","template":"","meta":{"jetpack_post_was_ever_published":false,"footnotes":""},"class_list":["post-927","page","type-page","status-publish","hentry"],"jetpack_sharing_enabled":true,"jetpack_shortlink":"https:\/\/wp.me\/P9I8SC-eX","publishpress_future_action":{"enabled":false,"date":"2026-04-23 02:00:50","action":"change-status","newStatus":"draft","terms":[],"taxonomy":"","extraData":[]},"publishpress_future_workflow_manual_trigger":{"enabledWorkflows":[]},"_links":{"self":[{"href":"https:\/\/wp.ufpel.edu.br\/ppgo\/wp-json\/wp\/v2\/pages\/927","targetHints":{"allow":["GET"]}}],"collection":[{"href":"https:\/\/wp.ufpel.edu.br\/ppgo\/wp-json\/wp\/v2\/pages"}],"about":[{"href":"https:\/\/wp.ufpel.edu.br\/ppgo\/wp-json\/wp\/v2\/types\/page"}],"author":[{"embeddable":true,"href":"https:\/\/wp.ufpel.edu.br\/ppgo\/wp-json\/wp\/v2\/users\/511"}],"replies":[{"embeddable":true,"href":"https:\/\/wp.ufpel.edu.br\/ppgo\/wp-json\/wp\/v2\/comments?post=927"}],"version-history":[{"count":31,"href":"https:\/\/wp.ufpel.edu.br\/ppgo\/wp-json\/wp\/v2\/pages\/927\/revisions"}],"predecessor-version":[{"id":4650,"href":"https:\/\/wp.ufpel.edu.br\/ppgo\/wp-json\/wp\/v2\/pages\/927\/revisions\/4650"}],"up":[{"embeddable":true,"href":"https:\/\/wp.ufpel.edu.br\/ppgo\/wp-json\/wp\/v2\/pages\/350"}],"wp:attachment":[{"href":"https:\/\/wp.ufpel.edu.br\/ppgo\/wp-json\/wp\/v2\/media?parent=927"}],"curies":[{"name":"wp","href":"https:\/\/api.w.org\/{rel}","templated":true}]}}