{"id":874,"date":"2018-03-08T15:40:23","date_gmt":"2018-03-08T18:40:23","guid":{"rendered":"https:\/\/wp.ufpel.edu.br\/ppgo\/?page_id=874"},"modified":"2024-06-03T09:32:03","modified_gmt":"2024-06-03T12:32:03","slug":"clinica-odontologica","status":"publish","type":"page","link":"https:\/\/wp.ufpel.edu.br\/ppgo\/areas-de-concentracao\/clinica-odontologica\/","title":{"rendered":"Cl\u00ednica Odontol\u00f3gica"},"content":{"rendered":"<div id=\"pl-874\" class=\"panel-layout\">\n<div id=\"pg-874-0\" class=\"panel-grid panel-no-style\" data-style=\"{&quot;background_image_attachment&quot;:false,&quot;background_display&quot;:&quot;tile&quot;,&quot;cell_alignment&quot;:&quot;flex-start&quot;}\" data-ratio=\"0.61803398\" data-ratio-direction=\"right\">\n<div id=\"pgc-874-0-0\" class=\"panel-grid-cell\" data-weight=\"0.61803399209206\">\n<div id=\"panel-874-0-0-0\" class=\"so-panel widget widget_sow-editor panel-first-child panel-last-child\" data-index=\"0\" data-style=\"{&quot;background_image_attachment&quot;:false,&quot;background_display&quot;:&quot;tile&quot;}\">\n<div class=\"so-widget-sow-editor so-widget-sow-editor-base\">\n<div class=\"siteorigin-widget-tinymce textwidget\">\n<p><span style=\"font-family: arial, helvetica, sans-serif; font-size: 12pt;\">As \u00eanfases constitu\u00eddas na \u00e1rea Cl\u00ednica Odontol\u00f3gica s\u00e3o:<\/span><\/p>\n<ul>\n<li><span style=\"font-family: arial, helvetica, sans-serif; font-size: 12pt;\">Cirurgia e Traumatologia Bucomaxilofacial<\/span><\/li>\n<li><span style=\"font-family: arial, helvetica, sans-serif; font-size: 12pt;\">Dent\u00edstica e Cariologia<\/span><\/li>\n<li><span style=\"font-family: arial, helvetica, sans-serif; font-size: 12pt;\">Diagn\u00f3stico Bucal<\/span><\/li>\n<li><span style=\"font-family: arial, helvetica, sans-serif; font-size: 12pt;\">Endodontia<\/span><\/li>\n<li><span style=\"font-family: arial, helvetica, sans-serif; font-size: 12pt;\">Odontopediatria<\/span><\/li>\n<li><span style=\"font-family: arial, helvetica, sans-serif; font-size: 12pt;\">Periodontia<\/span><\/li>\n<li><span style=\"font-family: arial, helvetica, sans-serif; font-size: 12pt;\">Pr\u00f3tese Dent\u00e1ria<\/span><\/li>\n<\/ul>\n<\/div>\n<\/div>\n<\/div>\n<\/div>\n<\/div>\n<\/div>\n","protected":false},"excerpt":{"rendered":"<p>As \u00eanfases constitu\u00eddas na \u00e1rea Cl\u00ednica Odontol\u00f3gica s\u00e3o: Cirurgia e Traumatologia Bucomaxilofacial Dent\u00edstica e Cariologia Diagn\u00f3stico Bucal Endodontia Odontopediatria Periodontia Pr\u00f3tese Dent\u00e1ria<\/p>\n","protected":false},"author":511,"featured_media":0,"parent":331,"menu_order":0,"comment_status":"closed","ping_status":"closed","template":"","meta":{"jetpack_post_was_ever_published":false,"footnotes":""},"class_list":["post-874","page","type-page","status-publish","hentry"],"jetpack_sharing_enabled":true,"jetpack_shortlink":"https:\/\/wp.me\/P9I8SC-e6","publishpress_future_action":{"enabled":false,"date":"2026-04-22 13:17:19","action":"change-status","newStatus":"draft","terms":[],"taxonomy":"","extraData":[]},"publishpress_future_workflow_manual_trigger":{"enabledWorkflows":[]},"_links":{"self":[{"href":"https:\/\/wp.ufpel.edu.br\/ppgo\/wp-json\/wp\/v2\/pages\/874","targetHints":{"allow":["GET"]}}],"collection":[{"href":"https:\/\/wp.ufpel.edu.br\/ppgo\/wp-json\/wp\/v2\/pages"}],"about":[{"href":"https:\/\/wp.ufpel.edu.br\/ppgo\/wp-json\/wp\/v2\/types\/page"}],"author":[{"embeddable":true,"href":"https:\/\/wp.ufpel.edu.br\/ppgo\/wp-json\/wp\/v2\/users\/511"}],"replies":[{"embeddable":true,"href":"https:\/\/wp.ufpel.edu.br\/ppgo\/wp-json\/wp\/v2\/comments?post=874"}],"version-history":[{"count":8,"href":"https:\/\/wp.ufpel.edu.br\/ppgo\/wp-json\/wp\/v2\/pages\/874\/revisions"}],"predecessor-version":[{"id":4728,"href":"https:\/\/wp.ufpel.edu.br\/ppgo\/wp-json\/wp\/v2\/pages\/874\/revisions\/4728"}],"up":[{"embeddable":true,"href":"https:\/\/wp.ufpel.edu.br\/ppgo\/wp-json\/wp\/v2\/pages\/331"}],"wp:attachment":[{"href":"https:\/\/wp.ufpel.edu.br\/ppgo\/wp-json\/wp\/v2\/media?parent=874"}],"curies":[{"name":"wp","href":"https:\/\/api.w.org\/{rel}","templated":true}]}}