{"id":782,"date":"2018-03-08T11:15:08","date_gmt":"2018-03-08T14:15:08","guid":{"rendered":"https:\/\/wp.ufpel.edu.br\/ppgo\/?page_id=782"},"modified":"2024-05-31T11:09:44","modified_gmt":"2024-05-31T14:09:44","slug":"cesare","status":"publish","type":"page","link":"https:\/\/wp.ufpel.edu.br\/ppgo\/docentes\/cesare\/","title":{"rendered":"cesare"},"content":{"rendered":"<div id=\"pl-782\" class=\"panel-layout\">\n<div id=\"pg-782-0\" class=\"panel-grid panel-no-style\" data-style=\"{&quot;background_display&quot;:&quot;tile&quot;,&quot;full_height&quot;:&quot;&quot;,&quot;cell_alignment&quot;:&quot;flex-start&quot;}\">\n<div id=\"pgc-782-0-0\" class=\"panel-grid-cell\" data-weight=\"0.61803399209206\">\n<div id=\"panel-782-0-0-0\" class=\"so-panel widget widget_sow-editor panel-first-child panel-last-child\" data-index=\"0\" data-style=\"{&quot;background_image_attachment&quot;:false,&quot;background_display&quot;:&quot;tile&quot;,&quot;background_image_size&quot;:&quot;full&quot;,&quot;background_image_opacity&quot;:&quot;100&quot;,&quot;border_thickness&quot;:&quot;1px&quot;}\">\n<div class=\"so-widget-sow-editor so-widget-sow-editor-base\">\n<div class=\"siteorigin-widget-tinymce textwidget\">\n<p style=\"text-align: justify;\"><span style=\"font-size: 18pt; font-family: georgia, palatino, serif;\"><strong>C\u00e9sar Dalmolin Bergoli<\/strong><\/span><a href=\"https:\/\/wp.ufpel.edu.br\/ppgo\/files\/2018\/04\/Cesar-sem-background.jpg\"><img class=\"size-full wp-image-1076 alignright\" src=\"https:\/\/wp.ufpel.edu.br\/ppgo\/files\/2018\/04\/Cesar-sem-background.jpg\" alt=\"\" width=\"273\" height=\"378\" \/><\/a><\/p>\n<p><span style=\"font-family: georgia, palatino, serif;\"><a href=\"http:\/\/lattes.cnpq.br\/4313918234580023\"><img class=\"alignnone wp-image-645\" src=\"https:\/\/wp.ufpel.edu.br\/ppgo\/files\/2018\/03\/lattes.png\" alt=\"\" width=\"59\" height=\"33\" \/><\/a>\u00a0<a href=\"https:\/\/orcid.org\/0000-0003-4835-8477\"><img class=\"alignnone wp-image-2428\" src=\"https:\/\/wp.ufpel.edu.br\/ppgo\/files\/2019\/10\/ORCID-icon-e1572004983224.png\" alt=\"\" width=\"29\" height=\"29\" \/><\/a> <a href=\"https:\/\/scholar.google.pt\/citations?hl=pt-BR&amp;user=r5yOZ1oAAAAJ\"><img class=\"alignnone wp-image-3705\" src=\"https:\/\/wp.ufpel.edu.br\/ppgo\/files\/2023\/09\/kisspng-computer-science-google-scholar-doctor-of-philosop-google-5ad094511a4771.2300740815236188971077.jpg\" alt=\"\" width=\"27\" height=\"27\" srcset=\"https:\/\/wp.ufpel.edu.br\/ppgo\/files\/2023\/09\/kisspng-computer-science-google-scholar-doctor-of-philosop-google-5ad094511a4771.2300740815236188971077.jpg 260w, https:\/\/wp.ufpel.edu.br\/ppgo\/files\/2023\/09\/kisspng-computer-science-google-scholar-doctor-of-philosop-google-5ad094511a4771.2300740815236188971077-200x200.jpg 200w\" sizes=\"(max-width: 27px) 100vw, 27px\" \/><\/a> <a href=\"https:\/\/www.webofscience.com\/wos\/author\/record\/2012452\"><img class=\"alignnone wp-image-3724\" src=\"https:\/\/wp.ufpel.edu.br\/ppgo\/files\/2023\/09\/3a2304e4-ef4f-4e12-ad2f-e43fab16210f.jpg\" alt=\"\" width=\"27\" height=\"27\" srcset=\"https:\/\/wp.ufpel.edu.br\/ppgo\/files\/2023\/09\/3a2304e4-ef4f-4e12-ad2f-e43fab16210f.jpg 225w, https:\/\/wp.ufpel.edu.br\/ppgo\/files\/2023\/09\/3a2304e4-ef4f-4e12-ad2f-e43fab16210f-200x200.jpg 200w\" sizes=\"(max-width: 27px) 100vw, 27px\" \/><\/a> <a href=\"https:\/\/www.scopus.com\/authid\/detail.uri?authorId=50561024700\"><img class=\"alignnone wp-image-3894\" src=\"https:\/\/wp.ufpel.edu.br\/ppgo\/files\/2023\/09\/download.png\" alt=\"\" width=\"29\" height=\"29\" srcset=\"https:\/\/wp.ufpel.edu.br\/ppgo\/files\/2023\/09\/download.png 225w, https:\/\/wp.ufpel.edu.br\/ppgo\/files\/2023\/09\/download-200x200.png 200w\" sizes=\"(max-width: 29px) 100vw, 29px\" \/><\/a><\/span><\/p>\n<p style=\"text-align: justify;\"><span style=\"font-family: georgia, palatino, serif; font-size: 12pt;\"><strong>Forma\u00e7\u00e3o:<\/strong> Especialista em Pr\u00f3tese Dent\u00e1ria SOBRESP &#8211; UNICSUL, Mestre em Pr\u00f3tese Dent\u00e1ria &#8211; UFSM\/UFRGS, Doutor em Pr\u00f3tese Dent\u00e1ria &#8211; UNESP &#8211; FOSJC.<\/span><\/p>\n<p style=\"text-align: justify;\"><span style=\"font-family: georgia, palatino, serif; font-size: 12pt;\"><strong>Linha de pesquisa:<\/strong> Desfechos em Sa\u00fade Bucal, influ\u00eancias dos determinantes sociais, socioecon\u00f4micos, cl\u00ednicos e comportamentais;\u00a0Efetividade de interven\u00e7\u00f5es cl\u00ednicas em Odontologia.<\/span><\/p>\n<p style=\"text-align: justify;\"><span style=\"font-family: georgia, palatino, serif; font-size: 12pt;\"><strong>\u00c1rea de atua\u00e7\u00e3o:<\/strong> Pr\u00f3tese Dent\u00e1ria, Implantodontia e Oclus\u00e3o.<\/span><\/p>\n<p style=\"text-align: justify;\"><span style=\"font-family: georgia, palatino, serif; font-size: 12pt;\"><strong>Outras informa\u00e7\u00f5es:<\/strong> Desenvolve pesquisas laboratoriais com foco na biomec\u00e2nica de dentes tratados endod\u00f4nticamente, atrav\u00e9s de testes in vitro e pelo m\u00e9todo de avalia\u00e7\u00e3o por elementos finitos. Tamb\u00e9m desenvolve estudos cl\u00ednicos dentro da \u00e1rea de Pr\u00f3tese Dent\u00e1ria e Implantes Dent\u00e1rios, com foco na avalia\u00e7\u00e3o da longevidade e sucesso das interven\u00e7\u00f5es.<\/span><\/p>\n<\/div>\n<\/div>\n<\/div>\n<\/div>\n<div id=\"pgc-782-0-1\" class=\"panel-grid-cell\" data-weight=\"0.38196600790794\">\n<div id=\"panel-782-0-1-0\" class=\"so-panel widget widget_sow-image panel-first-child panel-last-child\" data-index=\"1\" data-style=\"{&quot;background_display&quot;:&quot;tile&quot;}\"><\/div>\n<\/div>\n<\/div>\n<\/div>\n","protected":false},"excerpt":{"rendered":"<p>C\u00e9sar Dalmolin Bergoli \u00a0 Forma\u00e7\u00e3o: Especialista em Pr\u00f3tese Dent\u00e1ria SOBRESP &#8211; UNICSUL, Mestre em Pr\u00f3tese Dent\u00e1ria &#8211; UFSM\/UFRGS, Doutor em Pr\u00f3tese Dent\u00e1ria &#8211; UNESP &#8211; FOSJC. Linha de pesquisa: Desfechos em Sa\u00fade Bucal, influ\u00eancias dos determinantes sociais, socioecon\u00f4micos, cl\u00ednicos e comportamentais;\u00a0Efetividade de interven\u00e7\u00f5es cl\u00ednicas em Odontologia. \u00c1rea de atua\u00e7\u00e3o: Pr\u00f3tese Dent\u00e1ria, Implantodontia e Oclus\u00e3o. Outras [&hellip;]<\/p>\n","protected":false},"author":511,"featured_media":0,"parent":350,"menu_order":0,"comment_status":"closed","ping_status":"closed","template":"","meta":{"jetpack_post_was_ever_published":false,"footnotes":""},"class_list":["post-782","page","type-page","status-publish","hentry"],"jetpack_sharing_enabled":true,"jetpack_shortlink":"https:\/\/wp.me\/P9I8SC-cC","publishpress_future_action":{"enabled":false,"date":"2026-04-22 03:48:28","action":"change-status","newStatus":"draft","terms":[],"taxonomy":"","extraData":[]},"publishpress_future_workflow_manual_trigger":{"enabledWorkflows":[]},"_links":{"self":[{"href":"https:\/\/wp.ufpel.edu.br\/ppgo\/wp-json\/wp\/v2\/pages\/782","targetHints":{"allow":["GET"]}}],"collection":[{"href":"https:\/\/wp.ufpel.edu.br\/ppgo\/wp-json\/wp\/v2\/pages"}],"about":[{"href":"https:\/\/wp.ufpel.edu.br\/ppgo\/wp-json\/wp\/v2\/types\/page"}],"author":[{"embeddable":true,"href":"https:\/\/wp.ufpel.edu.br\/ppgo\/wp-json\/wp\/v2\/users\/511"}],"replies":[{"embeddable":true,"href":"https:\/\/wp.ufpel.edu.br\/ppgo\/wp-json\/wp\/v2\/comments?post=782"}],"version-history":[{"count":22,"href":"https:\/\/wp.ufpel.edu.br\/ppgo\/wp-json\/wp\/v2\/pages\/782\/revisions"}],"predecessor-version":[{"id":4663,"href":"https:\/\/wp.ufpel.edu.br\/ppgo\/wp-json\/wp\/v2\/pages\/782\/revisions\/4663"}],"up":[{"embeddable":true,"href":"https:\/\/wp.ufpel.edu.br\/ppgo\/wp-json\/wp\/v2\/pages\/350"}],"wp:attachment":[{"href":"https:\/\/wp.ufpel.edu.br\/ppgo\/wp-json\/wp\/v2\/media?parent=782"}],"curies":[{"name":"wp","href":"https:\/\/api.w.org\/{rel}","templated":true}]}}