{"id":706,"date":"2018-03-07T11:37:50","date_gmt":"2018-03-07T14:37:50","guid":{"rendered":"https:\/\/wp.ufpel.edu.br\/ppgo\/?page_id=706"},"modified":"2024-06-12T13:57:05","modified_gmt":"2024-06-12T16:57:05","slug":"natalia_pola","status":"publish","type":"page","link":"https:\/\/wp.ufpel.edu.br\/ppgo\/docentes\/natalia_pola\/","title":{"rendered":"natalia_pola"},"content":{"rendered":"<div id=\"pl-706\" class=\"panel-layout\">\n<div id=\"pg-706-0\" class=\"panel-grid panel-no-style\" data-style=\"{&quot;background_display&quot;:&quot;tile&quot;,&quot;full_height&quot;:&quot;&quot;,&quot;cell_alignment&quot;:&quot;flex-start&quot;}\">\n<div id=\"pgc-706-0-0\" class=\"panel-grid-cell\" data-weight=\"0.61803399209206\">\n<div id=\"panel-706-0-0-0\" class=\"so-panel widget widget_sow-editor panel-first-child panel-last-child\" data-index=\"0\" data-style=\"{&quot;background_image_attachment&quot;:false,&quot;background_display&quot;:&quot;tile&quot;,&quot;background_image_size&quot;:&quot;full&quot;,&quot;background_image_opacity&quot;:&quot;100&quot;,&quot;border_thickness&quot;:&quot;1px&quot;}\">\n<div class=\"so-widget-sow-editor so-widget-sow-editor-base\">\n<div class=\"siteorigin-widget-tinymce textwidget\">\n<p style=\"text-align: justify;\"><span style=\"font-family: arial, helvetica, sans-serif; font-size: 18pt;\"><strong>Nat\u00e1lia Marcumini Pola<\/strong><\/span><a href=\"https:\/\/wp.ufpel.edu.br\/ppgo\/files\/2024\/06\/Bertuol-42-scaled.jpg\"><img class=\"wp-image-4789 alignright\" src=\"https:\/\/wp.ufpel.edu.br\/ppgo\/files\/2024\/06\/Bertuol-42-684x1024.jpg\" alt=\"\" width=\"366\" height=\"548\" srcset=\"https:\/\/wp.ufpel.edu.br\/ppgo\/files\/2024\/06\/Bertuol-42-684x1024.jpg 684w, https:\/\/wp.ufpel.edu.br\/ppgo\/files\/2024\/06\/Bertuol-42-267x400.jpg 267w, https:\/\/wp.ufpel.edu.br\/ppgo\/files\/2024\/06\/Bertuol-42-768x1150.jpg 768w, https:\/\/wp.ufpel.edu.br\/ppgo\/files\/2024\/06\/Bertuol-42-1025x1536.jpg 1025w, https:\/\/wp.ufpel.edu.br\/ppgo\/files\/2024\/06\/Bertuol-42-1367x2048.jpg 1367w, https:\/\/wp.ufpel.edu.br\/ppgo\/files\/2024\/06\/Bertuol-42-scaled.jpg 1709w\" sizes=\"(max-width: 366px) 100vw, 366px\" \/><\/a><\/p>\n<p><span style=\"font-family: arial, helvetica, sans-serif;\"><strong style=\"text-align: justify;\"><a href=\"http:\/\/lattes.cnpq.br\/4385238930254088\"><span style=\"font-size: 12pt;\"><img class=\"alignnone wp-image-645\" src=\"https:\/\/wp.ufpel.edu.br\/ppgo\/files\/2018\/03\/lattes.png\" alt=\"\" width=\"51\" height=\"29\" \/><\/span><\/a> <a href=\"https:\/\/orcid.org\/0000-0001-9188-7337\"><img class=\"alignnone wp-image-3704\" src=\"https:\/\/wp.ufpel.edu.br\/ppgo\/files\/2023\/09\/orcid-id.png\" alt=\"\" width=\"29\" height=\"29\" srcset=\"https:\/\/wp.ufpel.edu.br\/ppgo\/files\/2023\/09\/orcid-id.png 450w, https:\/\/wp.ufpel.edu.br\/ppgo\/files\/2023\/09\/orcid-id-400x400.png 400w, https:\/\/wp.ufpel.edu.br\/ppgo\/files\/2023\/09\/orcid-id-200x200.png 200w\" sizes=\"(max-width: 29px) 100vw, 29px\" \/><\/a> <a href=\"https:\/\/scholar.google.pt\/citations?hl=pt-BR&amp;user=fDv36Z8AAAAJ\"><img class=\"alignnone wp-image-3705\" src=\"https:\/\/wp.ufpel.edu.br\/ppgo\/files\/2023\/09\/kisspng-computer-science-google-scholar-doctor-of-philosop-google-5ad094511a4771.2300740815236188971077.jpg\" alt=\"\" width=\"29\" height=\"29\" srcset=\"https:\/\/wp.ufpel.edu.br\/ppgo\/files\/2023\/09\/kisspng-computer-science-google-scholar-doctor-of-philosop-google-5ad094511a4771.2300740815236188971077.jpg 260w, https:\/\/wp.ufpel.edu.br\/ppgo\/files\/2023\/09\/kisspng-computer-science-google-scholar-doctor-of-philosop-google-5ad094511a4771.2300740815236188971077-200x200.jpg 200w\" sizes=\"(max-width: 29px) 100vw, 29px\" \/><\/a> <a href=\"https:\/\/www.webofscience.com\/wos\/author\/record\/874508\"><img class=\"alignnone wp-image-3724\" src=\"https:\/\/wp.ufpel.edu.br\/ppgo\/files\/2023\/09\/3a2304e4-ef4f-4e12-ad2f-e43fab16210f.jpg\" alt=\"\" width=\"28\" height=\"28\" srcset=\"https:\/\/wp.ufpel.edu.br\/ppgo\/files\/2023\/09\/3a2304e4-ef4f-4e12-ad2f-e43fab16210f.jpg 225w, https:\/\/wp.ufpel.edu.br\/ppgo\/files\/2023\/09\/3a2304e4-ef4f-4e12-ad2f-e43fab16210f-200x200.jpg 200w\" sizes=\"(max-width: 28px) 100vw, 28px\" \/><\/a> <a href=\"https:\/\/www.scopus.com\/authid\/detail.uri?authorId=34877317700\"><img class=\"alignnone wp-image-3894\" src=\"https:\/\/wp.ufpel.edu.br\/ppgo\/files\/2023\/09\/download.png\" alt=\"\" width=\"29\" height=\"29\" srcset=\"https:\/\/wp.ufpel.edu.br\/ppgo\/files\/2023\/09\/download.png 225w, https:\/\/wp.ufpel.edu.br\/ppgo\/files\/2023\/09\/download-200x200.png 200w\" sizes=\"(max-width: 29px) 100vw, 29px\" \/><\/a><\/strong><\/span><\/p>\n<p style=\"text-align: justify;\"><span style=\"font-family: arial, helvetica, sans-serif; font-size: 12pt;\"><strong>Forma\u00e7\u00e3o:<\/strong>\u00a0Gradua\u00e7\u00e3o em Odontologia pela Universidade Estadual Paulista &#8211; FOA\/Unesp (2007), Mestrado (2010) e Doutorado (2013) em Odontologia, \u00c1rea de Concentra\u00e7\u00e3o Periodontia pela Universidade Estadual Paulista &#8211; FOA\/Unesp.<\/span><\/p>\n<p style=\"text-align: justify;\"><span style=\"font-family: arial, helvetica, sans-serif; font-size: 12pt;\"><strong>Linhas de Pesquisa:<\/strong> Desfechos em sa\u00fade bucal: influ\u00eancia dos determinantes socioecon\u00f4micos, cl\u00ednicos e comportamentais; Engenharia tecidual, biocompatibilidade e investiga\u00e7\u00e3o de materiais bioativos.<\/span><\/p>\n<p style=\"text-align: justify;\"><span style=\"font-family: arial, helvetica, sans-serif; font-size: 12pt;\"><strong>\u00c1rea de atua\u00e7\u00e3o:<\/strong> Periodontia.<\/span><\/p>\n<\/div>\n<\/div>\n<\/div>\n<\/div>\n<\/div>\n<\/div>\n","protected":false},"excerpt":{"rendered":"<p>Nat\u00e1lia Marcumini Pola Forma\u00e7\u00e3o:\u00a0Gradua\u00e7\u00e3o em Odontologia pela Universidade Estadual Paulista &#8211; FOA\/Unesp (2007), Mestrado (2010) e Doutorado (2013) em Odontologia, \u00c1rea de Concentra\u00e7\u00e3o Periodontia pela Universidade Estadual Paulista &#8211; FOA\/Unesp. Linhas de Pesquisa: Desfechos em sa\u00fade bucal: influ\u00eancia dos determinantes socioecon\u00f4micos, cl\u00ednicos e comportamentais; Engenharia tecidual, biocompatibilidade e investiga\u00e7\u00e3o de materiais bioativos. \u00c1rea de atua\u00e7\u00e3o: [&hellip;]<\/p>\n","protected":false},"author":511,"featured_media":0,"parent":350,"menu_order":0,"comment_status":"closed","ping_status":"closed","template":"","meta":{"jetpack_post_was_ever_published":false,"footnotes":""},"class_list":["post-706","page","type-page","status-publish","hentry"],"jetpack_sharing_enabled":true,"jetpack_shortlink":"https:\/\/wp.me\/P9I8SC-bo","publishpress_future_action":{"enabled":false,"date":"2026-04-22 03:42:58","action":"change-status","newStatus":"draft","terms":[],"taxonomy":"","extraData":[]},"publishpress_future_workflow_manual_trigger":{"enabledWorkflows":[]},"_links":{"self":[{"href":"https:\/\/wp.ufpel.edu.br\/ppgo\/wp-json\/wp\/v2\/pages\/706","targetHints":{"allow":["GET"]}}],"collection":[{"href":"https:\/\/wp.ufpel.edu.br\/ppgo\/wp-json\/wp\/v2\/pages"}],"about":[{"href":"https:\/\/wp.ufpel.edu.br\/ppgo\/wp-json\/wp\/v2\/types\/page"}],"author":[{"embeddable":true,"href":"https:\/\/wp.ufpel.edu.br\/ppgo\/wp-json\/wp\/v2\/users\/511"}],"replies":[{"embeddable":true,"href":"https:\/\/wp.ufpel.edu.br\/ppgo\/wp-json\/wp\/v2\/comments?post=706"}],"version-history":[{"count":15,"href":"https:\/\/wp.ufpel.edu.br\/ppgo\/wp-json\/wp\/v2\/pages\/706\/revisions"}],"predecessor-version":[{"id":4791,"href":"https:\/\/wp.ufpel.edu.br\/ppgo\/wp-json\/wp\/v2\/pages\/706\/revisions\/4791"}],"up":[{"embeddable":true,"href":"https:\/\/wp.ufpel.edu.br\/ppgo\/wp-json\/wp\/v2\/pages\/350"}],"wp:attachment":[{"href":"https:\/\/wp.ufpel.edu.br\/ppgo\/wp-json\/wp\/v2\/media?parent=706"}],"curies":[{"name":"wp","href":"https:\/\/api.w.org\/{rel}","templated":true}]}}