{"id":590,"date":"2018-03-06T14:21:58","date_gmt":"2018-03-06T17:21:58","guid":{"rendered":"https:\/\/wp.ufpel.edu.br\/ppgo\/?page_id=590"},"modified":"2021-10-06T17:57:31","modified_gmt":"2021-10-06T20:57:31","slug":"publicacoes-relevantes-do-ppgo","status":"publish","type":"page","link":"https:\/\/wp.ufpel.edu.br\/ppgo\/publicacoes-relevantes-do-ppgo\/","title":{"rendered":"Publica\u00e7\u00f5es mais citadas do PPGO"},"content":{"rendered":"<div id=\"pl-590\"  class=\"panel-layout\" >\n<div id=\"pg-590-0\"  class=\"panel-grid panel-no-style\" >\n<div id=\"pgc-590-0-0\"  class=\"panel-grid-cell\"  data-weight=\"1\" >\n<div id=\"panel-590-0-0-0\" class=\"so-panel widget widget_sow-editor panel-first-child panel-last-child\" data-index=\"0\" data-style=\"{&quot;background_image_attachment&quot;:false,&quot;background_display&quot;:&quot;tile&quot;}\" >\n<div class=\"so-widget-sow-editor so-widget-sow-editor-base\">\n<div class=\"siteorigin-widget-tinymce textwidget\">\n<p style=\"text-align: justify;\"><span style=\"font-family: georgia, palatino, serif; font-size: 12pt;\">Nesta p\u00e1gina s\u00e3o apresentados os artigos do PPGO que tem <strong>mais de 100 cita\u00e7\u00f5es na plataforma SCOPUS<\/strong>.<\/span><\/p>\n<ul>\n<li style=\"list-style-type: none;\">\n<ul>\n<li style=\"text-align: justify;\"><span style=\"font-size: 12pt; font-family: georgia, palatino, serif;\">Demarco FF, Corr\u00eaa MB, Cenci MS, Moraes RR, Opdam NJM. Longevity of posterior composite restorations: Not only a matter of materials. Dental Materials 28(1): 87-101. <img class=\"alignnone size-full\" src=\"https:\/\/api.elsevier.com\/content\/abstract\/citation-count?pubmed_id=22192253&amp;apiKey=b941069dc0aa6aa70864f52d4fc4eb00&amp;httpAccept=image\/jpeg\" width=\"196\" height=\"26\" \/><\/span><\/li>\n<li style=\"text-align: justify;\"><span style=\"font-size: 12pt; font-family: georgia, palatino, serif;\">Opdam NJ, van de Sande FH, Bronkhorst E, Cenci MS, Bottenberg P, Pallesen U, Gaengler P, Lindberg A, Huysmans MC, van Dijken JW. Longevity of posterior composite restorations: a systematic review and meta-analysis. Journal of Dental Research 2014 Oct;93(10):943-9. <img class=\"alignnone size-full\" src=\"https:\/\/api.elsevier.com\/content\/abstract\/citation-count?pubmed_id=25048250&amp;apiKey=b941069dc0aa6aa70864f52d4fc4eb00&amp;httpAccept=image\/jpeg\" width=\"196\" height=\"26\" \/><\/span><\/li>\n<li>Da Rosa WLDO, Piva E, Da Silva AF. Bond strength of universal adhesives: A systematic review and meta-analysis. Journal of Dentistry 2015; 43(7):765-776.<img class=\"alignnone size-full\" src=\"https:\/\/api.elsevier.com\/content\/abstract\/citation-count?pubmed_id=25882585&amp;apiKey=b941069dc0aa6aa70864f52d4fc4eb00&amp;httpAccept=image\/jpeg\" width=\"196\" height=\"26\" \/><\/li>\n<li><span style=\"font-size: 12pt; font-family: georgia, palatino, serif;\">Da Rosa Rodolpho PA, Donassollo TA, Cenci MS, Logu\u00e9rcio AD, Moraes RR, Bronkhorst EM, Opdam <\/span>NJM<span style=\"font-size: 12pt; font-family: georgia, palatino, serif;\">, Demarco FF. 22-Year clinical evaluation of the performance of two posterior composites with different filler characteristics. Dental Materials 27(10): 955-963.<img class=\"alignnone size-full\" src=\"https:\/\/api.elsevier.com\/content\/abstract\/citation-count?pubmed_id=21762980&amp;apiKey=b941069dc0aa6aa70864f52d4fc4eb00&amp;httpAccept=image\/jpeg\" width=\"196\" height=\"26\" \/><\/span><\/li>\n<li style=\"text-align: justify;\"><span style=\"font-size: 12pt; font-family: georgia, palatino, serif;\">Casagrande L1, Demarco FF, Zhang Z, Araujo FB, Shi S, N\u00f6r JE. Dentin-derived BMP-2 and odontoblast differentiation. Journal of Dental Research 2010 Jun;89(6):603-8. <img class=\"alignnone size-full\" src=\"https:\/\/api.elsevier.com\/content\/abstract\/citation-count?pubmed_id=20351355&amp;apiKey=b941069dc0aa6aa70864f52d4fc4eb00&amp;httpAccept=image\/jpeg\" width=\"196\" height=\"26\" \/><\/span><\/li>\n<li style=\"text-align: justify;\"><span style=\"font-size: 12pt; font-family: georgia, palatino, serif;\">da Rosa Rodolpho PA, Cenci MS, Donassollo TA, Logu\u00e9rcio AD, Demarco FF. A clinical evaluation of posterior composite restorations: 17-year findings. Journal of Dentistry 2006 Aug;34(7):427-35.<img class=\"alignnone size-full\" src=\"https:\/\/api.elsevier.com\/content\/abstract\/citation-count?pubmed_id=16314023&amp;apiKey=b941069dc0aa6aa70864f52d4fc4eb00&amp;httpAccept=image\/jpeg\" width=\"196\" height=\"26\" \/><\/span><\/li>\n<li style=\"text-align: justify;\"><span style=\"font-size: 12pt; font-family: georgia, palatino, serif;\">Pereira-Cenci T, Del Bel Cury AA, Crielaard W, Ten Cate JM. Development of Candida-associated denture stomatitis: New insights. Journal of Applied Oral Science 2008, 16(2): 86-94.<img class=\"alignnone size-full\" src=\"https:\/\/api.elsevier.com\/content\/abstract\/citation-count?pubmed_id=19089197&amp;apiKey=b941069dc0aa6aa70864f52d4fc4eb00&amp;httpAccept=image\/jpeg\" width=\"196\" height=\"26\" \/><\/span><\/li>\n<li style=\"text-align: justify;\"><span style=\"font-size: 12pt; font-family: georgia, palatino, serif;\">Sarkis-Onofre R, Skupien JA, Cenci MS, Moraes RR, Pereira-Cenci T. The role of resin cement on bond strength of glass-fiber posts luted into root canals: a systematic review and meta-analysis of in vitro studies. Operative dentistry 2014; 39(1), E31-E44.<img class=\"alignnone size-full\" src=\"https:\/\/api.elsevier.com\/content\/abstract\/citation-count?pubmed_id=23937401&amp;apiKey=b941069dc0aa6aa70864f52d4fc4eb00&amp;httpAccept=image\/jpeg\" width=\"196\" height=\"26\" \/><\/span><\/li>\n<li style=\"text-align: justify;\"><span style=\"font-size: 12pt; font-family: georgia, palatino, serif;\">Van de Sande, FH, Opdam NJ, Da Rosa Rodolpho PA, Correa MB, Demarco FF, Cenci, MS. Patient risk factors\u2019 influence on survival of posterior composites. Journal of dental research 2013; 92(7_suppl), S78-S83.<img class=\"alignnone size-full\" src=\"https:\/\/api.elsevier.com\/content\/abstract\/citation-count?pubmed_id=23690354&amp;apiKey=b941069dc0aa6aa70864f52d4fc4eb00&amp;httpAccept=image\/jpeg\" width=\"196\" height=\"26\" \/><\/span><\/li>\n<li style=\"text-align: justify;\"><span style=\"font-size: 12pt; font-family: georgia, palatino, serif;\">Demarco FF, Collares K, Coelho-de-Souza FH, Correa MB, Cenci MS, Moraes RR, Opdam NJ. Anterior composite restorations: A systematic review on long-term survival and reasons for failure. Dental materials 2015; 31(10), 1214-1224.<img class=\"alignnone size-full\" src=\"https:\/\/api.elsevier.com\/content\/abstract\/citation-count?pubmed_id=26303655&amp;apiKey=b941069dc0aa6aa70864f52d4fc4eb00&amp;httpAccept=image\/jpeg\" width=\"196\" height=\"26\" \/><\/span><\/li>\n<li style=\"text-align: justify;\"><span style=\"font-size: 12pt; font-family: georgia, palatino, serif;\">Salas MMS, Nascimento GG, Huysmans MC, Demarco FF. Estimated prevalence of erosive tooth wear in permanent teeth of children and adolescents: an epidemiological systematic review and meta-regression analysis. Journal of Dentistry 2015; 43(1), 42-50.<img class=\"alignnone size-full\" src=\"https:\/\/api.elsevier.com\/content\/abstract\/citation-count?pubmed_id=25446243&amp;apiKey=b941069dc0aa6aa70864f52d4fc4eb00&amp;httpAccept=image\/jpeg\" width=\"196\" height=\"26\" \/><\/span><\/li>\n<li style=\"text-align: justify;\"><span style=\"font-size: 12pt; font-family: georgia, palatino, serif;\">Pereira-Cenci T, Deng DM, Kraneveld EA, Manders EMM, Cury AADB, Ten Cate JM, Crielaard, W. The effect of Streptococcus mutans and Candida glabrata on Candida albicans biofilms formed on different surfaces. Archives of oral biology 2008; 53(8), 755-764.<img class=\"alignnone size-full\" src=\"https:\/\/api.elsevier.com\/content\/abstract\/citation-count?pubmed_id= 18395698&amp;apiKey=b941069dc0aa6aa70864f52d4fc4eb00&amp;httpAccept=image\/jpeg\" width=\"196\" height=\"26\" \/><\/span><\/li>\n<li style=\"text-align: justify;\"><span style=\"font-size: 12pt; font-family: georgia, palatino, serif;\">Meireles SS, Heckmann SS, Leida FL, Santos IS, Bona A, Demarco, FF. Efficacy and safety of 10% and 16% carbamide peroxide tooth-whitening gels: a randomized clinical trial. Operative Dentistry 2008; 33(6), 606-612.<img class=\"alignnone size-full\" src=\"https:\/\/api.elsevier.com\/content\/abstract\/citation-count?pubmed_id= 19051852&amp;apiKey=b941069dc0aa6aa70864f52d4fc4eb00&amp;httpAccept=image\/jpeg\" width=\"196\" height=\"26\" \/><\/span><\/li>\n<li style=\"text-align: justify;\"><span style=\"font-size: 12pt; font-family: georgia, palatino, serif;\">Moraes RR, Goncalves LDS, Lancellotti AC, Consani S, Correr-Sobrinho L, Sinhoreti, MA. Nanohybrid resin composites: nanofiller loaded materials or traditional microhybrid resins?. Operative dentistry 2009; 34(5), 551-557.<img class=\"alignnone size-full\" src=\"https:\/\/api.elsevier.com\/content\/abstract\/citation-count?pubmed_id= 19830969&amp;apiKey=b941069dc0aa6aa70864f52d4fc4eb00&amp;httpAccept=image\/jpeg\" width=\"196\" height=\"26\" \/><\/span><\/li>\n<li style=\"text-align: justify;\"><span style=\"font-size: 12pt; font-family: georgia, palatino, serif;\">Ten Cate JM, Klis FM, Pereira-Cenci T, Crielaard W, De Groot, PWJ. Molecular and cellular mechanisms that lead to Candida biofilm formation. Journal of dental research 2009; 88(2), 105-115.<img class=\"alignnone size-full\" src=\"https:\/\/api.elsevier.com\/content\/abstract\/citation-count?pubmed_id=19278980&amp;apiKey=b941069dc0aa6aa70864f52d4fc4eb00&amp;httpAccept=image\/jpeg\" width=\"196\" height=\"26\" \/><\/span><\/li>\n<\/ul>\n<\/li>\n<\/ul>\n<\/div>\n<\/div>\n<\/div>\n<\/div>\n<\/div>\n<\/div>\n","protected":false},"excerpt":{"rendered":"<p>Nesta p\u00e1gina s\u00e3o apresentados os artigos do PPGO que tem mais de 100 cita\u00e7\u00f5es na plataforma SCOPUS. Demarco FF, Corr\u00eaa MB, Cenci MS, Moraes RR, Opdam NJM. Longevity of posterior composite restorations: Not only a matter of materials. Dental Materials 28(1): 87-101. Opdam NJ, van de Sande FH, Bronkhorst E, Cenci MS, Bottenberg P, Pallesen [&hellip;]<\/p>\n","protected":false},"author":511,"featured_media":0,"parent":0,"menu_order":0,"comment_status":"closed","ping_status":"closed","template":"","meta":{"jetpack_post_was_ever_published":false,"footnotes":""},"class_list":["post-590","page","type-page","status-publish","hentry"],"jetpack_sharing_enabled":true,"jetpack_shortlink":"https:\/\/wp.me\/P9I8SC-9w","publishpress_future_action":{"enabled":false,"date":"2026-04-22 09:24:54","action":"change-status","newStatus":"draft","terms":[],"taxonomy":"","extraData":[]},"publishpress_future_workflow_manual_trigger":{"enabledWorkflows":[]},"_links":{"self":[{"href":"https:\/\/wp.ufpel.edu.br\/ppgo\/wp-json\/wp\/v2\/pages\/590","targetHints":{"allow":["GET"]}}],"collection":[{"href":"https:\/\/wp.ufpel.edu.br\/ppgo\/wp-json\/wp\/v2\/pages"}],"about":[{"href":"https:\/\/wp.ufpel.edu.br\/ppgo\/wp-json\/wp\/v2\/types\/page"}],"author":[{"embeddable":true,"href":"https:\/\/wp.ufpel.edu.br\/ppgo\/wp-json\/wp\/v2\/users\/511"}],"replies":[{"embeddable":true,"href":"https:\/\/wp.ufpel.edu.br\/ppgo\/wp-json\/wp\/v2\/comments?post=590"}],"version-history":[{"count":15,"href":"https:\/\/wp.ufpel.edu.br\/ppgo\/wp-json\/wp\/v2\/pages\/590\/revisions"}],"predecessor-version":[{"id":2880,"href":"https:\/\/wp.ufpel.edu.br\/ppgo\/wp-json\/wp\/v2\/pages\/590\/revisions\/2880"}],"wp:attachment":[{"href":"https:\/\/wp.ufpel.edu.br\/ppgo\/wp-json\/wp\/v2\/media?parent=590"}],"curies":[{"name":"wp","href":"https:\/\/api.w.org\/{rel}","templated":true}]}}