{"id":5201,"date":"2025-12-01T11:49:52","date_gmt":"2025-12-01T14:49:52","guid":{"rendered":"https:\/\/wp.ufpel.edu.br\/ppgo\/?page_id=5201"},"modified":"2025-12-01T11:49:52","modified_gmt":"2025-12-01T14:49:52","slug":"editais-encerrados-2025-2","status":"publish","type":"page","link":"https:\/\/wp.ufpel.edu.br\/ppgo\/editais-encerrados-2025-2\/","title":{"rendered":"Editais Encerrados 2025"},"content":{"rendered":"<ul>\n<li><a href=\"https:\/\/wp.ufpel.edu.br\/ppgo\/files\/2025\/09\/SEI_3273651_Edital_002_2025.pdf\">Edital Interno para Sele\u00e7\u00e3o de candidatos ao Evento &#8220;3MT- Sua Tese em 3 minutos&#8221;.<\/a><\/li>\n<li><a href=\"https:\/\/wp.ufpel.edu.br\/ppgo\/files\/2025\/09\/SEI_3278755_Edital_5.pdf\">Edital para Sele\u00e7\u00e3o de Aluno para Doutorado Sandu\u00edche PDSE\/CAPES 17\/2025<\/a><\/li>\n<li><a href=\"https:\/\/wp.ufpel.edu.br\/ppgo\/files\/2025\/09\/INSCRICAO-HOMOLOGADA-DAI.pdf\">Resultado Sele\u00e7\u00e3o Aluno Regular 2\/2025<\/a><\/li>\n<li><a href=\"https:\/\/wp.ufpel.edu.br\/ppgo\/files\/2025\/09\/SEI_3244845_Edital_de_Retificacao_PRPPG_36.pdf\">Edital de Retifica\u00e7\u00e3o O N\u00ba 36\/2025<\/a><\/li>\n<li><a href=\"https:\/\/wp.ufpel.edu.br\/ppgo\/files\/2025\/09\/SEI_3219779_Edital_de_selecao_PRPPG_153-1-1.pdf\">Edital Programa DAI\/CNPq \u2013 UFPel<\/a><\/li>\n<li><a href=\"https:\/\/wp.ufpel.edu.br\/ppgo\/files\/2025\/08\/SEI_3219779_Edital_de_selecao_PRPPG_153.pdf\">Sele\u00e7\u00e3o\u00a0 Aluno Regular com bolsa de CNPQ &#8211; Projetos interdisciplinares\u00a0<\/a><\/li>\n<li><a href=\"https:\/\/wp.ufpel.edu.br\/ppgo\/files\/2025\/08\/SEI_3186626_Despacho.pdf\">Resultado Final Edital Aluno Especial 2\/2025.<\/a><\/li>\n<li><a href=\"https:\/\/wp.ufpel.edu.br\/ppgo\/files\/2025\/07\/SEI_3170532_Edital_de_selecao_PRPPG_127-1-1.pdf\">Edital Aluno Especial 2\/2025\u00a0<\/a><\/li>\n<\/ul>\n","protected":false},"excerpt":{"rendered":"<p>Edital Interno para Sele\u00e7\u00e3o de candidatos ao Evento &#8220;3MT- Sua Tese em 3 minutos&#8221;. Edital para Sele\u00e7\u00e3o de Aluno para Doutorado Sandu\u00edche PDSE\/CAPES 17\/2025 Resultado Sele\u00e7\u00e3o Aluno Regular 2\/2025 Edital de Retifica\u00e7\u00e3o O N\u00ba 36\/2025 Edital Programa DAI\/CNPq \u2013 UFPel Sele\u00e7\u00e3o\u00a0 Aluno Regular com bolsa de CNPQ &#8211; Projetos interdisciplinares\u00a0 Resultado Final Edital Aluno Especial [&hellip;]<\/p>\n","protected":false},"author":480,"featured_media":0,"parent":0,"menu_order":0,"comment_status":"closed","ping_status":"closed","template":"","meta":{"jetpack_post_was_ever_published":false,"footnotes":""},"class_list":["post-5201","page","type-page","status-publish","hentry"],"jetpack_sharing_enabled":true,"jetpack_shortlink":"https:\/\/wp.me\/P9I8SC-1lT","publishpress_future_action":{"enabled":false,"date":"2026-04-24 16:48:17","action":"change-status","newStatus":"draft","terms":[],"taxonomy":"","extraData":[]},"publishpress_future_workflow_manual_trigger":{"enabledWorkflows":[]},"_links":{"self":[{"href":"https:\/\/wp.ufpel.edu.br\/ppgo\/wp-json\/wp\/v2\/pages\/5201","targetHints":{"allow":["GET"]}}],"collection":[{"href":"https:\/\/wp.ufpel.edu.br\/ppgo\/wp-json\/wp\/v2\/pages"}],"about":[{"href":"https:\/\/wp.ufpel.edu.br\/ppgo\/wp-json\/wp\/v2\/types\/page"}],"author":[{"embeddable":true,"href":"https:\/\/wp.ufpel.edu.br\/ppgo\/wp-json\/wp\/v2\/users\/480"}],"replies":[{"embeddable":true,"href":"https:\/\/wp.ufpel.edu.br\/ppgo\/wp-json\/wp\/v2\/comments?post=5201"}],"version-history":[{"count":1,"href":"https:\/\/wp.ufpel.edu.br\/ppgo\/wp-json\/wp\/v2\/pages\/5201\/revisions"}],"predecessor-version":[{"id":5203,"href":"https:\/\/wp.ufpel.edu.br\/ppgo\/wp-json\/wp\/v2\/pages\/5201\/revisions\/5203"}],"wp:attachment":[{"href":"https:\/\/wp.ufpel.edu.br\/ppgo\/wp-json\/wp\/v2\/media?parent=5201"}],"curies":[{"name":"wp","href":"https:\/\/api.w.org\/{rel}","templated":true}]}}