{"id":5168,"date":"2025-09-17T13:17:17","date_gmt":"2025-09-17T16:17:17","guid":{"rendered":"https:\/\/wp.ufpel.edu.br\/ppgo\/?page_id=5168"},"modified":"2025-10-09T12:57:54","modified_gmt":"2025-10-09T15:57:54","slug":"melissa-damian","status":"publish","type":"page","link":"https:\/\/wp.ufpel.edu.br\/ppgo\/melissa-damian\/","title":{"rendered":"Melissa Damian"},"content":{"rendered":"<p style=\"text-align: left;\"><span style=\"font-family: arial, helvetica, sans-serif; font-size: 18pt;\"><strong>Melissa Damian<\/strong><\/span><\/p>\n<p><span style=\"font-family: arial, helvetica, sans-serif;\"><a href=\"http:\/\/lattes.cnpq.br\/4515911193698545\"><img class=\"alignnone wp-image-645\" src=\"https:\/\/wp.ufpel.edu.br\/ppgo\/files\/2018\/03\/lattes.png\" alt=\"\" width=\"51\" height=\"29\" \/><\/a> \u00a0<a href=\"https:\/\/orcid.org\/0000-0001-9037-7132\"><img class=\"alignnone wp-image-3704\" src=\"https:\/\/wp.ufpel.edu.br\/ppgo\/files\/2023\/09\/orcid-id.png\" alt=\"\" width=\"29\" height=\"29\" srcset=\"https:\/\/wp.ufpel.edu.br\/ppgo\/files\/2023\/09\/orcid-id.png 450w, https:\/\/wp.ufpel.edu.br\/ppgo\/files\/2023\/09\/orcid-id-400x400.png 400w, https:\/\/wp.ufpel.edu.br\/ppgo\/files\/2023\/09\/orcid-id-200x200.png 200w\" sizes=\"(max-width: 29px) 100vw, 29px\" \/><\/a> <a href=\"https:\/\/scholar.google.com\/citations?hl=pt-BR&amp;user=Dfrq3ecAAAAJ\"><img class=\"alignnone wp-image-3705\" src=\"https:\/\/wp.ufpel.edu.br\/ppgo\/files\/2023\/09\/kisspng-computer-science-google-scholar-doctor-of-philosop-google-5ad094511a4771.2300740815236188971077.jpg\" alt=\"\" width=\"27\" height=\"27\" srcset=\"https:\/\/wp.ufpel.edu.br\/ppgo\/files\/2023\/09\/kisspng-computer-science-google-scholar-doctor-of-philosop-google-5ad094511a4771.2300740815236188971077.jpg 260w, https:\/\/wp.ufpel.edu.br\/ppgo\/files\/2023\/09\/kisspng-computer-science-google-scholar-doctor-of-philosop-google-5ad094511a4771.2300740815236188971077-200x200.jpg 200w\" sizes=\"(max-width: 27px) 100vw, 27px\" \/><\/a> <a href=\"https:\/\/www.webofscience.com\/wos\/author\/record\/LLK-6329-2024\"><img class=\"alignnone wp-image-3724\" src=\"https:\/\/wp.ufpel.edu.br\/ppgo\/files\/2023\/09\/3a2304e4-ef4f-4e12-ad2f-e43fab16210f.jpg\" alt=\"\" width=\"29\" height=\"29\" srcset=\"https:\/\/wp.ufpel.edu.br\/ppgo\/files\/2023\/09\/3a2304e4-ef4f-4e12-ad2f-e43fab16210f.jpg 225w, https:\/\/wp.ufpel.edu.br\/ppgo\/files\/2023\/09\/3a2304e4-ef4f-4e12-ad2f-e43fab16210f-200x200.jpg 200w\" sizes=\"(max-width: 29px) 100vw, 29px\" \/><\/a><a href=\"https:\/\/www.scopus.com\/authid\/detail.uri?authorId=57189599489\"><img class=\"alignnone wp-image-3894\" src=\"https:\/\/wp.ufpel.edu.br\/ppgo\/files\/2023\/09\/download.png\" alt=\"\" width=\"29\" height=\"29\" srcset=\"https:\/\/wp.ufpel.edu.br\/ppgo\/files\/2023\/09\/download.png 225w, https:\/\/wp.ufpel.edu.br\/ppgo\/files\/2023\/09\/download-200x200.png 200w\" sizes=\"(max-width: 29px) 100vw, 29px\" \/><\/a> <\/span><\/p>\n<p><a href=\"https:\/\/wp.ufpel.edu.br\/ppgo\/files\/2025\/10\/mel-scaled.jpeg\"><img class=\"wp-image-5189 alignright\" src=\"https:\/\/wp.ufpel.edu.br\/ppgo\/files\/2025\/10\/mel-845x1024.jpeg\" alt=\"\" width=\"356\" height=\"432\" srcset=\"https:\/\/wp.ufpel.edu.br\/ppgo\/files\/2025\/10\/mel-845x1024.jpeg 845w, https:\/\/wp.ufpel.edu.br\/ppgo\/files\/2025\/10\/mel-330x400.jpeg 330w, https:\/\/wp.ufpel.edu.br\/ppgo\/files\/2025\/10\/mel-768x931.jpeg 768w, https:\/\/wp.ufpel.edu.br\/ppgo\/files\/2025\/10\/mel-1267x1536.jpeg 1267w, https:\/\/wp.ufpel.edu.br\/ppgo\/files\/2025\/10\/mel-1690x2048.jpeg 1690w\" sizes=\"(max-width: 356px) 100vw, 356px\" \/><\/a><\/p>\n<p><span style=\"font-family: arial, helvetica, sans-serif;\">Forma\u00e7\u00e3o: Gradua\u00e7\u00e3o em Odontologia pela Universidade de Passo Fundo (1998), mestrado e doutorado em Radiologia Odontol\u00f3gica pela Faculdade de Odontologia de Piracicaba, Universidade Estadual de Campinas (2001 e 2005).<\/span><\/p>\n<p><span style=\"font-family: arial, helvetica, sans-serif;\">Linhas de Pesquisa: Desfechos em sa\u00fade bucal: influ\u00eancia de determinantes sociais, socioecon\u00f4micos, cl\u00ednicos e comportamentais \/ S\u00edntese do conhecimento em Odontologia<\/span><\/p>\n<p><span style=\"font-family: arial, helvetica, sans-serif;\">\u00c1rea de Atua\u00e7\u00e3o: Radiologia Odontol\u00f3gica e Imaginologia.<\/span><\/p>\n","protected":false},"excerpt":{"rendered":"<p>Melissa Damian \u00a0 Forma\u00e7\u00e3o: Gradua\u00e7\u00e3o em Odontologia pela Universidade de Passo Fundo (1998), mestrado e doutorado em Radiologia Odontol\u00f3gica pela Faculdade de Odontologia de Piracicaba, Universidade Estadual de Campinas (2001 e 2005). Linhas de Pesquisa: Desfechos em sa\u00fade bucal: influ\u00eancia de determinantes sociais, socioecon\u00f4micos, cl\u00ednicos e comportamentais \/ S\u00edntese do conhecimento em Odontologia \u00c1rea de [&hellip;]<\/p>\n","protected":false},"author":480,"featured_media":0,"parent":0,"menu_order":0,"comment_status":"closed","ping_status":"closed","template":"","meta":{"jetpack_post_was_ever_published":false,"footnotes":""},"class_list":["post-5168","page","type-page","status-publish","hentry"],"jetpack_sharing_enabled":true,"jetpack_shortlink":"https:\/\/wp.me\/P9I8SC-1lm","publishpress_future_action":{"enabled":false,"date":"2026-04-23 05:49:26","action":"change-status","newStatus":"draft","terms":[],"taxonomy":"","extraData":[]},"publishpress_future_workflow_manual_trigger":{"enabledWorkflows":[]},"_links":{"self":[{"href":"https:\/\/wp.ufpel.edu.br\/ppgo\/wp-json\/wp\/v2\/pages\/5168","targetHints":{"allow":["GET"]}}],"collection":[{"href":"https:\/\/wp.ufpel.edu.br\/ppgo\/wp-json\/wp\/v2\/pages"}],"about":[{"href":"https:\/\/wp.ufpel.edu.br\/ppgo\/wp-json\/wp\/v2\/types\/page"}],"author":[{"embeddable":true,"href":"https:\/\/wp.ufpel.edu.br\/ppgo\/wp-json\/wp\/v2\/users\/480"}],"replies":[{"embeddable":true,"href":"https:\/\/wp.ufpel.edu.br\/ppgo\/wp-json\/wp\/v2\/comments?post=5168"}],"version-history":[{"count":3,"href":"https:\/\/wp.ufpel.edu.br\/ppgo\/wp-json\/wp\/v2\/pages\/5168\/revisions"}],"predecessor-version":[{"id":5191,"href":"https:\/\/wp.ufpel.edu.br\/ppgo\/wp-json\/wp\/v2\/pages\/5168\/revisions\/5191"}],"wp:attachment":[{"href":"https:\/\/wp.ufpel.edu.br\/ppgo\/wp-json\/wp\/v2\/media?parent=5168"}],"curies":[{"name":"wp","href":"https:\/\/api.w.org\/{rel}","templated":true}]}}