{"id":5014,"date":"2024-12-30T10:39:49","date_gmt":"2024-12-30T13:39:49","guid":{"rendered":"https:\/\/wp.ufpel.edu.br\/ppgo\/?page_id=5014"},"modified":"2026-03-20T17:25:33","modified_gmt":"2026-03-20T20:25:33","slug":"editais-abertos-2025","status":"publish","type":"page","link":"https:\/\/wp.ufpel.edu.br\/ppgo\/editais-abertos-2025\/","title":{"rendered":"Editais Abertos 2025\/2026"},"content":{"rendered":"<h2><span style=\"font-family: arial, helvetica, sans-serif;\"><strong>Editais Abertos 2026<\/strong><\/span><\/h2>\n<p><span style=\"font-size: 14pt;\"><strong>Edital Aluno Especial\u00a0 PPGO 2026\/1<\/strong><\/span><\/p>\n<p><span style=\"font-size: 12pt;\">O Programa de P\u00f3s-gradua\u00e7\u00e3o em Odontologia na Universidade Federal de Pelotas torna p\u00fablico o processo seletivo para Aluno Especial\u00a0 PPGO 2026\/1.<\/span><\/p>\n<p><span style=\"font-size: 12pt;\"><a href=\"https:\/\/wp.ufpel.edu.br\/ppgo\/files\/2026\/03\/SEI_3694760_Edital_de_selecao_PRPPG_26-2.pdf\">Edital Aluno Especial\u00a0 PPGO 2026\/1<\/a><\/span><\/p>\n<p><a href=\"https:\/\/wp.ufpel.edu.br\/ppgo\/files\/2026\/03\/Homologac\u0327a\u0303o-Alunos-Especial-1-2026.pdf\">Homologa\u00e7\u00e3o das Inscri\u00e7\u00f5es &#8211; Edital Aluno Especial<\/a><\/p>\n<p>&nbsp;<\/p>\n<p><span style=\"font-size: 14pt;\"><strong>Edital de Bolsas PROEX\/PPGO 2026<\/strong><\/span><\/p>\n<p>O Programa de P\u00f3s-gradua\u00e7\u00e3o em Odontologia na Universidade Federal de Pelotas torna p\u00fablico o processo seletivo para bolsas PROEX\/PPGO 2026.<\/p>\n<p><a href=\"https:\/\/wp.ufpel.edu.br\/ppgo\/files\/2026\/02\/SEI_3689218_Edital_001_2026.pdf\">Edital de Bolsas PROEX\/PPGO 2026<\/a><\/p>\n<p><a href=\"https:\/\/wp.ufpel.edu.br\/ppgo\/files\/2026\/02\/ANEXO_A___Termo_de_ciencia.docx.pdf\">TERMO DE CI\u00caNCIA DAS NORMAS DE CONCESS\u00c3O<\/a><\/p>\n<p><a href=\"https:\/\/docs.google.com\/forms\/d\/e\/1FAIpQLSc-KOCZfA5D3UfRfIrnx4W7_PAfpXFS3--Sc6Qid-H2AmfOKA\/viewform\">Formul\u00e1rio de Inscri\u00e7\u00e3o<\/a><\/p>\n<h2><\/h2>\n<h2><span style=\"font-family: arial, helvetica, sans-serif;\"><strong>Editais Encerrados<\/strong><\/span><\/h2>\n<p><span style=\"font-size: 14pt;\"><strong>Edital Aluno\/a Regular Doutorado e Doutorado Direto 2026.1<\/strong><\/span><\/p>\n<p>O Programa de P\u00f3s-gradua\u00e7\u00e3o em Odontologia na Universidade Federal de Pelotas torna p\u00fablico o processo seletivo para Aluno regular Doutorado (1\/2026)<\/p>\n<p>Para acessar o Edital de Doutorado, <a href=\"https:\/\/wp.ufpel.edu.br\/ppgo\/files\/2025\/12\/SEI_3555648_Edital_de_selecao_PRPPG_255.pdf\">clique aqui!<\/a><\/p>\n<p>Para acessar o Edital de Doutorado Direto (sem mestrado), <a href=\"https:\/\/wp.ufpel.edu.br\/ppgo\/files\/2025\/12\/SEI_3562150_Edital_de_selecao_PRPPG_263-1.pdf\">clique aqui!<\/a><\/p>\n<p><a href=\"https:\/\/wp.ufpel.edu.br\/ppgo\/files\/2025\/12\/Formulario_de_inscricao_2026.1.docx.pdf\">Formul\u00e1rio de Inscricao 2026.1<\/a><\/p>\n<p><a href=\"https:\/\/wp.ufpel.edu.br\/ppgo\/files\/2025\/12\/Planilha_pontuacao_CV_2026.1.xlsx\">Planilha de pontua\u00e7\u00e3o CV 2026.1<\/a><\/p>\n<p><a href=\"https:\/\/wp.ufpel.edu.br\/ppgo\/files\/2025\/12\/PPGOUFPel-\u2013-Manual-de-Instruc\u0327o\u0303es-de-preenchimento-da-planilha-CV-2025.pdf\">Manual de Instruc\u0327o\u0303es de preenchimento da planilha CV 2026<\/a><\/p>\n<p>Est\u00e3o abertas as inscri\u00e7\u00f5es para os processos seletivos de aluno regular de Doutorado e Doutorado Direto (sem mestrado) em Odontologia do PPGO\/UFPel! Se voc\u00ea deseja aprofundar sua forma\u00e7\u00e3o acad\u00eamica e cient\u00edfica em um Programa de Excelencia na CAPES, essa \u00e9 a sua oportunidade!<\/p>\n<p>Datas importantes:<br \/>\nInscri\u00e7\u00f5es: 02 a 30 de janeiro de 2026<br \/>\nProva: 12 de fevereiro de 2026<\/p>\n<p>S\u00e3o 27 vagas distribu\u00eddas entre ampla concorr\u00eancia e a\u00e7\u00f5es afirmativas, em diversas \u00e1reas e \u00eanfases da Odontologia. Confira os editais completo no site do PPGO e garanta sua inscri\u00e7\u00e3o dentro do prazo!<br \/>\nD\u00favidas: secretariappgo@gmail.com<\/p>\n<p>&#x2728; Venha fazer parte do PPGO\/UFPel e fortalecer a pesquisa em Odontologia!<\/p>\n<p><a href=\"https:\/\/wp.ufpel.edu.br\/ppgo\/files\/2026\/02\/Homologac\u0327a\u0303o-Inscric\u0327o\u0303es-Doutorado-2026.pdf\">HOMOLOGA\u00c7\u00c3O DAS INSCRI\u00c7\u00d5ES<\/a><\/p>\n<p><a href=\"https:\/\/wp.ufpel.edu.br\/ppgo\/files\/2026\/03\/Resultado-.pdf\">NOVO! RESULTADO PRELIMINAR<\/a><\/p>\n<p>&nbsp;<\/p>\n<p><span style=\"font-size: 14pt;\"><strong>Edital PDSE 2025- Programa Institucional de Doutorado Sandui\u0301che no Exterior \u2013 PDSE\/CAPES<\/strong><\/span><\/p>\n<div class=\"page\" title=\"Page 1\">\n<div class=\"layoutArea\">\n<div class=\"column\">\n<p>Programa de Po\u0301s-graduac\u0327a\u0303o em Odontologia \u2013 da Universidade Federal de Pelotas (UFPel), vem tornar pu\u0301blico o processo seletivo para uma cota de bolsa, referente a\u0300 segunda chamada do Programa Institucional de Doutorado Sandui\u0301che no Exterior \u2013 PDSE, segundo as normas do Edital No 17\/2025 da CAPES.<\/p>\n<\/div>\n<\/div>\n<\/div>\n<ul>\n<li><a href=\"https:\/\/wp.ufpel.edu.br\/ppgo\/files\/2025\/12\/Edital-PDSE-2a-chamada.pdf\"> Edital PDSE 2025<\/a><\/li>\n<li><a href=\"https:\/\/wp.ufpel.edu.br\/ppgo\/files\/2025\/12\/Ficha-de-inscric\u0327a\u0303o-PDSE.pdf\">Ficha de inscri\u00e7\u00e3o Edital PDSE 2025\u00a0<\/a><\/li>\n<\/ul>\n<p>&nbsp;<\/p>\n","protected":false},"excerpt":{"rendered":"<p>Editais Abertos 2026 Edital Aluno Especial\u00a0 PPGO 2026\/1 O Programa de P\u00f3s-gradua\u00e7\u00e3o em Odontologia na Universidade Federal de Pelotas torna p\u00fablico o processo seletivo para Aluno Especial\u00a0 PPGO 2026\/1. Edital Aluno Especial\u00a0 PPGO 2026\/1 Homologa\u00e7\u00e3o das Inscri\u00e7\u00f5es &#8211; Edital Aluno Especial &nbsp; Edital de Bolsas PROEX\/PPGO 2026 O Programa de P\u00f3s-gradua\u00e7\u00e3o em Odontologia na Universidade [&hellip;]<\/p>\n","protected":false},"author":480,"featured_media":0,"parent":0,"menu_order":0,"comment_status":"closed","ping_status":"closed","template":"","meta":{"jetpack_post_was_ever_published":false,"footnotes":""},"class_list":["post-5014","page","type-page","status-publish","hentry"],"jetpack_sharing_enabled":true,"jetpack_shortlink":"https:\/\/wp.me\/P9I8SC-1iS","publishpress_future_action":{"enabled":false,"date":"2026-04-22 01:24:24","action":"change-status","newStatus":"draft","terms":[],"taxonomy":"","extraData":[]},"publishpress_future_workflow_manual_trigger":{"enabledWorkflows":[]},"_links":{"self":[{"href":"https:\/\/wp.ufpel.edu.br\/ppgo\/wp-json\/wp\/v2\/pages\/5014","targetHints":{"allow":["GET"]}}],"collection":[{"href":"https:\/\/wp.ufpel.edu.br\/ppgo\/wp-json\/wp\/v2\/pages"}],"about":[{"href":"https:\/\/wp.ufpel.edu.br\/ppgo\/wp-json\/wp\/v2\/types\/page"}],"author":[{"embeddable":true,"href":"https:\/\/wp.ufpel.edu.br\/ppgo\/wp-json\/wp\/v2\/users\/480"}],"replies":[{"embeddable":true,"href":"https:\/\/wp.ufpel.edu.br\/ppgo\/wp-json\/wp\/v2\/comments?post=5014"}],"version-history":[{"count":4,"href":"https:\/\/wp.ufpel.edu.br\/ppgo\/wp-json\/wp\/v2\/pages\/5014\/revisions"}],"predecessor-version":[{"id":5257,"href":"https:\/\/wp.ufpel.edu.br\/ppgo\/wp-json\/wp\/v2\/pages\/5014\/revisions\/5257"}],"wp:attachment":[{"href":"https:\/\/wp.ufpel.edu.br\/ppgo\/wp-json\/wp\/v2\/media?parent=5014"}],"curies":[{"name":"wp","href":"https:\/\/api.w.org\/{rel}","templated":true}]}}