{"id":4936,"date":"2024-10-02T21:09:33","date_gmt":"2024-10-03T00:09:33","guid":{"rendered":"https:\/\/wp.ufpel.edu.br\/ppgo\/?page_id=4936"},"modified":"2024-10-02T21:12:10","modified_gmt":"2024-10-03T00:12:10","slug":"centro-de-diagnostico-das-doencas-da-boca","status":"publish","type":"page","link":"https:\/\/wp.ufpel.edu.br\/ppgo\/centro-de-diagnostico-das-doencas-da-boca\/","title":{"rendered":"Centro de Diagn\u00f3stico das Doen\u00e7as da Boca"},"content":{"rendered":"<p style=\"text-align: justify;\"><span style=\"font-family: arial, helvetica, sans-serif; font-size: 12pt;\">O Centro de Diagn\u00f3stico das Doen\u00e7as da Boca (CDDB) da Faculdade de Odontologia da Universidade<\/span><br \/>\n<span style=\"font-family: arial, helvetica, sans-serif; font-size: 12pt;\">Federal de Pelotas, caracteriza-se pelo desempenho de atividades cl\u00ednicas e laboratoriais de<\/span><br \/>\n<span style=\"font-family: arial, helvetica, sans-serif; font-size: 12pt;\">diagn\u00f3stico das doen\u00e7as bucais. Este servi\u00e7o de extens\u00e3o est\u00e1 vinculado ao Departamento de<\/span><br \/>\n<span style=\"font-family: arial, helvetica, sans-serif; font-size: 12pt;\">Semiologia e Cl\u00ednica e tem car\u00e1ter essencial, com funcionamento durante os dias \u00fateis do calend\u00e1rio<\/span><br \/>\n<span style=\"font-family: arial, helvetica, sans-serif; font-size: 12pt;\">civil, n\u00e3o condicionado ao calend\u00e1rio escolar da Universidade. A casu\u00edstica registrada no laborat\u00f3rio,<\/span><br \/>\n<span style=\"font-family: arial, helvetica, sans-serif; font-size: 12pt;\">atualmente compreende cerca de 1000\/ano (mil casos\/ano) e acumula mais de 29.000 (vinte e nove<\/span><br \/>\n<span style=\"font-family: arial, helvetica, sans-serif; font-size: 12pt;\">mil) esp\u00e9cimens de bi\u00f3psia da regi\u00e3o bucal. O laborat\u00f3rio de histopatologia processa material oriundo<\/span><br \/>\n<span style=\"font-family: arial, helvetica, sans-serif; font-size: 12pt;\">das cl\u00ednicas da Faculdade, da rede b\u00e1sica de sa\u00fade, bem como de consult\u00f3rios particulares de Pelotas<\/span><br \/>\n<span style=\"font-family: arial, helvetica, sans-serif; font-size: 12pt;\">e regi\u00e3o, e at\u00e9 de outros estados, desde que se estabelece como refer\u00eancia para os egressos da<\/span><br \/>\n<span style=\"font-family: arial, helvetica, sans-serif; font-size: 12pt;\">FO\/UFPel. Os atendimentos cl\u00ednicos perfazem 2000 casos\/ano (dois mil casos\/anos) e, atingem mais<\/span><br \/>\n<span style=\"font-family: arial, helvetica, sans-serif; font-size: 12pt;\">de 43.000 (quarenta e tr\u00eas mil) consultas registradas sistematicamente, desde 1986. A<\/span><br \/>\n<span style=\"font-family: arial, helvetica, sans-serif; font-size: 12pt;\">retroalimenta\u00e7\u00e3o que o CDDB propicia nos setores ensino e pesquisa refor\u00e7a a import\u00e2ncia da<\/span><br \/>\n<span style=\"font-family: arial, helvetica, sans-serif; font-size: 12pt;\">indissociabilidade entre este trip\u00e9 que sustenta a Universidade brasileira. Assim, programas<\/span><br \/>\n<span style=\"font-family: arial, helvetica, sans-serif; font-size: 12pt;\">preventivos como campanhas educativas e que visam atender os quesitos de aten\u00e7\u00e3o prim\u00e1ria nos<\/span><br \/>\n<span style=\"font-family: arial, helvetica, sans-serif; font-size: 12pt;\">n\u00edveis de aten\u00e7\u00e3o \u00e0 sa\u00fade coletiva, servem de fonte para diferentes investiga\u00e7\u00f5es, cujos resultados<\/span><br \/>\n<span style=\"font-family: arial, helvetica, sans-serif; font-size: 12pt;\">t\u00eam efeito direto na interven\u00e7\u00e3o da epidemiologia da mol\u00e9stia estudada, destaque-se aqui o c\u00e2ncer<\/span><br \/>\n<span style=\"font-family: arial, helvetica, sans-serif; font-size: 12pt;\">bucal. In\u00fameros trabalhos desenvolvidos por alunos de gradua\u00e7\u00e3o e p\u00f3s-gradua\u00e7\u00e3o tiveram<\/span><br \/>\n<span style=\"font-family: arial, helvetica, sans-serif; font-size: 12pt;\">proced\u00eancia do acervo do CDDB, gerando conhecimento e propiciando experi\u00eancia docente e<\/span><br \/>\n<span style=\"font-family: arial, helvetica, sans-serif; font-size: 12pt;\">acad\u00eamica.<\/span><\/p>\n<p><a href=\"https:\/\/wp.ufpel.edu.br\/ppgo\/files\/2024\/05\/Bertuol-45-scaled.jpg\"><img class=\"aligncenter size-large wp-image-4579\" src=\"https:\/\/wp.ufpel.edu.br\/ppgo\/files\/2024\/05\/Bertuol-45-1024x684.jpg\" alt=\"\" width=\"1024\" height=\"684\" srcset=\"https:\/\/wp.ufpel.edu.br\/ppgo\/files\/2024\/05\/Bertuol-45-1024x684.jpg 1024w, https:\/\/wp.ufpel.edu.br\/ppgo\/files\/2024\/05\/Bertuol-45-400x267.jpg 400w, https:\/\/wp.ufpel.edu.br\/ppgo\/files\/2024\/05\/Bertuol-45-768x513.jpg 768w, https:\/\/wp.ufpel.edu.br\/ppgo\/files\/2024\/05\/Bertuol-45-1536x1025.jpg 1536w, https:\/\/wp.ufpel.edu.br\/ppgo\/files\/2024\/05\/Bertuol-45-2048x1367.jpg 2048w\" sizes=\"(max-width: 1024px) 100vw, 1024px\" \/><\/a><\/p>\n","protected":false},"excerpt":{"rendered":"<p>O Centro de Diagn\u00f3stico das Doen\u00e7as da Boca (CDDB) da Faculdade de Odontologia da Universidade Federal de Pelotas, caracteriza-se pelo desempenho de atividades cl\u00ednicas e laboratoriais de diagn\u00f3stico das doen\u00e7as bucais. Este servi\u00e7o de extens\u00e3o est\u00e1 vinculado ao Departamento de Semiologia e Cl\u00ednica e tem car\u00e1ter essencial, com funcionamento durante os dias \u00fateis do calend\u00e1rio [&hellip;]<\/p>\n","protected":false},"author":480,"featured_media":0,"parent":0,"menu_order":0,"comment_status":"closed","ping_status":"closed","template":"","meta":{"jetpack_post_was_ever_published":false,"footnotes":""},"class_list":["post-4936","page","type-page","status-publish","hentry"],"jetpack_sharing_enabled":true,"jetpack_shortlink":"https:\/\/wp.me\/P9I8SC-1hC","publishpress_future_action":{"enabled":false,"date":"2026-04-22 18:55:47","action":"change-status","newStatus":"draft","terms":[],"taxonomy":"","extraData":[]},"publishpress_future_workflow_manual_trigger":{"enabledWorkflows":[]},"_links":{"self":[{"href":"https:\/\/wp.ufpel.edu.br\/ppgo\/wp-json\/wp\/v2\/pages\/4936","targetHints":{"allow":["GET"]}}],"collection":[{"href":"https:\/\/wp.ufpel.edu.br\/ppgo\/wp-json\/wp\/v2\/pages"}],"about":[{"href":"https:\/\/wp.ufpel.edu.br\/ppgo\/wp-json\/wp\/v2\/types\/page"}],"author":[{"embeddable":true,"href":"https:\/\/wp.ufpel.edu.br\/ppgo\/wp-json\/wp\/v2\/users\/480"}],"replies":[{"embeddable":true,"href":"https:\/\/wp.ufpel.edu.br\/ppgo\/wp-json\/wp\/v2\/comments?post=4936"}],"version-history":[{"count":3,"href":"https:\/\/wp.ufpel.edu.br\/ppgo\/wp-json\/wp\/v2\/pages\/4936\/revisions"}],"predecessor-version":[{"id":4942,"href":"https:\/\/wp.ufpel.edu.br\/ppgo\/wp-json\/wp\/v2\/pages\/4936\/revisions\/4942"}],"wp:attachment":[{"href":"https:\/\/wp.ufpel.edu.br\/ppgo\/wp-json\/wp\/v2\/media?parent=4936"}],"curies":[{"name":"wp","href":"https:\/\/api.w.org\/{rel}","templated":true}]}}