{"id":4886,"date":"2024-07-30T18:51:52","date_gmt":"2024-07-30T21:51:52","guid":{"rendered":"https:\/\/wp.ufpel.edu.br\/ppgo\/?page_id=4886"},"modified":"2025-01-30T18:29:55","modified_gmt":"2025-01-30T21:29:55","slug":"manual-de-normas-para-trabalhos-academicos-ufpel","status":"publish","type":"page","link":"https:\/\/wp.ufpel.edu.br\/ppgo\/manual-de-normas-para-trabalhos-academicos-ufpel\/","title":{"rendered":"Manual de normas para trabalhos acad\u00eamicos UFPel"},"content":{"rendered":"<p><span style=\"font-family: georgia, palatino, serif;\"><a href=\"https:\/\/wp.ufpel.edu.br\/ppgo\/files\/2024\/07\/Manual-versao-final-novembro-1.pdf\"><span style=\"font-family: arial, helvetica, sans-serif; font-size: 12pt;\">Manual de normas para trabalhos acad\u00eamicos UFPel Atualizado<\/span><\/a><\/span><\/p>\n<p><span style=\"font-family: arial, helvetica, sans-serif;\"><a href=\"https:\/\/wp.ufpel.edu.br\/ppgo\/files\/2024\/07\/Capa_Paginas_pre_e_pos-textuais_atualizado.docx\">Capa_Paginas_pre_e_pos-textuais_atualizado<\/a><\/span><\/p>\n<p><span style=\"font-family: arial, helvetica, sans-serif;\"><a href=\"https:\/\/wp.ufpel.edu.br\/ppgo\/files\/2024\/07\/Termo-Dissertacoes-e-Teses.pdf\">Termo de autoriza\u00e7\u00e3o para Disserta\u00e7\u00f5es e Teses atualizado<\/a><\/span><\/p>\n","protected":false},"excerpt":{"rendered":"<p>Manual de normas para trabalhos acad\u00eamicos UFPel Atualizado Capa_Paginas_pre_e_pos-textuais_atualizado Termo de autoriza\u00e7\u00e3o para Disserta\u00e7\u00f5es e Teses atualizado<\/p>\n","protected":false},"author":480,"featured_media":0,"parent":0,"menu_order":0,"comment_status":"closed","ping_status":"closed","template":"","meta":{"jetpack_post_was_ever_published":false,"footnotes":""},"class_list":["post-4886","page","type-page","status-publish","hentry"],"jetpack_sharing_enabled":true,"jetpack_shortlink":"https:\/\/wp.me\/P9I8SC-1gO","publishpress_future_action":{"enabled":false,"date":"2026-04-22 10:08:53","action":"change-status","newStatus":"draft","terms":[],"taxonomy":"","extraData":[]},"publishpress_future_workflow_manual_trigger":{"enabledWorkflows":[]},"_links":{"self":[{"href":"https:\/\/wp.ufpel.edu.br\/ppgo\/wp-json\/wp\/v2\/pages\/4886","targetHints":{"allow":["GET"]}}],"collection":[{"href":"https:\/\/wp.ufpel.edu.br\/ppgo\/wp-json\/wp\/v2\/pages"}],"about":[{"href":"https:\/\/wp.ufpel.edu.br\/ppgo\/wp-json\/wp\/v2\/types\/page"}],"author":[{"embeddable":true,"href":"https:\/\/wp.ufpel.edu.br\/ppgo\/wp-json\/wp\/v2\/users\/480"}],"replies":[{"embeddable":true,"href":"https:\/\/wp.ufpel.edu.br\/ppgo\/wp-json\/wp\/v2\/comments?post=4886"}],"version-history":[{"count":3,"href":"https:\/\/wp.ufpel.edu.br\/ppgo\/wp-json\/wp\/v2\/pages\/4886\/revisions"}],"predecessor-version":[{"id":5048,"href":"https:\/\/wp.ufpel.edu.br\/ppgo\/wp-json\/wp\/v2\/pages\/4886\/revisions\/5048"}],"wp:attachment":[{"href":"https:\/\/wp.ufpel.edu.br\/ppgo\/wp-json\/wp\/v2\/media?parent=4886"}],"curies":[{"name":"wp","href":"https:\/\/api.w.org\/{rel}","templated":true}]}}