{"id":4846,"date":"2024-07-09T23:03:28","date_gmt":"2024-07-10T02:03:28","guid":{"rendered":"https:\/\/wp.ufpel.edu.br\/ppgo\/?page_id=4846"},"modified":"2024-10-21T21:58:14","modified_gmt":"2024-10-22T00:58:14","slug":"cdc-bio-no-55-gbmd","status":"publish","type":"page","link":"https:\/\/wp.ufpel.edu.br\/ppgo\/cdc-bio-no-55-gbmd\/","title":{"rendered":"CDC-Bio no 55\u00b0 GBMD"},"content":{"rendered":"<p class=\"corTexto\"><span style=\"font-family: arial, helvetica, sans-serif; font-size: 12pt;\"><a href=\"https:\/\/wp.ufpel.edu.br\/cdcbio\/2019\/07\/12\/pagina-em-construcao\/\">CDC-Bio no 55\u00b0 GBMD<\/a><\/span><\/p>\n<p><span style=\"font-family: arial, helvetica, sans-serif;\">De 22 a 25 de jullho ocorrer\u00e1 o 55\u00ba Encontro do Grupo de Brasileiro de Materiais Dent\u00e1rios em Passo Fundo-RS. Neste evento, o CDC-Bio ser\u00e1 representado por 18 alunos que tiveram seus trabalhos selecionados para apresenta\u00e7\u00e3o.<\/span><\/p>\n<p><a href=\"https:\/\/wp.ufpel.edu.br\/ppgo\/files\/2024\/10\/ppgo.png\"><img class=\"aligncenter size-full wp-image-4967\" src=\"https:\/\/wp.ufpel.edu.br\/ppgo\/files\/2024\/10\/ppgo.png\" alt=\"\" width=\"207\" height=\"109\" \/><\/a><\/p>\n","protected":false},"excerpt":{"rendered":"<p>CDC-Bio no 55\u00b0 GBMD De 22 a 25 de jullho ocorrer\u00e1 o 55\u00ba Encontro do Grupo de Brasileiro de Materiais Dent\u00e1rios em Passo Fundo-RS. Neste evento, o CDC-Bio ser\u00e1 representado por 18 alunos que tiveram seus trabalhos selecionados para apresenta\u00e7\u00e3o.<\/p>\n","protected":false},"author":480,"featured_media":0,"parent":0,"menu_order":0,"comment_status":"closed","ping_status":"closed","template":"","meta":{"jetpack_post_was_ever_published":false,"footnotes":""},"class_list":["post-4846","page","type-page","status-publish","hentry"],"jetpack_sharing_enabled":true,"jetpack_shortlink":"https:\/\/wp.me\/P9I8SC-1ga","publishpress_future_action":{"enabled":false,"date":"2026-04-22 03:09:05","action":"change-status","newStatus":"draft","terms":[],"taxonomy":"","extraData":[]},"publishpress_future_workflow_manual_trigger":{"enabledWorkflows":[]},"_links":{"self":[{"href":"https:\/\/wp.ufpel.edu.br\/ppgo\/wp-json\/wp\/v2\/pages\/4846","targetHints":{"allow":["GET"]}}],"collection":[{"href":"https:\/\/wp.ufpel.edu.br\/ppgo\/wp-json\/wp\/v2\/pages"}],"about":[{"href":"https:\/\/wp.ufpel.edu.br\/ppgo\/wp-json\/wp\/v2\/types\/page"}],"author":[{"embeddable":true,"href":"https:\/\/wp.ufpel.edu.br\/ppgo\/wp-json\/wp\/v2\/users\/480"}],"replies":[{"embeddable":true,"href":"https:\/\/wp.ufpel.edu.br\/ppgo\/wp-json\/wp\/v2\/comments?post=4846"}],"version-history":[{"count":3,"href":"https:\/\/wp.ufpel.edu.br\/ppgo\/wp-json\/wp\/v2\/pages\/4846\/revisions"}],"predecessor-version":[{"id":4968,"href":"https:\/\/wp.ufpel.edu.br\/ppgo\/wp-json\/wp\/v2\/pages\/4846\/revisions\/4968"}],"wp:attachment":[{"href":"https:\/\/wp.ufpel.edu.br\/ppgo\/wp-json\/wp\/v2\/media?parent=4846"}],"curies":[{"name":"wp","href":"https:\/\/api.w.org\/{rel}","templated":true}]}}