{"id":4827,"date":"2024-06-24T19:36:15","date_gmt":"2024-06-24T22:36:15","guid":{"rendered":"https:\/\/wp.ufpel.edu.br\/ppgo\/?page_id=4827"},"modified":"2025-07-02T11:22:22","modified_gmt":"2025-07-02T14:22:22","slug":"agenda-virtual-ppgo-2-0","status":"publish","type":"page","link":"https:\/\/wp.ufpel.edu.br\/ppgo\/agenda-virtual-ppgo-2-0\/","title":{"rendered":"Agenda virtual PPGO 2.0"},"content":{"rendered":"<ul>\n<li data-index=\"0\" data-style=\"{&quot;background_image_attachment&quot;:false,&quot;background_display&quot;:&quot;center&quot;,&quot;background_image_size&quot;:&quot;full&quot;,&quot;background_image_opacity&quot;:&quot;100&quot;,&quot;border_thickness&quot;:&quot;1px&quot;}\"><a href=\"https:\/\/calendar.google.com\/calendar\/embed?src=secretariappgo%40gmail.com&amp;ctz=America%2FSao_Paulo\">Grade Hor\u00e1ria Audit\u00f3rio PPGO<\/a><\/li>\n<li id=\"panel-269-0-0-0\" class=\"so-panel widget widget_gce_widget panel-first-child\" data-index=\"0\" data-style=\"{&quot;background_image_attachment&quot;:false,&quot;background_display&quot;:&quot;center&quot;,&quot;background_image_size&quot;:&quot;full&quot;,&quot;background_image_opacity&quot;:&quot;100&quot;,&quot;border_thickness&quot;:&quot;1px&quot;}\"><a href=\"https:\/\/docs.google.com\/forms\/d\/e\/1FAIpQLSe4eY6rR7cymAZQ-3t4f_0WjN5RjRKh892EFpN5shNbJ0crYg\/viewform?usp=preview\"><span style=\"font-family: arial, helvetica, sans-serif;\">Formul\u00e1rio de agendamento do audit\u00f3rio do PPGO<\/span><\/a><\/li>\n<\/ul>\n<div class=\"so-widget-sow-editor so-widget-sow-editor-base\">\n<div class=\"siteorigin-widget-tinymce textwidget\">\n<ul>\n<li><span style=\"font-family: arial, helvetica, sans-serif;\">Confira os eventos agendados para o audit\u00f3rio do PPGO e, caso tenha interesse, solicite a reserva do mesmo completando o formul\u00e1rio acima..<\/span><\/li>\n<li><span style=\"font-family: arial, helvetica, sans-serif;\">Existe um memorando que define as prioridades de uso do audit\u00f3rio.\u00a0<a href=\"https:\/\/wp.ufpel.edu.br\/ppgo\/files\/2018\/10\/Memo_027_Circular.pdf\">Confira aqui<\/a>.<\/span><\/li>\n<\/ul>\n<p><span style=\"font-family: arial, helvetica, sans-serif;\"><strong>IMPORTANTE:<\/strong>\u00a0Docentes e discentes externos ao Programa que queiram utilizar\/agendar o audit\u00f3rio, dever\u00e3o preencher, assinar e entregar na secretaria do PPGO o\u00a0<a href=\"https:\/\/wp.ufpel.edu.br\/ppgo\/files\/2019\/03\/TERMO-DE-RESPONSABILIDADE-UTILIZA%C3%87%C3%83O-DO-AUDIT%C3%93RIO-PPGO.docx\">TERMO DE RESPONSABILIDADE UTILIZA\u00c7\u00c3O DO AUDIT\u00d3RIO PPGO<\/a>.<\/span><\/p>\n<\/div>\n<\/div>\n","protected":false},"excerpt":{"rendered":"<p>Grade Hor\u00e1ria Audit\u00f3rio PPGO Formul\u00e1rio de agendamento do audit\u00f3rio do PPGO Confira os eventos agendados para o audit\u00f3rio do PPGO e, caso tenha interesse, solicite a reserva do mesmo completando o formul\u00e1rio acima.. Existe um memorando que define as prioridades de uso do audit\u00f3rio.\u00a0Confira aqui. IMPORTANTE:\u00a0Docentes e discentes externos ao Programa que queiram utilizar\/agendar o [&hellip;]<\/p>\n","protected":false},"author":480,"featured_media":0,"parent":0,"menu_order":0,"comment_status":"closed","ping_status":"closed","template":"","meta":{"jetpack_post_was_ever_published":false,"footnotes":""},"class_list":["post-4827","page","type-page","status-publish","hentry"],"jetpack_sharing_enabled":true,"jetpack_shortlink":"https:\/\/wp.me\/P9I8SC-1fR","publishpress_future_action":{"enabled":false,"date":"2026-04-22 04:38:51","action":"change-status","newStatus":"draft","terms":[],"taxonomy":"","extraData":[]},"publishpress_future_workflow_manual_trigger":{"enabledWorkflows":[]},"_links":{"self":[{"href":"https:\/\/wp.ufpel.edu.br\/ppgo\/wp-json\/wp\/v2\/pages\/4827","targetHints":{"allow":["GET"]}}],"collection":[{"href":"https:\/\/wp.ufpel.edu.br\/ppgo\/wp-json\/wp\/v2\/pages"}],"about":[{"href":"https:\/\/wp.ufpel.edu.br\/ppgo\/wp-json\/wp\/v2\/types\/page"}],"author":[{"embeddable":true,"href":"https:\/\/wp.ufpel.edu.br\/ppgo\/wp-json\/wp\/v2\/users\/480"}],"replies":[{"embeddable":true,"href":"https:\/\/wp.ufpel.edu.br\/ppgo\/wp-json\/wp\/v2\/comments?post=4827"}],"version-history":[{"count":3,"href":"https:\/\/wp.ufpel.edu.br\/ppgo\/wp-json\/wp\/v2\/pages\/4827\/revisions"}],"predecessor-version":[{"id":5118,"href":"https:\/\/wp.ufpel.edu.br\/ppgo\/wp-json\/wp\/v2\/pages\/4827\/revisions\/5118"}],"wp:attachment":[{"href":"https:\/\/wp.ufpel.edu.br\/ppgo\/wp-json\/wp\/v2\/media?parent=4827"}],"curies":[{"name":"wp","href":"https:\/\/api.w.org\/{rel}","templated":true}]}}