{"id":4710,"date":"2024-06-03T09:04:07","date_gmt":"2024-06-03T12:04:07","guid":{"rendered":"https:\/\/wp.ufpel.edu.br\/ppgo\/?page_id=4710"},"modified":"2024-06-03T09:04:07","modified_gmt":"2024-06-03T12:04:07","slug":"editais-encerrados-2020","status":"publish","type":"page","link":"https:\/\/wp.ufpel.edu.br\/ppgo\/editais-encerrados-2020\/","title":{"rendered":"Editais Encerrados 2020"},"content":{"rendered":"<ul>\n<li><span style=\"font-family: arial, helvetica, sans-serif; font-size: 12pt;\"><a href=\"https:\/\/wp.ufpel.edu.br\/ppgo\/files\/2021\/02\/homologacao-candidatos-RETIFICACAO-APOS-RECURSOS-FINAL6111.pdf\">Homologa\u00e7\u00e3o das inscri\u00e7\u00f5es sele\u00e7\u00e3o PPGO 2021 &#8211; RETIFICA\u00c7\u00c3O AP\u00d3S RECURSOS<\/a><\/span><\/li>\n<li><span style=\"font-family: arial, helvetica, sans-serif; font-size: 12pt;\"><a href=\"https:\/\/wp.ufpel.edu.br\/ppgo\/files\/2020\/12\/SEI_UFPel-1150848-Edital-de-selecao-PRPPGI5595.pdf\">Edital 127\/2020<\/a><\/span><\/li>\n<li><span style=\"font-family: arial, helvetica, sans-serif; font-size: 12pt;\"><a href=\"https:\/\/wp.ufpel.edu.br\/ppgo\/files\/2020\/12\/instrucoes-preenchimento-planilha-2021.pdf\">Instru\u00e7\u00f5es preenchimento planilha<\/a><\/span><\/li>\n<li><span style=\"font-family: arial, helvetica, sans-serif; font-size: 12pt;\"><a href=\"https:\/\/wp.ufpel.edu.br\/ppgo\/files\/2020\/12\/Planilha_pontuacao_CV_2021.xls\">Planilha Pontua\u00e7\u00e3o_- CV<\/a><\/span><\/li>\n<li><span style=\"font-family: arial, helvetica, sans-serif; font-size: 12pt;\"><a href=\"https:\/\/wp.ufpel.edu.br\/ppgo\/files\/2020\/12\/Formulario_de_inscricao_2021.doc\">Formul\u00e1rio_de_inscri\u00e7\u00e3o<\/a><\/span><\/li>\n<\/ul>\n","protected":false},"excerpt":{"rendered":"<p>Homologa\u00e7\u00e3o das inscri\u00e7\u00f5es sele\u00e7\u00e3o PPGO 2021 &#8211; RETIFICA\u00c7\u00c3O AP\u00d3S RECURSOS Edital 127\/2020 Instru\u00e7\u00f5es preenchimento planilha Planilha Pontua\u00e7\u00e3o_- CV Formul\u00e1rio_de_inscri\u00e7\u00e3o<\/p>\n","protected":false},"author":480,"featured_media":0,"parent":0,"menu_order":0,"comment_status":"closed","ping_status":"closed","template":"","meta":{"jetpack_post_was_ever_published":false,"footnotes":""},"class_list":["post-4710","page","type-page","status-publish","hentry"],"jetpack_sharing_enabled":true,"jetpack_shortlink":"https:\/\/wp.me\/P9I8SC-1dY","publishpress_future_action":{"enabled":false,"date":"2026-05-14 08:14:43","action":"change-status","newStatus":"draft","terms":[],"taxonomy":"","extraData":[]},"publishpress_future_workflow_manual_trigger":{"enabledWorkflows":[]},"_links":{"self":[{"href":"https:\/\/wp.ufpel.edu.br\/ppgo\/wp-json\/wp\/v2\/pages\/4710","targetHints":{"allow":["GET"]}}],"collection":[{"href":"https:\/\/wp.ufpel.edu.br\/ppgo\/wp-json\/wp\/v2\/pages"}],"about":[{"href":"https:\/\/wp.ufpel.edu.br\/ppgo\/wp-json\/wp\/v2\/types\/page"}],"author":[{"embeddable":true,"href":"https:\/\/wp.ufpel.edu.br\/ppgo\/wp-json\/wp\/v2\/users\/480"}],"replies":[{"embeddable":true,"href":"https:\/\/wp.ufpel.edu.br\/ppgo\/wp-json\/wp\/v2\/comments?post=4710"}],"version-history":[{"count":1,"href":"https:\/\/wp.ufpel.edu.br\/ppgo\/wp-json\/wp\/v2\/pages\/4710\/revisions"}],"predecessor-version":[{"id":4712,"href":"https:\/\/wp.ufpel.edu.br\/ppgo\/wp-json\/wp\/v2\/pages\/4710\/revisions\/4712"}],"wp:attachment":[{"href":"https:\/\/wp.ufpel.edu.br\/ppgo\/wp-json\/wp\/v2\/media?parent=4710"}],"curies":[{"name":"wp","href":"https:\/\/api.w.org\/{rel}","templated":true}]}}