{"id":4707,"date":"2024-06-03T09:03:48","date_gmt":"2024-06-03T12:03:48","guid":{"rendered":"https:\/\/wp.ufpel.edu.br\/ppgo\/?page_id=4707"},"modified":"2024-06-03T09:03:48","modified_gmt":"2024-06-03T12:03:48","slug":"editais-encerrados-2021","status":"publish","type":"page","link":"https:\/\/wp.ufpel.edu.br\/ppgo\/editais-encerrados-2021\/","title":{"rendered":"Editais Encerrados 2021"},"content":{"rendered":"<p><strong><span style=\"font-family: arial, helvetica, sans-serif;\"><span style=\"font-size: 12pt;\">Editais Encerrados 2021<\/span><\/span><\/strong><\/p>\n<ul>\n<li class=\"panel-widget-style panel-widget-style-for-1312-0-0-0\"><span style=\"font-family: arial, helvetica, sans-serif; font-size: 12pt;\"><a href=\"https:\/\/wp.ufpel.edu.br\/ppgo\/files\/2021\/12\/Resultado-Final_Aluno-Regular3289.pdf\">Resultado Final &#8211; Aluno Regular 2021-2<\/a><\/span><\/li>\n<li class=\"panel-widget-style panel-widget-style-for-1312-0-0-0\"><span style=\"font-family: arial, helvetica, sans-serif; font-size: 12pt;\"><a href=\"https:\/\/wp.ufpel.edu.br\/ppgo\/files\/2021\/07\/Resultado-edital-2021.2-Aluno-especial.pdf\">Resultado &#8211; Aluno especial 2021-2<\/a><\/span><\/li>\n<li class=\"panel-widget-style panel-widget-style-for-1312-0-0-0\"><span style=\"font-family: arial, helvetica, sans-serif; font-size: 12pt;\"><a href=\"https:\/\/wp.ufpel.edu.br\/ppgo\/files\/2021\/06\/Resultado-PDSE.pdf\">Resultado PDSE<\/a><\/span><\/li>\n<li class=\"panel-widget-style panel-widget-style-for-1312-0-0-0\"><span style=\"font-family: arial, helvetica, sans-serif; font-size: 12pt;\"><a href=\"https:\/\/wp.ufpel.edu.br\/ppgo\/files\/2021\/03\/Resultado-edital-23_2021-Aluno-especial6492.pdf\">Resultado Edital de Sele\u00e7\u00e3o Aluno especial &#8211; 2021-1<\/a><\/span><\/li>\n<li class=\"panel-widget-style panel-widget-style-for-1312-0-0-0\"><span style=\"font-family: arial, helvetica, sans-serif; font-size: 12pt;\"><a href=\"https:\/\/wp.ufpel.edu.br\/ppgo\/files\/2021\/03\/Classifica\u00e7\u00e3o-final-sele\u00e7\u00e3o-ppgo.pdf\">Classifica\u00e7\u00e3o Final Sele\u00e7\u00e3o PPGO<\/a><\/span><\/li>\n<\/ul>\n<div><\/div>\n<p>&nbsp;<\/p>\n","protected":false},"excerpt":{"rendered":"<p>Editais Encerrados 2021 Resultado Final &#8211; Aluno Regular 2021-2 Resultado &#8211; Aluno especial 2021-2 Resultado PDSE Resultado Edital de Sele\u00e7\u00e3o Aluno especial &#8211; 2021-1 Classifica\u00e7\u00e3o Final Sele\u00e7\u00e3o PPGO &nbsp;<\/p>\n","protected":false},"author":480,"featured_media":0,"parent":0,"menu_order":0,"comment_status":"closed","ping_status":"closed","template":"","meta":{"jetpack_post_was_ever_published":false,"footnotes":""},"class_list":["post-4707","page","type-page","status-publish","hentry"],"jetpack_sharing_enabled":true,"jetpack_shortlink":"https:\/\/wp.me\/P9I8SC-1dV","publishpress_future_action":{"enabled":false,"date":"2026-04-22 06:33:44","action":"change-status","newStatus":"draft","terms":[],"taxonomy":"","extraData":[]},"publishpress_future_workflow_manual_trigger":{"enabledWorkflows":[]},"_links":{"self":[{"href":"https:\/\/wp.ufpel.edu.br\/ppgo\/wp-json\/wp\/v2\/pages\/4707","targetHints":{"allow":["GET"]}}],"collection":[{"href":"https:\/\/wp.ufpel.edu.br\/ppgo\/wp-json\/wp\/v2\/pages"}],"about":[{"href":"https:\/\/wp.ufpel.edu.br\/ppgo\/wp-json\/wp\/v2\/types\/page"}],"author":[{"embeddable":true,"href":"https:\/\/wp.ufpel.edu.br\/ppgo\/wp-json\/wp\/v2\/users\/480"}],"replies":[{"embeddable":true,"href":"https:\/\/wp.ufpel.edu.br\/ppgo\/wp-json\/wp\/v2\/comments?post=4707"}],"version-history":[{"count":1,"href":"https:\/\/wp.ufpel.edu.br\/ppgo\/wp-json\/wp\/v2\/pages\/4707\/revisions"}],"predecessor-version":[{"id":4709,"href":"https:\/\/wp.ufpel.edu.br\/ppgo\/wp-json\/wp\/v2\/pages\/4707\/revisions\/4709"}],"wp:attachment":[{"href":"https:\/\/wp.ufpel.edu.br\/ppgo\/wp-json\/wp\/v2\/media?parent=4707"}],"curies":[{"name":"wp","href":"https:\/\/api.w.org\/{rel}","templated":true}]}}