{"id":4704,"date":"2024-06-03T09:03:09","date_gmt":"2024-06-03T12:03:09","guid":{"rendered":"https:\/\/wp.ufpel.edu.br\/ppgo\/?page_id=4704"},"modified":"2024-06-03T09:03:09","modified_gmt":"2024-06-03T12:03:09","slug":"editais-encerrados-2022","status":"publish","type":"page","link":"https:\/\/wp.ufpel.edu.br\/ppgo\/editais-encerrados-2022\/","title":{"rendered":"Editais Encerrados 2022"},"content":{"rendered":"<ul>\n<li class=\"panel-widget-style panel-widget-style-for-1312-0-0-0\"><span style=\"font-family: arial, helvetica, sans-serif; font-size: 12pt;\"><a href=\"https:\/\/wp.ufpel.edu.br\/ppgo\/files\/2022\/12\/SEI2FUFPel-1969062-Edital-1.pdf\">Edital Interno PDSE &#8211; Bolsas de doutorado Sandu\u00edche &#8211; PPGO UFPel<\/a><\/span><\/li>\n<li class=\"panel-widget-style panel-widget-style-for-1312-0-0-0\"><span style=\"font-family: arial, helvetica, sans-serif;\"><span style=\"font-size: 12pt;\"><a href=\"https:\/\/wp.ufpel.edu.br\/ppgo\/files\/2022\/12\/Homologac\u0327a\u0303o-PDSE-2022.3.pdf\">Homologac\u0327a\u0303o PDSE 2022.3<\/a><\/span><\/span><\/li>\n<li class=\"panel-widget-style panel-widget-style-for-1312-0-0-0\"><span style=\"font-family: arial, helvetica, sans-serif;\"><span style=\"font-size: 12pt;\"><a href=\"https:\/\/wp.ufpel.edu.br\/ppgo\/files\/2022\/11\/Resultado-edital-156_2022-Professor-Visitante-1.pdf\">Resultado Edital 156 2022 Professor Visitante<\/a><\/span><\/span><\/li>\n<li class=\"panel-widget-style panel-widget-style-for-1312-0-0-0\"><span style=\"font-family: arial, helvetica, sans-serif;\"><span style=\"font-size: 12pt;\"><a href=\"https:\/\/wp.ufpel.edu.br\/ppgo\/files\/2022\/11\/Homologacao-edital_Aluno-Regular.pdf\">Inscri\u00e7\u00f5es recebidas no Edital Professor Visitante PPGO-UFPe<\/a><\/span><\/span><\/li>\n<li class=\"panel-widget-style panel-widget-style-for-1312-0-0-0\"><span style=\"font-family: arial, helvetica, sans-serif;\"><span style=\"font-size: 12pt;\"><a href=\"https:\/\/wp.ufpel.edu.br\/ppgo\/files\/2022\/11\/Homologacao-edital_Aluno-Regular.pdf\">l<\/a><\/span><\/span><span style=\"font-family: arial, helvetica, sans-serif;\"><span style=\"font-size: 12pt;\"><a href=\"https:\/\/wp.ufpel.edu.br\/ppgo\/files\/2022\/08\/Edital-de-Selecao-de-Professor-Visitante-PPG-em-Odontologia.pdf\">Edital Professor Visitante PPGO-UFPel<\/a><\/span><\/span><\/li>\n<li class=\"panel-widget-style panel-widget-style-for-1312-0-0-0\"><span style=\"font-family: arial, helvetica, sans-serif;\"><span style=\"font-size: 12pt;\"><a href=\"https:\/\/wp.ufpel.edu.br\/ppgo\/files\/2022\/08\/Edital-PV-Final-Anexo-I.pdf\">Anexo I<\/a><\/span><\/span><span style=\"font-family: arial, helvetica, sans-serif;\"><span style=\"font-size: 12pt;\"><a href=\"https:\/\/wp.ufpel.edu.br\/ppgo\/files\/2022\/08\/Edital_PV_Final_Anexo_II.pdf\">Anexo II<\/a><\/span><\/span><\/li>\n<li class=\"panel-widget-style panel-widget-style-for-1312-0-0-0\"><span style=\"font-family: arial, helvetica, sans-serif;\"><span style=\"font-size: 12pt;\"><a href=\"https:\/\/wp.ufpel.edu.br\/ppgo\/files\/2022\/11\/Resultado-PDSE-PPGO-2022.2.pdf\">Resultado da Sele\u00e7\u00e3o para Bolsa de Doutorado Sandu\u00edche &#8211; PRInt\/UFPel<\/a><\/span><\/span><\/li>\n<li class=\"panel-widget-style panel-widget-style-for-1312-0-0-0\"><span style=\"font-family: arial, helvetica, sans-serif;\"><span style=\"font-size: 12pt;\"><a href=\"https:\/\/wp.ufpel.edu.br\/ppgo\/files\/2022\/10\/SEI_UFPel-1917330-Edital.pdf\">Edital Interno de Sele\u00e7\u00e3o para BOLSAS DE DOUTORADO SANDU\u00cdCHE &#8211; PrInt\/UFPel<\/a><\/span><\/span><\/li>\n<li class=\"panel-widget-style panel-widget-style-for-1312-0-0-0\"><span style=\"font-family: arial, helvetica, sans-serif;\"><span style=\"font-size: 12pt;\"><a href=\"https:\/\/wp.ufpel.edu.br\/ppgo\/files\/2022\/08\/SEI_UFPel-1830023-Edital-3MT-SIIEPE.pdf\">Edital 3MT SIIEPE<\/a><\/span><\/span><\/li>\n<li class=\"panel-widget-style panel-widget-style-for-1312-0-0-0\"><span style=\"font-family: arial, helvetica, sans-serif;\"><span style=\"font-size: 12pt;\"><a href=\"https:\/\/wp.ufpel.edu.br\/ppgo\/files\/2022\/09\/Resultado-Edital-Auxi\u0301lio-Aluno-2022_2.pdf\">Resultado Edital Auxi\u0301lio-Aluno 2022\/2<\/a><\/span><\/span><\/li>\n<li class=\"panel-widget-style panel-widget-style-for-1312-0-0-0\"><span style=\"font-family: arial, helvetica, sans-serif;\"><span style=\"font-size: 12pt;\"><a href=\"https:\/\/wp.ufpel.edu.br\/ppgo\/files\/2022\/08\/SEI_UFPel-1829611-Edital-Auxilio-aluno-2022.2.pdf\">Edital Auxilio aluno 2022.2<\/a><\/span><\/span><\/li>\n<li class=\"panel-widget-style panel-widget-style-for-1312-0-0-0\"><span style=\"font-family: arial, helvetica, sans-serif;\"><span style=\"font-size: 12pt;\"><a href=\"https:\/\/wp.ufpel.edu.br\/ppgo\/files\/2022\/08\/Resultado-Preliminar-Processo-Seletivo-Aluno-Especial.pdf\">Resultado Preliminar Processo Seletivo Aluno Especial 2022\/2<\/a><\/span><\/span><\/li>\n<li class=\"panel-widget-style panel-widget-style-for-1312-0-0-0\"><span style=\"font-family: arial, helvetica, sans-serif;\"><span style=\"font-size: 12pt;\"><a href=\"https:\/\/wp.ufpel.edu.br\/ppgo\/files\/2022\/07\/SEI_UFPel-1786917-Edital-de-selec\u0327a\u0303o-PRPPG.pdf\">Edital de Selec\u0327a\u0303o Aluno Especial<\/a><\/span><\/span><\/li>\n<li class=\"panel-widget-style panel-widget-style-for-1312-0-0-0\"><span style=\"font-family: arial, helvetica, sans-serif;\"><span style=\"font-size: 12pt;\"><a href=\"https:\/\/wp.ufpel.edu.br\/ppgo\/files\/2022\/07\/Resultado-Final-Processo-Seletivo-2022.2.pdf\">Resultado Final Processo Seletivo-2022\/2<\/a><\/span><\/span><\/li>\n<li class=\"panel-widget-style panel-widget-style-for-1312-0-0-0\"><span style=\"font-family: arial, helvetica, sans-serif;\"><span style=\"font-size: 12pt;\"><a href=\"https:\/\/wp.ufpel.edu.br\/ppgo\/files\/2022\/07\/Resultado-Preliminar-Segunda-Fase-Processo-Seletivo-2022.2-2.pdf\">Resultado Preliminar Segunda Fase &#8211; Processo Seletivo 2\/2022<\/a><\/span><\/span><\/li>\n<li class=\"panel-widget-style panel-widget-style-for-1312-0-0-0\"><span style=\"font-family: arial, helvetica, sans-serif;\"><span style=\"font-size: 12pt;\"><a href=\"https:\/\/wp.ufpel.edu.br\/ppgo\/files\/2022\/07\/MEMORIAL-PPGO-2022-2.pdf\">Agendamento para Defesa de Memorial &#8211; Processo Seletivo 2\/2022<\/a><\/span><\/span><\/li>\n<li class=\"panel-widget-style panel-widget-style-for-1312-0-0-0\"><span style=\"font-family: arial, helvetica, sans-serif;\"><span style=\"font-size: 12pt;\"><a href=\"https:\/\/wp.ufpel.edu.br\/ppgo\/files\/2022\/06\/Resultado-Preliminar-Primeira-Fase-Processo-Seletivo-Doutorado.pdf\">Resultado Preliminar &#8211; Primeira Fase Processo Seletivo 2\/2022<\/a><\/span><\/span><\/li>\n<li class=\"panel-widget-style panel-widget-style-for-1312-0-0-0\"><span style=\"font-family: arial, helvetica, sans-serif;\"><span style=\"font-size: 12pt;\"><a href=\"https:\/\/wp.ufpel.edu.br\/ppgo\/files\/2022\/06\/Homologacao-edital_Aluno-Regular.pdf\">Homologa\u00e7\u00e3o das Inscri\u00e7\u00f5es Edital de Sele\u00e7\u00e3o 2022\/2\u00a0<\/a><\/span><\/span><\/li>\n<li class=\"panel-widget-style panel-widget-style-for-1312-0-0-0\"><span style=\"font-family: arial, helvetica, sans-serif;\"><span style=\"font-size: 12pt;\"><a href=\"https:\/\/wp.ufpel.edu.br\/ppgo\/files\/2022\/06\/SEI_UFPel-1731485-Edital-de-selecao-PRPPGI.pdf\">Edital de Sele\u00e7\u00e3o Aluno Regular 2\/2022<\/a><\/span><\/span><\/li>\n<li class=\"panel-widget-style panel-widget-style-for-1312-0-0-0\"><span style=\"font-family: arial, helvetica, sans-serif;\"><span style=\"font-size: 12pt;\"><a href=\"https:\/\/wp.ufpel.edu.br\/ppgo\/files\/2022\/06\/Formulario_de_inscricao_2022-2.docx\">Formul\u00e1rio de Inscri\u00e7\u00e3o 2022\/2<\/a><\/span><\/span><\/li>\n<li class=\"panel-widget-style panel-widget-style-for-1312-0-0-0\"><span style=\"font-family: arial, helvetica, sans-serif;\"><span style=\"font-size: 12pt;\"><a href=\"https:\/\/wp.ufpel.edu.br\/ppgo\/files\/2022\/06\/Instrucoes-preenchimento-planilha-Curriculo-Lattes.pdf\">Instru\u00e7\u00f5es para o preenchimento da planilha do Curr\u00edculo Lattes<\/a><\/span><\/span><\/li>\n<li class=\"panel-widget-style panel-widget-style-for-1312-0-0-0\"><span style=\"font-family: arial, helvetica, sans-serif;\"><span style=\"font-size: 12pt;\"><a href=\"https:\/\/wp.ufpel.edu.br\/ppgo\/files\/2022\/06\/Planilha_pontuacao_CV_2022-2.xlsx\">Planilha de pontua\u00e7\u00e3o do Curr\u00edculo Lattes<\/a><\/span><\/span><\/li>\n<li class=\"panel-widget-style panel-widget-style-for-1312-0-0-0\"><span style=\"font-family: arial, helvetica, sans-serif;\"><span style=\"font-size: 12pt;\"><a href=\"https:\/\/wp.ufpel.edu.br\/ppgo\/files\/2022\/06\/Autodeclarac\u0327a\u0303o-Etnia.docx\">Autodeclarac\u0327a\u0303o de Etnia<\/a><\/span><\/span><\/li>\n<li class=\"panel-widget-style panel-widget-style-for-1312-0-0-0\"><span style=\"font-family: arial, helvetica, sans-serif;\"><span style=\"font-size: 12pt;\"><a href=\"https:\/\/wp.ufpel.edu.br\/print\/files\/2022\/06\/Resultado-PDSE.pdf\">Resultado Final Edital n. 67\/ 2022 \u2013 BOLSAS DE DOUTORADO SANDU\u00cdCHE NO EXTERIOR<\/a><\/span><\/span><\/li>\n<li class=\"panel-widget-style panel-widget-style-for-1312-0-0-0\"><span style=\"font-family: arial, helvetica, sans-serif;\"><span style=\"font-size: 12pt;\"><a href=\"https:\/\/wp.ufpel.edu.br\/ppgo\/files\/2022\/06\/Resultado-PDSE-PPGO-2022-1.pdf\">Resultado Final &#8211; Edital Interno PDSE-PPGO- CAPES PrInt UFPel 2022<\/a><\/span><\/span><\/li>\n<li class=\"panel-widget-style panel-widget-style-for-1312-0-0-0\"><span style=\"font-family: arial, helvetica, sans-serif;\"><span style=\"font-size: 12pt;\"><a href=\"https:\/\/wp.ufpel.edu.br\/ppgo\/files\/2022\/05\/SEI_UFPel-1701367-Edital-PDSE-2022.pdf\">Edital Interno PPGO-UFPel &#8211; Sele\u00e7\u00e3o PDSE CAPES PrInt <\/a><a href=\"https:\/\/wp.ufpel.edu.br\/ppgo\/files\/2022\/05\/SEI_UFPel-1701367-Edital-PDSE-2022.pdf\">2022<\/a><\/span><\/span><\/li>\n<li class=\"panel-widget-style panel-widget-style-for-1312-0-0-0\"><span style=\"font-family: arial, helvetica, sans-serif;\"><span style=\"font-size: 12pt;\"><a href=\"https:\/\/wp.ufpel.edu.br\/print\/files\/2022\/05\/Anexo-I-PDSE.pdf\">Formul\u00e1rio de Inscri\u00e7\u00e3o<\/a><\/span><\/span><\/li>\n<li class=\"panel-widget-style panel-widget-style-for-1312-0-0-0\"><span style=\"font-family: arial, helvetica, sans-serif;\"><span style=\"font-size: 12pt;\"><a href=\"https:\/\/wp.ufpel.edu.br\/print\/files\/2022\/05\/Edital-PDSE.pdf\">Edital 67\/2022 &#8211; Doutorado Sandu\u00edche no exterior<\/a><\/span><\/span><\/li>\n<li class=\"panel-widget-style panel-widget-style-for-1312-0-0-0\"><span style=\"font-family: arial, helvetica, sans-serif;\"><span style=\"font-size: 12pt;\"><a href=\"https:\/\/wp.ufpel.edu.br\/ppgo\/files\/2022\/03\/SEIUFPel-1618105-PRPPGI-Minuta-Edital-de-Selecao.pdf\">Minuta Edital de Sele\u00e7\u00e3o Pr\u00eamio Capes de Tese<\/a><\/span><\/span><\/li>\n<li class=\"panel-widget-style panel-widget-style-for-1312-0-0-0\"><span style=\"font-family: arial, helvetica, sans-serif;\"><span style=\"font-size: 12pt;\">Documentos para candidatura ao Pr\u00eamio CAPES de Tese &#8211; Edi\u00e7\u00e3o 2022<\/span><\/span><\/li>\n<li class=\"panel-widget-style panel-widget-style-for-1312-0-0-0\"><span style=\"font-family: arial, helvetica, sans-serif;\"><span style=\"font-size: 12pt;\"> \u00a0<\/span><\/span><span style=\"font-family: arial, helvetica, sans-serif;\"><span style=\"font-size: 12pt;\"><a href=\"https:\/\/wp.ufpel.edu.br\/ppgo\/files\/2022\/03\/1.Ficha-Inscricao-Premio-Capes-de-Tese.docx\">1. Ficha Inscri\u00e7\u00e3o Premio Capes de Tese<\/a><\/span><\/span><\/li>\n<li class=\"panel-widget-style panel-widget-style-for-1312-0-0-0\"><span style=\"font-family: arial, helvetica, sans-serif;\"><span style=\"font-size: 12pt;\"><a href=\"https:\/\/wp.ufpel.edu.br\/ppgo\/files\/2022\/03\/2.-Declaracao-Inscricao-1.docx\">2. Declara\u00e7\u00e3o Inscri\u00e7\u00e3o Premio Capes de Tese 2022<\/a><\/span><\/span><\/li>\n<li class=\"panel-widget-style panel-widget-style-for-1312-0-0-0\"><span style=\"font-family: arial, helvetica, sans-serif;\"><span style=\"font-size: 12pt;\"><a href=\"https:\/\/wp.ufpel.edu.br\/ppgo\/files\/2022\/03\/3.Mini-Resumo-Tese.docx\">3. Mini Resumo da Tese<\/a><\/span><\/span><\/li>\n<li class=\"panel-widget-style panel-widget-style-for-1312-0-0-0\"><span style=\"font-family: arial, helvetica, sans-serif;\"><span style=\"font-size: 12pt;\"><a href=\"https:\/\/wp.ufpel.edu.br\/ppgo\/files\/2022\/03\/4.planilha_avaliacao-producao-cientifica-tese-4.xlsx\">4. Planilha de avalia\u00e7\u00e3o de produ\u00e7\u00e3o cient\u00edfica<\/a><\/span><\/span><\/li>\n<li class=\"panel-widget-style panel-widget-style-for-1312-0-0-0\"><span style=\"font-family: arial, helvetica, sans-serif;\"><span style=\"font-size: 12pt;\"><a href=\"https:\/\/wp.ufpel.edu.br\/ppgo\/files\/2022\/03\/Resultado-edital-2022.1-Aluno-especial-1-1.pdf\">Resultado Edital 2022\/1 &#8211;<\/a> <\/span><\/span><\/li>\n<li class=\"panel-widget-style panel-widget-style-for-1312-0-0-0\"><span style=\"font-family: arial, helvetica, sans-serif;\"><span style=\"font-size: 12pt;\"><a href=\"https:\/\/wp.ufpel.edu.br\/ppgo\/files\/2022\/03\/Resultado-edital-2022.1-Aluno-especial-1-1.pdf\">Aluno-especial<\/a><\/span><\/span><\/li>\n<li class=\"panel-widget-style panel-widget-style-for-1312-0-0-0\"><span style=\"font-family: arial, helvetica, sans-serif;\"><span style=\"font-size: 12pt;\"><a href=\"https:\/\/wp.ufpel.edu.br\/ppgo\/files\/2022\/02\/SEI_UFPel-1587877-Edital-de-sele\u00e7\u00e3o-PRPPGI.pdf\">Edital de Sele\u00e7\u00e3o para Aluno Especial 2022\/1 &#8211; PPGO\/<\/a><\/span><\/span><\/li>\n<li class=\"panel-widget-style panel-widget-style-for-1312-0-0-0\"><span style=\"font-family: arial, helvetica, sans-serif;\"><span style=\"font-size: 12pt;\"><a href=\"https:\/\/wp.ufpel.edu.br\/ppgo\/files\/2022\/02\/Resultado-Final-Processo-Seletivo-para-Aluno-regular-2022_1.docx.pdf\">Final Processo Seletivo para Aluno regular 2022.1<\/a><\/span><\/span><\/li>\n<li class=\"panel-widget-style panel-widget-style-for-1312-0-0-0\"><span style=\"font-family: arial, helvetica, sans-serif;\"><span style=\"font-size: 12pt;\"><a href=\"https:\/\/wp.ufpel.edu.br\/ppgo\/files\/2022\/02\/Resultado-Preliminar-da-Segunda-Fase-Processo-Seletivo-para-Aluno-regular-20221.pdf\">Resultado Segunda Fase Processo Seletivo para Aluno regular 2022\/1<\/a><\/span><\/span><\/li>\n<li class=\"panel-widget-style panel-widget-style-for-1312-0-0-0\"><span style=\"font-family: arial, helvetica, sans-serif;\"><span style=\"font-size: 12pt;\"><a href=\"https:\/\/wp.ufpel.edu.br\/ppgo\/files\/2022\/02\/MEMORIAL-PPGO-2022.pdf\">Agendamento para Defesa do Memorial &#8211; Processo Seletivo para Aluno regular 2022\/1<\/a><\/span><\/span><\/li>\n<li class=\"panel-widget-style panel-widget-style-for-1312-0-0-0\"><span style=\"font-family: arial, helvetica, sans-serif;\"><span style=\"font-size: 12pt;\"><a href=\"https:\/\/wp.ufpel.edu.br\/ppgo\/files\/2022\/02\/Resultado-Primeira-Fase-2022.1.pdf\">Resultado Primeira Fase Processo Seletivo para Aluno Regular 2022\/1<\/a><\/span><\/span><\/li>\n<li class=\"panel-widget-style panel-widget-style-for-1312-0-0-0\"><span style=\"font-family: arial, helvetica, sans-serif;\"><span style=\"font-size: 12pt;\"><a href=\"https:\/\/wp.ufpel.edu.br\/ppgo\/files\/2022\/02\/2022.1_Homologa\u00e7\u00e3o-Inscr_Aluno-Regular.pdf\">Homologa\u00e7\u00e3o de Inscri\u00e7\u00f5es <\/a><\/span><\/span><\/li>\n<li class=\"panel-widget-style panel-widget-style-for-1312-0-0-0\"><span style=\"font-family: arial, helvetica, sans-serif;\"><span style=\"font-size: 12pt;\"><a href=\"https:\/\/wp.ufpel.edu.br\/ppgo\/files\/2022\/02\/2022.1_Homologa\u00e7\u00e3o-Inscr_Aluno-Regular.pdf\"> Processo Seletivo para Aluno Regular 2022\/1<\/a><\/span><\/span><\/li>\n<li class=\"panel-widget-style panel-widget-style-for-1312-0-0-0\"><span style=\"font-family: arial, helvetica, sans-serif;\"><span style=\"font-size: 12pt;\"><a href=\"https:\/\/wp.ufpel.edu.br\/ppgo\/files\/2022\/01\/SEI_UFPel-1553420-Edital-de-sele\u00e7\u00e3o-PRPPGI.pdf\">Edital de Sele\u00e7\u00e3o 01\/2022 &#8211; PPGO\/UFPel<\/a><\/span><\/span><\/li>\n<li class=\"panel-widget-style panel-widget-style-for-1312-0-0-0\"><span style=\"font-family: arial, helvetica, sans-serif;\"><span style=\"font-size: 12pt;\"><a href=\"https:\/\/wp.ufpel.edu.br\/ppgo\/files\/2021\/12\/Resultado-Aux\u00edlio-aluno-1.pdf\">Resultado Aux\u00edlio-aluno<\/a><\/span><\/span><\/li>\n<li class=\"panel-widget-style panel-widget-style-for-1312-0-0-0\"><span style=\"font-family: arial, helvetica, sans-serif;\"><span style=\"font-size: 12pt;\"><a href=\"https:\/\/wp.ufpel.edu.br\/ppgo\/files\/2021\/12\/Resultado-Credenciamento-PPGO-2022.pdf\">Resultado Credenciamento e Recredenciamento Docente PPGO 2022<\/a><\/span><\/span><\/li>\n<li class=\"panel-widget-style panel-widget-style-for-1312-0-0-0\"><span style=\"font-family: arial, helvetica, sans-serif;\"><span style=\"font-size: 12pt;\"><a href=\"https:\/\/wp.ufpel.edu.br\/ppgo\/files\/2021\/12\/EDITAL-Credenciamento-PPGO-2022.pdf\">EDITAL Credenciamento PPGO 2022<\/a><\/span><\/span><\/li>\n<li class=\"panel-widget-style panel-widget-style-for-1312-0-0-0\"><span style=\"font-family: arial, helvetica, sans-serif;\"><span style=\"font-size: 12pt;\"><a href=\"https:\/\/wp.ufpel.edu.br\/ppgo\/files\/2021\/12\/Criterios-Cred-2022.pdf\">Crit\u00e9rios Credenciamento 2022<\/a><\/span><\/span><\/li>\n<li class=\"panel-widget-style panel-widget-style-for-1312-0-0-0\"><span style=\"font-family: arial, helvetica, sans-serif;\"><span style=\"font-size: 12pt;\"><a href=\"https:\/\/wp.ufpel.edu.br\/ppgo\/files\/2021\/12\/Credenciamento-PPGO-2022-1.docx\">Credenciamento PPGO 2022<\/a><\/span><\/span><span style=\"font-family: arial, helvetica, sans-serif;\"><span style=\"font-size: 12pt;\"><a href=\"https:\/\/wp.ufpel.edu.br\/ppgo\/files\/2021\/12\/Edital-Auxilio-Aluno-PPGO-2022.1.pdf\">Edital Auxilio Aluno PPGO 2022.1<\/a><\/span><\/span><\/li>\n<\/ul>\n","protected":false},"excerpt":{"rendered":"<p>Edital Interno PDSE &#8211; Bolsas de doutorado Sandu\u00edche &#8211; PPGO UFPel Homologac\u0327a\u0303o PDSE 2022.3 Resultado Edital 156 2022 Professor Visitante Inscri\u00e7\u00f5es recebidas no Edital Professor Visitante PPGO-UFPe lEdital Professor Visitante PPGO-UFPel Anexo IAnexo II Resultado da Sele\u00e7\u00e3o para Bolsa de Doutorado Sandu\u00edche &#8211; PRInt\/UFPel Edital Interno de Sele\u00e7\u00e3o para BOLSAS DE DOUTORADO SANDU\u00cdCHE &#8211; PrInt\/UFPel [&hellip;]<\/p>\n","protected":false},"author":480,"featured_media":0,"parent":0,"menu_order":0,"comment_status":"closed","ping_status":"closed","template":"","meta":{"jetpack_post_was_ever_published":false,"footnotes":""},"class_list":["post-4704","page","type-page","status-publish","hentry"],"jetpack_sharing_enabled":true,"jetpack_shortlink":"https:\/\/wp.me\/P9I8SC-1dS","publishpress_future_action":{"enabled":false,"date":"2026-05-16 06:20:47","action":"change-status","newStatus":"draft","terms":[],"taxonomy":"","extraData":[]},"publishpress_future_workflow_manual_trigger":{"enabledWorkflows":[]},"_links":{"self":[{"href":"https:\/\/wp.ufpel.edu.br\/ppgo\/wp-json\/wp\/v2\/pages\/4704","targetHints":{"allow":["GET"]}}],"collection":[{"href":"https:\/\/wp.ufpel.edu.br\/ppgo\/wp-json\/wp\/v2\/pages"}],"about":[{"href":"https:\/\/wp.ufpel.edu.br\/ppgo\/wp-json\/wp\/v2\/types\/page"}],"author":[{"embeddable":true,"href":"https:\/\/wp.ufpel.edu.br\/ppgo\/wp-json\/wp\/v2\/users\/480"}],"replies":[{"embeddable":true,"href":"https:\/\/wp.ufpel.edu.br\/ppgo\/wp-json\/wp\/v2\/comments?post=4704"}],"version-history":[{"count":1,"href":"https:\/\/wp.ufpel.edu.br\/ppgo\/wp-json\/wp\/v2\/pages\/4704\/revisions"}],"predecessor-version":[{"id":4706,"href":"https:\/\/wp.ufpel.edu.br\/ppgo\/wp-json\/wp\/v2\/pages\/4704\/revisions\/4706"}],"wp:attachment":[{"href":"https:\/\/wp.ufpel.edu.br\/ppgo\/wp-json\/wp\/v2\/media?parent=4704"}],"curies":[{"name":"wp","href":"https:\/\/api.w.org\/{rel}","templated":true}]}}