{"id":4698,"date":"2024-06-03T09:01:44","date_gmt":"2024-06-03T12:01:44","guid":{"rendered":"https:\/\/wp.ufpel.edu.br\/ppgo\/?page_id=4698"},"modified":"2025-07-31T13:21:00","modified_gmt":"2025-07-31T16:21:00","slug":"editais-encerrados-2024","status":"publish","type":"page","link":"https:\/\/wp.ufpel.edu.br\/ppgo\/editais-encerrados-2024\/","title":{"rendered":"Editais Encerrados 2024"},"content":{"rendered":"<h2><span style=\"font-family: arial, helvetica, sans-serif;\"><strong><span style=\"font-size: 12pt;\">Editais Encerrados 2024<\/span><\/strong><\/span><\/h2>\n<ul>\n<li><a href=\"https:\/\/wp.ufpel.edu.br\/ppgo\/files\/2025\/04\/SEI_3006935_Edital_de_Retificacao_PRPPG_15.pdf\"><span style=\"font-family: arial, helvetica, sans-serif;\">Retificado Edital Sele\u00e7\u00e3o Aluno Especial 01\/2025\u00a0<\/span><\/a><\/li>\n<li><span style=\"font-family: arial, helvetica, sans-serif;\"><a href=\"https:\/\/wp.ufpel.edu.br\/ppgo\/files\/2025\/03\/SEI_3001172_Edital_de_selecao_PRPPG_50-1.pdf\">Edital Sele\u00e7\u00e3o Aluno Especial 01\/2025<\/a><\/span><\/li>\n<li><a href=\"https:\/\/wp.ufpel.edu.br\/ppgo\/files\/2024\/08\/Formulario_de_inscricao_Alunos_especiais.doc\">Formul\u00e1rio de Inscri\u00e7\u00e3o Aluno Especial 1\/2025<\/a><\/li>\n<li><span style=\"font-family: arial, helvetica, sans-serif;\"><a href=\"https:\/\/wp.ufpel.edu.br\/ppgo\/files\/2025\/03\/Resultado-Final-Selecao-Mestrado-Doutorado-1-2025.pdf\">Resultado Final Sele\u00e7\u00e3o Mestrado e Doutorado 01\/2025<\/a><\/span><\/li>\n<li><span style=\"font-family: arial, helvetica, sans-serif;\"><a href=\"https:\/\/wp.ufpel.edu.br\/ppgo\/files\/2025\/03\/Resultado-Selecao-Mestrado-e-Doutorado-2025_1.pdf\">Resultado 1\u00aa Fase Sele\u00e7\u00e3o Mestrado e Doutorado 01\/2025<\/a><\/span><\/li>\n<li><span style=\"font-family: arial, helvetica, sans-serif;\"><a href=\"https:\/\/wp.ufpel.edu.br\/ppgo\/files\/2025\/02\/Homologacao-Inscricoes-1.pdf\">Homologa\u00e7\u00e3o Final das Inscri\u00e7\u00f5es Edital Aluno Regular 01\/2025<\/a><\/span><\/li>\n<li><span style=\"font-family: arial, helvetica, sans-serif; font-size: 12pt;\"><a href=\"https:\/\/wp.ufpel.edu.br\/ppgo\/files\/2024\/12\/SEI_2908390_Edital_de_selecao_PRPPG_237-2.pdf\">Edital para Sele\u00e7\u00e3o de Aluno Regular e Mestrado e Doutorado \u2013 1\u00ba\/2025<\/a><\/span><\/li>\n<li><span style=\"font-family: arial, helvetica, sans-serif;\"><a href=\"https:\/\/wp.ufpel.edu.br\/ppgo\/files\/2025\/01\/SEI_2912453_Edital_de_Retificacao_PRPPG_1.pdf\">Retifica\u00e7\u00e3o\u00a0<span style=\"font-size: 12pt;\">Edital para Sele\u00e7\u00e3o de Aluno Regular e Mestrado e Doutorado \u2013 1\u00ba\/2025<\/span><\/a><\/span><\/li>\n<li><span style=\"font-family: arial, helvetica, sans-serif; font-size: 12pt;\"><a href=\"https:\/\/wp.ufpel.edu.br\/ppgo\/files\/2024\/12\/Planilha_pontuacao_CV_2025.1.xlsx\">Planilha de Extra\u00e7\u00e3o Aluno Regular e Mestrado e Doutorado \u2013 1\u00ba\/2025<\/a><\/span><\/li>\n<li><span style=\"font-family: arial, helvetica, sans-serif;\"><a href=\"https:\/\/wp.ufpel.edu.br\/ppgo\/files\/2025\/01\/PPGOUFPel-\u2013-Manual-de-Instruc\u0327o\u0303es-de-preenchimento-da-planilha-CV-2025-1.pdf\"><span style=\"font-size: 12pt;\">Manual de Instru\u00e7\u00f5es de Preenchimento da Planilha Aluno Regular e Mestrado e Doutorado \u2013 1\u00ba\/2025<\/span><\/a><\/span><\/li>\n<li><span style=\"font-family: arial, helvetica, sans-serif; font-size: 12pt;\"><a href=\"https:\/\/wp.ufpel.edu.br\/ppgo\/files\/2024\/12\/Formulario_de_inscricao_2025.1.docx\">Formul\u00e1rio de Inscri\u00e7\u00f5es Aluno Regular e Mestrado e Doutorado \u2013 1\u00ba\/2025<\/a><\/span><\/li>\n<li><a href=\"https:\/\/wp.ufpel.edu.br\/ppgo\/files\/2024\/11\/SEI_2821747_PRPPG_Minuta_Edital_de_Selecao-2.pdf\">Edital de Sele\u00e7\u00e3o de Aluno para Doutorado Sanduiche\u00a0 &#8211; PDSE\/CAPES 26\/2024<\/a><\/li>\n<li><a href=\"https:\/\/wp.ufpel.edu.br\/ppgo\/files\/2024\/11\/ANEXO_I-1.pdf\">Anexo Edital de Sele\u00e7\u00e3o de\u00a0Aluno para Doutorado Sanduiche<\/a><\/li>\n<li><a href=\"https:\/\/wp.ufpel.edu.br\/ppgo\/files\/2024\/10\/SEI_UFPel-2781125-Edital-PDI.pdf\">Edital de Sele\u00e7\u00e3o de Bolsista do Programa Institucional de P\u00f3s-Doutorado PIPD\/CAPES\u00a0<\/a><\/li>\n<li><a href=\"https:\/\/wp.ufpel.edu.br\/ppgo\/files\/2024\/10\/Planilha-de-pontuac\u0327a\u0303o-1.xlsx\">Planilha de Extra\u00e7\u00e3o PIPD\/CAPES\u00a0<\/a><\/li>\n<li><a href=\"https:\/\/wp.ufpel.edu.br\/ppgo\/files\/2024\/10\/Manual-de-Instruc\u0327o\u0303es-de-preenchimento-da-planilha-CV-2023-1.pdf\">Manual\u00a0 instru\u00e7\u00f5es para o preenchimento da planilha de c\u00e1lculo de CV<\/a><\/li>\n<li><span style=\"font-family: arial, helvetica, sans-serif;\"><a href=\"https:\/\/wp.ufpel.edu.br\/ppgo\/files\/2024\/10\/SEI_UFPel-2781125-Edital-PDI.pdf\">SEI_UFPel &#8211; 2781125 &#8211; Edital PDI<\/a> <a href=\"https:\/\/wp.ufpel.edu.br\/ppgo\/files\/2024\/10\/Planilha-de-pontuac\u0327a\u0303o-1.xlsx\">Planilha-de-pontuac\u0327a\u0303o-1<\/a> <a href=\"https:\/\/wp.ufpel.edu.br\/ppgo\/files\/2024\/10\/Manual-de-Instruc\u0327o\u0303es-de-preenchimento-da-planilha-CV-2023-1.pdf\">Manual-de-Instruc\u0327o\u0303es-de-preenchimento-da-planilha-CV-2023 (1)<\/a><a href=\"https:\/\/wp.ufpel.edu.br\/ppgo\/files\/2024\/08\/SEI_UFPel-2690487-Edital-de-selecao-PRPPG.pdf\">Edital de Aluno Especial 2\/2024<\/a><\/span><\/li>\n<li><a href=\"https:\/\/wp.ufpel.edu.br\/ppgo\/files\/2024\/08\/Formulario_de_inscricao_Alunos_especiais.doc\"><span style=\"font-family: arial, helvetica, sans-serif;\">Formul\u00e1rio de Inscri\u00e7\u00e3o Aluno Especial 2\/2024<\/span><\/a><\/li>\n<li class=\"corTexto\"><a href=\"https:\/\/wp.ufpel.edu.br\/ppgo\/files\/2024\/07\/HOMOLOGACAO-INSCRICOES-EDITAL-PROFESSOR-VISITANTE-PPGO-2024-1.pdf\"><span style=\"font-family: arial, helvetica, sans-serif; font-size: 12pt;\">Homologa\u00e7\u00e3o inscri\u00e7\u00f5es Edital Professor Visitante PPGO<\/span><\/a><\/li>\n<li><a href=\"https:\/\/wp.ufpel.edu.br\/ppgo\/files\/2024\/07\/HOMOLOGACAO-INSCRICOES-EDITAL-AUXILIO-ALUNO-2024.docx-1.pdf\"><span style=\"font-family: arial, helvetica, sans-serif; font-size: 12pt;\">Homologa\u00e7\u00e3o Inscri\u00e7\u00f5es Edital Auxilio Aluno<\/span><\/a><\/li>\n<li><span style=\"font-size: 12pt; font-family: arial, helvetica, sans-serif;\"><a href=\"https:\/\/wp.ufpel.edu.br\/ppgo\/files\/2024\/05\/SEI_UFPel-2606724-Edital-1.pdf\">Edital N\u00ba. 2\/2024\u00a0 Auxilio para participa\u00e7\u00e3o em eventos\u00a0<\/a><\/span><\/li>\n<\/ul>\n<ul>\n<li><a href=\"https:\/\/wp.ufpel.edu.br\/ppgo\/files\/2024\/11\/SEI_2865550_Despacho.pdf\">Resultado Final Edital Bolsa PIPD<\/a><\/li>\n<li><a href=\"https:\/\/wp.ufpel.edu.br\/ppgo\/files\/2024\/08\/Resultado-FINAL-PV-PPGO-UFPEL.pdf\"><span style=\"font-family: arial, helvetica, sans-serif;\">Resultado Final Processo Seletivo Simplificado Professor Visitante PPGO<\/span><\/a><\/li>\n<li><span style=\"font-family: arial, helvetica, sans-serif;\"><a href=\"https:\/\/wp.ufpel.edu.br\/ppgo\/files\/2024\/08\/Resultado-Preliminar-PV.pdf\">Resultado Preliminar simplificado para Professor Visitante PPGO\u00a0\u00a0<\/a><\/span><\/li>\n<li><span style=\"font-size: 12pt; font-family: arial, helvetica, sans-serif;\"><a href=\"https:\/\/wp.ufpel.edu.br\/ppgo\/files\/2024\/06\/SEI_UFPel-2613809-Edital-de-selecao-PRPPG.pdf\">Edital Professor Visitante PPGO<\/a><\/span><\/li>\n<li><span style=\"font-size: 12pt; font-family: arial, helvetica, sans-serif;\"><a href=\"https:\/\/wp.ufpel.edu.br\/ppgo\/files\/2024\/06\/ANEXO_I.pdf\">Anexo I Edital Professor Visitante PPGO<\/a><\/span><\/li>\n<li><span style=\"font-size: 12pt; font-family: arial, helvetica, sans-serif;\"><a href=\"https:\/\/wp.ufpel.edu.br\/ppgo\/files\/2024\/06\/ANEXO_II.pdf\">Anexo II Edital Professor Visitante PPGO<\/a><\/span><\/li>\n<li><span style=\"font-family: arial, helvetica, sans-serif; font-size: 12pt;\"><a href=\"https:\/\/wp.ufpel.edu.br\/ppgo\/files\/2024\/03\/SEI_UFPel-2572529-Edital-de-selec\u0327a\u0303o-PRPPG-1.pdf\">Edital Interno PPGO &#8211; PDSE\/CAPES 2024<\/a><\/span><\/li>\n<li><span style=\"font-family: arial, helvetica, sans-serif; font-size: 12pt;\"><a href=\"https:\/\/wp.ufpel.edu.br\/ppgo\/files\/2024\/03\/SEI_UFPel-2572529-Edital-de-selec\u0327a\u0303o-PRPPG-1.pdf\">Anexo Edital PDSE<\/a><\/span><\/li>\n<li><span style=\"font-family: arial, helvetica, sans-serif; font-size: 12pt;\"><a href=\"https:\/\/wp.ufpel.edu.br\/ppgo\/files\/2024\/03\/Avaliac\u0327a\u0303o-discente-2024.pdf\">Avalia\u00e7\u00e3o Discentes 2024<\/a><\/span><\/li>\n<li><span style=\"font-size: 12pt; font-family: arial, helvetica, sans-serif;\"><a href=\"https:\/\/wp.ufpel.edu.br\/ppgo\/files\/2024\/03\/SEI_UFPel-2568201-PRPPG-Minuta-Edital-de-Selecao.pdf\">Edital Interno Sele\u00e7\u00e3o de Premio Capes de Tese PPGO N\u00ba. 002\/2024<\/a><\/span><\/li>\n<li><span style=\"font-size: 12pt; font-family: arial, helvetica, sans-serif;\"><a href=\"https:\/\/wp.ufpel.edu.br\/ppgo\/files\/2024\/03\/1.Ficha_Inscricao_Premio_Capes_de_Tese.pdf\">Ficha de Inscri\u00e7\u00e3o<\/a><\/span><\/li>\n<li><span style=\"font-size: 12pt; font-family: arial, helvetica, sans-serif;\"><a href=\"https:\/\/wp.ufpel.edu.br\/ppgo\/files\/2024\/03\/2._Declaracao_Inscricao_1.pdf\">Declara\u00e7\u00e3o<\/a><\/span><\/li>\n<li><span style=\"font-size: 12pt; font-family: arial, helvetica, sans-serif;\"><a href=\"https:\/\/wp.ufpel.edu.br\/ppgo\/files\/2024\/03\/3.Mini_Resumo_Tese.pdf\">Mini Resumo da Tese<\/a><\/span><\/li>\n<li><span style=\"font-size: 12pt; font-family: arial, helvetica, sans-serif;\"><a href=\"https:\/\/wp.ufpel.edu.br\/ppgo\/files\/2024\/03\/3.Mini_Resumo_Tese.pdf\">Ficha de Avalia\u00e7\u00e3o de Produ\u00e7\u00e3o Cientifica<\/a><\/span><\/li>\n<li><span style=\"font-family: arial, helvetica, sans-serif; font-size: 12pt;\"><a href=\"https:\/\/wp.ufpel.edu.br\/ppgo\/files\/2024\/02\/Resultado-final-ofc.pdf\">Resultado Final de Sele\u00e7\u00e3o de Doutorado Ingresso 2024\/1<\/a><\/span><\/li>\n<li><span style=\"font-family: arial, helvetica, sans-serif; font-size: 12pt;\"><a href=\"https:\/\/wp.ufpel.edu.br\/ppgo\/files\/2024\/02\/Resultado-final-ofc.pdf\">Resultado Preliminar de Sele\u00e7\u00e3o de Doutorado Ingresso 2024\/1<\/a><\/span><\/li>\n<li><span style=\"font-family: arial, helvetica, sans-serif; font-size: 12pt;\"><a href=\"https:\/\/wp.ufpel.edu.br\/ppgo\/files\/2024\/02\/Resultado.pdf\">Resultado da 1\u00ba fase de Sele\u00e7\u00e3o de Doutorado Ingresso 2024\/1<\/a><\/span><\/li>\n<li><span style=\"font-size: 12pt; font-family: arial, helvetica, sans-serif;\"><a href=\"https:\/\/wp.ufpel.edu.br\/ppgo\/files\/2023\/12\/Manual-de-Instruc\u0327o\u0303es-de-preenchimento-da-planilha-CV-2023.pdf\">Manual de instru\u00e7\u00f5es para o preenchimento da planilha<\/a><\/span><\/li>\n<li><span style=\"font-size: 12pt; font-family: arial, helvetica, sans-serif;\"><a href=\"https:\/\/wp.ufpel.edu.br\/ppgo\/files\/2023\/12\/Planilha-de-pontuac\u0327a\u0303o-1.xlsx\">Planilha de pontua\u00e7\u00e3o\u00a0<\/a><\/span><\/li>\n<li><span style=\"font-family: arial, helvetica, sans-serif; font-size: 12pt;\"><a href=\"https:\/\/wp.ufpel.edu.br\/ppgo\/files\/2023\/12\/Formulario-de-inscric\u0327ao.docx\">Formul\u00e1rio de inscri\u00e7\u00e3o Doutorado 1\u00ba\/2024<\/a><\/span><\/li>\n<li><span style=\"font-family: arial, helvetica, sans-serif; font-size: 12pt;\"><a href=\"https:\/\/wp.ufpel.edu.br\/ppgo\/files\/2023\/12\/Edital-de-selec\u0327a\u0303o.pdf\">Edital de sele\u00e7\u00e3o Doutorado 1\u00ba\/2024<\/a><\/span><\/li>\n<li><span style=\"font-size: 12pt; font-family: arial, helvetica, sans-serif;\"><a href=\"https:\/\/wp.ufpel.edu.br\/ppgo\/files\/2023\/12\/Edital-PVE.pdf\">Edital Professor Visitante no Exterior<\/a><\/span><\/li>\n<li><span style=\"font-size: 12pt; font-family: arial, helvetica, sans-serif;\"><a href=\"https:\/\/wp.ufpel.edu.br\/ppgo\/files\/2023\/12\/Anexo-I-PVE.docx.pdf\">Formul\u00e1rio de inscri\u00e7\u00e3o\u00a0 PVE<\/a><\/span><\/li>\n<li><span style=\"font-size: 12pt; font-family: arial, helvetica, sans-serif;\"><a href=\"https:\/\/wp.ufpel.edu.br\/ppgo\/files\/2023\/12\/Anexo-IIa-PVE_PRINT.docx\">Planilha de produ\u00e7\u00e3o PVE<\/a><\/span><\/li>\n<li><span style=\"font-family: arial, helvetica, sans-serif; font-size: 12pt;\"><a href=\"https:\/\/wp.ufpel.edu.br\/ppgo\/files\/2023\/12\/Anexo-IIa-PVE_PRINT.docx\">Ficha de avalia\u00e7\u00e3o Edital Print &#8211; UFPEL<\/a><\/span><\/li>\n<li><span style=\"font-size: 12pt; font-family: arial, helvetica, sans-serif;\"><a href=\"https:\/\/wp.ufpel.edu.br\/ppgo\/files\/2024\/02\/SEI_UFPel-2525282-Edital-de-selecao-PRPPG.pdf\">Edital N\u00ba 023 \/2024 &#8211; Sele\u00e7\u00e3o de Aluno Especial (1\u00ba\/2024)\u00a0<\/a><\/span><\/li>\n<li><span style=\"font-size: 12pt; font-family: arial, helvetica, sans-serif;\"><a href=\"https:\/\/wp.ufpel.edu.br\/ppgo\/files\/2023\/11\/SEI_UFPel-2442526-Edital-Interno-PDSE-PPGO.pdf\">Edital Interno PDSE PPGO<\/a><\/span><\/li>\n<li><span style=\"font-size: 12pt; font-family: arial, helvetica, sans-serif;\"><a href=\"https:\/\/wp.ufpel.edu.br\/ppgo\/files\/2023\/11\/Anexo_I_PDSE.docx.pdf\">Formul\u00e1rio de inscri\u00e7\u00e3o PDSE PPGO<\/a><\/span><\/li>\n<li><span style=\"font-family: arial, helvetica, sans-serif; font-size: 12pt;\"><a href=\"https:\/\/wp.ufpel.edu.br\/ppgo\/files\/2023\/11\/SEI_UFPel-2429733-Edital.pdf\">Edital para credenciamento e recredenciamento docente 2024.<\/a><\/span><\/li>\n<li><span style=\"font-family: arial, helvetica, sans-serif; font-size: 12pt;\"><a href=\"https:\/\/docs.google.com\/forms\/d\/e\/1FAIpQLSe1yJoTE_vDq1uUAerOAaoXUXXLFjDIEADnabXgWMAhQ5PGeA\/viewform\">Planilha de solicita\u00e7\u00e3o de credenciamento<\/a><\/span><\/li>\n<li><span style=\"font-family: arial, helvetica, sans-serif; font-size: 12pt;\"><a href=\"https:\/\/wp.ufpel.edu.br\/ppgo\/files\/2023\/10\/Edital-Interno-3MT-PPGO-2023.pdf\">Edital Interno para Sele\u00e7\u00e3o de Candidatos ao Evento \u201c3MT &#8211; Sua tese em tr\u00eas minutos\u201d<\/a><\/span><\/li>\n<li><span style=\"font-family: arial, helvetica, sans-serif; font-size: 12pt;\"><a href=\"https:\/\/wp.ufpel.edu.br\/ppgo\/files\/2023\/07\/SEI_UFPel-2242455-Edital-de-Retificacao-PRPPG.pdf\">Edital de Retifica\u00e7\u00e3o Aluno especial PRPPG<\/a><\/span><\/li>\n<\/ul>\n","protected":false},"excerpt":{"rendered":"<p>Editais Encerrados 2024 Retificado Edital Sele\u00e7\u00e3o Aluno Especial 01\/2025\u00a0 Edital Sele\u00e7\u00e3o Aluno Especial 01\/2025 Formul\u00e1rio de Inscri\u00e7\u00e3o Aluno Especial 1\/2025 Resultado Final Sele\u00e7\u00e3o Mestrado e Doutorado 01\/2025 Resultado 1\u00aa Fase Sele\u00e7\u00e3o Mestrado e Doutorado 01\/2025 Homologa\u00e7\u00e3o Final das Inscri\u00e7\u00f5es Edital Aluno Regular 01\/2025 Edital para Sele\u00e7\u00e3o de Aluno Regular e Mestrado e Doutorado \u2013 1\u00ba\/2025 [&hellip;]<\/p>\n","protected":false},"author":480,"featured_media":0,"parent":0,"menu_order":0,"comment_status":"closed","ping_status":"closed","template":"","meta":{"jetpack_post_was_ever_published":false,"footnotes":""},"class_list":["post-4698","page","type-page","status-publish","hentry"],"jetpack_sharing_enabled":true,"jetpack_shortlink":"https:\/\/wp.me\/P9I8SC-1dM","publishpress_future_action":{"enabled":false,"date":"2026-04-22 17:41:25","action":"change-status","newStatus":"draft","terms":[],"taxonomy":"","extraData":[]},"publishpress_future_workflow_manual_trigger":{"enabledWorkflows":[]},"_links":{"self":[{"href":"https:\/\/wp.ufpel.edu.br\/ppgo\/wp-json\/wp\/v2\/pages\/4698","targetHints":{"allow":["GET"]}}],"collection":[{"href":"https:\/\/wp.ufpel.edu.br\/ppgo\/wp-json\/wp\/v2\/pages"}],"about":[{"href":"https:\/\/wp.ufpel.edu.br\/ppgo\/wp-json\/wp\/v2\/types\/page"}],"author":[{"embeddable":true,"href":"https:\/\/wp.ufpel.edu.br\/ppgo\/wp-json\/wp\/v2\/users\/480"}],"replies":[{"embeddable":true,"href":"https:\/\/wp.ufpel.edu.br\/ppgo\/wp-json\/wp\/v2\/comments?post=4698"}],"version-history":[{"count":9,"href":"https:\/\/wp.ufpel.edu.br\/ppgo\/wp-json\/wp\/v2\/pages\/4698\/revisions"}],"predecessor-version":[{"id":5134,"href":"https:\/\/wp.ufpel.edu.br\/ppgo\/wp-json\/wp\/v2\/pages\/4698\/revisions\/5134"}],"wp:attachment":[{"href":"https:\/\/wp.ufpel.edu.br\/ppgo\/wp-json\/wp\/v2\/media?parent=4698"}],"curies":[{"name":"wp","href":"https:\/\/api.w.org\/{rel}","templated":true}]}}