{"id":4695,"date":"2024-06-03T09:01:06","date_gmt":"2024-06-03T12:01:06","guid":{"rendered":"https:\/\/wp.ufpel.edu.br\/ppgo\/?page_id=4695"},"modified":"2024-12-27T13:33:16","modified_gmt":"2024-12-27T16:33:16","slug":"editais-abertos-2024","status":"publish","type":"page","link":"https:\/\/wp.ufpel.edu.br\/ppgo\/editais-abertos-2024\/","title":{"rendered":"Editais Abertos 2024"},"content":{"rendered":"<h2><span style=\"font-family: arial, helvetica, sans-serif;\"><strong><span style=\"font-size: 12pt;\">Editais Abertos 2024<\/span><\/strong><\/span><\/h2>\n<ul>\n<li><a href=\"https:\/\/wp.ufpel.edu.br\/ppgo\/files\/2024\/12\/SEI_2908390_Edital_de_selecao_PRPPG_237-2.pdf\">Edital para Sele\u00e7\u00e3o de Aluno Regular e Mestrado e Doutorado &#8211; 1\u00ba\/2025<\/a><\/li>\n<li><a href=\"https:\/\/wp.ufpel.edu.br\/ppgo\/files\/2024\/12\/Planilha-de-pontuac\u0327a\u0303o-1.xlsx\">Planilha de Extra\u00e7\u00e3o Aluno Regular e Mestrado e Doutorado &#8211; 1\u00ba\/2025<\/a><\/li>\n<li><a href=\"https:\/\/wp.ufpel.edu.br\/ppgo\/files\/2024\/11\/SEI_2821747_PRPPG_Minuta_Edital_de_Selecao-2.pdf\">Edital de Sele\u00e7\u00e3o de Aluno para Doutorado Sanduiche\u00a0 &#8211; PDSE\/CAPES 26\/2024<\/a><\/li>\n<li><a href=\"https:\/\/wp.ufpel.edu.br\/ppgo\/files\/2024\/11\/ANEXO_I-1.pdf\">Anexo Edital de Sele\u00e7\u00e3o de\u00a0Aluno para Doutorado Sanduiche<\/a><\/li>\n<li><a href=\"https:\/\/wp.ufpel.edu.br\/ppgo\/files\/2024\/10\/SEI_UFPel-2781125-Edital-PDI.pdf\">Edital de Sele\u00e7\u00e3o de Bolsista do Programa Institucional de P\u00f3s-Doutorado PIPD\/CAPES\u00a0<\/a><\/li>\n<li><a href=\"https:\/\/wp.ufpel.edu.br\/ppgo\/files\/2024\/10\/Planilha-de-pontuac\u0327a\u0303o-1.xlsx\">Planilha de Extra\u00e7\u00e3o PIPD\/CAPES\u00a0<\/a><\/li>\n<li><a href=\"https:\/\/wp.ufpel.edu.br\/ppgo\/files\/2024\/10\/Manual-de-Instruc\u0327o\u0303es-de-preenchimento-da-planilha-CV-2023-1.pdf\">Manual\u00a0 instru\u00e7\u00f5es para o preenchimento da planilha de c\u00e1lculo de CV<\/a><\/li>\n<li><span style=\"font-family: arial, helvetica, sans-serif;\"><a href=\"https:\/\/wp.ufpel.edu.br\/ppgo\/files\/2024\/10\/SEI_UFPel-2781125-Edital-PDI.pdf\">SEI_UFPel &#8211; 2781125 &#8211; Edital PDI<\/a> <a href=\"https:\/\/wp.ufpel.edu.br\/ppgo\/files\/2024\/10\/Planilha-de-pontuac\u0327a\u0303o-1.xlsx\">Planilha-de-pontuac\u0327a\u0303o-1<\/a> <a href=\"https:\/\/wp.ufpel.edu.br\/ppgo\/files\/2024\/10\/Manual-de-Instruc\u0327o\u0303es-de-preenchimento-da-planilha-CV-2023-1.pdf\">Manual-de-Instruc\u0327o\u0303es-de-preenchimento-da-planilha-CV-2023 (1)<\/a><a href=\"https:\/\/wp.ufpel.edu.br\/ppgo\/files\/2024\/08\/SEI_UFPel-2690487-Edital-de-selecao-PRPPG.pdf\">Edital de Aluno Especial 2\/2024<\/a><\/span><\/li>\n<li><a href=\"https:\/\/wp.ufpel.edu.br\/ppgo\/files\/2024\/08\/Formulario_de_inscricao_Alunos_especiais.doc\"><span style=\"font-family: arial, helvetica, sans-serif;\">Formul\u00e1rio de Inscri\u00e7\u00e3o Aluno Especial 2\/2024<\/span><\/a><\/li>\n<li class=\"corTexto\"><a href=\"https:\/\/wp.ufpel.edu.br\/ppgo\/files\/2024\/07\/HOMOLOGACAO-INSCRICOES-EDITAL-PROFESSOR-VISITANTE-PPGO-2024-1.pdf\"><span style=\"font-family: arial, helvetica, sans-serif; font-size: 12pt;\">Homologa\u00e7\u00e3o inscri\u00e7\u00f5es Edital Professor Visitante PPGO<\/span><\/a><\/li>\n<li><a href=\"https:\/\/wp.ufpel.edu.br\/ppgo\/files\/2024\/07\/HOMOLOGACAO-INSCRICOES-EDITAL-AUXILIO-ALUNO-2024.docx-1.pdf\"><span style=\"font-family: arial, helvetica, sans-serif; font-size: 12pt;\">Homologa\u00e7\u00e3o Inscri\u00e7\u00f5es Edital Auxilio Aluno<\/span><\/a><\/li>\n<li><span style=\"font-size: 12pt; font-family: arial, helvetica, sans-serif;\"><a href=\"https:\/\/wp.ufpel.edu.br\/ppgo\/files\/2024\/05\/SEI_UFPel-2606724-Edital-1.pdf\">Edital N\u00ba. 2\/2024\u00a0 Auxilio para participa\u00e7\u00e3o em eventos\u00a0<\/a><\/span><\/li>\n<\/ul>\n","protected":false},"excerpt":{"rendered":"<p>Editais Abertos 2024 Edital para Sele\u00e7\u00e3o de Aluno Regular e Mestrado e Doutorado &#8211; 1\u00ba\/2025 Planilha de Extra\u00e7\u00e3o Aluno Regular e Mestrado e Doutorado &#8211; 1\u00ba\/2025 Edital de Sele\u00e7\u00e3o de Aluno para Doutorado Sanduiche\u00a0 &#8211; PDSE\/CAPES 26\/2024 Anexo Edital de Sele\u00e7\u00e3o de\u00a0Aluno para Doutorado Sanduiche Edital de Sele\u00e7\u00e3o de Bolsista do Programa Institucional de P\u00f3s-Doutorado [&hellip;]<\/p>\n","protected":false},"author":480,"featured_media":0,"parent":0,"menu_order":0,"comment_status":"closed","ping_status":"closed","template":"","meta":{"jetpack_post_was_ever_published":false,"footnotes":""},"class_list":["post-4695","page","type-page","status-publish","hentry"],"jetpack_sharing_enabled":true,"jetpack_shortlink":"https:\/\/wp.me\/P9I8SC-1dJ","publishpress_future_action":{"enabled":false,"date":"2026-04-23 10:53:52","action":"change-status","newStatus":"draft","terms":[],"taxonomy":"","extraData":[]},"publishpress_future_workflow_manual_trigger":{"enabledWorkflows":[]},"_links":{"self":[{"href":"https:\/\/wp.ufpel.edu.br\/ppgo\/wp-json\/wp\/v2\/pages\/4695","targetHints":{"allow":["GET"]}}],"collection":[{"href":"https:\/\/wp.ufpel.edu.br\/ppgo\/wp-json\/wp\/v2\/pages"}],"about":[{"href":"https:\/\/wp.ufpel.edu.br\/ppgo\/wp-json\/wp\/v2\/types\/page"}],"author":[{"embeddable":true,"href":"https:\/\/wp.ufpel.edu.br\/ppgo\/wp-json\/wp\/v2\/users\/480"}],"replies":[{"embeddable":true,"href":"https:\/\/wp.ufpel.edu.br\/ppgo\/wp-json\/wp\/v2\/comments?post=4695"}],"version-history":[{"count":14,"href":"https:\/\/wp.ufpel.edu.br\/ppgo\/wp-json\/wp\/v2\/pages\/4695\/revisions"}],"predecessor-version":[{"id":5005,"href":"https:\/\/wp.ufpel.edu.br\/ppgo\/wp-json\/wp\/v2\/pages\/4695\/revisions\/5005"}],"wp:attachment":[{"href":"https:\/\/wp.ufpel.edu.br\/ppgo\/wp-json\/wp\/v2\/media?parent=4695"}],"curies":[{"name":"wp","href":"https:\/\/api.w.org\/{rel}","templated":true}]}}