{"id":4675,"date":"2024-06-03T08:07:59","date_gmt":"2024-06-03T11:07:59","guid":{"rendered":"https:\/\/wp.ufpel.edu.br\/ppgo\/?page_id=4675"},"modified":"2024-06-03T08:22:29","modified_gmt":"2024-06-03T11:22:29","slug":"defesas-e-qualificacoes","status":"publish","type":"page","link":"https:\/\/wp.ufpel.edu.br\/ppgo\/defesas-e-qualificacoes\/","title":{"rendered":"Defesas e Qualifica\u00e7\u00f5es"},"content":{"rendered":"<p><span style=\"font-family: arial, helvetica, sans-serif;\"><a href=\"https:\/\/wp.ufpel.edu.br\/ppgo\/files\/2018\/04\/Roteiro-para-banca-examinadora-2018.pdf\">Roteiro para banca examinadora<\/a><\/span><\/p>\n<hr \/>\n<p><span style=\"font-family: arial, helvetica, sans-serif;\"><a href=\"https:\/\/wp.ufpel.edu.br\/ppgo\/files\/2018\/04\/Instru\u00e7\u00e3o-normativa-de-defesas-2018_1.pdf\">Instru<\/a><a href=\"https:\/\/wp.ufpel.edu.br\/ppgo\/files\/2018\/04\/Instru\u00e7\u00e3o-normativa-de-defesas-2018_1.pdf\">\u00e7\u00e3o normativa de defesas<\/a><\/span><\/p>\n<hr \/>\n<p><span style=\"font-family: arial, helvetica, sans-serif;\"><a href=\"https:\/\/wp.ufpel.edu.br\/ppgo\/files\/2023\/11\/SEI_UFPel-2379195-ResoluA%CC%83%C2%A7A%CC%83o-1.pdf\">Resolu\u00e7\u00e3o que disp\u00f5e sobre diretrizes para a distribui\u00e7\u00e3o de bolsas de Mestrado, Doutorado e P\u00f3s-Doutorado e para o ac\u00famulo de bolsas com atividades remuneradas<\/a><\/span><\/p>\n<hr \/>\n<p><span style=\"font-family: arial, helvetica, sans-serif;\"><a href=\"https:\/\/wp.ufpel.edu.br\/ppgo\/files\/2023\/11\/DeclaraodeAcmulos.pdf\">Termo de declara\u00e7\u00e3o de ac\u00famulos<\/a><\/span><\/p>\n","protected":false},"excerpt":{"rendered":"<p>Roteiro para banca examinadora Instru\u00e7\u00e3o normativa de defesas Resolu\u00e7\u00e3o que disp\u00f5e sobre diretrizes para a distribui\u00e7\u00e3o de bolsas de Mestrado, Doutorado e P\u00f3s-Doutorado e para o ac\u00famulo de bolsas com atividades remuneradas Termo de declara\u00e7\u00e3o de ac\u00famulos<\/p>\n","protected":false},"author":480,"featured_media":0,"parent":0,"menu_order":0,"comment_status":"closed","ping_status":"closed","template":"","meta":{"jetpack_post_was_ever_published":false,"footnotes":""},"class_list":["post-4675","page","type-page","status-publish","hentry"],"jetpack_sharing_enabled":true,"jetpack_shortlink":"https:\/\/wp.me\/P9I8SC-1dp","publishpress_future_action":{"enabled":false,"date":"2026-04-22 18:22:41","action":"change-status","newStatus":"draft","terms":[],"taxonomy":"","extraData":[]},"publishpress_future_workflow_manual_trigger":{"enabledWorkflows":[]},"_links":{"self":[{"href":"https:\/\/wp.ufpel.edu.br\/ppgo\/wp-json\/wp\/v2\/pages\/4675","targetHints":{"allow":["GET"]}}],"collection":[{"href":"https:\/\/wp.ufpel.edu.br\/ppgo\/wp-json\/wp\/v2\/pages"}],"about":[{"href":"https:\/\/wp.ufpel.edu.br\/ppgo\/wp-json\/wp\/v2\/types\/page"}],"author":[{"embeddable":true,"href":"https:\/\/wp.ufpel.edu.br\/ppgo\/wp-json\/wp\/v2\/users\/480"}],"replies":[{"embeddable":true,"href":"https:\/\/wp.ufpel.edu.br\/ppgo\/wp-json\/wp\/v2\/comments?post=4675"}],"version-history":[{"count":3,"href":"https:\/\/wp.ufpel.edu.br\/ppgo\/wp-json\/wp\/v2\/pages\/4675\/revisions"}],"predecessor-version":[{"id":4689,"href":"https:\/\/wp.ufpel.edu.br\/ppgo\/wp-json\/wp\/v2\/pages\/4675\/revisions\/4689"}],"wp:attachment":[{"href":"https:\/\/wp.ufpel.edu.br\/ppgo\/wp-json\/wp\/v2\/media?parent=4675"}],"curies":[{"name":"wp","href":"https:\/\/api.w.org\/{rel}","templated":true}]}}