{"id":4673,"date":"2024-06-03T08:07:54","date_gmt":"2024-06-03T11:07:54","guid":{"rendered":"https:\/\/wp.ufpel.edu.br\/ppgo\/?page_id=4673"},"modified":"2025-07-08T14:26:39","modified_gmt":"2025-07-08T17:26:39","slug":"normas-do-programa","status":"publish","type":"page","link":"https:\/\/wp.ufpel.edu.br\/ppgo\/normas-do-programa\/","title":{"rendered":"Normas do Programa"},"content":{"rendered":"<p><span style=\"font-family: georgia, palatino, serif;\"><a href=\"https:\/\/wp.me\/P9I8SC-1gO\"><span style=\"font-family: arial, helvetica, sans-serif; font-size: 12pt;\">Manual de normas para trabalhos acad\u00eamicos UFPel<\/span><\/a><\/span><\/p>\n<hr \/>\n<p><span style=\"font-family: arial, helvetica, sans-serif; font-size: 12pt;\"><a href=\"https:\/\/wp.ufpel.edu.br\/ppgo\/files\/2020\/05\/Termo-dissertacao-e-tese.pdf\">Termo de autoriza\u00e7\u00e3o para inserir teses e disserta\u00e7\u00f5es nas bases de dados da UFPel e IBICT<\/a><\/span><\/p>\n<hr \/>\n<p><span style=\"font-family: arial, helvetica, sans-serif; font-size: 12pt;\"><a href=\"https:\/\/wp.ufpel.edu.br\/ppgo\/files\/2018\/04\/Instru\u00e7\u00e3o-normativa-de-bolsas-2018.pdf\">Instru\u00e7\u00e3o normativa de bolsas<\/a><\/span><\/p>\n<hr \/>\n<p><span style=\"font-size: 12pt; font-family: arial, helvetica, sans-serif;\"><a href=\"https:\/\/wp.ufpel.edu.br\/ppgo\/files\/2024\/03\/INSTRUC\u0327A\u0303O-NORMATIVA-PARA-DISTRIBUIC\u0327A\u0303O-DE-ORIENTAC\u0327O\u0303ES-NO-PPGO.docx-2.pdf\">Instru\u00e7\u00f5es normativas para indica\u00e7\u00f5es de orienta\u00e7\u00f5es no PPGO<\/a><\/span><\/p>\n<hr \/>\n<p><span style=\"font-size: 12pt; font-family: arial, helvetica, sans-serif;\"><a href=\"https:\/\/wp.ufpel.edu.br\/ppgo\/files\/2021\/12\/Credenciamento-PPGO-2022.docx\">Credenciamento de docente PPGO 2022<\/a><\/span><\/p>\n<hr \/>\n<p><span style=\"font-family: arial, helvetica, sans-serif; font-size: 12pt;\"><a href=\"https:\/\/wp.ufpel.edu.br\/ppgo\/files\/2024\/03\/REGISTRO-DE-FREQUE\u0302NCIA-E-PARTICIPAC\u0327A\u0303O-DOS-DISCENTES-1.docx\">Registro de frequ\u00eancia e participa\u00e7\u00e3o dos discentes em bancas de Mestrado e Doutorado\u00a0<\/a><\/span><\/p>\n<hr \/>\n<p><span style=\"font-family: arial, helvetica, sans-serif; font-size: 12pt;\"><a href=\"https:\/\/wp.ufpel.edu.br\/ppgo\/files\/2018\/10\/Regimento_PPGO_2018_30102018.pdf\">Regimento PPGO<\/a><\/span><\/p>\n<hr \/>\n<p><a href=\"https:\/\/wp.ufpel.edu.br\/ppgo\/files\/2025\/07\/Roteiro-para-banca-examinadora-2018-1.pdf\">Roteiro para banca examinadora\u00a0<\/a><\/p>\n<hr \/>\n<p><a href=\"https:\/\/wp.ufpel.edu.br\/ppgo\/files\/2025\/07\/Roteiro-para-banca-examinadora-2018-1.pdf\">Instru\u00e7\u00e3o normativa de defesas<\/a><\/p>\n","protected":false},"excerpt":{"rendered":"<p>Manual de normas para trabalhos acad\u00eamicos UFPel Termo de autoriza\u00e7\u00e3o para inserir teses e disserta\u00e7\u00f5es nas bases de dados da UFPel e IBICT Instru\u00e7\u00e3o normativa de bolsas Instru\u00e7\u00f5es normativas para indica\u00e7\u00f5es de orienta\u00e7\u00f5es no PPGO Credenciamento de docente PPGO 2022 Registro de frequ\u00eancia e participa\u00e7\u00e3o dos discentes em bancas de Mestrado e Doutorado\u00a0 Regimento PPGO [&hellip;]<\/p>\n","protected":false},"author":480,"featured_media":0,"parent":0,"menu_order":0,"comment_status":"closed","ping_status":"closed","template":"","meta":{"jetpack_post_was_ever_published":false,"footnotes":""},"class_list":["post-4673","page","type-page","status-publish","hentry"],"jetpack_sharing_enabled":true,"jetpack_shortlink":"https:\/\/wp.me\/P9I8SC-1dn","publishpress_future_action":{"enabled":false,"date":"2026-04-22 13:19:00","action":"change-status","newStatus":"draft","terms":[],"taxonomy":"","extraData":[]},"publishpress_future_workflow_manual_trigger":{"enabledWorkflows":[]},"_links":{"self":[{"href":"https:\/\/wp.ufpel.edu.br\/ppgo\/wp-json\/wp\/v2\/pages\/4673","targetHints":{"allow":["GET"]}}],"collection":[{"href":"https:\/\/wp.ufpel.edu.br\/ppgo\/wp-json\/wp\/v2\/pages"}],"about":[{"href":"https:\/\/wp.ufpel.edu.br\/ppgo\/wp-json\/wp\/v2\/types\/page"}],"author":[{"embeddable":true,"href":"https:\/\/wp.ufpel.edu.br\/ppgo\/wp-json\/wp\/v2\/users\/480"}],"replies":[{"embeddable":true,"href":"https:\/\/wp.ufpel.edu.br\/ppgo\/wp-json\/wp\/v2\/comments?post=4673"}],"version-history":[{"count":7,"href":"https:\/\/wp.ufpel.edu.br\/ppgo\/wp-json\/wp\/v2\/pages\/4673\/revisions"}],"predecessor-version":[{"id":5127,"href":"https:\/\/wp.ufpel.edu.br\/ppgo\/wp-json\/wp\/v2\/pages\/4673\/revisions\/5127"}],"wp:attachment":[{"href":"https:\/\/wp.ufpel.edu.br\/ppgo\/wp-json\/wp\/v2\/media?parent=4673"}],"curies":[{"name":"wp","href":"https:\/\/api.w.org\/{rel}","templated":true}]}}