{"id":4671,"date":"2024-06-03T08:07:57","date_gmt":"2024-06-03T11:07:57","guid":{"rendered":"https:\/\/wp.ufpel.edu.br\/ppgo\/?page_id=4671"},"modified":"2025-10-09T12:50:42","modified_gmt":"2025-10-09T15:50:42","slug":"formularios","status":"publish","type":"page","link":"https:\/\/wp.ufpel.edu.br\/ppgo\/formularios\/","title":{"rendered":"Formul\u00e1rios"},"content":{"rendered":"<p><span style=\"font-family: arial, helvetica, sans-serif;\"><span style=\"font-size: 10pt;\"><a href=\"https:\/\/wp.ufpel.edu.br\/ppgo\/files\/2022\/07\/Formulario-de-inscricao-Aluno-especial-1.docx\"><span style=\"font-size: 12pt;\">Formul\u00e1<\/span><\/a><\/span><span style=\"font-size: 12pt;\"><a href=\"https:\/\/wp.ufpel.edu.br\/ppgo\/files\/2022\/07\/Formulario-de-inscricao-Aluno-especial-1.docx\">rio de inscri\u00e7\u00e3o Aluno especial<\/a><\/span><\/span><\/p>\n<hr \/>\n<p><span style=\"font-family: arial, helvetica, sans-serif; font-size: 12pt;\"><a href=\"https:\/\/wp.ufpel.edu.br\/ppgo\/files\/2022\/07\/Formulario-de-inscricao-Aluno-Externo-PPGO.docx\">Formul\u00e1rio de inscri\u00e7\u00e3o &#8211; Aluno Externo PPGO<\/a><\/span><\/p>\n<hr \/>\n<p><span style=\"font-family: arial, helvetica, sans-serif; font-size: 12pt;\"><a href=\"https:\/\/wp.ufpel.edu.br\/ppgo\/files\/2024\/03\/Aproveitamento-de-creditos.doc\">Aproveitamento-de-cr\u00e9ditos<\/a><\/span><\/p>\n<hr \/>\n<p><span style=\"font-family: arial, helvetica, sans-serif; font-size: 12pt;\"><a href=\"https:\/\/wp.ufpel.edu.br\/ppgo\/files\/2018\/04\/Formul\u00e1rio-de-pedido-de-defesa-2018-1.doc\">Formul\u00e1r<\/a><a href=\"https:\/\/wp.ufpel.edu.br\/ppgo\/files\/2018\/04\/Formul\u00e1rio-de-pedido-de-defesa-2018-1.doc\">io de pedido de defesa<\/a><\/span><\/p>\n<hr \/>\n<p><span style=\"font-family: arial, helvetica, sans-serif; font-size: 12pt;\"><a href=\"https:\/\/wp.ufpel.edu.br\/ppgo\/files\/2018\/04\/Formul\u00e1rio-de-pedido-de-qualifica\u00e7\u00e3o-2018.doc\">Formul\u00e1rio de pedido de qualifica\u00e7\u00e3o<\/a><\/span><\/p>\n<hr \/>\n<p><a href=\"https:\/\/wp.ufpel.edu.br\/ppgo\/files\/2024\/08\/copy2_of_DeclaraodeAcmulos-1.pdf\"><span style=\"font-family: arial, helvetica, sans-serif;\">Declara\u00e7\u00e3o de Ac\u00famulos (empregat\u00edcio + bolsa)<\/span><\/a><\/p>\n<hr \/>\n<p><a href=\"https:\/\/wp.ufpel.edu.br\/ppgo\/files\/2024\/10\/Plano-de-Estudos.doc\"><span style=\"font-size: 12pt; font-family: arial, helvetica, sans-serif;\">Plano de Estudos<\/span><\/a><\/p>\n<hr \/>\n<p><a href=\"https:\/\/wp.ufpel.edu.br\/ppgo\/files\/2024\/10\/Plano-de-Estudos.doc\"><span style=\"font-size: 12pt; font-family: arial, helvetica, sans-serif;\">Pedido de Inclus\u00e3o de Disciplinas<\/span><\/a><\/p>\n<hr \/>\n<p><a href=\"https:\/\/wp.ufpel.edu.br\/ppgo\/files\/2025\/10\/Cancelamento-de-Discipilina-1.doc\"><span style=\"font-size: 12pt; font-family: arial, helvetica, sans-serif;\">Cancelamento de Disciplinas\u00a0<\/span><\/a><\/p>\n<hr \/>\n<h1><\/h1>\n","protected":false},"excerpt":{"rendered":"<p>Formul\u00e1rio de inscri\u00e7\u00e3o Aluno especial Formul\u00e1rio de inscri\u00e7\u00e3o &#8211; Aluno Externo PPGO Aproveitamento-de-cr\u00e9ditos Formul\u00e1rio de pedido de defesa Formul\u00e1rio de pedido de qualifica\u00e7\u00e3o Declara\u00e7\u00e3o de Ac\u00famulos (empregat\u00edcio + bolsa) Plano de Estudos Pedido de Inclus\u00e3o de Disciplinas Cancelamento de Disciplinas\u00a0<\/p>\n","protected":false},"author":480,"featured_media":0,"parent":0,"menu_order":0,"comment_status":"closed","ping_status":"closed","template":"","meta":{"jetpack_post_was_ever_published":false,"footnotes":""},"class_list":["post-4671","page","type-page","status-publish","hentry"],"jetpack_sharing_enabled":true,"jetpack_shortlink":"https:\/\/wp.me\/P9I8SC-1dl","publishpress_future_action":{"enabled":false,"date":"2026-04-22 20:37:05","action":"change-status","newStatus":"draft","terms":[],"taxonomy":"","extraData":[]},"publishpress_future_workflow_manual_trigger":{"enabledWorkflows":[]},"_links":{"self":[{"href":"https:\/\/wp.ufpel.edu.br\/ppgo\/wp-json\/wp\/v2\/pages\/4671","targetHints":{"allow":["GET"]}}],"collection":[{"href":"https:\/\/wp.ufpel.edu.br\/ppgo\/wp-json\/wp\/v2\/pages"}],"about":[{"href":"https:\/\/wp.ufpel.edu.br\/ppgo\/wp-json\/wp\/v2\/types\/page"}],"author":[{"embeddable":true,"href":"https:\/\/wp.ufpel.edu.br\/ppgo\/wp-json\/wp\/v2\/users\/480"}],"replies":[{"embeddable":true,"href":"https:\/\/wp.ufpel.edu.br\/ppgo\/wp-json\/wp\/v2\/comments?post=4671"}],"version-history":[{"count":3,"href":"https:\/\/wp.ufpel.edu.br\/ppgo\/wp-json\/wp\/v2\/pages\/4671\/revisions"}],"predecessor-version":[{"id":5186,"href":"https:\/\/wp.ufpel.edu.br\/ppgo\/wp-json\/wp\/v2\/pages\/4671\/revisions\/5186"}],"wp:attachment":[{"href":"https:\/\/wp.ufpel.edu.br\/ppgo\/wp-json\/wp\/v2\/media?parent=4671"}],"curies":[{"name":"wp","href":"https:\/\/api.w.org\/{rel}","templated":true}]}}