{"id":4307,"date":"2023-11-29T20:24:05","date_gmt":"2023-11-29T23:24:05","guid":{"rendered":"https:\/\/wp.ufpel.edu.br\/ppgo\/?page_id=4307"},"modified":"2024-06-03T10:03:29","modified_gmt":"2024-06-03T13:03:29","slug":"4307-2","status":"publish","type":"page","link":"https:\/\/wp.ufpel.edu.br\/ppgo\/4307-2\/","title":{"rendered":"Francine dos Santos Costa"},"content":{"rendered":"<div id=\"pl-4307\" class=\"panel-layout\">\n<div id=\"pg-4307-0\" class=\"panel-grid panel-no-style\">\n<div id=\"pgc-4307-0-0\" class=\"panel-grid-cell\" data-weight=\"1\">\n<div id=\"panel-4307-0-0-0\" class=\"so-panel widget widget_sow-editor panel-first-child\" data-index=\"0\" data-style=\"{&quot;background_image_attachment&quot;:false,&quot;background_display&quot;:&quot;tile&quot;,&quot;background_image_size&quot;:&quot;full&quot;,&quot;background_image_opacity&quot;:&quot;100&quot;,&quot;border_thickness&quot;:&quot;1px&quot;}\">\n<div class=\"so-widget-sow-editor so-widget-sow-editor-base\">\n<div class=\"siteorigin-widget-tinymce textwidget\">\n<p><span style=\"font-size: 14pt;\"><strong><span style=\"font-family: georgia, palatino, serif;\">Francine dos Santos Costa<\/span><\/strong><\/span><\/p>\n<p><a href=\"http:\/\/lattes.cnpq.br\/3616089720752945\"><img class=\"alignnone wp-image-645\" src=\"https:\/\/i0.wp.com\/wp.ufpel.edu.br\/ppgo\/files\/2018\/03\/lattes.png?resize=51%2C29&amp;ssl=1\" alt=\"\" width=\"51\" height=\"29\" \/><\/a>\u00a0<a href=\"https:\/\/orcid.org\/0000-0001-9558-937X\"><img class=\"alignnone wp-image-3704\" src=\"https:\/\/i0.wp.com\/wp.ufpel.edu.br\/ppgo\/files\/2023\/09\/orcid-id.png?resize=28%2C28&amp;ssl=1\" sizes=\"(max-width: 28px) 100vw, 28px\" srcset=\"https:\/\/i0.wp.com\/wp.ufpel.edu.br\/ppgo\/files\/2023\/09\/orcid-id.png?w=450&amp;ssl=1 450w, https:\/\/i0.wp.com\/wp.ufpel.edu.br\/ppgo\/files\/2023\/09\/orcid-id.png?resize=400%2C400&amp;ssl=1 400w, https:\/\/i0.wp.com\/wp.ufpel.edu.br\/ppgo\/files\/2023\/09\/orcid-id.png?resize=200%2C200&amp;ssl=1 200w\" alt=\"\" width=\"28\" height=\"28\" \/><\/a>\u00a0<a href=\"https:\/\/scholar.google.pt\/citations?hl=pt-BR&amp;user=Bt72aQ8AAAAJ\"><img class=\"alignnone wp-image-3705\" src=\"https:\/\/i0.wp.com\/wp.ufpel.edu.br\/ppgo\/files\/2023\/09\/kisspng-computer-science-google-scholar-doctor-of-philosop-google-5ad094511a4771.2300740815236188971077.jpg?resize=29%2C29&amp;ssl=1\" sizes=\"(max-width: 29px) 100vw, 29px\" srcset=\"https:\/\/i0.wp.com\/wp.ufpel.edu.br\/ppgo\/files\/2023\/09\/kisspng-computer-science-google-scholar-doctor-of-philosop-google-5ad094511a4771.2300740815236188971077.jpg?w=260&amp;ssl=1 260w, https:\/\/i0.wp.com\/wp.ufpel.edu.br\/ppgo\/files\/2023\/09\/kisspng-computer-science-google-scholar-doctor-of-philosop-google-5ad094511a4771.2300740815236188971077.jpg?resize=200%2C200&amp;ssl=1 200w\" alt=\"\" width=\"29\" height=\"29\" \/><\/a>\u00a0<a href=\"https:\/\/www.webofscience.com\/wos\/author\/record\/37190533\"><img class=\"alignnone wp-image-3724\" src=\"https:\/\/i0.wp.com\/wp.ufpel.edu.br\/ppgo\/files\/2023\/09\/3a2304e4-ef4f-4e12-ad2f-e43fab16210f.jpg?resize=29%2C29&amp;ssl=1\" sizes=\"(max-width: 29px) 100vw, 29px\" srcset=\"https:\/\/i0.wp.com\/wp.ufpel.edu.br\/ppgo\/files\/2023\/09\/3a2304e4-ef4f-4e12-ad2f-e43fab16210f.jpg?w=225&amp;ssl=1 225w, https:\/\/i0.wp.com\/wp.ufpel.edu.br\/ppgo\/files\/2023\/09\/3a2304e4-ef4f-4e12-ad2f-e43fab16210f.jpg?resize=200%2C200&amp;ssl=1 200w\" alt=\"\" width=\"29\" height=\"29\" \/><\/a>\u00a0<a href=\"https:\/\/www.scopus.com\/authid\/detail.uri?authorId=57190024752\"><img class=\"alignnone wp-image-3894\" src=\"https:\/\/i0.wp.com\/wp.ufpel.edu.br\/ppgo\/files\/2023\/09\/download.png?resize=28%2C28&amp;ssl=1\" sizes=\"(max-width: 28px) 100vw, 28px\" srcset=\"https:\/\/i0.wp.com\/wp.ufpel.edu.br\/ppgo\/files\/2023\/09\/download.png?w=225&amp;ssl=1 225w, https:\/\/i0.wp.com\/wp.ufpel.edu.br\/ppgo\/files\/2023\/09\/download.png?resize=200%2C200&amp;ssl=1 200w\" alt=\"\" width=\"28\" height=\"28\" \/><\/a><\/p>\n<p><strong>Forma\u00e7\u00e3o:<\/strong><span style=\"font-family: georgia, palatino, serif;\"> Graduada em Odontologia pela Universidade Federal de Pelotas, P\u00f3s-Graduada pela Resid\u00eancia Multiprofissional em Sa\u00fade &#8211; \u00c1rea de concentra\u00e7\u00e3o em Aten\u00e7\u00e3o \u00e0 Sa\u00fade da Crian\u00e7a, Mestra em Odontopediatria pelo Programa de P\u00f3s-gradua\u00e7\u00e3o em Odontologia da Universidade Federal de Pelotas, Doutora em Odontopediatria pelo Programa de P\u00f3s-Gradua\u00e7\u00e3o em Odontologia da Universidade Federal de Pelotas, Doutora em Epidemiologia pelo Programa de P\u00f3s-Gradua\u00e7\u00e3o em Epidemiologia da UFPel, P\u00f3s-doutorado na \u00e1rea de Sa\u00fade Coletiva<\/span><\/p>\n<p><strong>Linhas de pesquisa:<\/strong><\/p>\n<p><strong>\u00c1rea de atua\u00e7\u00e3o:<\/strong> <span style=\"font-family: georgia, palatino, serif;\">Atualmente, pesquisadora do International Center for Equity in Health e Professora Substituta do Departamento de Medicina Social, da Universidade Federal de Pelotas.<\/span><\/p>\n<\/div>\n<\/div>\n<\/div>\n<div id=\"panel-4307-0-0-1\" class=\"so-panel widget widget_sow-image panel-last-child\" data-index=\"1\" data-style=\"{&quot;background_image_attachment&quot;:false,&quot;background_display&quot;:&quot;tile&quot;,&quot;background_image_size&quot;:&quot;full&quot;,&quot;background_image_opacity&quot;:&quot;100&quot;,&quot;border_thickness&quot;:&quot;1px&quot;}\"><\/div>\n<\/div>\n<\/div>\n<\/div>\n","protected":false},"excerpt":{"rendered":"<p>Francine dos Santos Costa \u00a0\u00a0\u00a0\u00a0 Forma\u00e7\u00e3o: Graduada em Odontologia pela Universidade Federal de Pelotas, P\u00f3s-Graduada pela Resid\u00eancia Multiprofissional em Sa\u00fade &#8211; \u00c1rea de concentra\u00e7\u00e3o em Aten\u00e7\u00e3o \u00e0 Sa\u00fade da Crian\u00e7a, Mestra em Odontopediatria pelo Programa de P\u00f3s-gradua\u00e7\u00e3o em Odontologia da Universidade Federal de Pelotas, Doutora em Odontopediatria pelo Programa de P\u00f3s-Gradua\u00e7\u00e3o em Odontologia da Universidade [&hellip;]<\/p>\n","protected":false},"author":480,"featured_media":0,"parent":0,"menu_order":0,"comment_status":"closed","ping_status":"closed","template":"","meta":{"jetpack_post_was_ever_published":false,"footnotes":""},"class_list":["post-4307","page","type-page","status-publish","hentry"],"jetpack_sharing_enabled":true,"jetpack_shortlink":"https:\/\/wp.me\/P9I8SC-17t","publishpress_future_action":{"enabled":false,"date":"2026-04-22 09:22:43","action":"change-status","newStatus":"draft","terms":[],"taxonomy":"","extraData":[]},"publishpress_future_workflow_manual_trigger":{"enabledWorkflows":[]},"_links":{"self":[{"href":"https:\/\/wp.ufpel.edu.br\/ppgo\/wp-json\/wp\/v2\/pages\/4307","targetHints":{"allow":["GET"]}}],"collection":[{"href":"https:\/\/wp.ufpel.edu.br\/ppgo\/wp-json\/wp\/v2\/pages"}],"about":[{"href":"https:\/\/wp.ufpel.edu.br\/ppgo\/wp-json\/wp\/v2\/types\/page"}],"author":[{"embeddable":true,"href":"https:\/\/wp.ufpel.edu.br\/ppgo\/wp-json\/wp\/v2\/users\/480"}],"replies":[{"embeddable":true,"href":"https:\/\/wp.ufpel.edu.br\/ppgo\/wp-json\/wp\/v2\/comments?post=4307"}],"version-history":[{"count":7,"href":"https:\/\/wp.ufpel.edu.br\/ppgo\/wp-json\/wp\/v2\/pages\/4307\/revisions"}],"predecessor-version":[{"id":4312,"href":"https:\/\/wp.ufpel.edu.br\/ppgo\/wp-json\/wp\/v2\/pages\/4307\/revisions\/4312"}],"wp:attachment":[{"href":"https:\/\/wp.ufpel.edu.br\/ppgo\/wp-json\/wp\/v2\/media?parent=4307"}],"curies":[{"name":"wp","href":"https:\/\/api.w.org\/{rel}","templated":true}]}}