{"id":4300,"date":"2023-11-29T20:12:42","date_gmt":"2023-11-29T23:12:42","guid":{"rendered":"https:\/\/wp.ufpel.edu.br\/ppgo\/?page_id=4300"},"modified":"2024-06-03T10:16:39","modified_gmt":"2024-06-03T13:16:39","slug":"4300-2","status":"publish","type":"page","link":"https:\/\/wp.ufpel.edu.br\/ppgo\/4300-2\/","title":{"rendered":""},"content":{"rendered":"<div id=\"pl-4300\" class=\"panel-layout\">\n<div id=\"pg-4300-0\" class=\"panel-grid panel-no-style\">\n<div id=\"pgc-4300-0-0\" class=\"panel-grid-cell\" data-weight=\"1\">\n<div id=\"panel-4300-0-0-0\" class=\"so-panel widget widget_sow-editor panel-first-child\" data-index=\"0\" data-style=\"{&quot;background_image_attachment&quot;:false,&quot;background_display&quot;:&quot;tile&quot;,&quot;background_image_size&quot;:&quot;full&quot;,&quot;background_image_opacity&quot;:&quot;100&quot;,&quot;border_thickness&quot;:&quot;1px&quot;}\">\n<div class=\"so-widget-sow-editor so-widget-sow-editor-base\">\n<div class=\"siteorigin-widget-tinymce textwidget\">\n<h1 class=\"nome\" tabindex=\"0\"><span style=\"font-family: arial, helvetica, sans-serif;\"><strong><span style=\"font-size: 14pt;\">Kau\u00ea Farias Collares<\/span><\/strong><\/span><a href=\"https:\/\/wp.ufpel.edu.br\/ppgo\/files\/2024\/06\/2021050_API_INSTITUCIONAL_.png\"><img class=\"wp-image-4761 alignright\" src=\"https:\/\/wp.ufpel.edu.br\/ppgo\/files\/2024\/06\/2021050_API_INSTITUCIONAL_-1024x1024.png\" alt=\"\" width=\"354\" height=\"354\" srcset=\"https:\/\/wp.ufpel.edu.br\/ppgo\/files\/2024\/06\/2021050_API_INSTITUCIONAL_-1024x1024.png 1024w, https:\/\/wp.ufpel.edu.br\/ppgo\/files\/2024\/06\/2021050_API_INSTITUCIONAL_-400x400.png 400w, https:\/\/wp.ufpel.edu.br\/ppgo\/files\/2024\/06\/2021050_API_INSTITUCIONAL_-200x200.png 200w, https:\/\/wp.ufpel.edu.br\/ppgo\/files\/2024\/06\/2021050_API_INSTITUCIONAL_-768x768.png 768w, https:\/\/wp.ufpel.edu.br\/ppgo\/files\/2024\/06\/2021050_API_INSTITUCIONAL_.png 1208w\" sizes=\"(max-width: 354px) 100vw, 354px\" \/><\/a><\/h1>\n<p><a href=\"http:\/\/lattes.cnpq.br\/2034789192861149\"><img class=\"alignnone wp-image-645\" src=\"https:\/\/i0.wp.com\/wp.ufpel.edu.br\/ppgo\/files\/2018\/03\/lattes.png?resize=51%2C29&amp;ssl=1\" alt=\"\" width=\"51\" height=\"29\" \/><\/a>\u00a0<a href=\"https:\/\/orcid.org\/0000-0002-7276-1074\"><img class=\"alignnone wp-image-3704\" src=\"https:\/\/i0.wp.com\/wp.ufpel.edu.br\/ppgo\/files\/2023\/09\/orcid-id.png?resize=28%2C28&amp;ssl=1\" sizes=\"(max-width: 28px) 100vw, 28px\" srcset=\"https:\/\/i0.wp.com\/wp.ufpel.edu.br\/ppgo\/files\/2023\/09\/orcid-id.png?w=450&amp;ssl=1 450w, https:\/\/i0.wp.com\/wp.ufpel.edu.br\/ppgo\/files\/2023\/09\/orcid-id.png?resize=400%2C400&amp;ssl=1 400w, https:\/\/i0.wp.com\/wp.ufpel.edu.br\/ppgo\/files\/2023\/09\/orcid-id.png?resize=200%2C200&amp;ssl=1 200w\" alt=\"\" width=\"28\" height=\"28\" \/><\/a>\u00a0<a href=\"https:\/\/scholar.google.pt\/citations?hl=pt-BR&amp;user=Y9KvU9EAAAAJ\"><img class=\"alignnone wp-image-3705\" src=\"https:\/\/i0.wp.com\/wp.ufpel.edu.br\/ppgo\/files\/2023\/09\/kisspng-computer-science-google-scholar-doctor-of-philosop-google-5ad094511a4771.2300740815236188971077.jpg?resize=29%2C29&amp;ssl=1\" sizes=\"(max-width: 29px) 100vw, 29px\" srcset=\"https:\/\/i0.wp.com\/wp.ufpel.edu.br\/ppgo\/files\/2023\/09\/kisspng-computer-science-google-scholar-doctor-of-philosop-google-5ad094511a4771.2300740815236188971077.jpg?w=260&amp;ssl=1 260w, https:\/\/i0.wp.com\/wp.ufpel.edu.br\/ppgo\/files\/2023\/09\/kisspng-computer-science-google-scholar-doctor-of-philosop-google-5ad094511a4771.2300740815236188971077.jpg?resize=200%2C200&amp;ssl=1 200w\" alt=\"\" width=\"29\" height=\"29\" \/><\/a>\u00a0<a href=\"https:\/\/www.webofscience.com\/wos\/author\/record\/1673059\"><img class=\"alignnone wp-image-3724\" src=\"https:\/\/i0.wp.com\/wp.ufpel.edu.br\/ppgo\/files\/2023\/09\/3a2304e4-ef4f-4e12-ad2f-e43fab16210f.jpg?resize=29%2C29&amp;ssl=1\" sizes=\"(max-width: 29px) 100vw, 29px\" srcset=\"https:\/\/i0.wp.com\/wp.ufpel.edu.br\/ppgo\/files\/2023\/09\/3a2304e4-ef4f-4e12-ad2f-e43fab16210f.jpg?w=225&amp;ssl=1 225w, https:\/\/i0.wp.com\/wp.ufpel.edu.br\/ppgo\/files\/2023\/09\/3a2304e4-ef4f-4e12-ad2f-e43fab16210f.jpg?resize=200%2C200&amp;ssl=1 200w\" alt=\"\" width=\"29\" height=\"29\" \/><\/a>\u00a0<a href=\"https:\/\/www.scopus.com\/authid\/detail.uri?authorId=36918176900\"><img class=\"alignnone wp-image-3894\" src=\"https:\/\/i0.wp.com\/wp.ufpel.edu.br\/ppgo\/files\/2023\/09\/download.png?resize=28%2C28&amp;ssl=1\" sizes=\"(max-width: 28px) 100vw, 28px\" srcset=\"https:\/\/i0.wp.com\/wp.ufpel.edu.br\/ppgo\/files\/2023\/09\/download.png?w=225&amp;ssl=1 225w, https:\/\/i0.wp.com\/wp.ufpel.edu.br\/ppgo\/files\/2023\/09\/download.png?resize=200%2C200&amp;ssl=1 200w\" alt=\"\" width=\"28\" height=\"28\" \/><\/a><\/p>\n<p><span style=\"font-family: arial, helvetica, sans-serif; font-size: 12pt;\"><strong>Forma\u00e7\u00e3o:<\/strong>\u00a0Graduado em Odontologia pela UFPel (2012), Doutor em Dent\u00edstica pela UFPel (2016) e Doutor em Medical Science pela Radboud University &#8211; Holanda<\/span><\/p>\n<p><span style=\"font-family: arial, helvetica, sans-serif; font-size: 12pt;\"><strong>Linhas de Pesquisa:<\/strong>\u00a0Desfechos em sa\u00fade bucal: influ\u00eancia dos determinantes sociais, socioecon\u00f4micos, cl\u00ednicos e comportamentais;\u00a0Efetividade de interven\u00e7\u00f5es cl\u00ednicas em Odontologia;\u00a0S\u00edntese do conhecimento em Odontologia.<\/span><\/p>\n<p><span style=\"font-family: arial, helvetica, sans-serif; font-size: 12pt;\"><strong>\u00c1rea de atua\u00e7\u00e3o:<\/strong>\u00a0Dent\u00edstica, Epidemiologia e Odontologia do esporte<\/span><\/p>\n<\/div>\n<\/div>\n<\/div>\n<div id=\"panel-4300-0-0-1\" class=\"so-panel widget widget_sow-image panel-last-child\" data-index=\"1\" data-style=\"{&quot;background_image_attachment&quot;:false,&quot;background_display&quot;:&quot;tile&quot;,&quot;background_image_size&quot;:&quot;full&quot;,&quot;background_image_opacity&quot;:&quot;100&quot;,&quot;border_thickness&quot;:&quot;1px&quot;}\"><\/div>\n<\/div>\n<\/div>\n<\/div>\n","protected":false},"excerpt":{"rendered":"<p>Kau\u00ea Farias Collares \u00a0\u00a0\u00a0\u00a0 Forma\u00e7\u00e3o:\u00a0Graduado em Odontologia pela UFPel (2012), Doutor em Dent\u00edstica pela UFPel (2016) e Doutor em Medical Science pela Radboud University &#8211; Holanda Linhas de Pesquisa:\u00a0Desfechos em sa\u00fade bucal: influ\u00eancia dos determinantes sociais, socioecon\u00f4micos, cl\u00ednicos e comportamentais;\u00a0Efetividade de interven\u00e7\u00f5es cl\u00ednicas em Odontologia;\u00a0S\u00edntese do conhecimento em Odontologia. \u00c1rea de atua\u00e7\u00e3o:\u00a0Dent\u00edstica, Epidemiologia e Odontologia [&hellip;]<\/p>\n","protected":false},"author":480,"featured_media":0,"parent":0,"menu_order":0,"comment_status":"closed","ping_status":"closed","template":"","meta":{"jetpack_post_was_ever_published":false,"footnotes":""},"class_list":["post-4300","page","type-page","status-publish","hentry"],"jetpack_sharing_enabled":true,"jetpack_shortlink":"https:\/\/wp.me\/P9I8SC-17m","publishpress_future_action":{"enabled":false,"date":"2026-04-22 06:33:35","action":"change-status","newStatus":"draft","terms":[],"taxonomy":"","extraData":[]},"publishpress_future_workflow_manual_trigger":{"enabledWorkflows":[]},"_links":{"self":[{"href":"https:\/\/wp.ufpel.edu.br\/ppgo\/wp-json\/wp\/v2\/pages\/4300","targetHints":{"allow":["GET"]}}],"collection":[{"href":"https:\/\/wp.ufpel.edu.br\/ppgo\/wp-json\/wp\/v2\/pages"}],"about":[{"href":"https:\/\/wp.ufpel.edu.br\/ppgo\/wp-json\/wp\/v2\/types\/page"}],"author":[{"embeddable":true,"href":"https:\/\/wp.ufpel.edu.br\/ppgo\/wp-json\/wp\/v2\/users\/480"}],"replies":[{"embeddable":true,"href":"https:\/\/wp.ufpel.edu.br\/ppgo\/wp-json\/wp\/v2\/comments?post=4300"}],"version-history":[{"count":6,"href":"https:\/\/wp.ufpel.edu.br\/ppgo\/wp-json\/wp\/v2\/pages\/4300\/revisions"}],"predecessor-version":[{"id":4305,"href":"https:\/\/wp.ufpel.edu.br\/ppgo\/wp-json\/wp\/v2\/pages\/4300\/revisions\/4305"}],"wp:attachment":[{"href":"https:\/\/wp.ufpel.edu.br\/ppgo\/wp-json\/wp\/v2\/media?parent=4300"}],"curies":[{"name":"wp","href":"https:\/\/api.w.org\/{rel}","templated":true}]}}