{"id":4296,"date":"2023-11-29T20:04:30","date_gmt":"2023-11-29T23:04:30","guid":{"rendered":"https:\/\/wp.ufpel.edu.br\/ppgo\/?page_id=4296"},"modified":"2024-06-03T10:21:26","modified_gmt":"2024-06-03T13:21:26","slug":"4296-2","status":"publish","type":"page","link":"https:\/\/wp.ufpel.edu.br\/ppgo\/4296-2\/","title":{"rendered":""},"content":{"rendered":"<div id=\"pl-4296\" class=\"panel-layout\">\n<div id=\"pg-4296-0\" class=\"panel-grid panel-no-style\" data-style=\"{&quot;background_image_attachment&quot;:false,&quot;background_display&quot;:&quot;tile&quot;,&quot;background_image_size&quot;:&quot;full&quot;,&quot;background_image_opacity&quot;:&quot;100&quot;,&quot;border_thickness&quot;:&quot;1px&quot;,&quot;full_height&quot;:&quot;&quot;,&quot;cell_alignment&quot;:&quot;flex-start&quot;}\">\n<div id=\"pgc-4296-0-0\" class=\"panel-grid-cell\" data-style=\"{&quot;background_image_attachment&quot;:false,&quot;background_display&quot;:&quot;tile&quot;,&quot;background_image_size&quot;:&quot;full&quot;,&quot;background_image_opacity&quot;:&quot;100&quot;,&quot;border_thickness&quot;:&quot;1px&quot;,&quot;vertical_alignment&quot;:&quot;auto&quot;}\" data-weight=\"0.5\">\n<div id=\"panel-4296-0-0-0\" class=\"so-panel widget widget_sow-editor panel-first-child panel-last-child\" data-index=\"0\" data-style=\"{&quot;background_image_attachment&quot;:false,&quot;background_display&quot;:&quot;tile&quot;,&quot;background_image_size&quot;:&quot;full&quot;,&quot;background_image_opacity&quot;:&quot;100&quot;,&quot;border_thickness&quot;:&quot;1px&quot;}\">\n<div class=\"so-widget-sow-editor so-widget-sow-editor-base\">\n<div class=\"siteorigin-widget-tinymce textwidget\">\n<h1><span style=\"font-family: arial, helvetica, sans-serif;\"><strong><span style=\"font-size: 14pt;\">Luiz Alexandre Chisini<\/span><\/strong><\/span><a href=\"https:\/\/wp.ufpel.edu.br\/ppgo\/files\/2023\/12\/FOTO-scaled.jpg\"><img class=\"wp-image-4345 alignright\" src=\"https:\/\/wp.ufpel.edu.br\/ppgo\/files\/2023\/12\/FOTO-863x1024.jpg\" alt=\"\" width=\"410\" height=\"486\" srcset=\"https:\/\/wp.ufpel.edu.br\/ppgo\/files\/2023\/12\/FOTO-863x1024.jpg 863w, https:\/\/wp.ufpel.edu.br\/ppgo\/files\/2023\/12\/FOTO-337x400.jpg 337w, https:\/\/wp.ufpel.edu.br\/ppgo\/files\/2023\/12\/FOTO-768x911.jpg 768w, https:\/\/wp.ufpel.edu.br\/ppgo\/files\/2023\/12\/FOTO-1295x1536.jpg 1295w, https:\/\/wp.ufpel.edu.br\/ppgo\/files\/2023\/12\/FOTO-1727x2048.jpg 1727w\" sizes=\"(max-width: 410px) 100vw, 410px\" \/><\/a><\/h1>\n<p><span style=\"font-family: georgia, palatino, serif;\"><a href=\"http:\/\/lattes.cnpq.br\/0450167472415389\"><img class=\"alignnone wp-image-645\" src=\"https:\/\/wp.ufpel.edu.br\/ppgo\/files\/2018\/03\/lattes.png\" alt=\"\" width=\"59\" height=\"33\" \/><\/a>\u00a0<a href=\"https:\/\/orcid.org\/0000-0002-3695-0361\"><img class=\"alignnone wp-image-2428\" src=\"https:\/\/wp.ufpel.edu.br\/ppgo\/files\/2019\/10\/ORCID-icon-e1572004983224.png\" alt=\"\" width=\"29\" height=\"29\" \/><\/a> <a href=\"https:\/\/scholar.google.pt\/citations?hl=pt-BR&amp;user=v9_2NUQAAAAJ\"><img class=\"alignnone wp-image-3705\" src=\"https:\/\/wp.ufpel.edu.br\/ppgo\/files\/2023\/09\/kisspng-computer-science-google-scholar-doctor-of-philosop-google-5ad094511a4771.2300740815236188971077.jpg\" alt=\"\" width=\"27\" height=\"27\" srcset=\"https:\/\/wp.ufpel.edu.br\/ppgo\/files\/2023\/09\/kisspng-computer-science-google-scholar-doctor-of-philosop-google-5ad094511a4771.2300740815236188971077.jpg 260w, https:\/\/wp.ufpel.edu.br\/ppgo\/files\/2023\/09\/kisspng-computer-science-google-scholar-doctor-of-philosop-google-5ad094511a4771.2300740815236188971077-200x200.jpg 200w\" sizes=\"(max-width: 27px) 100vw, 27px\" \/><\/a> <a href=\"https:\/\/www.webofscience.com\/wos\/author\/record\/1098454\"><img class=\"alignnone wp-image-3724\" src=\"https:\/\/wp.ufpel.edu.br\/ppgo\/files\/2023\/09\/3a2304e4-ef4f-4e12-ad2f-e43fab16210f.jpg\" alt=\"\" width=\"27\" height=\"27\" srcset=\"https:\/\/wp.ufpel.edu.br\/ppgo\/files\/2023\/09\/3a2304e4-ef4f-4e12-ad2f-e43fab16210f.jpg 225w, https:\/\/wp.ufpel.edu.br\/ppgo\/files\/2023\/09\/3a2304e4-ef4f-4e12-ad2f-e43fab16210f-200x200.jpg 200w\" sizes=\"(max-width: 27px) 100vw, 27px\" \/><\/a> <a href=\"https:\/\/www.scopus.com\/authid\/detail.uri?authorId=56725722200\"><img class=\"alignnone wp-image-3894\" src=\"https:\/\/wp.ufpel.edu.br\/ppgo\/files\/2023\/09\/download.png\" alt=\"\" width=\"29\" height=\"29\" srcset=\"https:\/\/wp.ufpel.edu.br\/ppgo\/files\/2023\/09\/download.png 225w, https:\/\/wp.ufpel.edu.br\/ppgo\/files\/2023\/09\/download-200x200.png 200w\" sizes=\"(max-width: 29px) 100vw, 29px\" \/><\/a><\/span><\/p>\n<div style=\"text-align: left;\"><span style=\"font-family: arial, helvetica, sans-serif;\"><strong>Forma\u00e7\u00e3o:<\/strong> Gradua\u00e7\u00e3o em odontologia pela Universidade Federal de Pelotas (2014), mestrado em odontologia (\u00e1rea de concentra\u00e7\u00e3o dent\u00edstica) pela Universidade Federal de Pelotas (2017), doutorado em odontologia (\u00eanfase em dent\u00edstica e cariologia) pela Universidade Federal de Pelotas (2020), especialista em aprendizagem ativa pela Universidade do Vale do Taquari (2020) e especialista em sa\u00fade coletiva e da fam\u00edlia pela Universidade do Vale do Taquari (2022).<\/span><\/div>\n<div style=\"text-align: left;\"><span style=\"font-family: arial, helvetica, sans-serif;\"><strong>Linhas de pesquisa:<\/strong> Desfechos em sa\u00fade bucal: influ\u00eancia dos determinantes sociais, socioecon\u00f4micos, cl\u00ednicos e comportamentais. Efetividade de interven\u00e7\u00f5es cl\u00ednicas em Odontologia. S\u00edntese do conhecimento em Odontologia<\/span><\/div>\n<div style=\"text-align: left;\"><span style=\"font-family: arial, helvetica, sans-serif;\"><strong>\u00c1rea de atua\u00e7\u00e3o:<\/strong> Experi\u00eancia na \u00e1rea de Odontologia, atuando principalmente com estudos<\/span><\/div>\n<div style=\"text-align: left;\"><span style=\"font-family: arial, helvetica, sans-serif;\"> epidemiol\u00f3gicos<\/span><span style=\"font-family: arial, helvetica, sans-serif; color: var(--cor-texto);\">e cl\u00ednicos de diferentes desfechos de sa\u00fade bucal.<\/span><\/div>\n<\/div>\n<\/div>\n<\/div>\n<\/div>\n<div id=\"pgc-4296-0-1\" class=\"panel-grid-cell\" data-weight=\"0.5\">\n<div id=\"panel-4296-0-1-0\" class=\"so-panel widget widget_sow-image panel-first-child panel-last-child\" data-index=\"1\" data-style=\"{&quot;background_image_attachment&quot;:false,&quot;background_display&quot;:&quot;tile&quot;,&quot;background_image_size&quot;:&quot;full&quot;,&quot;background_image_opacity&quot;:&quot;100&quot;,&quot;border_thickness&quot;:&quot;1px&quot;}\"><\/div>\n<\/div>\n<\/div>\n<\/div>\n","protected":false},"excerpt":{"rendered":"<p>Luiz Alexandre Chisini \u00a0 Forma\u00e7\u00e3o: Gradua\u00e7\u00e3o em odontologia pela Universidade Federal de Pelotas (2014), mestrado em odontologia (\u00e1rea de concentra\u00e7\u00e3o dent\u00edstica) pela Universidade Federal de Pelotas (2017), doutorado em odontologia (\u00eanfase em dent\u00edstica e cariologia) pela Universidade Federal de Pelotas (2020), especialista em aprendizagem ativa pela Universidade do Vale do Taquari (2020) e especialista em [&hellip;]<\/p>\n","protected":false},"author":480,"featured_media":0,"parent":0,"menu_order":0,"comment_status":"closed","ping_status":"closed","template":"","meta":{"jetpack_post_was_ever_published":false,"footnotes":""},"class_list":["post-4296","page","type-page","status-publish","hentry"],"jetpack_sharing_enabled":true,"jetpack_shortlink":"https:\/\/wp.me\/P9I8SC-17i","publishpress_future_action":{"enabled":false,"date":"2026-04-22 13:21:11","action":"change-status","newStatus":"draft","terms":[],"taxonomy":"","extraData":[]},"publishpress_future_workflow_manual_trigger":{"enabledWorkflows":[]},"_links":{"self":[{"href":"https:\/\/wp.ufpel.edu.br\/ppgo\/wp-json\/wp\/v2\/pages\/4296","targetHints":{"allow":["GET"]}}],"collection":[{"href":"https:\/\/wp.ufpel.edu.br\/ppgo\/wp-json\/wp\/v2\/pages"}],"about":[{"href":"https:\/\/wp.ufpel.edu.br\/ppgo\/wp-json\/wp\/v2\/types\/page"}],"author":[{"embeddable":true,"href":"https:\/\/wp.ufpel.edu.br\/ppgo\/wp-json\/wp\/v2\/users\/480"}],"replies":[{"embeddable":true,"href":"https:\/\/wp.ufpel.edu.br\/ppgo\/wp-json\/wp\/v2\/comments?post=4296"}],"version-history":[{"count":4,"href":"https:\/\/wp.ufpel.edu.br\/ppgo\/wp-json\/wp\/v2\/pages\/4296\/revisions"}],"predecessor-version":[{"id":4765,"href":"https:\/\/wp.ufpel.edu.br\/ppgo\/wp-json\/wp\/v2\/pages\/4296\/revisions\/4765"}],"wp:attachment":[{"href":"https:\/\/wp.ufpel.edu.br\/ppgo\/wp-json\/wp\/v2\/media?parent=4296"}],"curies":[{"name":"wp","href":"https:\/\/api.w.org\/{rel}","templated":true}]}}