{"id":4287,"date":"2023-11-29T19:46:55","date_gmt":"2023-11-29T22:46:55","guid":{"rendered":"https:\/\/wp.ufpel.edu.br\/ppgo\/?page_id=4287"},"modified":"2024-05-31T11:04:57","modified_gmt":"2024-05-31T14:04:57","slug":"4287-2","status":"publish","type":"page","link":"https:\/\/wp.ufpel.edu.br\/ppgo\/4287-2\/","title":{"rendered":"Camila Sfredo"},"content":{"rendered":"<div id=\"pl-4287\" class=\"panel-layout\">\n<div id=\"pg-4287-0\" class=\"panel-grid panel-no-style\" data-style=\"{&quot;background_image_attachment&quot;:false,&quot;background_display&quot;:&quot;tile&quot;,&quot;background_image_size&quot;:&quot;full&quot;,&quot;background_image_opacity&quot;:&quot;100&quot;,&quot;border_thickness&quot;:&quot;1px&quot;,&quot;full_height&quot;:&quot;&quot;,&quot;cell_alignment&quot;:&quot;flex-start&quot;}\">\n<div id=\"pgc-4287-0-0\" class=\"panel-grid-cell\" data-style=\"{&quot;background_image_attachment&quot;:false,&quot;background_display&quot;:&quot;tile&quot;,&quot;background_image_size&quot;:&quot;full&quot;,&quot;background_image_opacity&quot;:&quot;100&quot;,&quot;border_thickness&quot;:&quot;1px&quot;,&quot;vertical_alignment&quot;:&quot;auto&quot;}\" data-weight=\"0.5\">\n<div id=\"panel-4287-0-0-0\" class=\"so-panel widget widget_sow-editor panel-first-child panel-last-child\" data-index=\"0\" data-style=\"{&quot;background_image_attachment&quot;:false,&quot;background_display&quot;:&quot;tile&quot;,&quot;background_image_size&quot;:&quot;full&quot;,&quot;background_image_opacity&quot;:&quot;100&quot;,&quot;border_thickness&quot;:&quot;1px&quot;}\">\n<div class=\"so-widget-sow-editor so-widget-sow-editor-base\">\n<div class=\"siteorigin-widget-tinymce textwidget\">\n<p><strong><span style=\"font-size: 14pt;\">Camila Silveira Sfreddo<\/span><\/strong><a href=\"https:\/\/wp.ufpel.edu.br\/ppgo\/files\/2024\/05\/Bertuol-13-scaled.jpg\"><img class=\" wp-image-4659 alignright\" src=\"https:\/\/wp.ufpel.edu.br\/ppgo\/files\/2024\/05\/Bertuol-13-684x1024.jpg\" alt=\"\" width=\"413\" height=\"618\" srcset=\"https:\/\/wp.ufpel.edu.br\/ppgo\/files\/2024\/05\/Bertuol-13-684x1024.jpg 684w, https:\/\/wp.ufpel.edu.br\/ppgo\/files\/2024\/05\/Bertuol-13-267x400.jpg 267w, https:\/\/wp.ufpel.edu.br\/ppgo\/files\/2024\/05\/Bertuol-13-768x1150.jpg 768w, https:\/\/wp.ufpel.edu.br\/ppgo\/files\/2024\/05\/Bertuol-13-1025x1536.jpg 1025w, https:\/\/wp.ufpel.edu.br\/ppgo\/files\/2024\/05\/Bertuol-13-1367x2048.jpg 1367w, https:\/\/wp.ufpel.edu.br\/ppgo\/files\/2024\/05\/Bertuol-13-scaled.jpg 1709w\" sizes=\"(max-width: 413px) 100vw, 413px\" \/><\/a><\/p>\n<p><a href=\"http:\/\/lattes.cnpq.br\/7189578507388129\"><img class=\"alignnone wp-image-3765\" src=\"https:\/\/wp.ufpel.edu.br\/ppgo\/files\/2023\/09\/th.jpg\" alt=\"\" width=\"51\" height=\"29\" \/><\/a> <a href=\"https:\/\/orcid.org\/0000-0002-2478-4239\"><img class=\"alignnone wp-image-3704\" src=\"https:\/\/wp.ufpel.edu.br\/ppgo\/files\/2023\/09\/orcid-id.png\" alt=\"\" width=\"29\" height=\"29\" srcset=\"https:\/\/wp.ufpel.edu.br\/ppgo\/files\/2023\/09\/orcid-id.png 450w, https:\/\/wp.ufpel.edu.br\/ppgo\/files\/2023\/09\/orcid-id-400x400.png 400w, https:\/\/wp.ufpel.edu.br\/ppgo\/files\/2023\/09\/orcid-id-200x200.png 200w\" sizes=\"(max-width: 29px) 100vw, 29px\" \/><\/a> <a href=\"https:\/\/scholar.google.com.br\/citations?hl=pt-BR&amp;user=8KrNPBMAAAAJ\"><img class=\"alignnone wp-image-3705\" src=\"https:\/\/wp.ufpel.edu.br\/ppgo\/files\/2023\/09\/kisspng-computer-science-google-scholar-doctor-of-philosop-google-5ad094511a4771.2300740815236188971077.jpg\" alt=\"\" width=\"25\" height=\"25\" srcset=\"https:\/\/wp.ufpel.edu.br\/ppgo\/files\/2023\/09\/kisspng-computer-science-google-scholar-doctor-of-philosop-google-5ad094511a4771.2300740815236188971077.jpg 260w, https:\/\/wp.ufpel.edu.br\/ppgo\/files\/2023\/09\/kisspng-computer-science-google-scholar-doctor-of-philosop-google-5ad094511a4771.2300740815236188971077-200x200.jpg 200w\" sizes=\"(max-width: 25px) 100vw, 25px\" \/><\/a> \u00a0<a href=\"https:\/\/www.webofscience.com\/wos\/author\/record\/1552279\"><img class=\"alignnone wp-image-3724\" src=\"https:\/\/wp.ufpel.edu.br\/ppgo\/files\/2023\/09\/3a2304e4-ef4f-4e12-ad2f-e43fab16210f.jpg\" alt=\"\" width=\"26\" height=\"26\" srcset=\"https:\/\/wp.ufpel.edu.br\/ppgo\/files\/2023\/09\/3a2304e4-ef4f-4e12-ad2f-e43fab16210f.jpg 225w, https:\/\/wp.ufpel.edu.br\/ppgo\/files\/2023\/09\/3a2304e4-ef4f-4e12-ad2f-e43fab16210f-200x200.jpg 200w\" sizes=\"(max-width: 26px) 100vw, 26px\" \/><\/a> <a href=\"https:\/\/www.scopus.com\/authid\/detail.uri?authorId=57188581680\"><img class=\"alignnone wp-image-3894\" src=\"https:\/\/wp.ufpel.edu.br\/ppgo\/files\/2023\/09\/download.png\" alt=\"\" width=\"28\" height=\"28\" srcset=\"https:\/\/wp.ufpel.edu.br\/ppgo\/files\/2023\/09\/download.png 225w, https:\/\/wp.ufpel.edu.br\/ppgo\/files\/2023\/09\/download-200x200.png 200w\" sizes=\"(max-width: 28px) 100vw, 28px\" \/><\/a><\/p>\n<p><span style=\"font-family: georgia, palatino, serif;\"><strong>Forma\u00e7\u00e3o:<\/strong> Graduada em Odontologia pela Universidade Federal de Santa Maria (UFSM) (2012). Mestra (2014) e Doutora (2018) em Ci\u00eancias Odontol\u00f3gicas, linha de pesquisa em Epidemiologia com \u00eanfase em Periodontia pelo Programa de P\u00f3s-gradua\u00e7\u00e3o em Ci\u00eancias Odontol\u00f3gicas da UFSM, com est\u00e1gio de doutoramento na Division of Oral Health and Society, McGill University, Montreal, Canad\u00e1.<\/span><\/p>\n<p><span style=\"font-family: georgia, palatino, serif;\"><strong>Linhas de pesquisa:<\/strong> Desfechos em sa\u00fade bucal: influ\u00eancia dos determinantes sociais, socioecon\u00f4micos, cl\u00ednicos e comportamentais.<\/span><\/p>\n<p><span style=\"font-family: georgia, palatino, serif;\"><strong>\u00c1rea de atua\u00e7\u00e3o:<\/strong> Tem experi\u00eancia na \u00e1rea de Odontologia, atuando principalmente com estudos epidemiol\u00f3gicos e cl\u00ednicos sobre determinantes socioecon\u00f4micos de sa\u00fade, doen\u00e7as periodontais e qualidade de vida relacionada \u00e0 sa\u00fade bucal.<\/span><\/p>\n<p><span style=\"font-family: georgia, palatino, serif;\"><strong>Outras informa\u00e7\u00f5es:<\/strong> Membro da Sociedade Brasileira de Pesquisa Odontol\u00f3gica; revisora de revistas cient\u00edficas internacionais.<\/span><\/p>\n<\/div>\n<\/div>\n<\/div>\n<\/div>\n<div id=\"pgc-4287-0-1\" class=\"panel-grid-cell\" data-weight=\"0.5\">\n<div id=\"panel-4287-0-1-0\" class=\"so-panel widget widget_sow-image panel-first-child panel-last-child\" data-index=\"1\" data-style=\"{&quot;background_image_attachment&quot;:false,&quot;background_display&quot;:&quot;tile&quot;,&quot;background_image_size&quot;:&quot;full&quot;,&quot;background_image_opacity&quot;:&quot;100&quot;,&quot;border_thickness&quot;:&quot;1px&quot;}\"><\/div>\n<\/div>\n<\/div>\n<\/div>\n","protected":false},"excerpt":{"rendered":"<p>Camila Silveira Sfreddo \u00a0 Forma\u00e7\u00e3o: Graduada em Odontologia pela Universidade Federal de Santa Maria (UFSM) (2012). Mestra (2014) e Doutora (2018) em Ci\u00eancias Odontol\u00f3gicas, linha de pesquisa em Epidemiologia com \u00eanfase em Periodontia pelo Programa de P\u00f3s-gradua\u00e7\u00e3o em Ci\u00eancias Odontol\u00f3gicas da UFSM, com est\u00e1gio de doutoramento na Division of Oral Health and Society, McGill University, [&hellip;]<\/p>\n","protected":false},"author":480,"featured_media":0,"parent":0,"menu_order":0,"comment_status":"closed","ping_status":"closed","template":"","meta":{"jetpack_post_was_ever_published":false,"footnotes":""},"class_list":["post-4287","page","type-page","status-publish","hentry"],"jetpack_sharing_enabled":true,"jetpack_shortlink":"https:\/\/wp.me\/P9I8SC-179","publishpress_future_action":{"enabled":false,"date":"2026-05-15 21:23:07","action":"change-status","newStatus":"draft","terms":[],"taxonomy":"","extraData":[]},"publishpress_future_workflow_manual_trigger":{"enabledWorkflows":[]},"_links":{"self":[{"href":"https:\/\/wp.ufpel.edu.br\/ppgo\/wp-json\/wp\/v2\/pages\/4287","targetHints":{"allow":["GET"]}}],"collection":[{"href":"https:\/\/wp.ufpel.edu.br\/ppgo\/wp-json\/wp\/v2\/pages"}],"about":[{"href":"https:\/\/wp.ufpel.edu.br\/ppgo\/wp-json\/wp\/v2\/types\/page"}],"author":[{"embeddable":true,"href":"https:\/\/wp.ufpel.edu.br\/ppgo\/wp-json\/wp\/v2\/users\/480"}],"replies":[{"embeddable":true,"href":"https:\/\/wp.ufpel.edu.br\/ppgo\/wp-json\/wp\/v2\/comments?post=4287"}],"version-history":[{"count":9,"href":"https:\/\/wp.ufpel.edu.br\/ppgo\/wp-json\/wp\/v2\/pages\/4287\/revisions"}],"predecessor-version":[{"id":4661,"href":"https:\/\/wp.ufpel.edu.br\/ppgo\/wp-json\/wp\/v2\/pages\/4287\/revisions\/4661"}],"wp:attachment":[{"href":"https:\/\/wp.ufpel.edu.br\/ppgo\/wp-json\/wp\/v2\/media?parent=4287"}],"curies":[{"name":"wp","href":"https:\/\/api.w.org\/{rel}","templated":true}]}}