{"id":4154,"date":"2023-10-10T12:22:23","date_gmt":"2023-10-10T15:22:23","guid":{"rendered":"https:\/\/wp.ufpel.edu.br\/ppgo\/?page_id=4154"},"modified":"2023-10-10T12:23:31","modified_gmt":"2023-10-10T15:23:31","slug":"enlaces-utiles","status":"publish","type":"page","link":"https:\/\/wp.ufpel.edu.br\/ppgo\/links-uteis\/enlaces-utiles\/","title":{"rendered":"ENLACES \u00daTILES"},"content":{"rendered":"<div id=\"pl-4154\"  class=\"panel-layout\" >\n<div id=\"pg-4154-0\"  class=\"panel-grid panel-no-style\" >\n<div id=\"pgc-4154-0-0\"  class=\"panel-grid-cell\"  data-weight=\"1\" >\n<div id=\"panel-4154-0-0-0\" class=\"so-panel widget widget_sow-editor panel-first-child panel-last-child\" data-index=\"0\" data-style=\"{&quot;background_image_attachment&quot;:false,&quot;background_display&quot;:&quot;tile&quot;,&quot;background_image_size&quot;:&quot;full&quot;,&quot;background_image_opacity&quot;:&quot;100&quot;,&quot;border_thickness&quot;:&quot;1px&quot;}\" >\n<div\n\t\t\t\n\t\t\tclass=\"so-widget-sow-editor so-widget-sow-editor-base\"\n\t\t\t\n\t\t><\/p>\n<div class=\"siteorigin-widget-tinymce textwidget\">\n<p><strong><span style=\"font-family: georgia, palatino, serif;\">Informaci\u00f3n del municipio de Pelotas<\/span><\/strong><\/p>\n<p><span style=\"font-family: georgia, palatino, serif; color: #000000;\">Pelotas, ciudad central de la regi\u00f3n sur de Rio Grande do Sul, tiene aproximadamente 340 mil habitantes <a href=\"https:\/\/www.pelotas.com.br\/cidade\/dados-gerais\">(https:\/\/www.pelotas.com.br\/cidade\/dados-gerais)<\/a>. Se encuentra a 250 km de Porto Alegre, la capital del estado, y est\u00e1 rodeado por cinco carreteras (BR) que dan acceso a municipios de los pa\u00edses vecinos Uruguay y Argentina. Pelotas tiene playas ba\u00f1adas por las aguas de la Lagoa dos Patos, mantiene un rico patrimonio arquitect\u00f3nico hist\u00f3rico-cultural y conserva fuertes huellas de su colonizaci\u00f3n europea que se reflejan en su gastronom\u00eda. La econom\u00eda de la ciudad se basa principalmente en la agroindustria y el comercio. Pelotas tambi\u00e9n es considerada una ciudad universitaria ya que cuenta con miles de estudiantes vinculados a tres instituciones de educaci\u00f3n superior, la Universidad Federal de Pelotas y otras dos entidades privadas.<\/span><\/p>\n<p><strong><span style=\"font-family: georgia, palatino, serif; color: #000000;\">Ubicaci\u00f3n<\/span><\/strong><br \/>\n<span style=\"font-family: georgia, palatino, serif; color: #000000;\">Pelotas tiene acceso vial a importantes ciudades del Estado y de los pa\u00edses vecinos Uruguay y Argentina. Mantiene un puerto fluvial con env\u00edo de carga al Oc\u00e9ano Atl\u00e1ntico y posee un aeropuerto con vuelos comerciales a la Capital de RS.<\/span><br \/>\n<span style=\"font-family: georgia, palatino, serif; color: #000000;\">Distancias principales:<\/span><br \/>\n<span style=\"font-family: georgia, palatino, serif; color: #000000;\">R\u00edo Grande del Sur:<\/span><br \/>\n<span style=\"font-family: georgia, palatino, serif; color: #000000;\">Chu\u00ed &#8211; 275 km<\/span><br \/>\n<span style=\"font-family: georgia, palatino, serif; color: #000000;\">Gramado &#8211; 376 km<\/span><br \/>\n<span style=\"font-family: georgia, palatino, serif; color: #000000;\">Jaguar\u00e3o &#8211; 145 km<\/span><br \/>\n<span style=\"font-family: georgia, palatino, serif; color: #000000;\">Porto Alegre &#8211; 249 km<\/span><br \/>\n<span style=\"font-family: georgia, palatino, serif; color: #000000;\">R\u00edo Grande &#8211; 59 km<\/span><br \/>\n<span style=\"font-family: georgia, palatino, serif; color: #000000;\">Uruguay:<\/span><br \/>\n<span style=\"font-family: georgia, palatino, serif; color: #000000;\">Punta del Este &#8211; 450 km<\/span><br \/>\n<span style=\"font-family: georgia, palatino, serif; color: #000000;\">Montevideo &#8211; 650 km<\/span><br \/>\n<span style=\"font-family: georgia, palatino, serif; color: #000000;\">Argentina:<\/span><br \/>\n<span style=\"font-family: georgia, palatino, serif; color: #000000;\">Buenos Aires &#8211; 1388 km<\/span><\/p>\n<p><strong><span style=\"font-family: georgia, palatino, serif; color: #000000;\">Bellezas naturales<\/span><\/strong><br \/>\n<span style=\"font-family: georgia, palatino, serif; color: #000000;\">Pelotas mantiene una fuerte relaci\u00f3n con los recursos h\u00eddricos. La ciudad est\u00e1 ba\u00f1ada por la Lagoa dos Patos, el Canal S\u00e3o Gon\u00e7alo y el Arroio Pelotas. La primera es una de las lagunas m\u00e1s grandes del mundo, que se conecta con el Oc\u00e9ano Atl\u00e1ntico, acercando a los pescadores locales diversas especies de mariscos, como camarones y peces de agua salada. Lagoa dos Patos da origen a Laranjal, un barrio ubicado a 12 km del centro de la ciudad, formado por cuatro playas (Santo Ant\u00f4nio, Valverde, Balne\u00e1rio dos Prazeres y Col\u00f4nia dos Pescadores Z3).<\/span><br \/>\n<span style=\"font-family: georgia, palatino, serif; color: #000000;\">El Canal S\u00e3o Gon\u00e7alo es uno de los canales naturales m\u00e1s importantes del pa\u00eds, que conecta Lagoa dos Patos con Mirim, proporcionando acceso fluvial desde Pelotas a Uruguay. El Arroio Pelotas atraviesa la ciudad permitiendo la navegaci\u00f3n deportiva y de ocio, as\u00ed como la captura de peces de agua dulce.<\/span><\/p>\n<p><strong><span style=\"font-family: georgia, palatino, serif; color: #000000;\">Patrimonio hist\u00f3rico<\/span><\/strong><br \/>\n<span style=\"font-family: georgia, palatino, serif; color: #000000;\">Pelotas es patrimonio hist\u00f3rico, art\u00edstico nacional y patrimonio cultural del Estado de Rio Grande do Sul. La ciudad cuenta con decenas de edificios catalogados o catalogados como patrimonio hist\u00f3rico y cultural.<\/span><\/p>\n<p><strong><span style=\"font-family: georgia, palatino, serif; color: #000000;\">Gastronom\u00eda<\/span><\/strong><br \/>\n<span style=\"font-family: georgia, palatino, serif; color: #000000;\">Conocida como la Capital Nacional del Dulce, Pelotas mantiene la tradici\u00f3n de sus primeros inmigrantes portugueses en la elaboraci\u00f3n de dulces artesanales a base de huevo. Nidos, hilo de huevo, babas de ni\u00f1a, camafeos, hojaldres de \u00e1ngel, pajitas rellenas y pasteles de Santa Clara se pueden degustar en las innumerables confiter\u00edas de la ciudad. Anualmente, entidades comerciales junto con las confiter\u00edas de la ciudad promueven la Feria Nacional de Dulces (Fenadoce), que atrae a miles de turistas en busca de delicias dulces portuguesas.<\/span><\/p>\n<p><strong><span style=\"font-family: georgia, palatino, serif; color: #000000;\">Econom\u00eda<\/span><\/strong><br \/>\n<span style=\"font-family: georgia, palatino, serif; color: #000000;\">La vocaci\u00f3n econ\u00f3mica de Pelotas es la agroindustria y el comercio. La regi\u00f3n es la mayor productora de melocotones para la industria conservera del pa\u00eds, aporta alrededor del 30% de la producci\u00f3n de arroz del estado, mantiene una importante y cualificada caba\u00f1a de ganado vacuno y tiene la mayor producci\u00f3n de leche de RS.<\/span><\/p>\n<p><strong><span style=\"font-family: georgia, palatino, serif; color: #000000;\">UFpel<\/span><\/strong><br \/>\n<span style=\"font-family: georgia, palatino, serif; color: #000000;\">Actualmente, la Universidad Federal de Pelotas cuenta con m\u00e1s de 20 mil estudiantes, entre ellos 2,6 mil estudiantes de posgrado, 16,4 mil estudiantes de pregrado y 1,7 mil estudiantes de educaci\u00f3n a distancia. La instituci\u00f3n ofrece m\u00e1s de 90 cursos de pregrado, 13 cursos de doctorado, 27 cursos de maestr\u00eda, 22 programas de especializaci\u00f3n, cinco tutor\u00edas a distancia y siete residencias m\u00e9dicas. Sitio web de la UFPel: aqu\u00ed.<\/span><\/p>\n<p><span style=\"font-family: georgia, palatino, serif; color: #000000;\">Los precios actualizados de alojamiento, transporte y alimentaci\u00f3n se pueden encontrar <a href=\"http:\/\/www.custodevida.com.br\/rs\/pelotas\/\">aqu\u00ed.<\/a><\/span><\/p>\n<\/div>\n<\/div>\n<\/div>\n<\/div>\n<\/div>\n<\/div>\n","protected":false},"excerpt":{"rendered":"<p>Informaci\u00f3n del municipio de Pelotas Pelotas, ciudad central de la regi\u00f3n sur de Rio Grande do Sul, tiene aproximadamente 340 mil habitantes (https:\/\/www.pelotas.com.br\/cidade\/dados-gerais). Se encuentra a 250 km de Porto Alegre, la capital del estado, y est\u00e1 rodeado por cinco carreteras (BR) que dan acceso a municipios de los pa\u00edses vecinos Uruguay y Argentina. Pelotas [&hellip;]<\/p>\n","protected":false},"author":480,"featured_media":0,"parent":1016,"menu_order":0,"comment_status":"closed","ping_status":"closed","template":"","meta":{"jetpack_post_was_ever_published":false,"footnotes":""},"class_list":["post-4154","page","type-page","status-publish","hentry"],"jetpack_sharing_enabled":true,"jetpack_shortlink":"https:\/\/wp.me\/P9I8SC-150","publishpress_future_action":{"enabled":false,"date":"2026-04-22 14:06:48","action":"change-status","newStatus":"draft","terms":[],"taxonomy":"","extraData":[]},"publishpress_future_workflow_manual_trigger":{"enabledWorkflows":[]},"_links":{"self":[{"href":"https:\/\/wp.ufpel.edu.br\/ppgo\/wp-json\/wp\/v2\/pages\/4154","targetHints":{"allow":["GET"]}}],"collection":[{"href":"https:\/\/wp.ufpel.edu.br\/ppgo\/wp-json\/wp\/v2\/pages"}],"about":[{"href":"https:\/\/wp.ufpel.edu.br\/ppgo\/wp-json\/wp\/v2\/types\/page"}],"author":[{"embeddable":true,"href":"https:\/\/wp.ufpel.edu.br\/ppgo\/wp-json\/wp\/v2\/users\/480"}],"replies":[{"embeddable":true,"href":"https:\/\/wp.ufpel.edu.br\/ppgo\/wp-json\/wp\/v2\/comments?post=4154"}],"version-history":[{"count":1,"href":"https:\/\/wp.ufpel.edu.br\/ppgo\/wp-json\/wp\/v2\/pages\/4154\/revisions"}],"predecessor-version":[{"id":4156,"href":"https:\/\/wp.ufpel.edu.br\/ppgo\/wp-json\/wp\/v2\/pages\/4154\/revisions\/4156"}],"up":[{"embeddable":true,"href":"https:\/\/wp.ufpel.edu.br\/ppgo\/wp-json\/wp\/v2\/pages\/1016"}],"wp:attachment":[{"href":"https:\/\/wp.ufpel.edu.br\/ppgo\/wp-json\/wp\/v2\/media?parent=4154"}],"curies":[{"name":"wp","href":"https:\/\/api.w.org\/{rel}","templated":true}]}}